{"id":8832,"date":"2025-08-11T10:26:55","date_gmt":"2025-08-11T08:26:55","guid":{"rendered":"https:\/\/vandutch.fr\/?post_type=product&#038;p=8832"},"modified":"2025-08-11T10:26:55","modified_gmt":"2025-08-11T08:26:55","slug":"vandutch-40-bleu","status":"publish","type":"product","link":"https:\/\/vandutch.fr\/en\/produit\/vandutch-40-bleu\/","title":{"rendered":"VANDUTCH 40 BLEU"},"content":{"rendered":"<p>Ce VanDutch 40 est un yacht de luxe con\u00e7u pour des croisi\u00e8res inoubliables. Que ce soit pour une croisi\u00e8re d&#8217;une journ\u00e9e, des activit\u00e9s nautiques ou des moments de d\u00e9tente en mer, il offre un m\u00e9lange unique de performances, de confort et de design moderne. Avec ses lignes \u00e9pur\u00e9es et sa couleur distinctive, il garantit une exp\u00e9rience de navigation raffin\u00e9e et \u00e9l\u00e9gante.<\/p>\n<p>Le cockpit spacieux, dot\u00e9 de si\u00e8ges confortables et d&#8217;une grande table, est l&#8217;endroit id\u00e9al pour profiter du soleil ou organiser des repas en plein air. \u00c0 l&#8217;arri\u00e8re, un vaste espace de bronzage vous invite \u00e0 vous d\u00e9tendre tout en admirant la vue imprenable sur la M\u00e9diterran\u00e9e.<\/p>\n<p>\u00c0 l&#8217;int\u00e9rieur, vous trouverez une cabine bien am\u00e9nag\u00e9e avec un lit queen-size, un coin salon et une kitchenette enti\u00e8rement \u00e9quip\u00e9e, offrant tout le n\u00e9cessaire pour passer un s\u00e9jour confortable \u00e0 bord. Le toit semi-automatique s&#8217;adapte \u00e0 toutes les conditions m\u00e9t\u00e9orologiques, vous permettant de profiter \u00e0 la fois de l&#8217;ombre et du soleil.<\/p>\n<p>Pouvant accueillir jusqu&#8217;\u00e0 10 personnes et dot\u00e9 d&#8217;\u00e9quipements modernes, ce yacht est id\u00e9al pour les sorties entre amis, les r\u00e9unions de famille ou les escapades romantiques. Il allie luxe, performance et fonctionnalit\u00e9 pour une exp\u00e9rience exceptionnelle sur la C\u00f4te d&#8217;Azur.<\/p>\n<p><strong>Contacts :<\/strong><br \/>\nAmor Jo\u00ebl : +33 6 18 49 49 76<br \/>\nSargnac Louis : +33 6 20 87 00 59<br \/>\nE-mail : contact@vandutch.fr<\/p>\n","protected":false},"excerpt":{"rendered":"<p>Ce VanDutch 40 est un yacht de luxe con\u00e7u pour des croisi\u00e8res inoubliables. Que ce soit pour une croisi\u00e8re d&#8217;une journ\u00e9e, des activit\u00e9s nautiques ou des moments de d\u00e9tente en mer, il offre un m\u00e9lange unique de performances, de confort et de design moderne. Avec ses lignes \u00e9pur\u00e9es et sa couleur distinctive, il garantit une [&hellip;]<\/p>\n","protected":false},"featured_media":8833,"comment_status":"open","ping_status":"closed","template":"","meta":{"_acf_changed":false,"ngg_post_thumbnail":0,"ocean_post_layout":"","ocean_both_sidebars_style":"","ocean_both_sidebars_content_width":0,"ocean_both_sidebars_sidebars_width":0,"ocean_sidebar":"0","ocean_second_sidebar":"0","ocean_disable_margins":"enable","ocean_add_body_class":"","ocean_shortcode_before_top_bar":"","ocean_shortcode_after_top_bar":"","ocean_shortcode_before_header":"","ocean_shortcode_after_header":"","ocean_has_shortcode":"","ocean_shortcode_after_title":"","ocean_shortcode_before_footer_widgets":"","ocean_shortcode_after_footer_widgets":"","ocean_shortcode_before_footer_bottom":"","ocean_shortcode_after_footer_bottom":"","ocean_display_top_bar":"default","ocean_display_header":"default","ocean_header_style":"","ocean_center_header_left_menu":"0","ocean_custom_header_template":"0","ocean_custom_logo":0,"ocean_custom_retina_logo":0,"ocean_custom_logo_max_width":0,"ocean_custom_logo_tablet_max_width":0,"ocean_custom_logo_mobile_max_width":0,"ocean_custom_logo_max_height":0,"ocean_custom_logo_tablet_max_height":0,"ocean_custom_logo_mobile_max_height":0,"ocean_header_custom_menu":"0","ocean_menu_typo_font_family":"0","ocean_menu_typo_font_subset":"","ocean_menu_typo_font_size":0,"ocean_menu_typo_font_size_tablet":0,"ocean_menu_typo_font_size_mobile":0,"ocean_menu_typo_font_size_unit":"px","ocean_menu_typo_font_weight":"","ocean_menu_typo_font_weight_tablet":"","ocean_menu_typo_font_weight_mobile":"","ocean_menu_typo_transform":"","ocean_menu_typo_transform_tablet":"","ocean_menu_typo_transform_mobile":"","ocean_menu_typo_line_height":0,"ocean_menu_typo_line_height_tablet":0,"ocean_menu_typo_line_height_mobile":0,"ocean_menu_typo_line_height_unit":"","ocean_menu_typo_spacing":0,"ocean_menu_typo_spacing_tablet":0,"ocean_menu_typo_spacing_mobile":0,"ocean_menu_typo_spacing_unit":"","ocean_menu_link_color":"","ocean_menu_link_color_hover":"","ocean_menu_link_color_active":"","ocean_menu_link_background":"","ocean_menu_link_hover_background":"","ocean_menu_link_active_background":"","ocean_menu_social_links_bg":"","ocean_menu_social_hover_links_bg":"","ocean_menu_social_links_color":"","ocean_menu_social_hover_links_color":"","ocean_disable_title":"default","ocean_disable_heading":"default","ocean_post_title":"","ocean_post_subheading":"","ocean_post_title_style":"","ocean_post_title_background_color":"","ocean_post_title_background":0,"ocean_post_title_bg_image_position":"","ocean_post_title_bg_image_attachment":"","ocean_post_title_bg_image_repeat":"","ocean_post_title_bg_image_size":"","ocean_post_title_height":0,"ocean_post_title_bg_overlay":0.5,"ocean_post_title_bg_overlay_color":"","ocean_disable_breadcrumbs":"default","ocean_breadcrumbs_color":"","ocean_breadcrumbs_separator_color":"","ocean_breadcrumbs_links_color":"","ocean_breadcrumbs_links_hover_color":"","ocean_display_footer_widgets":"default","ocean_display_footer_bottom":"default","ocean_custom_footer_template":"0","_joinchat":[]},"product_cat":[29],"product_tag":[],"mwb_booking_cost":[],"mwb_booking_service":[],"acf":[],"yoast_head":"<!-- This site is optimized with the Yoast SEO plugin v24.5 - https:\/\/yoast.com\/wordpress\/plugins\/seo\/ -->\n<title>VANDUTCH 40 BLEU - VanDutch<\/title>\n<meta name=\"robots\" content=\"index, follow, max-snippet:-1, max-image-preview:large, max-video-preview:-1\" \/>\n<link rel=\"canonical\" href=\"https:\/\/vandutch.fr\/en\/produit\/vandutch-40-bleu\/\" \/>\n<meta property=\"og:locale\" content=\"en_US\" \/>\n<meta property=\"og:type\" content=\"article\" \/>\n<meta property=\"og:title\" content=\"VANDUTCH 40 BLEU - VanDutch\" \/>\n<meta property=\"og:description\" content=\"Ce VanDutch 40 est un yacht de luxe con\u00e7u pour des croisi\u00e8res inoubliables. Que ce soit pour une croisi\u00e8re d&#8217;une journ\u00e9e, des activit\u00e9s nautiques ou des moments de d\u00e9tente en mer, il offre un m\u00e9lange unique de performances, de confort et de design moderne. Avec ses lignes \u00e9pur\u00e9es et sa couleur distinctive, il garantit une [&hellip;]\" \/>\n<meta property=\"og:url\" content=\"https:\/\/vandutch.fr\/en\/produit\/vandutch-40-bleu\/\" \/>\n<meta property=\"og:site_name\" content=\"VanDutch\" \/>\n<meta property=\"og:image\" content=\"https:\/\/vandutch.fr\/wp-content\/uploads\/2025\/08\/Capture-decran-2025-08-11-a-09.30.53.jpg\" \/>\n\t<meta property=\"og:image:width\" content=\"2002\" \/>\n\t<meta property=\"og:image:height\" content=\"848\" \/>\n\t<meta property=\"og:image:type\" content=\"image\/jpeg\" \/>\n<meta name=\"twitter:card\" content=\"summary_large_image\" \/>\n<meta name=\"twitter:label1\" content=\"Price\" \/>\n\t<meta name=\"twitter:data1\" content=\"\" \/>\n\t<meta name=\"twitter:label2\" content=\"Availability\" \/>\n\t<meta name=\"twitter:data2\" content=\"In stock\" \/>\n<script type=\"application\/ld+json\" class=\"yoast-schema-graph\">{\"@context\":\"https:\/\/schema.org\",\"@graph\":[{\"@type\":[\"WebPage\",\"ItemPage\"],\"@id\":\"https:\/\/vandutch.fr\/en\/produit\/vandutch-40-bleu\/\",\"url\":\"https:\/\/vandutch.fr\/en\/produit\/vandutch-40-bleu\/\",\"name\":\"VANDUTCH 40 BLEU - VanDutch\",\"isPartOf\":{\"@id\":\"https:\/\/vandutch.fr\/en\/#website\"},\"primaryImageOfPage\":{\"@id\":\"https:\/\/vandutch.fr\/en\/produit\/vandutch-40-bleu\/#primaryimage\"},\"image\":{\"@id\":\"https:\/\/vandutch.fr\/en\/produit\/vandutch-40-bleu\/#primaryimage\"},\"thumbnailUrl\":\"https:\/\/vandutch.fr\/wp-content\/uploads\/2025\/08\/Capture-decran-2025-08-11-a-09.30.53.jpg\",\"datePublished\":\"2025-08-11T08:26:55+00:00\",\"breadcrumb\":{\"@id\":\"https:\/\/vandutch.fr\/en\/produit\/vandutch-40-bleu\/#breadcrumb\"},\"inLanguage\":\"en-US\",\"potentialAction\":[{\"@type\":\"ReadAction\",\"target\":[\"https:\/\/vandutch.fr\/en\/produit\/vandutch-40-bleu\/\"]}]},{\"@type\":\"ImageObject\",\"inLanguage\":\"en-US\",\"@id\":\"https:\/\/vandutch.fr\/en\/produit\/vandutch-40-bleu\/#primaryimage\",\"url\":\"https:\/\/vandutch.fr\/wp-content\/uploads\/2025\/08\/Capture-decran-2025-08-11-a-09.30.53.jpg\",\"contentUrl\":\"https:\/\/vandutch.fr\/wp-content\/uploads\/2025\/08\/Capture-decran-2025-08-11-a-09.30.53.jpg\",\"width\":2002,\"height\":848},{\"@type\":\"BreadcrumbList\",\"@id\":\"https:\/\/vandutch.fr\/en\/produit\/vandutch-40-bleu\/#breadcrumb\",\"itemListElement\":[{\"@type\":\"ListItem\",\"position\":1,\"name\":\"Home\",\"item\":\"https:\/\/vandutch.fr\/en\/\"},{\"@type\":\"ListItem\",\"position\":2,\"name\":\"Shop\",\"item\":\"https:\/\/vandutch.fr\/en\/shop\/\"},{\"@type\":\"ListItem\",\"position\":3,\"name\":\"VANDUTCH 40 BLEU\"}]},{\"@type\":\"WebSite\",\"@id\":\"https:\/\/vandutch.fr\/en\/#website\",\"url\":\"https:\/\/vandutch.fr\/en\/\",\"name\":\"VanDutch\",\"description\":\"The avant-garde in Dutch yacht building\",\"potentialAction\":[{\"@type\":\"SearchAction\",\"target\":{\"@type\":\"EntryPoint\",\"urlTemplate\":\"https:\/\/vandutch.fr\/en\/?s={search_term_string}\"},\"query-input\":{\"@type\":\"PropertyValueSpecification\",\"valueRequired\":true,\"valueName\":\"search_term_string\"}}],\"inLanguage\":\"en-US\"}]}<\/script>\n<meta property=\"product:price:amount\" content=\"0\" \/>\n<meta property=\"product:price:currency\" content=\"EUR\" \/>\n<meta property=\"og:availability\" content=\"instock\" \/>\n<meta property=\"product:availability\" content=\"instock\" \/>\n<meta property=\"product:condition\" content=\"new\" \/>\n<!-- \/ Yoast SEO plugin. -->","yoast_head_json":{"title":"VANDUTCH 40 BLEU - VanDutch","robots":{"index":"index","follow":"follow","max-snippet":"max-snippet:-1","max-image-preview":"max-image-preview:large","max-video-preview":"max-video-preview:-1"},"canonical":"https:\/\/vandutch.fr\/en\/produit\/vandutch-40-bleu\/","og_locale":"en_US","og_type":"article","og_title":"VANDUTCH 40 BLEU - VanDutch","og_description":"Ce VanDutch 40 est un yacht de luxe con\u00e7u pour des croisi\u00e8res inoubliables. Que ce soit pour une croisi\u00e8re d&#8217;une journ\u00e9e, des activit\u00e9s nautiques ou des moments de d\u00e9tente en mer, il offre un m\u00e9lange unique de performances, de confort et de design moderne. Avec ses lignes \u00e9pur\u00e9es et sa couleur distinctive, il garantit une [&hellip;]","og_url":"https:\/\/vandutch.fr\/en\/produit\/vandutch-40-bleu\/","og_site_name":"VanDutch","og_image":[{"width":2002,"height":848,"url":"https:\/\/vandutch.fr\/wp-content\/uploads\/2025\/08\/Capture-decran-2025-08-11-a-09.30.53.jpg","type":"image\/jpeg"}],"twitter_card":"summary_large_image","twitter_misc":{"Price":"","Availability":"In stock"},"schema":{"@context":"https:\/\/schema.org","@graph":[{"@type":["WebPage","ItemPage"],"@id":"https:\/\/vandutch.fr\/en\/produit\/vandutch-40-bleu\/","url":"https:\/\/vandutch.fr\/en\/produit\/vandutch-40-bleu\/","name":"VANDUTCH 40 BLEU - VanDutch","isPartOf":{"@id":"https:\/\/vandutch.fr\/en\/#website"},"primaryImageOfPage":{"@id":"https:\/\/vandutch.fr\/en\/produit\/vandutch-40-bleu\/#primaryimage"},"image":{"@id":"https:\/\/vandutch.fr\/en\/produit\/vandutch-40-bleu\/#primaryimage"},"thumbnailUrl":"https:\/\/vandutch.fr\/wp-content\/uploads\/2025\/08\/Capture-decran-2025-08-11-a-09.30.53.jpg","datePublished":"2025-08-11T08:26:55+00:00","breadcrumb":{"@id":"https:\/\/vandutch.fr\/en\/produit\/vandutch-40-bleu\/#breadcrumb"},"inLanguage":"en-US","potentialAction":[{"@type":"ReadAction","target":["https:\/\/vandutch.fr\/en\/produit\/vandutch-40-bleu\/"]}]},{"@type":"ImageObject","inLanguage":"en-US","@id":"https:\/\/vandutch.fr\/en\/produit\/vandutch-40-bleu\/#primaryimage","url":"https:\/\/vandutch.fr\/wp-content\/uploads\/2025\/08\/Capture-decran-2025-08-11-a-09.30.53.jpg","contentUrl":"https:\/\/vandutch.fr\/wp-content\/uploads\/2025\/08\/Capture-decran-2025-08-11-a-09.30.53.jpg","width":2002,"height":848},{"@type":"BreadcrumbList","@id":"https:\/\/vandutch.fr\/en\/produit\/vandutch-40-bleu\/#breadcrumb","itemListElement":[{"@type":"ListItem","position":1,"name":"Home","item":"https:\/\/vandutch.fr\/en\/"},{"@type":"ListItem","position":2,"name":"Shop","item":"https:\/\/vandutch.fr\/en\/shop\/"},{"@type":"ListItem","position":3,"name":"VANDUTCH 40 BLEU"}]},{"@type":"WebSite","@id":"https:\/\/vandutch.fr\/en\/#website","url":"https:\/\/vandutch.fr\/en\/","name":"VanDutch","description":"The avant-garde in Dutch yacht building","potentialAction":[{"@type":"SearchAction","target":{"@type":"EntryPoint","urlTemplate":"https:\/\/vandutch.fr\/en\/?s={search_term_string}"},"query-input":{"@type":"PropertyValueSpecification","valueRequired":true,"valueName":"search_term_string"}}],"inLanguage":"en-US"}]},"product_price_currency":"EUR","og_availability":"instock","product_availability":"instock","product_condition":"new"},"_links":{"self":[{"href":"https:\/\/vandutch.fr\/en\/wp-json\/wp\/v2\/product\/8832"}],"collection":[{"href":"https:\/\/vandutch.fr\/en\/wp-json\/wp\/v2\/product"}],"about":[{"href":"https:\/\/vandutch.fr\/en\/wp-json\/wp\/v2\/types\/product"}],"replies":[{"embeddable":true,"href":"https:\/\/vandutch.fr\/en\/wp-json\/wp\/v2\/comments?post=8832"}],"wp:featuredmedia":[{"embeddable":true,"href":"https:\/\/vandutch.fr\/en\/wp-json\/wp\/v2\/media\/8833"}],"wp:attachment":[{"href":"https:\/\/vandutch.fr\/en\/wp-json\/wp\/v2\/media?parent=8832"}],"wp:term":[{"taxonomy":"product_cat","embeddable":true,"href":"https:\/\/vandutch.fr\/en\/wp-json\/wp\/v2\/product_cat?post=8832"},{"taxonomy":"product_tag","embeddable":true,"href":"https:\/\/vandutch.fr\/en\/wp-json\/wp\/v2\/product_tag?post=8832"},{"taxonomy":"mwb_booking_cost","embeddable":true,"href":"https:\/\/vandutch.fr\/en\/wp-json\/wp\/v2\/mwb_booking_cost?post=8832"},{"taxonomy":"mwb_booking_service","embeddable":true,"href":"https:\/\/vandutch.fr\/en\/wp-json\/wp\/v2\/mwb_booking_service?post=8832"}],"curies":[{"name":"wp","href":"https:\/\/api.w.org\/{rel}","templated":true}]}}