{"id":8788,"date":"2025-06-23T10:35:06","date_gmt":"2025-06-23T08:35:06","guid":{"rendered":"https:\/\/vandutch.fr\/?post_type=product&#038;p=8788"},"modified":"2025-10-13T14:44:37","modified_gmt":"2025-10-13T12:44:37","slug":"vandutch-40-vd-40-2018","status":"publish","type":"product","link":"https:\/\/vandutch.fr\/en\/product\/vandutch-40-vd-40-2018\/","title":{"rendered":"VANDUTCH 40 &#8220;VD 40&#8221; &#8211; 2018"},"content":{"rendered":"<p data-start=\"0\" data-end=\"448\">Embarquez \u00e0 bord du VanDutch 40 (2018) et d\u00e9couvrez l\u2019\u00e9l\u00e9gance intemporelle d\u2019une v\u00e9ritable ic\u00f4ne du design. Avec ses lignes \u00e9pur\u00e9es, ses finitions luxueuses et son style in\u00e9gal\u00e9, ce yacht allie parfaitement sophistication et performance.<\/p>\n<p data-start=\"0\" data-end=\"448\">VanDutch 40 (2018) 2 x 480 hp Cummins with 689 hrs !, New paint , Recent Upholstery, Composite teak, Bow and Stern thrusters,<span class=\"Apple-converted-space\">&nbsp; <\/span>Air Co.. Generator Paguro, Auto Pilot, Audio System + Subwoofer , WaterMaker, ski pole. New dashboard with new electronics Raymarine Nav system, Emergency Locator Transmitter, Tow hook, All services done .<\/p>\n<p data-start=\"0\" data-end=\"448\"><strong>Contacts :<\/strong><br data-start=\"2145\" data-end=\"2148\">Sargnac Louis : +33 6 20 87 00 59<br data-start=\"2184\" data-end=\"2187\">Email : contact@vandutch.fr<\/p>\n","protected":false},"excerpt":{"rendered":"<p>VanDutch 40 (2018) 2 x 480 hp Cummins with 689 hrs !, New paint , Recent Upholstery, Composite teak, Bow and Stern thrusters,<span class=\"Apple-converted-space\">&nbsp; <\/span>Air Co.. Generator Paguro, Auto Pilot, Audio System + Subwoofer , WaterMaker, ski pole. New dashboard with new electronics Raymarine Nav system, Emergency Locator Transmitter, Tow hook, All services done .<\/p>\n","protected":false},"featured_media":8870,"comment_status":"open","ping_status":"closed","template":"","meta":{"_acf_changed":false,"ngg_post_thumbnail":0,"ocean_post_layout":"","ocean_both_sidebars_style":"","ocean_both_sidebars_content_width":0,"ocean_both_sidebars_sidebars_width":0,"ocean_sidebar":"0","ocean_second_sidebar":"0","ocean_disable_margins":"enable","ocean_add_body_class":"","ocean_shortcode_before_top_bar":"","ocean_shortcode_after_top_bar":"","ocean_shortcode_before_header":"","ocean_shortcode_after_header":"","ocean_has_shortcode":"","ocean_shortcode_after_title":"","ocean_shortcode_before_footer_widgets":"","ocean_shortcode_after_footer_widgets":"","ocean_shortcode_before_footer_bottom":"","ocean_shortcode_after_footer_bottom":"","ocean_display_top_bar":"default","ocean_display_header":"default","ocean_header_style":"","ocean_center_header_left_menu":"0","ocean_custom_header_template":"0","ocean_custom_logo":0,"ocean_custom_retina_logo":0,"ocean_custom_logo_max_width":0,"ocean_custom_logo_tablet_max_width":0,"ocean_custom_logo_mobile_max_width":0,"ocean_custom_logo_max_height":0,"ocean_custom_logo_tablet_max_height":0,"ocean_custom_logo_mobile_max_height":0,"ocean_header_custom_menu":"0","ocean_menu_typo_font_family":"0","ocean_menu_typo_font_subset":"","ocean_menu_typo_font_size":0,"ocean_menu_typo_font_size_tablet":0,"ocean_menu_typo_font_size_mobile":0,"ocean_menu_typo_font_size_unit":"px","ocean_menu_typo_font_weight":"","ocean_menu_typo_font_weight_tablet":"","ocean_menu_typo_font_weight_mobile":"","ocean_menu_typo_transform":"","ocean_menu_typo_transform_tablet":"","ocean_menu_typo_transform_mobile":"","ocean_menu_typo_line_height":0,"ocean_menu_typo_line_height_tablet":0,"ocean_menu_typo_line_height_mobile":0,"ocean_menu_typo_line_height_unit":"","ocean_menu_typo_spacing":0,"ocean_menu_typo_spacing_tablet":0,"ocean_menu_typo_spacing_mobile":0,"ocean_menu_typo_spacing_unit":"","ocean_menu_link_color":"","ocean_menu_link_color_hover":"","ocean_menu_link_color_active":"","ocean_menu_link_background":"","ocean_menu_link_hover_background":"","ocean_menu_link_active_background":"","ocean_menu_social_links_bg":"","ocean_menu_social_hover_links_bg":"","ocean_menu_social_links_color":"","ocean_menu_social_hover_links_color":"","ocean_disable_title":"default","ocean_disable_heading":"default","ocean_post_title":"","ocean_post_subheading":"","ocean_post_title_style":"","ocean_post_title_background_color":"","ocean_post_title_background":0,"ocean_post_title_bg_image_position":"","ocean_post_title_bg_image_attachment":"","ocean_post_title_bg_image_repeat":"","ocean_post_title_bg_image_size":"","ocean_post_title_height":0,"ocean_post_title_bg_overlay":0.5,"ocean_post_title_bg_overlay_color":"","ocean_disable_breadcrumbs":"default","ocean_breadcrumbs_color":"","ocean_breadcrumbs_separator_color":"","ocean_breadcrumbs_links_color":"","ocean_breadcrumbs_links_hover_color":"","ocean_display_footer_widgets":"default","ocean_display_footer_bottom":"default","ocean_custom_footer_template":"0","_joinchat":[]},"product_cat":[116],"product_tag":[],"mwb_booking_cost":[],"mwb_booking_service":[],"acf":[],"yoast_head":"<!-- This site is optimized with the Yoast SEO plugin v24.5 - https:\/\/yoast.com\/wordpress\/plugins\/seo\/ -->\n<title>VANDUTCH 40 &quot;VD 40&quot; - 2018 - VanDutch<\/title>\n<meta name=\"description\" content=\"VanDutch 40 (2018) 2 x 480 hp Cummins with 689 hrs !, New paint , Recent Upholstery, fully loaded, All services done .\" \/>\n<meta name=\"robots\" content=\"index, follow, max-snippet:-1, max-image-preview:large, max-video-preview:-1\" \/>\n<link rel=\"canonical\" href=\"https:\/\/vandutch.fr\/en\/product\/vandutch-40-vd-40-2018\/\" \/>\n<meta property=\"og:locale\" content=\"en_US\" \/>\n<meta property=\"og:type\" content=\"article\" \/>\n<meta property=\"og:title\" content=\"VANDUTCH 40 &quot;VD 40&quot; - 2018 - VanDutch\" \/>\n<meta property=\"og:description\" content=\"VanDutch 40 (2018) 2 x 480 hp Cummins with 689 hrs !, New paint , Recent Upholstery, fully loaded, All services done .\" \/>\n<meta property=\"og:url\" content=\"https:\/\/vandutch.fr\/en\/product\/vandutch-40-vd-40-2018\/\" \/>\n<meta property=\"og:site_name\" content=\"VanDutch\" \/>\n<meta property=\"article:modified_time\" content=\"2025-10-13T12:44:37+00:00\" \/>\n<meta property=\"og:image\" content=\"https:\/\/vandutch.fr\/wp-content\/uploads\/2025\/06\/5499brochure3.jpeg\" \/>\n\t<meta property=\"og:image:width\" content=\"1600\" \/>\n\t<meta property=\"og:image:height\" content=\"899\" \/>\n\t<meta property=\"og:image:type\" content=\"image\/jpeg\" \/>\n<meta name=\"twitter:card\" content=\"summary_large_image\" \/>\n<meta name=\"twitter:label1\" content=\"Price\" \/>\n\t<meta name=\"twitter:data1\" content=\"469000&nbsp;&euro;\" \/>\n\t<meta name=\"twitter:label2\" content=\"Availability\" \/>\n\t<meta name=\"twitter:data2\" content=\"In stock\" \/>\n<script type=\"application\/ld+json\" class=\"yoast-schema-graph\">{\"@context\":\"https:\/\/schema.org\",\"@graph\":[{\"@type\":[\"WebPage\",\"ItemPage\"],\"@id\":\"https:\/\/vandutch.fr\/en\/product\/vandutch-40-vd-40-2018\/\",\"url\":\"https:\/\/vandutch.fr\/en\/product\/vandutch-40-vd-40-2018\/\",\"name\":\"VANDUTCH 40 \\\"VD 40\\\" - 2018 - VanDutch\",\"isPartOf\":{\"@id\":\"https:\/\/vandutch.fr\/en\/#website\"},\"primaryImageOfPage\":{\"@id\":\"https:\/\/vandutch.fr\/en\/product\/vandutch-40-vd-40-2018\/#primaryimage\"},\"image\":{\"@id\":\"https:\/\/vandutch.fr\/en\/product\/vandutch-40-vd-40-2018\/#primaryimage\"},\"thumbnailUrl\":\"https:\/\/vandutch.fr\/wp-content\/uploads\/2025\/06\/5499brochure3.jpeg\",\"datePublished\":\"2025-06-23T08:35:06+00:00\",\"dateModified\":\"2025-10-13T12:44:37+00:00\",\"description\":\"VanDutch 40 (2018) 2 x 480 hp Cummins with 689 hrs !, New paint , Recent Upholstery, fully loaded, All services done .\",\"breadcrumb\":{\"@id\":\"https:\/\/vandutch.fr\/en\/product\/vandutch-40-vd-40-2018\/#breadcrumb\"},\"inLanguage\":\"en-US\",\"potentialAction\":[{\"@type\":\"ReadAction\",\"target\":[\"https:\/\/vandutch.fr\/en\/product\/vandutch-40-vd-40-2018\/\"]}]},{\"@type\":\"ImageObject\",\"inLanguage\":\"en-US\",\"@id\":\"https:\/\/vandutch.fr\/en\/product\/vandutch-40-vd-40-2018\/#primaryimage\",\"url\":\"https:\/\/vandutch.fr\/wp-content\/uploads\/2025\/06\/5499brochure3.jpeg\",\"contentUrl\":\"https:\/\/vandutch.fr\/wp-content\/uploads\/2025\/06\/5499brochure3.jpeg\",\"width\":1600,\"height\":899,\"caption\":\"VanDutch 40-2018\"},{\"@type\":\"BreadcrumbList\",\"@id\":\"https:\/\/vandutch.fr\/en\/product\/vandutch-40-vd-40-2018\/#breadcrumb\",\"itemListElement\":[{\"@type\":\"ListItem\",\"position\":1,\"name\":\"Home\",\"item\":\"https:\/\/vandutch.fr\/en\/\"},{\"@type\":\"ListItem\",\"position\":2,\"name\":\"Shop\",\"item\":\"https:\/\/vandutch.fr\/en\/shop\/\"},{\"@type\":\"ListItem\",\"position\":3,\"name\":\"VANDUTCH 40 &#8220;VD 40&#8221; &#8211; 2018\"}]},{\"@type\":\"WebSite\",\"@id\":\"https:\/\/vandutch.fr\/en\/#website\",\"url\":\"https:\/\/vandutch.fr\/en\/\",\"name\":\"VanDutch\",\"description\":\"The avant-garde in Dutch yacht building\",\"potentialAction\":[{\"@type\":\"SearchAction\",\"target\":{\"@type\":\"EntryPoint\",\"urlTemplate\":\"https:\/\/vandutch.fr\/en\/?s={search_term_string}\"},\"query-input\":{\"@type\":\"PropertyValueSpecification\",\"valueRequired\":true,\"valueName\":\"search_term_string\"}}],\"inLanguage\":\"en-US\"}]}<\/script>\n<meta property=\"product:price:amount\" content=\"469000\" \/>\n<meta property=\"product:price:currency\" content=\"EUR\" \/>\n<meta property=\"og:availability\" content=\"instock\" \/>\n<meta property=\"product:availability\" content=\"instock\" \/>\n<meta property=\"product:condition\" content=\"new\" \/>\n<!-- \/ Yoast SEO plugin. -->","yoast_head_json":{"title":"VANDUTCH 40 \"VD 40\" - 2018 - VanDutch","description":"VanDutch 40 (2018) 2 x 480 hp Cummins with 689 hrs !, New paint , Recent Upholstery, fully loaded, All services done .","robots":{"index":"index","follow":"follow","max-snippet":"max-snippet:-1","max-image-preview":"max-image-preview:large","max-video-preview":"max-video-preview:-1"},"canonical":"https:\/\/vandutch.fr\/en\/product\/vandutch-40-vd-40-2018\/","og_locale":"en_US","og_type":"article","og_title":"VANDUTCH 40 \"VD 40\" - 2018 - VanDutch","og_description":"VanDutch 40 (2018) 2 x 480 hp Cummins with 689 hrs !, New paint , Recent Upholstery, fully loaded, All services done .","og_url":"https:\/\/vandutch.fr\/en\/product\/vandutch-40-vd-40-2018\/","og_site_name":"VanDutch","article_modified_time":"2025-10-13T12:44:37+00:00","og_image":[{"width":1600,"height":899,"url":"https:\/\/vandutch.fr\/wp-content\/uploads\/2025\/06\/5499brochure3.jpeg","type":"image\/jpeg"}],"twitter_card":"summary_large_image","twitter_misc":{"Price":"469000&nbsp;&euro;","Availability":"In stock"},"schema":{"@context":"https:\/\/schema.org","@graph":[{"@type":["WebPage","ItemPage"],"@id":"https:\/\/vandutch.fr\/en\/product\/vandutch-40-vd-40-2018\/","url":"https:\/\/vandutch.fr\/en\/product\/vandutch-40-vd-40-2018\/","name":"VANDUTCH 40 \"VD 40\" - 2018 - VanDutch","isPartOf":{"@id":"https:\/\/vandutch.fr\/en\/#website"},"primaryImageOfPage":{"@id":"https:\/\/vandutch.fr\/en\/product\/vandutch-40-vd-40-2018\/#primaryimage"},"image":{"@id":"https:\/\/vandutch.fr\/en\/product\/vandutch-40-vd-40-2018\/#primaryimage"},"thumbnailUrl":"https:\/\/vandutch.fr\/wp-content\/uploads\/2025\/06\/5499brochure3.jpeg","datePublished":"2025-06-23T08:35:06+00:00","dateModified":"2025-10-13T12:44:37+00:00","description":"VanDutch 40 (2018) 2 x 480 hp Cummins with 689 hrs !, New paint , Recent Upholstery, fully loaded, All services done .","breadcrumb":{"@id":"https:\/\/vandutch.fr\/en\/product\/vandutch-40-vd-40-2018\/#breadcrumb"},"inLanguage":"en-US","potentialAction":[{"@type":"ReadAction","target":["https:\/\/vandutch.fr\/en\/product\/vandutch-40-vd-40-2018\/"]}]},{"@type":"ImageObject","inLanguage":"en-US","@id":"https:\/\/vandutch.fr\/en\/product\/vandutch-40-vd-40-2018\/#primaryimage","url":"https:\/\/vandutch.fr\/wp-content\/uploads\/2025\/06\/5499brochure3.jpeg","contentUrl":"https:\/\/vandutch.fr\/wp-content\/uploads\/2025\/06\/5499brochure3.jpeg","width":1600,"height":899,"caption":"VanDutch 40-2018"},{"@type":"BreadcrumbList","@id":"https:\/\/vandutch.fr\/en\/product\/vandutch-40-vd-40-2018\/#breadcrumb","itemListElement":[{"@type":"ListItem","position":1,"name":"Home","item":"https:\/\/vandutch.fr\/en\/"},{"@type":"ListItem","position":2,"name":"Shop","item":"https:\/\/vandutch.fr\/en\/shop\/"},{"@type":"ListItem","position":3,"name":"VANDUTCH 40 &#8220;VD 40&#8221; &#8211; 2018"}]},{"@type":"WebSite","@id":"https:\/\/vandutch.fr\/en\/#website","url":"https:\/\/vandutch.fr\/en\/","name":"VanDutch","description":"The avant-garde in Dutch yacht building","potentialAction":[{"@type":"SearchAction","target":{"@type":"EntryPoint","urlTemplate":"https:\/\/vandutch.fr\/en\/?s={search_term_string}"},"query-input":{"@type":"PropertyValueSpecification","valueRequired":true,"valueName":"search_term_string"}}],"inLanguage":"en-US"}]},"product_price_amount":"469000","product_price_currency":"EUR","og_availability":"instock","product_availability":"instock","product_condition":"new"},"_links":{"self":[{"href":"https:\/\/vandutch.fr\/en\/wp-json\/wp\/v2\/product\/8788"}],"collection":[{"href":"https:\/\/vandutch.fr\/en\/wp-json\/wp\/v2\/product"}],"about":[{"href":"https:\/\/vandutch.fr\/en\/wp-json\/wp\/v2\/types\/product"}],"replies":[{"embeddable":true,"href":"https:\/\/vandutch.fr\/en\/wp-json\/wp\/v2\/comments?post=8788"}],"wp:featuredmedia":[{"embeddable":true,"href":"https:\/\/vandutch.fr\/en\/wp-json\/wp\/v2\/media\/8870"}],"wp:attachment":[{"href":"https:\/\/vandutch.fr\/en\/wp-json\/wp\/v2\/media?parent=8788"}],"wp:term":[{"taxonomy":"product_cat","embeddable":true,"href":"https:\/\/vandutch.fr\/en\/wp-json\/wp\/v2\/product_cat?post=8788"},{"taxonomy":"product_tag","embeddable":true,"href":"https:\/\/vandutch.fr\/en\/wp-json\/wp\/v2\/product_tag?post=8788"},{"taxonomy":"mwb_booking_cost","embeddable":true,"href":"https:\/\/vandutch.fr\/en\/wp-json\/wp\/v2\/mwb_booking_cost?post=8788"},{"taxonomy":"mwb_booking_service","embeddable":true,"href":"https:\/\/vandutch.fr\/en\/wp-json\/wp\/v2\/mwb_booking_service?post=8788"}],"curies":[{"name":"wp","href":"https:\/\/api.w.org\/{rel}","templated":true}]}}