{"id":8732,"date":"2025-06-17T15:35:35","date_gmt":"2025-06-17T13:35:35","guid":{"rendered":"https:\/\/vandutch.fr\/?post_type=product&#038;p=8732"},"modified":"2025-06-18T10:04:02","modified_gmt":"2025-06-18T08:04:02","slug":"vandutch-vd30-2018","status":"publish","type":"product","link":"https:\/\/vandutch.fr\/en\/produit\/vandutch-vd30-2018\/","title":{"rendered":"VANDUTCH \u201cVD30\u201d \u2013 2018"},"content":{"rendered":"<p>Le VanDutch 30 2018 incarne un design europ\u00e9en \u00e9l\u00e9gant combin\u00e9 \u00e0 des performances puissantes. Ses lignes \u00e9pur\u00e9es et son profil minimaliste lui conf\u00e8rent une pr\u00e9sence raffin\u00e9e aussi bien sur l&#8217;eau que dans n&#8217;importe quelle marina. Ce bateau est en excellent \u00e9tat et a \u00e9t\u00e9 r\u00e9cemment r\u00e9vis\u00e9 pour une utilisation imm\u00e9diate.<\/p>\n<p>Propuls\u00e9 par deux moteurs Mercury MerCruiser 6.2L V8 produisant une puissance combin\u00e9e de 700 CV, le VanDutch 30 atteint une vitesse de pointe d&#8217;environ 35 n\u0153uds. L&#8217;arbre d&#8217;entra\u00eenement droit assure un maniement pr\u00e9cis et une croisi\u00e8re en douceur \u00e0 diff\u00e9rentes vitesses.<\/p>\n<p>Sous le pont, l&#8217;int\u00e9rieur pr\u00e9sente un am\u00e9nagement \u00e9l\u00e9gant et fonctionnel avec une couchette double pour des nuits confortables. Une salle d&#8217;eau s\u00e9par\u00e9e avec des toilettes \u00e9lectriques ajoute \u00e0 la commodit\u00e9 des voyages prolong\u00e9s. Les mat\u00e9riaux et les finitions de qualit\u00e9 cr\u00e9ent une ambiance accueillante et moderne.<\/p>\n<p>Le cockpit offre des si\u00e8ges confortables avec des coussins en peluche, un r\u00e9frig\u00e9rateur int\u00e9gr\u00e9 et un syst\u00e8me audio haut de gamme pour agr\u00e9menter toutes les sorties. Le pont en teck synth\u00e9tique ajoute une touche de luxe tout en \u00e9tant durable et facile d&#8217;entretien. Un toit bimini assure l&#8217;ombre pendant les journ\u00e9es ensoleill\u00e9es.<\/p>\n<p>Les \u00e9quipements de navigation et de manutention avanc\u00e9s comprennent un \u00e9cran multifonction Simrad 12&#8243;, une radio VHF, des propulseurs d&#8217;\u00e9trave et de poupe, et des compensateurs, pour un contr\u00f4le sans effort et une meilleure man\u0153uvrabilit\u00e9. Des \u00e9quipements suppl\u00e9mentaires tels que des lumi\u00e8res sous-marines, un chargeur de batterie et un guindeau hydraulique compl\u00e8tent cet ensemble cl\u00e9 en main.<\/p>\n<p>Construite en composite infus\u00e9 sous vide, la coque est \u00e0 la fois solide et l\u00e9g\u00e8re, offrant d&#8217;excellentes performances et une grande stabilit\u00e9. La capacit\u00e9 de carburant est d&#8217;environ 400 litres, avec des r\u00e9servoirs d&#8217;eau douce et de d\u00e9chets dimensionn\u00e9s pour une croisi\u00e8re journali\u00e8re confortable.<\/p>\n<p>Dans l&#8217;ensemble, le VanDutch 30 2018 est un day cruiser sportif, \u00e9l\u00e9gant et enti\u00e8rement \u00e9quip\u00e9, id\u00e9al pour ceux qui recherchent le luxe, la performance et la facilit\u00e9 d&#8217;utilisation.<\/p>\n<p><strong>Contacts :<\/strong><br \/>\n Amor Jo\u00ebl : +33 6 18 49 49 76<br \/>\n Sargnac Louis : +33 6 20 87 00 59<br \/>\n Email : contact@vandutch.fr<\/p>\n","protected":false},"excerpt":{"rendered":"<p>2018 VanDutch 30 : \u00e9l\u00e9gant day cruiser de 30 pieds avec deux moteurs 6.2L Mercury MerCruiser 350 HP. Vitesse maximale de 35 n\u0153uds. Cabine moderne, cockpit haut de gamme, pr\u00eat \u00e0 l&#8217;emploi.<\/p>\n","protected":false},"featured_media":8733,"comment_status":"open","ping_status":"closed","template":"","meta":{"_acf_changed":false,"ngg_post_thumbnail":0,"ocean_post_layout":"","ocean_both_sidebars_style":"","ocean_both_sidebars_content_width":0,"ocean_both_sidebars_sidebars_width":0,"ocean_sidebar":"0","ocean_second_sidebar":"0","ocean_disable_margins":"enable","ocean_add_body_class":"","ocean_shortcode_before_top_bar":"","ocean_shortcode_after_top_bar":"","ocean_shortcode_before_header":"","ocean_shortcode_after_header":"","ocean_has_shortcode":"","ocean_shortcode_after_title":"","ocean_shortcode_before_footer_widgets":"","ocean_shortcode_after_footer_widgets":"","ocean_shortcode_before_footer_bottom":"","ocean_shortcode_after_footer_bottom":"","ocean_display_top_bar":"default","ocean_display_header":"default","ocean_header_style":"","ocean_center_header_left_menu":"0","ocean_custom_header_template":"0","ocean_custom_logo":0,"ocean_custom_retina_logo":0,"ocean_custom_logo_max_width":0,"ocean_custom_logo_tablet_max_width":0,"ocean_custom_logo_mobile_max_width":0,"ocean_custom_logo_max_height":0,"ocean_custom_logo_tablet_max_height":0,"ocean_custom_logo_mobile_max_height":0,"ocean_header_custom_menu":"0","ocean_menu_typo_font_family":"0","ocean_menu_typo_font_subset":"","ocean_menu_typo_font_size":0,"ocean_menu_typo_font_size_tablet":0,"ocean_menu_typo_font_size_mobile":0,"ocean_menu_typo_font_size_unit":"px","ocean_menu_typo_font_weight":"","ocean_menu_typo_font_weight_tablet":"","ocean_menu_typo_font_weight_mobile":"","ocean_menu_typo_transform":"","ocean_menu_typo_transform_tablet":"","ocean_menu_typo_transform_mobile":"","ocean_menu_typo_line_height":0,"ocean_menu_typo_line_height_tablet":0,"ocean_menu_typo_line_height_mobile":0,"ocean_menu_typo_line_height_unit":"","ocean_menu_typo_spacing":0,"ocean_menu_typo_spacing_tablet":0,"ocean_menu_typo_spacing_mobile":0,"ocean_menu_typo_spacing_unit":"","ocean_menu_link_color":"","ocean_menu_link_color_hover":"","ocean_menu_link_color_active":"","ocean_menu_link_background":"","ocean_menu_link_hover_background":"","ocean_menu_link_active_background":"","ocean_menu_social_links_bg":"","ocean_menu_social_hover_links_bg":"","ocean_menu_social_links_color":"","ocean_menu_social_hover_links_color":"","ocean_disable_title":"default","ocean_disable_heading":"default","ocean_post_title":"","ocean_post_subheading":"","ocean_post_title_style":"","ocean_post_title_background_color":"","ocean_post_title_background":0,"ocean_post_title_bg_image_position":"","ocean_post_title_bg_image_attachment":"","ocean_post_title_bg_image_repeat":"","ocean_post_title_bg_image_size":"","ocean_post_title_height":0,"ocean_post_title_bg_overlay":0.5,"ocean_post_title_bg_overlay_color":"","ocean_disable_breadcrumbs":"default","ocean_breadcrumbs_color":"","ocean_breadcrumbs_separator_color":"","ocean_breadcrumbs_links_color":"","ocean_breadcrumbs_links_hover_color":"","ocean_display_footer_widgets":"default","ocean_display_footer_bottom":"default","ocean_custom_footer_template":"0","_joinchat":[]},"product_cat":[13],"product_tag":[],"mwb_booking_cost":[],"mwb_booking_service":[],"acf":[],"yoast_head":"<!-- This site is optimized with the Yoast SEO plugin v24.5 - https:\/\/yoast.com\/wordpress\/plugins\/seo\/ -->\n<title>VANDUTCH \u201cVD30\u201d \u2013 2018 - VanDutch<\/title>\n<meta name=\"robots\" content=\"index, follow, max-snippet:-1, max-image-preview:large, max-video-preview:-1\" \/>\n<link rel=\"canonical\" href=\"https:\/\/vandutch.fr\/en\/produit\/vandutch-vd30-2018\/\" \/>\n<meta property=\"og:locale\" content=\"en_US\" \/>\n<meta property=\"og:type\" content=\"article\" \/>\n<meta property=\"og:title\" content=\"VANDUTCH \u201cVD30\u201d \u2013 2018 - VanDutch\" \/>\n<meta property=\"og:description\" content=\"2018 VanDutch 30 : \u00e9l\u00e9gant day cruiser de 30 pieds avec deux moteurs 6.2L Mercury MerCruiser 350 HP. Vitesse maximale de 35 n\u0153uds. Cabine moderne, cockpit haut de gamme, pr\u00eat \u00e0 l&#039;emploi.\" \/>\n<meta property=\"og:url\" content=\"https:\/\/vandutch.fr\/en\/produit\/vandutch-vd30-2018\/\" \/>\n<meta property=\"og:site_name\" content=\"VanDutch\" \/>\n<meta property=\"article:modified_time\" content=\"2025-06-18T08:04:02+00:00\" \/>\n<meta property=\"og:image\" content=\"https:\/\/vandutch.fr\/wp-content\/uploads\/2025\/06\/2.jpg\" \/>\n\t<meta property=\"og:image:width\" content=\"2056\" \/>\n\t<meta property=\"og:image:height\" content=\"1370\" \/>\n\t<meta property=\"og:image:type\" content=\"image\/jpeg\" \/>\n<meta name=\"twitter:card\" content=\"summary_large_image\" \/>\n<meta name=\"twitter:label1\" content=\"Price\" \/>\n\t<meta name=\"twitter:data1\" content=\"210000&nbsp;&euro;\" \/>\n\t<meta name=\"twitter:label2\" content=\"Availability\" \/>\n\t<meta name=\"twitter:data2\" content=\"In stock\" \/>\n<script type=\"application\/ld+json\" class=\"yoast-schema-graph\">{\"@context\":\"https:\/\/schema.org\",\"@graph\":[{\"@type\":[\"WebPage\",\"ItemPage\"],\"@id\":\"https:\/\/vandutch.fr\/en\/produit\/vandutch-vd30-2018\/\",\"url\":\"https:\/\/vandutch.fr\/en\/produit\/vandutch-vd30-2018\/\",\"name\":\"VANDUTCH \u201cVD30\u201d \u2013 2018 - VanDutch\",\"isPartOf\":{\"@id\":\"https:\/\/vandutch.fr\/en\/#website\"},\"primaryImageOfPage\":{\"@id\":\"https:\/\/vandutch.fr\/en\/produit\/vandutch-vd30-2018\/#primaryimage\"},\"image\":{\"@id\":\"https:\/\/vandutch.fr\/en\/produit\/vandutch-vd30-2018\/#primaryimage\"},\"thumbnailUrl\":\"https:\/\/vandutch.fr\/wp-content\/uploads\/2025\/06\/2.jpg\",\"datePublished\":\"2025-06-17T13:35:35+00:00\",\"dateModified\":\"2025-06-18T08:04:02+00:00\",\"breadcrumb\":{\"@id\":\"https:\/\/vandutch.fr\/en\/produit\/vandutch-vd30-2018\/#breadcrumb\"},\"inLanguage\":\"en-US\",\"potentialAction\":[{\"@type\":\"ReadAction\",\"target\":[\"https:\/\/vandutch.fr\/en\/produit\/vandutch-vd30-2018\/\"]}]},{\"@type\":\"ImageObject\",\"inLanguage\":\"en-US\",\"@id\":\"https:\/\/vandutch.fr\/en\/produit\/vandutch-vd30-2018\/#primaryimage\",\"url\":\"https:\/\/vandutch.fr\/wp-content\/uploads\/2025\/06\/2.jpg\",\"contentUrl\":\"https:\/\/vandutch.fr\/wp-content\/uploads\/2025\/06\/2.jpg\",\"width\":2056,\"height\":1370},{\"@type\":\"BreadcrumbList\",\"@id\":\"https:\/\/vandutch.fr\/en\/produit\/vandutch-vd30-2018\/#breadcrumb\",\"itemListElement\":[{\"@type\":\"ListItem\",\"position\":1,\"name\":\"Home\",\"item\":\"https:\/\/vandutch.fr\/en\/\"},{\"@type\":\"ListItem\",\"position\":2,\"name\":\"Shop\",\"item\":\"https:\/\/vandutch.fr\/en\/shop\/\"},{\"@type\":\"ListItem\",\"position\":3,\"name\":\"VANDUTCH \u201cVD30\u201d \u2013 2018\"}]},{\"@type\":\"WebSite\",\"@id\":\"https:\/\/vandutch.fr\/en\/#website\",\"url\":\"https:\/\/vandutch.fr\/en\/\",\"name\":\"VanDutch\",\"description\":\"The avant-garde in Dutch yacht building\",\"potentialAction\":[{\"@type\":\"SearchAction\",\"target\":{\"@type\":\"EntryPoint\",\"urlTemplate\":\"https:\/\/vandutch.fr\/en\/?s={search_term_string}\"},\"query-input\":{\"@type\":\"PropertyValueSpecification\",\"valueRequired\":true,\"valueName\":\"search_term_string\"}}],\"inLanguage\":\"en-US\"}]}<\/script>\n<meta property=\"product:price:amount\" content=\"210000\" \/>\n<meta property=\"product:price:currency\" content=\"EUR\" \/>\n<meta property=\"og:availability\" content=\"instock\" \/>\n<meta property=\"product:availability\" content=\"instock\" \/>\n<meta property=\"product:condition\" content=\"new\" \/>\n<!-- \/ Yoast SEO plugin. -->","yoast_head_json":{"title":"VANDUTCH \u201cVD30\u201d \u2013 2018 - VanDutch","robots":{"index":"index","follow":"follow","max-snippet":"max-snippet:-1","max-image-preview":"max-image-preview:large","max-video-preview":"max-video-preview:-1"},"canonical":"https:\/\/vandutch.fr\/en\/produit\/vandutch-vd30-2018\/","og_locale":"en_US","og_type":"article","og_title":"VANDUTCH \u201cVD30\u201d \u2013 2018 - VanDutch","og_description":"2018 VanDutch 30 : \u00e9l\u00e9gant day cruiser de 30 pieds avec deux moteurs 6.2L Mercury MerCruiser 350 HP. Vitesse maximale de 35 n\u0153uds. Cabine moderne, cockpit haut de gamme, pr\u00eat \u00e0 l'emploi.","og_url":"https:\/\/vandutch.fr\/en\/produit\/vandutch-vd30-2018\/","og_site_name":"VanDutch","article_modified_time":"2025-06-18T08:04:02+00:00","og_image":[{"width":2056,"height":1370,"url":"https:\/\/vandutch.fr\/wp-content\/uploads\/2025\/06\/2.jpg","type":"image\/jpeg"}],"twitter_card":"summary_large_image","twitter_misc":{"Price":"210000&nbsp;&euro;","Availability":"In stock"},"schema":{"@context":"https:\/\/schema.org","@graph":[{"@type":["WebPage","ItemPage"],"@id":"https:\/\/vandutch.fr\/en\/produit\/vandutch-vd30-2018\/","url":"https:\/\/vandutch.fr\/en\/produit\/vandutch-vd30-2018\/","name":"VANDUTCH \u201cVD30\u201d \u2013 2018 - VanDutch","isPartOf":{"@id":"https:\/\/vandutch.fr\/en\/#website"},"primaryImageOfPage":{"@id":"https:\/\/vandutch.fr\/en\/produit\/vandutch-vd30-2018\/#primaryimage"},"image":{"@id":"https:\/\/vandutch.fr\/en\/produit\/vandutch-vd30-2018\/#primaryimage"},"thumbnailUrl":"https:\/\/vandutch.fr\/wp-content\/uploads\/2025\/06\/2.jpg","datePublished":"2025-06-17T13:35:35+00:00","dateModified":"2025-06-18T08:04:02+00:00","breadcrumb":{"@id":"https:\/\/vandutch.fr\/en\/produit\/vandutch-vd30-2018\/#breadcrumb"},"inLanguage":"en-US","potentialAction":[{"@type":"ReadAction","target":["https:\/\/vandutch.fr\/en\/produit\/vandutch-vd30-2018\/"]}]},{"@type":"ImageObject","inLanguage":"en-US","@id":"https:\/\/vandutch.fr\/en\/produit\/vandutch-vd30-2018\/#primaryimage","url":"https:\/\/vandutch.fr\/wp-content\/uploads\/2025\/06\/2.jpg","contentUrl":"https:\/\/vandutch.fr\/wp-content\/uploads\/2025\/06\/2.jpg","width":2056,"height":1370},{"@type":"BreadcrumbList","@id":"https:\/\/vandutch.fr\/en\/produit\/vandutch-vd30-2018\/#breadcrumb","itemListElement":[{"@type":"ListItem","position":1,"name":"Home","item":"https:\/\/vandutch.fr\/en\/"},{"@type":"ListItem","position":2,"name":"Shop","item":"https:\/\/vandutch.fr\/en\/shop\/"},{"@type":"ListItem","position":3,"name":"VANDUTCH \u201cVD30\u201d \u2013 2018"}]},{"@type":"WebSite","@id":"https:\/\/vandutch.fr\/en\/#website","url":"https:\/\/vandutch.fr\/en\/","name":"VanDutch","description":"The avant-garde in Dutch yacht building","potentialAction":[{"@type":"SearchAction","target":{"@type":"EntryPoint","urlTemplate":"https:\/\/vandutch.fr\/en\/?s={search_term_string}"},"query-input":{"@type":"PropertyValueSpecification","valueRequired":true,"valueName":"search_term_string"}}],"inLanguage":"en-US"}]},"product_price_amount":"210000","product_price_currency":"EUR","og_availability":"instock","product_availability":"instock","product_condition":"new"},"_links":{"self":[{"href":"https:\/\/vandutch.fr\/en\/wp-json\/wp\/v2\/product\/8732"}],"collection":[{"href":"https:\/\/vandutch.fr\/en\/wp-json\/wp\/v2\/product"}],"about":[{"href":"https:\/\/vandutch.fr\/en\/wp-json\/wp\/v2\/types\/product"}],"replies":[{"embeddable":true,"href":"https:\/\/vandutch.fr\/en\/wp-json\/wp\/v2\/comments?post=8732"}],"wp:featuredmedia":[{"embeddable":true,"href":"https:\/\/vandutch.fr\/en\/wp-json\/wp\/v2\/media\/8733"}],"wp:attachment":[{"href":"https:\/\/vandutch.fr\/en\/wp-json\/wp\/v2\/media?parent=8732"}],"wp:term":[{"taxonomy":"product_cat","embeddable":true,"href":"https:\/\/vandutch.fr\/en\/wp-json\/wp\/v2\/product_cat?post=8732"},{"taxonomy":"product_tag","embeddable":true,"href":"https:\/\/vandutch.fr\/en\/wp-json\/wp\/v2\/product_tag?post=8732"},{"taxonomy":"mwb_booking_cost","embeddable":true,"href":"https:\/\/vandutch.fr\/en\/wp-json\/wp\/v2\/mwb_booking_cost?post=8732"},{"taxonomy":"mwb_booking_service","embeddable":true,"href":"https:\/\/vandutch.fr\/en\/wp-json\/wp\/v2\/mwb_booking_service?post=8732"}],"curies":[{"name":"wp","href":"https:\/\/api.w.org\/{rel}","templated":true}]}}