{"id":8674,"date":"2025-05-19T11:01:15","date_gmt":"2025-05-19T09:01:15","guid":{"rendered":"https:\/\/vandutch.fr\/?post_type=product&#038;p=8674"},"modified":"2025-05-19T11:01:15","modified_gmt":"2025-05-19T09:01:15","slug":"invictus-gt370-2022","status":"publish","type":"product","link":"https:\/\/vandutch.fr\/en\/produit\/invictus-gt370-2022\/","title":{"rendered":"INVICTUS &#8220;GT370&#8221; &#8211; 2022"},"content":{"rendered":"<p>L&#8217;Invictus GT370 (2022) est le m\u00e9lange parfait de l&#8217;\u00e9l\u00e9gance italienne, du design de pointe et de la performance. Avec son profil frappant, ses d\u00e9tails raffin\u00e9s et son agencement intelligent, il est id\u00e9al pour des croisi\u00e8res d&#8217;un jour \u00e9l\u00e9gantes le long de la C\u00f4te d&#8217;Azur et au-del\u00e0.<\/p>\n<p>Capable d&#8217;accueillir jusqu&#8217;\u00e0 10 invit\u00e9s en croisi\u00e8re, ce yacht de 11,4 m\u00e8tres offre un confort et une polyvalence exceptionnels. Le spacieux cockpit arri\u00e8re dispose d&#8217;un grand bain de soleil, d&#8217;une salle \u00e0 manger et d&#8217;un wet bar, id\u00e9al pour se divertir au soleil. \u00c0 l&#8217;avant, un second espace de bronzage g\u00e9n\u00e9reux offre une \u00e9chapp\u00e9e priv\u00e9e avec une vue panoramique sur la mer.<\/p>\n<p>A l&#8217;int\u00e9rieur, la cabine est \u00e9tonnamment spacieuse pour sa taille, avec un coin salon, une couchette double, une salle de bain s\u00e9par\u00e9e et des finitions de haute qualit\u00e9, ce qui en fait un bateau parfait pour de courtes escapades ou une base luxueuse pour les excursions d&#8217;une journ\u00e9e.<\/p>\n<p>Propuls\u00e9 par deux moteurs offrant jusqu&#8217;\u00e0 700 CV, le GT370 peut atteindre une vitesse de pointe de 43-45 n\u0153uds, offrant \u00e0 la fois agilit\u00e9 et stabilit\u00e9, m\u00eame \u00e0 grande vitesse.<\/p>\n<p>Que vous souhaitiez explorer des criques cach\u00e9es, organiser un ap\u00e9ritif chic \u00e0 bord ou profiter de trajets \u00e0 grande vitesse entre Monaco et Saint-Tropez, l&#8217;Invictus GT370 vous promet des moments inoubliables sur l&#8217;eau.<\/p>\n<p data-start=\"1218\" data-end=\"1418\"><strong>Contacts :<\/strong><\/p>\n<p class=\"\" data-start=\"1447\" data-end=\"1564\"> <strong data-start=\"1450\" data-end=\"1463\">Amor Jo\u00ebl<\/strong>: +33 6 18 49 49 76<br data-start=\"1482\" data-end=\"1485\"> <strong data-start=\"1488\" data-end=\"1505\">Louis Sargnac<\/strong>: +33 6 20 87 00 59<br data-start=\"1524\" data-end=\"1527\"> <strong data-start=\"1530\" data-end=\"1539\">Email<\/strong>: contact@vandutch.fr<\/p>\n","protected":false},"excerpt":{"rendered":"<p>Faites une croisi\u00e8re avec style gr\u00e2ce \u00e0 l&#8217;Invictus GT370. Design italien, 10 invit\u00e9s, vitesse de pointe de 45 n\u0153uds &#8211; luxe et performance pour des escapades inoubliables sur la C\u00f4te d&#8217;Azur.<\/p>\n","protected":false},"featured_media":8675,"comment_status":"open","ping_status":"closed","template":"","meta":{"_acf_changed":false,"ngg_post_thumbnail":0,"ocean_post_layout":"","ocean_both_sidebars_style":"","ocean_both_sidebars_content_width":0,"ocean_both_sidebars_sidebars_width":0,"ocean_sidebar":"0","ocean_second_sidebar":"0","ocean_disable_margins":"enable","ocean_add_body_class":"","ocean_shortcode_before_top_bar":"","ocean_shortcode_after_top_bar":"","ocean_shortcode_before_header":"","ocean_shortcode_after_header":"","ocean_has_shortcode":"","ocean_shortcode_after_title":"","ocean_shortcode_before_footer_widgets":"","ocean_shortcode_after_footer_widgets":"","ocean_shortcode_before_footer_bottom":"","ocean_shortcode_after_footer_bottom":"","ocean_display_top_bar":"default","ocean_display_header":"default","ocean_header_style":"","ocean_center_header_left_menu":"0","ocean_custom_header_template":"0","ocean_custom_logo":0,"ocean_custom_retina_logo":0,"ocean_custom_logo_max_width":0,"ocean_custom_logo_tablet_max_width":0,"ocean_custom_logo_mobile_max_width":0,"ocean_custom_logo_max_height":0,"ocean_custom_logo_tablet_max_height":0,"ocean_custom_logo_mobile_max_height":0,"ocean_header_custom_menu":"0","ocean_menu_typo_font_family":"0","ocean_menu_typo_font_subset":"","ocean_menu_typo_font_size":0,"ocean_menu_typo_font_size_tablet":0,"ocean_menu_typo_font_size_mobile":0,"ocean_menu_typo_font_size_unit":"px","ocean_menu_typo_font_weight":"","ocean_menu_typo_font_weight_tablet":"","ocean_menu_typo_font_weight_mobile":"","ocean_menu_typo_transform":"","ocean_menu_typo_transform_tablet":"","ocean_menu_typo_transform_mobile":"","ocean_menu_typo_line_height":0,"ocean_menu_typo_line_height_tablet":0,"ocean_menu_typo_line_height_mobile":0,"ocean_menu_typo_line_height_unit":"","ocean_menu_typo_spacing":0,"ocean_menu_typo_spacing_tablet":0,"ocean_menu_typo_spacing_mobile":0,"ocean_menu_typo_spacing_unit":"","ocean_menu_link_color":"","ocean_menu_link_color_hover":"","ocean_menu_link_color_active":"","ocean_menu_link_background":"","ocean_menu_link_hover_background":"","ocean_menu_link_active_background":"","ocean_menu_social_links_bg":"","ocean_menu_social_hover_links_bg":"","ocean_menu_social_links_color":"","ocean_menu_social_hover_links_color":"","ocean_disable_title":"default","ocean_disable_heading":"default","ocean_post_title":"","ocean_post_subheading":"","ocean_post_title_style":"","ocean_post_title_background_color":"","ocean_post_title_background":0,"ocean_post_title_bg_image_position":"","ocean_post_title_bg_image_attachment":"","ocean_post_title_bg_image_repeat":"","ocean_post_title_bg_image_size":"","ocean_post_title_height":0,"ocean_post_title_bg_overlay":0.5,"ocean_post_title_bg_overlay_color":"","ocean_disable_breadcrumbs":"default","ocean_breadcrumbs_color":"","ocean_breadcrumbs_separator_color":"","ocean_breadcrumbs_links_color":"","ocean_breadcrumbs_links_hover_color":"","ocean_display_footer_widgets":"default","ocean_display_footer_bottom":"default","ocean_custom_footer_template":"0","_joinchat":[]},"product_cat":[13],"product_tag":[],"mwb_booking_cost":[],"mwb_booking_service":[],"acf":[],"yoast_head":"<!-- This site is optimized with the Yoast SEO plugin v24.5 - https:\/\/yoast.com\/wordpress\/plugins\/seo\/ -->\n<title>INVICTUS &quot;GT370&quot; - 2022 - VanDutch<\/title>\n<meta name=\"robots\" content=\"index, follow, max-snippet:-1, max-image-preview:large, max-video-preview:-1\" \/>\n<link rel=\"canonical\" href=\"https:\/\/vandutch.fr\/en\/produit\/invictus-gt370-2022\/\" \/>\n<meta property=\"og:locale\" content=\"en_US\" \/>\n<meta property=\"og:type\" content=\"article\" \/>\n<meta property=\"og:title\" content=\"INVICTUS &quot;GT370&quot; - 2022 - VanDutch\" \/>\n<meta property=\"og:description\" content=\"Faites une croisi\u00e8re avec style gr\u00e2ce \u00e0 l&#039;Invictus GT370. Design italien, 10 invit\u00e9s, vitesse de pointe de 45 n\u0153uds - luxe et performance pour des escapades inoubliables sur la C\u00f4te d&#039;Azur.\" \/>\n<meta property=\"og:url\" content=\"https:\/\/vandutch.fr\/en\/produit\/invictus-gt370-2022\/\" \/>\n<meta property=\"og:site_name\" content=\"VanDutch\" \/>\n<meta property=\"og:image\" content=\"https:\/\/vandutch.fr\/wp-content\/uploads\/2025\/05\/Capture-decran-2025-05-19-a-10.49.27.jpg\" \/>\n\t<meta property=\"og:image:width\" content=\"914\" \/>\n\t<meta property=\"og:image:height\" content=\"530\" \/>\n\t<meta property=\"og:image:type\" content=\"image\/jpeg\" \/>\n<meta name=\"twitter:card\" content=\"summary_large_image\" \/>\n<meta name=\"twitter:label1\" content=\"Price\" \/>\n\t<meta name=\"twitter:data1\" content=\"385000&nbsp;&euro;\" \/>\n\t<meta name=\"twitter:label2\" content=\"Availability\" \/>\n\t<meta name=\"twitter:data2\" content=\"In stock\" \/>\n<script type=\"application\/ld+json\" class=\"yoast-schema-graph\">{\"@context\":\"https:\/\/schema.org\",\"@graph\":[{\"@type\":[\"WebPage\",\"ItemPage\"],\"@id\":\"https:\/\/vandutch.fr\/en\/produit\/invictus-gt370-2022\/\",\"url\":\"https:\/\/vandutch.fr\/en\/produit\/invictus-gt370-2022\/\",\"name\":\"INVICTUS \\\"GT370\\\" - 2022 - VanDutch\",\"isPartOf\":{\"@id\":\"https:\/\/vandutch.fr\/en\/#website\"},\"primaryImageOfPage\":{\"@id\":\"https:\/\/vandutch.fr\/en\/produit\/invictus-gt370-2022\/#primaryimage\"},\"image\":{\"@id\":\"https:\/\/vandutch.fr\/en\/produit\/invictus-gt370-2022\/#primaryimage\"},\"thumbnailUrl\":\"https:\/\/vandutch.fr\/wp-content\/uploads\/2025\/05\/Capture-decran-2025-05-19-a-10.49.27.jpg\",\"datePublished\":\"2025-05-19T09:01:15+00:00\",\"breadcrumb\":{\"@id\":\"https:\/\/vandutch.fr\/en\/produit\/invictus-gt370-2022\/#breadcrumb\"},\"inLanguage\":\"en-US\",\"potentialAction\":[{\"@type\":\"ReadAction\",\"target\":[\"https:\/\/vandutch.fr\/en\/produit\/invictus-gt370-2022\/\"]}]},{\"@type\":\"ImageObject\",\"inLanguage\":\"en-US\",\"@id\":\"https:\/\/vandutch.fr\/en\/produit\/invictus-gt370-2022\/#primaryimage\",\"url\":\"https:\/\/vandutch.fr\/wp-content\/uploads\/2025\/05\/Capture-decran-2025-05-19-a-10.49.27.jpg\",\"contentUrl\":\"https:\/\/vandutch.fr\/wp-content\/uploads\/2025\/05\/Capture-decran-2025-05-19-a-10.49.27.jpg\",\"width\":914,\"height\":530},{\"@type\":\"BreadcrumbList\",\"@id\":\"https:\/\/vandutch.fr\/en\/produit\/invictus-gt370-2022\/#breadcrumb\",\"itemListElement\":[{\"@type\":\"ListItem\",\"position\":1,\"name\":\"Home\",\"item\":\"https:\/\/vandutch.fr\/en\/\"},{\"@type\":\"ListItem\",\"position\":2,\"name\":\"Shop\",\"item\":\"https:\/\/vandutch.fr\/en\/shop\/\"},{\"@type\":\"ListItem\",\"position\":3,\"name\":\"INVICTUS &#8220;GT370&#8221; &#8211; 2022\"}]},{\"@type\":\"WebSite\",\"@id\":\"https:\/\/vandutch.fr\/en\/#website\",\"url\":\"https:\/\/vandutch.fr\/en\/\",\"name\":\"VanDutch\",\"description\":\"The avant-garde in Dutch yacht building\",\"potentialAction\":[{\"@type\":\"SearchAction\",\"target\":{\"@type\":\"EntryPoint\",\"urlTemplate\":\"https:\/\/vandutch.fr\/en\/?s={search_term_string}\"},\"query-input\":{\"@type\":\"PropertyValueSpecification\",\"valueRequired\":true,\"valueName\":\"search_term_string\"}}],\"inLanguage\":\"en-US\"}]}<\/script>\n<meta property=\"product:price:amount\" content=\"385000\" \/>\n<meta property=\"product:price:currency\" content=\"EUR\" \/>\n<meta property=\"og:availability\" content=\"instock\" \/>\n<meta property=\"product:availability\" content=\"instock\" \/>\n<meta property=\"product:condition\" content=\"new\" \/>\n<!-- \/ Yoast SEO plugin. -->","yoast_head_json":{"title":"INVICTUS \"GT370\" - 2022 - VanDutch","robots":{"index":"index","follow":"follow","max-snippet":"max-snippet:-1","max-image-preview":"max-image-preview:large","max-video-preview":"max-video-preview:-1"},"canonical":"https:\/\/vandutch.fr\/en\/produit\/invictus-gt370-2022\/","og_locale":"en_US","og_type":"article","og_title":"INVICTUS \"GT370\" - 2022 - VanDutch","og_description":"Faites une croisi\u00e8re avec style gr\u00e2ce \u00e0 l'Invictus GT370. Design italien, 10 invit\u00e9s, vitesse de pointe de 45 n\u0153uds - luxe et performance pour des escapades inoubliables sur la C\u00f4te d'Azur.","og_url":"https:\/\/vandutch.fr\/en\/produit\/invictus-gt370-2022\/","og_site_name":"VanDutch","og_image":[{"width":914,"height":530,"url":"https:\/\/vandutch.fr\/wp-content\/uploads\/2025\/05\/Capture-decran-2025-05-19-a-10.49.27.jpg","type":"image\/jpeg"}],"twitter_card":"summary_large_image","twitter_misc":{"Price":"385000&nbsp;&euro;","Availability":"In stock"},"schema":{"@context":"https:\/\/schema.org","@graph":[{"@type":["WebPage","ItemPage"],"@id":"https:\/\/vandutch.fr\/en\/produit\/invictus-gt370-2022\/","url":"https:\/\/vandutch.fr\/en\/produit\/invictus-gt370-2022\/","name":"INVICTUS \"GT370\" - 2022 - VanDutch","isPartOf":{"@id":"https:\/\/vandutch.fr\/en\/#website"},"primaryImageOfPage":{"@id":"https:\/\/vandutch.fr\/en\/produit\/invictus-gt370-2022\/#primaryimage"},"image":{"@id":"https:\/\/vandutch.fr\/en\/produit\/invictus-gt370-2022\/#primaryimage"},"thumbnailUrl":"https:\/\/vandutch.fr\/wp-content\/uploads\/2025\/05\/Capture-decran-2025-05-19-a-10.49.27.jpg","datePublished":"2025-05-19T09:01:15+00:00","breadcrumb":{"@id":"https:\/\/vandutch.fr\/en\/produit\/invictus-gt370-2022\/#breadcrumb"},"inLanguage":"en-US","potentialAction":[{"@type":"ReadAction","target":["https:\/\/vandutch.fr\/en\/produit\/invictus-gt370-2022\/"]}]},{"@type":"ImageObject","inLanguage":"en-US","@id":"https:\/\/vandutch.fr\/en\/produit\/invictus-gt370-2022\/#primaryimage","url":"https:\/\/vandutch.fr\/wp-content\/uploads\/2025\/05\/Capture-decran-2025-05-19-a-10.49.27.jpg","contentUrl":"https:\/\/vandutch.fr\/wp-content\/uploads\/2025\/05\/Capture-decran-2025-05-19-a-10.49.27.jpg","width":914,"height":530},{"@type":"BreadcrumbList","@id":"https:\/\/vandutch.fr\/en\/produit\/invictus-gt370-2022\/#breadcrumb","itemListElement":[{"@type":"ListItem","position":1,"name":"Home","item":"https:\/\/vandutch.fr\/en\/"},{"@type":"ListItem","position":2,"name":"Shop","item":"https:\/\/vandutch.fr\/en\/shop\/"},{"@type":"ListItem","position":3,"name":"INVICTUS &#8220;GT370&#8221; &#8211; 2022"}]},{"@type":"WebSite","@id":"https:\/\/vandutch.fr\/en\/#website","url":"https:\/\/vandutch.fr\/en\/","name":"VanDutch","description":"The avant-garde in Dutch yacht building","potentialAction":[{"@type":"SearchAction","target":{"@type":"EntryPoint","urlTemplate":"https:\/\/vandutch.fr\/en\/?s={search_term_string}"},"query-input":{"@type":"PropertyValueSpecification","valueRequired":true,"valueName":"search_term_string"}}],"inLanguage":"en-US"}]},"product_price_amount":"385000","product_price_currency":"EUR","og_availability":"instock","product_availability":"instock","product_condition":"new"},"_links":{"self":[{"href":"https:\/\/vandutch.fr\/en\/wp-json\/wp\/v2\/product\/8674"}],"collection":[{"href":"https:\/\/vandutch.fr\/en\/wp-json\/wp\/v2\/product"}],"about":[{"href":"https:\/\/vandutch.fr\/en\/wp-json\/wp\/v2\/types\/product"}],"replies":[{"embeddable":true,"href":"https:\/\/vandutch.fr\/en\/wp-json\/wp\/v2\/comments?post=8674"}],"wp:featuredmedia":[{"embeddable":true,"href":"https:\/\/vandutch.fr\/en\/wp-json\/wp\/v2\/media\/8675"}],"wp:attachment":[{"href":"https:\/\/vandutch.fr\/en\/wp-json\/wp\/v2\/media?parent=8674"}],"wp:term":[{"taxonomy":"product_cat","embeddable":true,"href":"https:\/\/vandutch.fr\/en\/wp-json\/wp\/v2\/product_cat?post=8674"},{"taxonomy":"product_tag","embeddable":true,"href":"https:\/\/vandutch.fr\/en\/wp-json\/wp\/v2\/product_tag?post=8674"},{"taxonomy":"mwb_booking_cost","embeddable":true,"href":"https:\/\/vandutch.fr\/en\/wp-json\/wp\/v2\/mwb_booking_cost?post=8674"},{"taxonomy":"mwb_booking_service","embeddable":true,"href":"https:\/\/vandutch.fr\/en\/wp-json\/wp\/v2\/mwb_booking_service?post=8674"}],"curies":[{"name":"wp","href":"https:\/\/api.w.org\/{rel}","templated":true}]}}