{"id":8651,"date":"2025-05-07T12:03:55","date_gmt":"2025-05-07T10:03:55","guid":{"rendered":"https:\/\/vandutch.fr\/?post_type=product&#038;p=8651"},"modified":"2025-05-07T12:03:56","modified_gmt":"2025-05-07T10:03:56","slug":"vandutch-48s-2022","status":"publish","type":"product","link":"https:\/\/vandutch.fr\/en\/produit\/vandutch-48s-2022\/","title":{"rendered":"VANDUTCH 48S &#8211; 2022"},"content":{"rendered":"<p class=\"\" data-start=\"132\" data-end=\"473\">Le VanDutch 48 cr\u00e9e une harmonie parfaite entre luxe, polyvalence et performance au sein de la gamme VanDutch. Avec ses dimensions \u00e9l\u00e9gantes, ce yacht garantit une navigation facile et s\u00e9curis\u00e9e dans toutes les conditions, tout en offrant un espace g\u00e9n\u00e9reux pour se d\u00e9tendre, que ce soit sur le pont ou \u00e0 l&#8217;int\u00e9rieur.<\/p>\n<p class=\"\" data-start=\"475\" data-end=\"833\">Comme tous les yachts VanDutch, le VD48 allie \u00e0 la perfection libert\u00e9 et \u00e9l\u00e9gance, offrant l&#8217;espace et le design d&#8217;un yacht plus grand tout en maintenant une man\u0153uvrabilit\u00e9 exceptionnelle. Ses lignes embl\u00e9matiques mettent en valeur l&#8217;\u00e9l\u00e9gance signature de la marque, chaque d\u00e9tail \u00e9tant m\u00e9ticuleusement con\u00e7u pour une fonctionnalit\u00e9 optimale.<\/p>\n<p class=\"\" data-start=\"835\" data-end=\"1041\">La plateforme de baignade et d&#8217;embarquement prolong\u00e9e permet un h\u00e9bergement rapide du tender, tandis que la disposition minimaliste du pont am\u00e9liore la convivialit\u00e9 sans sacrifier son design intemporel.<\/p>\n<p class=\"\" data-start=\"1075\" data-end=\"1703\">Le cockpit comprend un bar \u00e0 cocktails enti\u00e8rement \u00e9quip\u00e9, avec un grand r\u00e9frig\u00e9rateur, un fabricant de glace int\u00e9gr\u00e9, un \u00e9vier r\u00e9tractable et un espace suffisant pour recevoir confortablement vos invit\u00e9s. L&#8217;affichage du poste de pilotage sur\u00e9lev\u00e9 am\u00e9liore la visibilit\u00e9, rendant la gestion des syst\u00e8mes sans effort, tandis que le panneau de contr\u00f4le intuitifpermet un acc\u00e8s facile \u00e0 toutes les fonctions \u00e0 bord, y compris l&#8217;ancre, d&#8217;une simple pression sur un bouton. Pour un confort suppl\u00e9mentaire, le bimini pliable offre de l&#8217;ombre, permettant aux invit\u00e9s de profiter du yacht en toute circonstance.<\/p>\n<p class=\"\" data-start=\"1747\" data-end=\"2151\">\u00c0 l&#8217;int\u00e9rieur, le VanDutch 48 incarne le luxe moderne avec des lignes \u00e9pur\u00e9es et une palette de couleurs blanches sophistiqu\u00e9es cr\u00e9ant une atmosph\u00e8re sereine et \u00e9l\u00e9gante. L&#8217;int\u00e9rieur flexible peut \u00eatre facilement reconfigur\u00e9 selon les pr\u00e9f\u00e9rences du propri\u00e9taire, avec des caract\u00e9ristiques comme une table pliante qui transforme l&#8217;espace pour les repas ou les moments de convivialit\u00e9.<\/p>\n<p class=\"\" data-start=\"2153\" data-end=\"2446\">La salle de bain \u00e9l\u00e9gante, \u00e9quip\u00e9e d&#8217;une cabine de douche s\u00e9par\u00e9e et d&#8217;un distributeur r\u00e9glable, am\u00e9liore encore le confort \u00e0 bord. Chaque aspect du VanDutch 48 est soigneusement con\u00e7u pour garantir que les invit\u00e9s se sentent chez eux, rendant chaque voyage \u00e0 bord relaxant et luxueux.<\/p>\n<p data-start=\"2153\" data-end=\"2446\"><strong>Contacts :<\/strong><\/p>\n<p class=\"\" data-start=\"2470\" data-end=\"2580\">Jo\u00ebl Amor : +33 6 18 49 49 76<br data-start=\"2503\" data-end=\"2506\">Louis Sargnac : +33 6 20 87 00 59<br data-start=\"2543\" data-end=\"2546\">Email : contact@vandutch.fr<\/p>\n","protected":false},"excerpt":{"rendered":"<p>Le VanDutch 48 allie performance, design et luxe moderne, offrant une exp\u00e9rience de navigation exceptionnelle avec des espaces ext\u00e9rieurs et int\u00e9rieurs parfaitement pens\u00e9s pour le confort et la convivialit\u00e9.<\/p>\n","protected":false},"featured_media":8652,"comment_status":"open","ping_status":"closed","template":"","meta":{"_acf_changed":false,"ngg_post_thumbnail":0,"ocean_post_layout":"","ocean_both_sidebars_style":"","ocean_both_sidebars_content_width":0,"ocean_both_sidebars_sidebars_width":0,"ocean_sidebar":"0","ocean_second_sidebar":"0","ocean_disable_margins":"enable","ocean_add_body_class":"","ocean_shortcode_before_top_bar":"","ocean_shortcode_after_top_bar":"","ocean_shortcode_before_header":"","ocean_shortcode_after_header":"","ocean_has_shortcode":"","ocean_shortcode_after_title":"","ocean_shortcode_before_footer_widgets":"","ocean_shortcode_after_footer_widgets":"","ocean_shortcode_before_footer_bottom":"","ocean_shortcode_after_footer_bottom":"","ocean_display_top_bar":"default","ocean_display_header":"default","ocean_header_style":"","ocean_center_header_left_menu":"0","ocean_custom_header_template":"0","ocean_custom_logo":0,"ocean_custom_retina_logo":0,"ocean_custom_logo_max_width":0,"ocean_custom_logo_tablet_max_width":0,"ocean_custom_logo_mobile_max_width":0,"ocean_custom_logo_max_height":0,"ocean_custom_logo_tablet_max_height":0,"ocean_custom_logo_mobile_max_height":0,"ocean_header_custom_menu":"0","ocean_menu_typo_font_family":"0","ocean_menu_typo_font_subset":"","ocean_menu_typo_font_size":0,"ocean_menu_typo_font_size_tablet":0,"ocean_menu_typo_font_size_mobile":0,"ocean_menu_typo_font_size_unit":"px","ocean_menu_typo_font_weight":"","ocean_menu_typo_font_weight_tablet":"","ocean_menu_typo_font_weight_mobile":"","ocean_menu_typo_transform":"","ocean_menu_typo_transform_tablet":"","ocean_menu_typo_transform_mobile":"","ocean_menu_typo_line_height":0,"ocean_menu_typo_line_height_tablet":0,"ocean_menu_typo_line_height_mobile":0,"ocean_menu_typo_line_height_unit":"","ocean_menu_typo_spacing":0,"ocean_menu_typo_spacing_tablet":0,"ocean_menu_typo_spacing_mobile":0,"ocean_menu_typo_spacing_unit":"","ocean_menu_link_color":"","ocean_menu_link_color_hover":"","ocean_menu_link_color_active":"","ocean_menu_link_background":"","ocean_menu_link_hover_background":"","ocean_menu_link_active_background":"","ocean_menu_social_links_bg":"","ocean_menu_social_hover_links_bg":"","ocean_menu_social_links_color":"","ocean_menu_social_hover_links_color":"","ocean_disable_title":"default","ocean_disable_heading":"default","ocean_post_title":"","ocean_post_subheading":"","ocean_post_title_style":"","ocean_post_title_background_color":"","ocean_post_title_background":0,"ocean_post_title_bg_image_position":"","ocean_post_title_bg_image_attachment":"","ocean_post_title_bg_image_repeat":"","ocean_post_title_bg_image_size":"","ocean_post_title_height":0,"ocean_post_title_bg_overlay":0.5,"ocean_post_title_bg_overlay_color":"","ocean_disable_breadcrumbs":"default","ocean_breadcrumbs_color":"","ocean_breadcrumbs_separator_color":"","ocean_breadcrumbs_links_color":"","ocean_breadcrumbs_links_hover_color":"","ocean_display_footer_widgets":"default","ocean_display_footer_bottom":"default","ocean_custom_footer_template":"0","_joinchat":[]},"product_cat":[13],"product_tag":[],"mwb_booking_cost":[],"mwb_booking_service":[],"acf":[],"yoast_head":"<!-- This site is optimized with the Yoast SEO plugin v24.5 - https:\/\/yoast.com\/wordpress\/plugins\/seo\/ -->\n<title>VANDUTCH 48S - 2022 - VanDutch<\/title>\n<meta name=\"robots\" content=\"index, follow, max-snippet:-1, max-image-preview:large, max-video-preview:-1\" \/>\n<link rel=\"canonical\" href=\"https:\/\/vandutch.fr\/en\/produit\/vandutch-48s-2022\/\" \/>\n<meta property=\"og:locale\" content=\"en_US\" \/>\n<meta property=\"og:type\" content=\"article\" \/>\n<meta property=\"og:title\" content=\"VANDUTCH 48S - 2022 - VanDutch\" \/>\n<meta property=\"og:description\" content=\"Le VanDutch 48 allie performance, design et luxe moderne, offrant une exp\u00e9rience de navigation exceptionnelle avec des espaces ext\u00e9rieurs et int\u00e9rieurs parfaitement pens\u00e9s pour le confort et la convivialit\u00e9.\" \/>\n<meta property=\"og:url\" content=\"https:\/\/vandutch.fr\/en\/produit\/vandutch-48s-2022\/\" \/>\n<meta property=\"og:site_name\" content=\"VanDutch\" \/>\n<meta property=\"article:modified_time\" content=\"2025-05-07T10:03:56+00:00\" \/>\n<meta property=\"og:image\" content=\"https:\/\/vandutch.fr\/wp-content\/uploads\/2025\/05\/11-2.webp\" \/>\n\t<meta property=\"og:image:width\" content=\"1027\" \/>\n\t<meta property=\"og:image:height\" content=\"685\" \/>\n\t<meta property=\"og:image:type\" content=\"image\/webp\" \/>\n<meta name=\"twitter:card\" content=\"summary_large_image\" \/>\n<meta name=\"twitter:label1\" content=\"Price\" \/>\n\t<meta name=\"twitter:data1\" content=\"995000&nbsp;&euro;\" \/>\n\t<meta name=\"twitter:label2\" content=\"Availability\" \/>\n\t<meta name=\"twitter:data2\" content=\"In stock\" \/>\n<script type=\"application\/ld+json\" class=\"yoast-schema-graph\">{\"@context\":\"https:\/\/schema.org\",\"@graph\":[{\"@type\":[\"WebPage\",\"ItemPage\"],\"@id\":\"https:\/\/vandutch.fr\/en\/produit\/vandutch-48s-2022\/\",\"url\":\"https:\/\/vandutch.fr\/en\/produit\/vandutch-48s-2022\/\",\"name\":\"VANDUTCH 48S - 2022 - VanDutch\",\"isPartOf\":{\"@id\":\"https:\/\/vandutch.fr\/en\/#website\"},\"primaryImageOfPage\":{\"@id\":\"https:\/\/vandutch.fr\/en\/produit\/vandutch-48s-2022\/#primaryimage\"},\"image\":{\"@id\":\"https:\/\/vandutch.fr\/en\/produit\/vandutch-48s-2022\/#primaryimage\"},\"thumbnailUrl\":\"https:\/\/vandutch.fr\/wp-content\/uploads\/2025\/05\/11-2.webp\",\"datePublished\":\"2025-05-07T10:03:55+00:00\",\"dateModified\":\"2025-05-07T10:03:56+00:00\",\"breadcrumb\":{\"@id\":\"https:\/\/vandutch.fr\/en\/produit\/vandutch-48s-2022\/#breadcrumb\"},\"inLanguage\":\"en-US\",\"potentialAction\":[{\"@type\":\"ReadAction\",\"target\":[\"https:\/\/vandutch.fr\/en\/produit\/vandutch-48s-2022\/\"]}]},{\"@type\":\"ImageObject\",\"inLanguage\":\"en-US\",\"@id\":\"https:\/\/vandutch.fr\/en\/produit\/vandutch-48s-2022\/#primaryimage\",\"url\":\"https:\/\/vandutch.fr\/wp-content\/uploads\/2025\/05\/11-2.webp\",\"contentUrl\":\"https:\/\/vandutch.fr\/wp-content\/uploads\/2025\/05\/11-2.webp\",\"width\":1027,\"height\":685},{\"@type\":\"BreadcrumbList\",\"@id\":\"https:\/\/vandutch.fr\/en\/produit\/vandutch-48s-2022\/#breadcrumb\",\"itemListElement\":[{\"@type\":\"ListItem\",\"position\":1,\"name\":\"Home\",\"item\":\"https:\/\/vandutch.fr\/en\/\"},{\"@type\":\"ListItem\",\"position\":2,\"name\":\"Shop\",\"item\":\"https:\/\/vandutch.fr\/en\/shop\/\"},{\"@type\":\"ListItem\",\"position\":3,\"name\":\"VANDUTCH 48S &#8211; 2022\"}]},{\"@type\":\"WebSite\",\"@id\":\"https:\/\/vandutch.fr\/en\/#website\",\"url\":\"https:\/\/vandutch.fr\/en\/\",\"name\":\"VanDutch\",\"description\":\"The avant-garde in Dutch yacht building\",\"potentialAction\":[{\"@type\":\"SearchAction\",\"target\":{\"@type\":\"EntryPoint\",\"urlTemplate\":\"https:\/\/vandutch.fr\/en\/?s={search_term_string}\"},\"query-input\":{\"@type\":\"PropertyValueSpecification\",\"valueRequired\":true,\"valueName\":\"search_term_string\"}}],\"inLanguage\":\"en-US\"}]}<\/script>\n<meta property=\"product:price:amount\" content=\"995000\" \/>\n<meta property=\"product:price:currency\" content=\"EUR\" \/>\n<meta property=\"og:availability\" content=\"instock\" \/>\n<meta property=\"product:availability\" content=\"instock\" \/>\n<meta property=\"product:condition\" content=\"new\" \/>\n<!-- \/ Yoast SEO plugin. -->","yoast_head_json":{"title":"VANDUTCH 48S - 2022 - VanDutch","robots":{"index":"index","follow":"follow","max-snippet":"max-snippet:-1","max-image-preview":"max-image-preview:large","max-video-preview":"max-video-preview:-1"},"canonical":"https:\/\/vandutch.fr\/en\/produit\/vandutch-48s-2022\/","og_locale":"en_US","og_type":"article","og_title":"VANDUTCH 48S - 2022 - VanDutch","og_description":"Le VanDutch 48 allie performance, design et luxe moderne, offrant une exp\u00e9rience de navigation exceptionnelle avec des espaces ext\u00e9rieurs et int\u00e9rieurs parfaitement pens\u00e9s pour le confort et la convivialit\u00e9.","og_url":"https:\/\/vandutch.fr\/en\/produit\/vandutch-48s-2022\/","og_site_name":"VanDutch","article_modified_time":"2025-05-07T10:03:56+00:00","og_image":[{"width":1027,"height":685,"url":"https:\/\/vandutch.fr\/wp-content\/uploads\/2025\/05\/11-2.webp","type":"image\/webp"}],"twitter_card":"summary_large_image","twitter_misc":{"Price":"995000&nbsp;&euro;","Availability":"In stock"},"schema":{"@context":"https:\/\/schema.org","@graph":[{"@type":["WebPage","ItemPage"],"@id":"https:\/\/vandutch.fr\/en\/produit\/vandutch-48s-2022\/","url":"https:\/\/vandutch.fr\/en\/produit\/vandutch-48s-2022\/","name":"VANDUTCH 48S - 2022 - VanDutch","isPartOf":{"@id":"https:\/\/vandutch.fr\/en\/#website"},"primaryImageOfPage":{"@id":"https:\/\/vandutch.fr\/en\/produit\/vandutch-48s-2022\/#primaryimage"},"image":{"@id":"https:\/\/vandutch.fr\/en\/produit\/vandutch-48s-2022\/#primaryimage"},"thumbnailUrl":"https:\/\/vandutch.fr\/wp-content\/uploads\/2025\/05\/11-2.webp","datePublished":"2025-05-07T10:03:55+00:00","dateModified":"2025-05-07T10:03:56+00:00","breadcrumb":{"@id":"https:\/\/vandutch.fr\/en\/produit\/vandutch-48s-2022\/#breadcrumb"},"inLanguage":"en-US","potentialAction":[{"@type":"ReadAction","target":["https:\/\/vandutch.fr\/en\/produit\/vandutch-48s-2022\/"]}]},{"@type":"ImageObject","inLanguage":"en-US","@id":"https:\/\/vandutch.fr\/en\/produit\/vandutch-48s-2022\/#primaryimage","url":"https:\/\/vandutch.fr\/wp-content\/uploads\/2025\/05\/11-2.webp","contentUrl":"https:\/\/vandutch.fr\/wp-content\/uploads\/2025\/05\/11-2.webp","width":1027,"height":685},{"@type":"BreadcrumbList","@id":"https:\/\/vandutch.fr\/en\/produit\/vandutch-48s-2022\/#breadcrumb","itemListElement":[{"@type":"ListItem","position":1,"name":"Home","item":"https:\/\/vandutch.fr\/en\/"},{"@type":"ListItem","position":2,"name":"Shop","item":"https:\/\/vandutch.fr\/en\/shop\/"},{"@type":"ListItem","position":3,"name":"VANDUTCH 48S &#8211; 2022"}]},{"@type":"WebSite","@id":"https:\/\/vandutch.fr\/en\/#website","url":"https:\/\/vandutch.fr\/en\/","name":"VanDutch","description":"The avant-garde in Dutch yacht building","potentialAction":[{"@type":"SearchAction","target":{"@type":"EntryPoint","urlTemplate":"https:\/\/vandutch.fr\/en\/?s={search_term_string}"},"query-input":{"@type":"PropertyValueSpecification","valueRequired":true,"valueName":"search_term_string"}}],"inLanguage":"en-US"}]},"product_price_amount":"995000","product_price_currency":"EUR","og_availability":"instock","product_availability":"instock","product_condition":"new"},"_links":{"self":[{"href":"https:\/\/vandutch.fr\/en\/wp-json\/wp\/v2\/product\/8651"}],"collection":[{"href":"https:\/\/vandutch.fr\/en\/wp-json\/wp\/v2\/product"}],"about":[{"href":"https:\/\/vandutch.fr\/en\/wp-json\/wp\/v2\/types\/product"}],"replies":[{"embeddable":true,"href":"https:\/\/vandutch.fr\/en\/wp-json\/wp\/v2\/comments?post=8651"}],"wp:featuredmedia":[{"embeddable":true,"href":"https:\/\/vandutch.fr\/en\/wp-json\/wp\/v2\/media\/8652"}],"wp:attachment":[{"href":"https:\/\/vandutch.fr\/en\/wp-json\/wp\/v2\/media?parent=8651"}],"wp:term":[{"taxonomy":"product_cat","embeddable":true,"href":"https:\/\/vandutch.fr\/en\/wp-json\/wp\/v2\/product_cat?post=8651"},{"taxonomy":"product_tag","embeddable":true,"href":"https:\/\/vandutch.fr\/en\/wp-json\/wp\/v2\/product_tag?post=8651"},{"taxonomy":"mwb_booking_cost","embeddable":true,"href":"https:\/\/vandutch.fr\/en\/wp-json\/wp\/v2\/mwb_booking_cost?post=8651"},{"taxonomy":"mwb_booking_service","embeddable":true,"href":"https:\/\/vandutch.fr\/en\/wp-json\/wp\/v2\/mwb_booking_service?post=8651"}],"curies":[{"name":"wp","href":"https:\/\/api.w.org\/{rel}","templated":true}]}}