{"id":8608,"date":"2025-05-07T11:37:12","date_gmt":"2025-05-07T09:37:12","guid":{"rendered":"https:\/\/vandutch.fr\/?post_type=product&#038;p=8608"},"modified":"2025-05-07T11:37:13","modified_gmt":"2025-05-07T09:37:13","slug":"vandutch-55-2018","status":"publish","type":"product","link":"https:\/\/vandutch.fr\/en\/produit\/vandutch-55-2018\/","title":{"rendered":"VANDUTCH 55 &#8211; 2018"},"content":{"rendered":"<p class=\"\" data-start=\"148\" data-end=\"460\">Embarquez pour un voyage d\u2019exception avec le VanDutch 55 de 2018, un chef-d\u2019\u0153uvre imagin\u00e9 par le c\u00e9l\u00e8bre architecte naval Frank Mulder. Ce yacht de luxe incarne l\u2019alliance parfaite entre design embl\u00e9matique, performances marines et confort haut de gamme, pour les amateurs de raffinement et de technologie.<\/p>\n<p class=\"\" data-start=\"462\" data-end=\"952\">Ce VanDutch 55 se distingue par son entretien irr\u00e9prochable assur\u00e9 par un \u00e9quipage certifi\u00e9, garantissant un \u00e9tat impeccable. L\u2019engagement du propri\u00e9taire envers des standards \u00e9lev\u00e9s a permis de maintenir ce yacht dans une condition exceptionnelle. De plus, il est \u00e9quip\u00e9 de technologies am\u00e9lior\u00e9es\u202f: un syst\u00e8me audio premium JL qui enveloppe le bateau d\u2019un son immersif et des lumi\u00e8res sous-marines Lumishore, transformant chaque mouillage en un spectacle lumineux spectaculaire.<\/p>\n<p class=\"\" data-start=\"954\" data-end=\"1330\">Rare sur le march\u00e9, ce VanDutch 55 est l\u2019un des tr\u00e8s rares mod\u00e8les motoris\u00e9s par Caterpillar, offrant fiabilit\u00e9 accrue, maintenance simplifi\u00e9e et disponibilit\u00e9 ais\u00e9e des pi\u00e8ces de rechange. Ce syst\u00e8me de propulsion en fait un leader de sa cat\u00e9gorie. Son \u00e9tat g\u00e9n\u00e9ral et ses \u00e9quipements font de ce yacht une opportunit\u00e9 unique pour naviguer imm\u00e9diatement, sans compromis.<\/p>\n<p class=\"\" data-start=\"1332\" data-end=\"1611\">Ce VanDutch 55 de 2018 est pr\u00eat \u00e0 accueillir son nouveau propri\u00e9taire, alliant \u00e9l\u00e9gance intemporelle, puissance et innovations. Ne laissez pas passer cette opportunit\u00e9 de poss\u00e9der un yacht d\u2019exception, v\u00e9ritable symbole d\u2019opulence sur les mers, con\u00e7u par l\u2019estim\u00e9 Frank Mulder.<\/p>\n<p class=\"\" data-start=\"1613\" data-end=\"1792\"><strong data-start=\"1616\" data-end=\"1677\">Contacts :<\/strong><br data-start=\"1679\" data-end=\"1682\">Jo\u00ebl Amor : +33 6 18 49 49 76<br data-start=\"1714\" data-end=\"1717\">Louis Sargnac : +33 6 20 87 00 59<br data-start=\"1753\" data-end=\"1756\">Email : contact@vandutch.fr<\/p>\n","protected":false},"excerpt":{"rendered":"<p>VanDutch 55 de 2018 rare avec moteurs Caterpillar, entretenu par \u00e9quipage certifi\u00e9, audio premium JL, lumi\u00e8res Lumishore. Luxe, fiabilit\u00e9 et performance.<\/p>\n","protected":false},"featured_media":8609,"comment_status":"open","ping_status":"closed","template":"","meta":{"_acf_changed":false,"ngg_post_thumbnail":0,"ocean_post_layout":"","ocean_both_sidebars_style":"","ocean_both_sidebars_content_width":0,"ocean_both_sidebars_sidebars_width":0,"ocean_sidebar":"0","ocean_second_sidebar":"0","ocean_disable_margins":"enable","ocean_add_body_class":"","ocean_shortcode_before_top_bar":"","ocean_shortcode_after_top_bar":"","ocean_shortcode_before_header":"","ocean_shortcode_after_header":"","ocean_has_shortcode":"","ocean_shortcode_after_title":"","ocean_shortcode_before_footer_widgets":"","ocean_shortcode_after_footer_widgets":"","ocean_shortcode_before_footer_bottom":"","ocean_shortcode_after_footer_bottom":"","ocean_display_top_bar":"default","ocean_display_header":"default","ocean_header_style":"","ocean_center_header_left_menu":"0","ocean_custom_header_template":"0","ocean_custom_logo":0,"ocean_custom_retina_logo":0,"ocean_custom_logo_max_width":0,"ocean_custom_logo_tablet_max_width":0,"ocean_custom_logo_mobile_max_width":0,"ocean_custom_logo_max_height":0,"ocean_custom_logo_tablet_max_height":0,"ocean_custom_logo_mobile_max_height":0,"ocean_header_custom_menu":"0","ocean_menu_typo_font_family":"0","ocean_menu_typo_font_subset":"","ocean_menu_typo_font_size":0,"ocean_menu_typo_font_size_tablet":0,"ocean_menu_typo_font_size_mobile":0,"ocean_menu_typo_font_size_unit":"px","ocean_menu_typo_font_weight":"","ocean_menu_typo_font_weight_tablet":"","ocean_menu_typo_font_weight_mobile":"","ocean_menu_typo_transform":"","ocean_menu_typo_transform_tablet":"","ocean_menu_typo_transform_mobile":"","ocean_menu_typo_line_height":0,"ocean_menu_typo_line_height_tablet":0,"ocean_menu_typo_line_height_mobile":0,"ocean_menu_typo_line_height_unit":"","ocean_menu_typo_spacing":0,"ocean_menu_typo_spacing_tablet":0,"ocean_menu_typo_spacing_mobile":0,"ocean_menu_typo_spacing_unit":"","ocean_menu_link_color":"","ocean_menu_link_color_hover":"","ocean_menu_link_color_active":"","ocean_menu_link_background":"","ocean_menu_link_hover_background":"","ocean_menu_link_active_background":"","ocean_menu_social_links_bg":"","ocean_menu_social_hover_links_bg":"","ocean_menu_social_links_color":"","ocean_menu_social_hover_links_color":"","ocean_disable_title":"default","ocean_disable_heading":"default","ocean_post_title":"","ocean_post_subheading":"","ocean_post_title_style":"","ocean_post_title_background_color":"","ocean_post_title_background":0,"ocean_post_title_bg_image_position":"","ocean_post_title_bg_image_attachment":"","ocean_post_title_bg_image_repeat":"","ocean_post_title_bg_image_size":"","ocean_post_title_height":0,"ocean_post_title_bg_overlay":0.5,"ocean_post_title_bg_overlay_color":"","ocean_disable_breadcrumbs":"default","ocean_breadcrumbs_color":"","ocean_breadcrumbs_separator_color":"","ocean_breadcrumbs_links_color":"","ocean_breadcrumbs_links_hover_color":"","ocean_display_footer_widgets":"default","ocean_display_footer_bottom":"default","ocean_custom_footer_template":"0","_joinchat":[]},"product_cat":[13],"product_tag":[],"mwb_booking_cost":[],"mwb_booking_service":[],"acf":[],"yoast_head":"<!-- This site is optimized with the Yoast SEO plugin v24.5 - https:\/\/yoast.com\/wordpress\/plugins\/seo\/ -->\n<title>VANDUTCH 55 - 2018 - VanDutch<\/title>\n<meta name=\"robots\" content=\"index, follow, max-snippet:-1, max-image-preview:large, max-video-preview:-1\" \/>\n<link rel=\"canonical\" href=\"https:\/\/vandutch.fr\/en\/produit\/vandutch-55-2018\/\" \/>\n<meta property=\"og:locale\" content=\"en_US\" \/>\n<meta property=\"og:type\" content=\"article\" \/>\n<meta property=\"og:title\" content=\"VANDUTCH 55 - 2018 - VanDutch\" \/>\n<meta property=\"og:description\" content=\"VanDutch 55 de 2018 rare avec moteurs Caterpillar, entretenu par \u00e9quipage certifi\u00e9, audio premium JL, lumi\u00e8res Lumishore. Luxe, fiabilit\u00e9 et performance.\" \/>\n<meta property=\"og:url\" content=\"https:\/\/vandutch.fr\/en\/produit\/vandutch-55-2018\/\" \/>\n<meta property=\"og:site_name\" content=\"VanDutch\" \/>\n<meta property=\"article:modified_time\" content=\"2025-05-07T09:37:13+00:00\" \/>\n<meta property=\"og:image\" content=\"https:\/\/vandutch.fr\/wp-content\/uploads\/2025\/05\/1-1.webp\" \/>\n\t<meta property=\"og:image:width\" content=\"913\" \/>\n\t<meta property=\"og:image:height\" content=\"685\" \/>\n\t<meta property=\"og:image:type\" content=\"image\/webp\" \/>\n<meta name=\"twitter:card\" content=\"summary_large_image\" \/>\n<meta name=\"twitter:label1\" content=\"Price\" \/>\n\t<meta name=\"twitter:data1\" content=\"1125000&nbsp;&euro;\" \/>\n\t<meta name=\"twitter:label2\" content=\"Availability\" \/>\n\t<meta name=\"twitter:data2\" content=\"In stock\" \/>\n<script type=\"application\/ld+json\" class=\"yoast-schema-graph\">{\"@context\":\"https:\/\/schema.org\",\"@graph\":[{\"@type\":[\"WebPage\",\"ItemPage\"],\"@id\":\"https:\/\/vandutch.fr\/en\/produit\/vandutch-55-2018\/\",\"url\":\"https:\/\/vandutch.fr\/en\/produit\/vandutch-55-2018\/\",\"name\":\"VANDUTCH 55 - 2018 - VanDutch\",\"isPartOf\":{\"@id\":\"https:\/\/vandutch.fr\/en\/#website\"},\"primaryImageOfPage\":{\"@id\":\"https:\/\/vandutch.fr\/en\/produit\/vandutch-55-2018\/#primaryimage\"},\"image\":{\"@id\":\"https:\/\/vandutch.fr\/en\/produit\/vandutch-55-2018\/#primaryimage\"},\"thumbnailUrl\":\"https:\/\/vandutch.fr\/wp-content\/uploads\/2025\/05\/1-1.webp\",\"datePublished\":\"2025-05-07T09:37:12+00:00\",\"dateModified\":\"2025-05-07T09:37:13+00:00\",\"breadcrumb\":{\"@id\":\"https:\/\/vandutch.fr\/en\/produit\/vandutch-55-2018\/#breadcrumb\"},\"inLanguage\":\"en-US\",\"potentialAction\":[{\"@type\":\"ReadAction\",\"target\":[\"https:\/\/vandutch.fr\/en\/produit\/vandutch-55-2018\/\"]}]},{\"@type\":\"ImageObject\",\"inLanguage\":\"en-US\",\"@id\":\"https:\/\/vandutch.fr\/en\/produit\/vandutch-55-2018\/#primaryimage\",\"url\":\"https:\/\/vandutch.fr\/wp-content\/uploads\/2025\/05\/1-1.webp\",\"contentUrl\":\"https:\/\/vandutch.fr\/wp-content\/uploads\/2025\/05\/1-1.webp\",\"width\":913,\"height\":685},{\"@type\":\"BreadcrumbList\",\"@id\":\"https:\/\/vandutch.fr\/en\/produit\/vandutch-55-2018\/#breadcrumb\",\"itemListElement\":[{\"@type\":\"ListItem\",\"position\":1,\"name\":\"Home\",\"item\":\"https:\/\/vandutch.fr\/en\/\"},{\"@type\":\"ListItem\",\"position\":2,\"name\":\"Shop\",\"item\":\"https:\/\/vandutch.fr\/en\/shop\/\"},{\"@type\":\"ListItem\",\"position\":3,\"name\":\"VANDUTCH 55 &#8211; 2018\"}]},{\"@type\":\"WebSite\",\"@id\":\"https:\/\/vandutch.fr\/en\/#website\",\"url\":\"https:\/\/vandutch.fr\/en\/\",\"name\":\"VanDutch\",\"description\":\"The avant-garde in Dutch yacht building\",\"potentialAction\":[{\"@type\":\"SearchAction\",\"target\":{\"@type\":\"EntryPoint\",\"urlTemplate\":\"https:\/\/vandutch.fr\/en\/?s={search_term_string}\"},\"query-input\":{\"@type\":\"PropertyValueSpecification\",\"valueRequired\":true,\"valueName\":\"search_term_string\"}}],\"inLanguage\":\"en-US\"}]}<\/script>\n<meta property=\"product:price:amount\" content=\"1125000\" \/>\n<meta property=\"product:price:currency\" content=\"EUR\" \/>\n<meta property=\"og:availability\" content=\"instock\" \/>\n<meta property=\"product:availability\" content=\"instock\" \/>\n<meta property=\"product:condition\" content=\"new\" \/>\n<!-- \/ Yoast SEO plugin. -->","yoast_head_json":{"title":"VANDUTCH 55 - 2018 - VanDutch","robots":{"index":"index","follow":"follow","max-snippet":"max-snippet:-1","max-image-preview":"max-image-preview:large","max-video-preview":"max-video-preview:-1"},"canonical":"https:\/\/vandutch.fr\/en\/produit\/vandutch-55-2018\/","og_locale":"en_US","og_type":"article","og_title":"VANDUTCH 55 - 2018 - VanDutch","og_description":"VanDutch 55 de 2018 rare avec moteurs Caterpillar, entretenu par \u00e9quipage certifi\u00e9, audio premium JL, lumi\u00e8res Lumishore. Luxe, fiabilit\u00e9 et performance.","og_url":"https:\/\/vandutch.fr\/en\/produit\/vandutch-55-2018\/","og_site_name":"VanDutch","article_modified_time":"2025-05-07T09:37:13+00:00","og_image":[{"width":913,"height":685,"url":"https:\/\/vandutch.fr\/wp-content\/uploads\/2025\/05\/1-1.webp","type":"image\/webp"}],"twitter_card":"summary_large_image","twitter_misc":{"Price":"1125000&nbsp;&euro;","Availability":"In stock"},"schema":{"@context":"https:\/\/schema.org","@graph":[{"@type":["WebPage","ItemPage"],"@id":"https:\/\/vandutch.fr\/en\/produit\/vandutch-55-2018\/","url":"https:\/\/vandutch.fr\/en\/produit\/vandutch-55-2018\/","name":"VANDUTCH 55 - 2018 - VanDutch","isPartOf":{"@id":"https:\/\/vandutch.fr\/en\/#website"},"primaryImageOfPage":{"@id":"https:\/\/vandutch.fr\/en\/produit\/vandutch-55-2018\/#primaryimage"},"image":{"@id":"https:\/\/vandutch.fr\/en\/produit\/vandutch-55-2018\/#primaryimage"},"thumbnailUrl":"https:\/\/vandutch.fr\/wp-content\/uploads\/2025\/05\/1-1.webp","datePublished":"2025-05-07T09:37:12+00:00","dateModified":"2025-05-07T09:37:13+00:00","breadcrumb":{"@id":"https:\/\/vandutch.fr\/en\/produit\/vandutch-55-2018\/#breadcrumb"},"inLanguage":"en-US","potentialAction":[{"@type":"ReadAction","target":["https:\/\/vandutch.fr\/en\/produit\/vandutch-55-2018\/"]}]},{"@type":"ImageObject","inLanguage":"en-US","@id":"https:\/\/vandutch.fr\/en\/produit\/vandutch-55-2018\/#primaryimage","url":"https:\/\/vandutch.fr\/wp-content\/uploads\/2025\/05\/1-1.webp","contentUrl":"https:\/\/vandutch.fr\/wp-content\/uploads\/2025\/05\/1-1.webp","width":913,"height":685},{"@type":"BreadcrumbList","@id":"https:\/\/vandutch.fr\/en\/produit\/vandutch-55-2018\/#breadcrumb","itemListElement":[{"@type":"ListItem","position":1,"name":"Home","item":"https:\/\/vandutch.fr\/en\/"},{"@type":"ListItem","position":2,"name":"Shop","item":"https:\/\/vandutch.fr\/en\/shop\/"},{"@type":"ListItem","position":3,"name":"VANDUTCH 55 &#8211; 2018"}]},{"@type":"WebSite","@id":"https:\/\/vandutch.fr\/en\/#website","url":"https:\/\/vandutch.fr\/en\/","name":"VanDutch","description":"The avant-garde in Dutch yacht building","potentialAction":[{"@type":"SearchAction","target":{"@type":"EntryPoint","urlTemplate":"https:\/\/vandutch.fr\/en\/?s={search_term_string}"},"query-input":{"@type":"PropertyValueSpecification","valueRequired":true,"valueName":"search_term_string"}}],"inLanguage":"en-US"}]},"product_price_amount":"1125000","product_price_currency":"EUR","og_availability":"instock","product_availability":"instock","product_condition":"new"},"_links":{"self":[{"href":"https:\/\/vandutch.fr\/en\/wp-json\/wp\/v2\/product\/8608"}],"collection":[{"href":"https:\/\/vandutch.fr\/en\/wp-json\/wp\/v2\/product"}],"about":[{"href":"https:\/\/vandutch.fr\/en\/wp-json\/wp\/v2\/types\/product"}],"replies":[{"embeddable":true,"href":"https:\/\/vandutch.fr\/en\/wp-json\/wp\/v2\/comments?post=8608"}],"wp:featuredmedia":[{"embeddable":true,"href":"https:\/\/vandutch.fr\/en\/wp-json\/wp\/v2\/media\/8609"}],"wp:attachment":[{"href":"https:\/\/vandutch.fr\/en\/wp-json\/wp\/v2\/media?parent=8608"}],"wp:term":[{"taxonomy":"product_cat","embeddable":true,"href":"https:\/\/vandutch.fr\/en\/wp-json\/wp\/v2\/product_cat?post=8608"},{"taxonomy":"product_tag","embeddable":true,"href":"https:\/\/vandutch.fr\/en\/wp-json\/wp\/v2\/product_tag?post=8608"},{"taxonomy":"mwb_booking_cost","embeddable":true,"href":"https:\/\/vandutch.fr\/en\/wp-json\/wp\/v2\/mwb_booking_cost?post=8608"},{"taxonomy":"mwb_booking_service","embeddable":true,"href":"https:\/\/vandutch.fr\/en\/wp-json\/wp\/v2\/mwb_booking_service?post=8608"}],"curies":[{"name":"wp","href":"https:\/\/api.w.org\/{rel}","templated":true}]}}