{"id":8585,"date":"2025-05-02T14:58:49","date_gmt":"2025-05-02T12:58:49","guid":{"rendered":"https:\/\/vandutch.fr\/?post_type=product&#038;p=8585"},"modified":"2025-05-02T14:58:49","modified_gmt":"2025-05-02T12:58:49","slug":"vandutch-55-2017-2","status":"publish","type":"product","link":"https:\/\/vandutch.fr\/en\/produit\/vandutch-55-2017-2\/","title":{"rendered":"VANDUTCH 55 &#8211; 2017"},"content":{"rendered":"<p class=\"\" data-start=\"168\" data-end=\"456\">Con\u00e7u par l\u2019architecte naval Frank Mulder, le VanDutch 55 offre un m\u00e9lange exceptionnel de vitesse et de luxe. Ce yacht raffin\u00e9 dispose d\u2019un pont principal en teck synth\u00e9tique, d\u2019un \u00e9l\u00e9gant salon en cuir blanc et de feux de navigation r\u00e9tractables qui am\u00e9liorent s\u00e9curit\u00e9 et esth\u00e9tique.<\/p>\n<p class=\"\" data-start=\"458\" data-end=\"811\">Les dossiers modulables servent \u00e9galement de si\u00e8ges pour les banquettes orient\u00e9es vers l\u2019avant, garantissant un agencement polyvalent et confortable pour le pilote et les invit\u00e9s. \u00c0 l\u2019arri\u00e8re, un vaste bain de soleil invite \u00e0 la d\u00e9tente et au bronzage, tandis qu\u2019un simple bouton permet d\u2019acc\u00e9der aux moteurs, au g\u00e9n\u00e9rateur et aux syst\u00e8mes techniques.<\/p>\n<p class=\"\" data-start=\"813\" data-end=\"982\">\u00c0 l\u2019avant, l\u2019immense proue offre un refuge serein pour ceux en qu\u00eate de tranquillit\u00e9, et le pare-brise en forme de U assure une ambiance calme et agr\u00e9able \u00e0 l\u2019arri\u00e8re.<\/p>\n<p class=\"\" data-start=\"984\" data-end=\"1000\">Points forts :<\/p>\n<ul data-start=\"1001\" data-end=\"1255\">\n<li class=\"\" data-start=\"1001\" data-end=\"1044\">\n<p class=\"\" data-start=\"1003\" data-end=\"1044\">Nouveaux composants de direction (2024)<\/p>\n<\/li>\n<li class=\"\" data-start=\"1045\" data-end=\"1084\">\n<p class=\"\" data-start=\"1047\" data-end=\"1084\">Nouveaux coussins ext\u00e9rieurs (2023)<\/p>\n<\/li>\n<li class=\"\" data-start=\"1085\" data-end=\"1119\">\n<p class=\"\" data-start=\"1087\" data-end=\"1119\">Nouveau g\u00e9n\u00e9rateur Onan (2024)<\/p>\n<\/li>\n<li class=\"\" data-start=\"1120\" data-end=\"1166\">\n<p class=\"\" data-start=\"1122\" data-end=\"1166\">Reconstruction moteur Volvo tribord (2022)<\/p>\n<\/li>\n<li class=\"\" data-start=\"1167\" data-end=\"1255\">\n<p class=\"\" data-start=\"1169\" data-end=\"1255\">Nouvelle coque vinyle bleu marine (2023) sur peinture grise\/argent en excellent \u00e9tat<\/p>\n<\/li>\n<\/ul>\n<p class=\"\" data-start=\"1257\" data-end=\"1461\">Ce VanDutch 55 est sans doute l\u2019un des exemplaires les plus purs et les mieux \u00e9quip\u00e9s actuellement disponibles sur le march\u00e9. Un yacht parfait pour les aventures inoubliables et les moments d\u2019exception.<\/p>\n<p class=\"\" data-start=\"1463\" data-end=\"1581\"><strong data-start=\"1466\" data-end=\"1478\">Contacts :<\/strong><br data-start=\"1478\" data-end=\"1481\">Jo\u00ebl Amor : +33 6 18 49 49 76<br data-start=\"1510\" data-end=\"1513\">Louis Sargnac : +33 6 20 87 00 59<br data-start=\"1546\" data-end=\"1549\">Email : contact@vandutch.fr<\/p>\n","protected":false},"excerpt":{"rendered":"<p>VanDutch 55 2017 luxe vitesse design Frank Mulder cockpit en teck bain de soleil immense nouveaux \u00e9quipements yacht exceptionnel pour croisi\u00e8res et souvenirs inoubliables.<\/p>\n","protected":false},"featured_media":8586,"comment_status":"open","ping_status":"closed","template":"","meta":{"_acf_changed":false,"ngg_post_thumbnail":0,"ocean_post_layout":"","ocean_both_sidebars_style":"","ocean_both_sidebars_content_width":0,"ocean_both_sidebars_sidebars_width":0,"ocean_sidebar":"0","ocean_second_sidebar":"0","ocean_disable_margins":"enable","ocean_add_body_class":"","ocean_shortcode_before_top_bar":"","ocean_shortcode_after_top_bar":"","ocean_shortcode_before_header":"","ocean_shortcode_after_header":"","ocean_has_shortcode":"","ocean_shortcode_after_title":"","ocean_shortcode_before_footer_widgets":"","ocean_shortcode_after_footer_widgets":"","ocean_shortcode_before_footer_bottom":"","ocean_shortcode_after_footer_bottom":"","ocean_display_top_bar":"default","ocean_display_header":"default","ocean_header_style":"","ocean_center_header_left_menu":"0","ocean_custom_header_template":"0","ocean_custom_logo":0,"ocean_custom_retina_logo":0,"ocean_custom_logo_max_width":0,"ocean_custom_logo_tablet_max_width":0,"ocean_custom_logo_mobile_max_width":0,"ocean_custom_logo_max_height":0,"ocean_custom_logo_tablet_max_height":0,"ocean_custom_logo_mobile_max_height":0,"ocean_header_custom_menu":"0","ocean_menu_typo_font_family":"0","ocean_menu_typo_font_subset":"","ocean_menu_typo_font_size":0,"ocean_menu_typo_font_size_tablet":0,"ocean_menu_typo_font_size_mobile":0,"ocean_menu_typo_font_size_unit":"px","ocean_menu_typo_font_weight":"","ocean_menu_typo_font_weight_tablet":"","ocean_menu_typo_font_weight_mobile":"","ocean_menu_typo_transform":"","ocean_menu_typo_transform_tablet":"","ocean_menu_typo_transform_mobile":"","ocean_menu_typo_line_height":0,"ocean_menu_typo_line_height_tablet":0,"ocean_menu_typo_line_height_mobile":0,"ocean_menu_typo_line_height_unit":"","ocean_menu_typo_spacing":0,"ocean_menu_typo_spacing_tablet":0,"ocean_menu_typo_spacing_mobile":0,"ocean_menu_typo_spacing_unit":"","ocean_menu_link_color":"","ocean_menu_link_color_hover":"","ocean_menu_link_color_active":"","ocean_menu_link_background":"","ocean_menu_link_hover_background":"","ocean_menu_link_active_background":"","ocean_menu_social_links_bg":"","ocean_menu_social_hover_links_bg":"","ocean_menu_social_links_color":"","ocean_menu_social_hover_links_color":"","ocean_disable_title":"default","ocean_disable_heading":"default","ocean_post_title":"","ocean_post_subheading":"","ocean_post_title_style":"","ocean_post_title_background_color":"","ocean_post_title_background":0,"ocean_post_title_bg_image_position":"","ocean_post_title_bg_image_attachment":"","ocean_post_title_bg_image_repeat":"","ocean_post_title_bg_image_size":"","ocean_post_title_height":0,"ocean_post_title_bg_overlay":0.5,"ocean_post_title_bg_overlay_color":"","ocean_disable_breadcrumbs":"default","ocean_breadcrumbs_color":"","ocean_breadcrumbs_separator_color":"","ocean_breadcrumbs_links_color":"","ocean_breadcrumbs_links_hover_color":"","ocean_display_footer_widgets":"default","ocean_display_footer_bottom":"default","ocean_custom_footer_template":"0","_joinchat":[]},"product_cat":[13],"product_tag":[],"mwb_booking_cost":[],"mwb_booking_service":[],"acf":[],"yoast_head":"<!-- This site is optimized with the Yoast SEO plugin v24.5 - https:\/\/yoast.com\/wordpress\/plugins\/seo\/ -->\n<title>VANDUTCH 55 - 2017 - VanDutch<\/title>\n<meta name=\"robots\" content=\"index, follow, max-snippet:-1, max-image-preview:large, max-video-preview:-1\" \/>\n<link rel=\"canonical\" href=\"https:\/\/vandutch.fr\/en\/produit\/vandutch-55-2017-2\/\" \/>\n<meta property=\"og:locale\" content=\"en_US\" \/>\n<meta property=\"og:type\" content=\"article\" \/>\n<meta property=\"og:title\" content=\"VANDUTCH 55 - 2017 - VanDutch\" \/>\n<meta property=\"og:description\" content=\"VanDutch 55 2017 luxe vitesse design Frank Mulder cockpit en teck bain de soleil immense nouveaux \u00e9quipements yacht exceptionnel pour croisi\u00e8res et souvenirs inoubliables.\" \/>\n<meta property=\"og:url\" content=\"https:\/\/vandutch.fr\/en\/produit\/vandutch-55-2017-2\/\" \/>\n<meta property=\"og:site_name\" content=\"VanDutch\" \/>\n<meta property=\"og:image\" content=\"https:\/\/vandutch.fr\/wp-content\/uploads\/2025\/05\/2-1.webp\" \/>\n\t<meta property=\"og:image:width\" content=\"1028\" \/>\n\t<meta property=\"og:image:height\" content=\"685\" \/>\n\t<meta property=\"og:image:type\" content=\"image\/webp\" \/>\n<meta name=\"twitter:card\" content=\"summary_large_image\" \/>\n<meta name=\"twitter:label1\" content=\"Price\" \/>\n\t<meta name=\"twitter:data1\" content=\"726800&nbsp;&euro;\" \/>\n\t<meta name=\"twitter:label2\" content=\"Availability\" \/>\n\t<meta name=\"twitter:data2\" content=\"In stock\" \/>\n<script type=\"application\/ld+json\" class=\"yoast-schema-graph\">{\"@context\":\"https:\/\/schema.org\",\"@graph\":[{\"@type\":[\"WebPage\",\"ItemPage\"],\"@id\":\"https:\/\/vandutch.fr\/en\/produit\/vandutch-55-2017-2\/\",\"url\":\"https:\/\/vandutch.fr\/en\/produit\/vandutch-55-2017-2\/\",\"name\":\"VANDUTCH 55 - 2017 - VanDutch\",\"isPartOf\":{\"@id\":\"https:\/\/vandutch.fr\/en\/#website\"},\"primaryImageOfPage\":{\"@id\":\"https:\/\/vandutch.fr\/en\/produit\/vandutch-55-2017-2\/#primaryimage\"},\"image\":{\"@id\":\"https:\/\/vandutch.fr\/en\/produit\/vandutch-55-2017-2\/#primaryimage\"},\"thumbnailUrl\":\"https:\/\/vandutch.fr\/wp-content\/uploads\/2025\/05\/2-1.webp\",\"datePublished\":\"2025-05-02T12:58:49+00:00\",\"breadcrumb\":{\"@id\":\"https:\/\/vandutch.fr\/en\/produit\/vandutch-55-2017-2\/#breadcrumb\"},\"inLanguage\":\"en-US\",\"potentialAction\":[{\"@type\":\"ReadAction\",\"target\":[\"https:\/\/vandutch.fr\/en\/produit\/vandutch-55-2017-2\/\"]}]},{\"@type\":\"ImageObject\",\"inLanguage\":\"en-US\",\"@id\":\"https:\/\/vandutch.fr\/en\/produit\/vandutch-55-2017-2\/#primaryimage\",\"url\":\"https:\/\/vandutch.fr\/wp-content\/uploads\/2025\/05\/2-1.webp\",\"contentUrl\":\"https:\/\/vandutch.fr\/wp-content\/uploads\/2025\/05\/2-1.webp\",\"width\":1028,\"height\":685},{\"@type\":\"BreadcrumbList\",\"@id\":\"https:\/\/vandutch.fr\/en\/produit\/vandutch-55-2017-2\/#breadcrumb\",\"itemListElement\":[{\"@type\":\"ListItem\",\"position\":1,\"name\":\"Home\",\"item\":\"https:\/\/vandutch.fr\/en\/\"},{\"@type\":\"ListItem\",\"position\":2,\"name\":\"Shop\",\"item\":\"https:\/\/vandutch.fr\/en\/shop\/\"},{\"@type\":\"ListItem\",\"position\":3,\"name\":\"VANDUTCH 55 &#8211; 2017\"}]},{\"@type\":\"WebSite\",\"@id\":\"https:\/\/vandutch.fr\/en\/#website\",\"url\":\"https:\/\/vandutch.fr\/en\/\",\"name\":\"VanDutch\",\"description\":\"The avant-garde in Dutch yacht building\",\"potentialAction\":[{\"@type\":\"SearchAction\",\"target\":{\"@type\":\"EntryPoint\",\"urlTemplate\":\"https:\/\/vandutch.fr\/en\/?s={search_term_string}\"},\"query-input\":{\"@type\":\"PropertyValueSpecification\",\"valueRequired\":true,\"valueName\":\"search_term_string\"}}],\"inLanguage\":\"en-US\"}]}<\/script>\n<meta property=\"product:price:amount\" content=\"726800\" \/>\n<meta property=\"product:price:currency\" content=\"EUR\" \/>\n<meta property=\"og:availability\" content=\"instock\" \/>\n<meta property=\"product:availability\" content=\"instock\" \/>\n<meta property=\"product:condition\" content=\"new\" \/>\n<!-- \/ Yoast SEO plugin. -->","yoast_head_json":{"title":"VANDUTCH 55 - 2017 - VanDutch","robots":{"index":"index","follow":"follow","max-snippet":"max-snippet:-1","max-image-preview":"max-image-preview:large","max-video-preview":"max-video-preview:-1"},"canonical":"https:\/\/vandutch.fr\/en\/produit\/vandutch-55-2017-2\/","og_locale":"en_US","og_type":"article","og_title":"VANDUTCH 55 - 2017 - VanDutch","og_description":"VanDutch 55 2017 luxe vitesse design Frank Mulder cockpit en teck bain de soleil immense nouveaux \u00e9quipements yacht exceptionnel pour croisi\u00e8res et souvenirs inoubliables.","og_url":"https:\/\/vandutch.fr\/en\/produit\/vandutch-55-2017-2\/","og_site_name":"VanDutch","og_image":[{"width":1028,"height":685,"url":"https:\/\/vandutch.fr\/wp-content\/uploads\/2025\/05\/2-1.webp","type":"image\/webp"}],"twitter_card":"summary_large_image","twitter_misc":{"Price":"726800&nbsp;&euro;","Availability":"In stock"},"schema":{"@context":"https:\/\/schema.org","@graph":[{"@type":["WebPage","ItemPage"],"@id":"https:\/\/vandutch.fr\/en\/produit\/vandutch-55-2017-2\/","url":"https:\/\/vandutch.fr\/en\/produit\/vandutch-55-2017-2\/","name":"VANDUTCH 55 - 2017 - VanDutch","isPartOf":{"@id":"https:\/\/vandutch.fr\/en\/#website"},"primaryImageOfPage":{"@id":"https:\/\/vandutch.fr\/en\/produit\/vandutch-55-2017-2\/#primaryimage"},"image":{"@id":"https:\/\/vandutch.fr\/en\/produit\/vandutch-55-2017-2\/#primaryimage"},"thumbnailUrl":"https:\/\/vandutch.fr\/wp-content\/uploads\/2025\/05\/2-1.webp","datePublished":"2025-05-02T12:58:49+00:00","breadcrumb":{"@id":"https:\/\/vandutch.fr\/en\/produit\/vandutch-55-2017-2\/#breadcrumb"},"inLanguage":"en-US","potentialAction":[{"@type":"ReadAction","target":["https:\/\/vandutch.fr\/en\/produit\/vandutch-55-2017-2\/"]}]},{"@type":"ImageObject","inLanguage":"en-US","@id":"https:\/\/vandutch.fr\/en\/produit\/vandutch-55-2017-2\/#primaryimage","url":"https:\/\/vandutch.fr\/wp-content\/uploads\/2025\/05\/2-1.webp","contentUrl":"https:\/\/vandutch.fr\/wp-content\/uploads\/2025\/05\/2-1.webp","width":1028,"height":685},{"@type":"BreadcrumbList","@id":"https:\/\/vandutch.fr\/en\/produit\/vandutch-55-2017-2\/#breadcrumb","itemListElement":[{"@type":"ListItem","position":1,"name":"Home","item":"https:\/\/vandutch.fr\/en\/"},{"@type":"ListItem","position":2,"name":"Shop","item":"https:\/\/vandutch.fr\/en\/shop\/"},{"@type":"ListItem","position":3,"name":"VANDUTCH 55 &#8211; 2017"}]},{"@type":"WebSite","@id":"https:\/\/vandutch.fr\/en\/#website","url":"https:\/\/vandutch.fr\/en\/","name":"VanDutch","description":"The avant-garde in Dutch yacht building","potentialAction":[{"@type":"SearchAction","target":{"@type":"EntryPoint","urlTemplate":"https:\/\/vandutch.fr\/en\/?s={search_term_string}"},"query-input":{"@type":"PropertyValueSpecification","valueRequired":true,"valueName":"search_term_string"}}],"inLanguage":"en-US"}]},"product_price_amount":"726800","product_price_currency":"EUR","og_availability":"instock","product_availability":"instock","product_condition":"new"},"_links":{"self":[{"href":"https:\/\/vandutch.fr\/en\/wp-json\/wp\/v2\/product\/8585"}],"collection":[{"href":"https:\/\/vandutch.fr\/en\/wp-json\/wp\/v2\/product"}],"about":[{"href":"https:\/\/vandutch.fr\/en\/wp-json\/wp\/v2\/types\/product"}],"replies":[{"embeddable":true,"href":"https:\/\/vandutch.fr\/en\/wp-json\/wp\/v2\/comments?post=8585"}],"wp:featuredmedia":[{"embeddable":true,"href":"https:\/\/vandutch.fr\/en\/wp-json\/wp\/v2\/media\/8586"}],"wp:attachment":[{"href":"https:\/\/vandutch.fr\/en\/wp-json\/wp\/v2\/media?parent=8585"}],"wp:term":[{"taxonomy":"product_cat","embeddable":true,"href":"https:\/\/vandutch.fr\/en\/wp-json\/wp\/v2\/product_cat?post=8585"},{"taxonomy":"product_tag","embeddable":true,"href":"https:\/\/vandutch.fr\/en\/wp-json\/wp\/v2\/product_tag?post=8585"},{"taxonomy":"mwb_booking_cost","embeddable":true,"href":"https:\/\/vandutch.fr\/en\/wp-json\/wp\/v2\/mwb_booking_cost?post=8585"},{"taxonomy":"mwb_booking_service","embeddable":true,"href":"https:\/\/vandutch.fr\/en\/wp-json\/wp\/v2\/mwb_booking_service?post=8585"}],"curies":[{"name":"wp","href":"https:\/\/api.w.org\/{rel}","templated":true}]}}