{"id":8146,"date":"2025-04-29T11:25:14","date_gmt":"2025-04-29T09:25:14","guid":{"rendered":"https:\/\/vandutch.fr\/?post_type=product&#038;p=8146"},"modified":"2025-04-29T11:25:54","modified_gmt":"2025-04-29T09:25:54","slug":"vandutch-40-2010-3","status":"publish","type":"product","link":"https:\/\/vandutch.fr\/en\/produit\/vandutch-40-2010-3\/","title":{"rendered":"VANDUTCH 40 &#8211; 2010"},"content":{"rendered":"<p class=\"\" data-start=\"149\" data-end=\"561\">Le VanDutch 40 incarne l\u2019\u00e9quilibre parfait entre design, puissance et confort. Ce mod\u00e8le embl\u00e9matique se distingue par ses lignes \u00e9pur\u00e9es et audacieuses, sa silhouette reconnaissable entre toutes et une qualit\u00e9 de finition remarquable. Con\u00e7u pour r\u00e9pondre \u00e0 toutes les attentes d\u2019une navigation haut de gamme, il offre un espace g\u00e9n\u00e9reux \u00e0 bord, id\u00e9al pour recevoir, se d\u00e9tendre et profiter de la mer avec style.<\/p>\n<p class=\"\" data-start=\"563\" data-end=\"1060\">Propuls\u00e9 par une motorisation puissante, il peut atteindre jusqu\u2019\u00e0 40 n\u0153uds, tout en assurant une navigation fluide et ma\u00eetris\u00e9e gr\u00e2ce \u00e0 sa car\u00e8ne en V sign\u00e9e Frank Mulder. Ce design \u00e9prouv\u00e9 optimise la stabilit\u00e9 et la tenue en mer, m\u00eame \u00e0 haute vitesse, tout en garantissant une excellente efficacit\u00e9 \u00e9nerg\u00e9tique. \u00c0 bord, tout est pens\u00e9 pour le confort et le raffinement : bain de soleil spacieux, sellerie haut de gamme, cockpit ergonomique, \u00e9quipements modernes et toit Bimini semi-automatique.<\/p>\n<p class=\"\" data-start=\"1062\" data-end=\"1453\">L\u2019int\u00e9rieur, \u00e0 l\u2019image de l\u2019ext\u00e9rieur, respire l\u2019\u00e9l\u00e9gance minimaliste. La cabine offre un espace climatis\u00e9 avec salon convertible, salle de bain et finitions luxueuses, parfait pour s\u2019abriter ou passer une nuit au mouillage. Ce niveau de sophistication, alli\u00e9 \u00e0 sa maniabilit\u00e9, fait du VanDutch 40 un choix de pr\u00e9dilection aussi bien pour des escapades en mer que comme tender de superyacht.<\/p>\n<p class=\"\" data-start=\"1455\" data-end=\"1659\">Son \u00e9l\u00e9gance intemporelle, son ADN n\u00e9erlandais et son excellence technique en font une r\u00e9f\u00e9rence dans sa cat\u00e9gorie. Le VanDutch 40 est plus qu\u2019un bateau : c\u2019est une d\u00e9claration de style et de performance.<\/p>\n<p class=\"\" data-start=\"1666\" data-end=\"1790\"><strong data-start=\"1666\" data-end=\"1680\">Contacts :<\/strong><br data-start=\"1680\" data-end=\"1683\"><strong data-start=\"1683\" data-end=\"1696\">Amor Jo\u00ebl<\/strong> : +33 6 18 49 49 76<br data-start=\"1716\" data-end=\"1719\"><strong data-start=\"1719\" data-end=\"1736\">Sargnac Louis<\/strong> : +33 6 20 87 00 59<br data-start=\"1756\" data-end=\"1759\"><strong data-start=\"1759\" data-end=\"1768\">Email<\/strong> : contact@vandutch.fr<\/p>\n","protected":false},"excerpt":{"rendered":"<p>VanDutch 40 : design iconique, 40 n\u0153uds de vitesse, finitions luxueuses. L\u2019\u00e9l\u00e9gance en mer, entre performance et confort absolu. Une r\u00e9f\u00e9rence du yachting moderne.<\/p>\n","protected":false},"featured_media":8147,"comment_status":"open","ping_status":"closed","template":"","meta":{"_acf_changed":false,"ngg_post_thumbnail":0,"ocean_post_layout":"","ocean_both_sidebars_style":"","ocean_both_sidebars_content_width":0,"ocean_both_sidebars_sidebars_width":0,"ocean_sidebar":"0","ocean_second_sidebar":"0","ocean_disable_margins":"enable","ocean_add_body_class":"","ocean_shortcode_before_top_bar":"","ocean_shortcode_after_top_bar":"","ocean_shortcode_before_header":"","ocean_shortcode_after_header":"","ocean_has_shortcode":"","ocean_shortcode_after_title":"","ocean_shortcode_before_footer_widgets":"","ocean_shortcode_after_footer_widgets":"","ocean_shortcode_before_footer_bottom":"","ocean_shortcode_after_footer_bottom":"","ocean_display_top_bar":"default","ocean_display_header":"default","ocean_header_style":"","ocean_center_header_left_menu":"0","ocean_custom_header_template":"0","ocean_custom_logo":0,"ocean_custom_retina_logo":0,"ocean_custom_logo_max_width":0,"ocean_custom_logo_tablet_max_width":0,"ocean_custom_logo_mobile_max_width":0,"ocean_custom_logo_max_height":0,"ocean_custom_logo_tablet_max_height":0,"ocean_custom_logo_mobile_max_height":0,"ocean_header_custom_menu":"0","ocean_menu_typo_font_family":"0","ocean_menu_typo_font_subset":"","ocean_menu_typo_font_size":0,"ocean_menu_typo_font_size_tablet":0,"ocean_menu_typo_font_size_mobile":0,"ocean_menu_typo_font_size_unit":"px","ocean_menu_typo_font_weight":"","ocean_menu_typo_font_weight_tablet":"","ocean_menu_typo_font_weight_mobile":"","ocean_menu_typo_transform":"","ocean_menu_typo_transform_tablet":"","ocean_menu_typo_transform_mobile":"","ocean_menu_typo_line_height":0,"ocean_menu_typo_line_height_tablet":0,"ocean_menu_typo_line_height_mobile":0,"ocean_menu_typo_line_height_unit":"","ocean_menu_typo_spacing":0,"ocean_menu_typo_spacing_tablet":0,"ocean_menu_typo_spacing_mobile":0,"ocean_menu_typo_spacing_unit":"","ocean_menu_link_color":"","ocean_menu_link_color_hover":"","ocean_menu_link_color_active":"","ocean_menu_link_background":"","ocean_menu_link_hover_background":"","ocean_menu_link_active_background":"","ocean_menu_social_links_bg":"","ocean_menu_social_hover_links_bg":"","ocean_menu_social_links_color":"","ocean_menu_social_hover_links_color":"","ocean_disable_title":"default","ocean_disable_heading":"default","ocean_post_title":"","ocean_post_subheading":"","ocean_post_title_style":"","ocean_post_title_background_color":"","ocean_post_title_background":0,"ocean_post_title_bg_image_position":"","ocean_post_title_bg_image_attachment":"","ocean_post_title_bg_image_repeat":"","ocean_post_title_bg_image_size":"","ocean_post_title_height":0,"ocean_post_title_bg_overlay":0.5,"ocean_post_title_bg_overlay_color":"","ocean_disable_breadcrumbs":"default","ocean_breadcrumbs_color":"","ocean_breadcrumbs_separator_color":"","ocean_breadcrumbs_links_color":"","ocean_breadcrumbs_links_hover_color":"","ocean_display_footer_widgets":"default","ocean_display_footer_bottom":"default","ocean_custom_footer_template":"0","_joinchat":[]},"product_cat":[13],"product_tag":[],"mwb_booking_cost":[],"mwb_booking_service":[],"acf":[],"yoast_head":"<!-- This site is optimized with the Yoast SEO plugin v24.5 - https:\/\/yoast.com\/wordpress\/plugins\/seo\/ -->\n<title>VANDUTCH 40 - 2010 - VanDutch<\/title>\n<meta name=\"robots\" content=\"index, follow, max-snippet:-1, max-image-preview:large, max-video-preview:-1\" \/>\n<link rel=\"canonical\" href=\"https:\/\/vandutch.fr\/en\/produit\/vandutch-40-2010-3\/\" \/>\n<meta property=\"og:locale\" content=\"en_US\" \/>\n<meta property=\"og:type\" content=\"article\" \/>\n<meta property=\"og:title\" content=\"VANDUTCH 40 - 2010 - VanDutch\" \/>\n<meta property=\"og:description\" content=\"VanDutch 40 : design iconique, 40 n\u0153uds de vitesse, finitions luxueuses. L\u2019\u00e9l\u00e9gance en mer, entre performance et confort absolu. Une r\u00e9f\u00e9rence du yachting moderne.\" \/>\n<meta property=\"og:url\" content=\"https:\/\/vandutch.fr\/en\/produit\/vandutch-40-2010-3\/\" \/>\n<meta property=\"og:site_name\" content=\"VanDutch\" \/>\n<meta property=\"article:modified_time\" content=\"2025-04-29T09:25:54+00:00\" \/>\n<meta property=\"og:image\" content=\"https:\/\/vandutch.fr\/wp-content\/uploads\/2025\/04\/v1-1.webp\" \/>\n\t<meta property=\"og:image:width\" content=\"1024\" \/>\n\t<meta property=\"og:image:height\" content=\"683\" \/>\n\t<meta property=\"og:image:type\" content=\"image\/webp\" \/>\n<meta name=\"twitter:card\" content=\"summary_large_image\" \/>\n<meta name=\"twitter:label1\" content=\"Price\" \/>\n\t<meta name=\"twitter:data1\" content=\"275000&nbsp;&euro;\" \/>\n\t<meta name=\"twitter:label2\" content=\"Availability\" \/>\n\t<meta name=\"twitter:data2\" content=\"In stock\" \/>\n<script type=\"application\/ld+json\" class=\"yoast-schema-graph\">{\"@context\":\"https:\/\/schema.org\",\"@graph\":[{\"@type\":[\"WebPage\",\"ItemPage\"],\"@id\":\"https:\/\/vandutch.fr\/en\/produit\/vandutch-40-2010-3\/\",\"url\":\"https:\/\/vandutch.fr\/en\/produit\/vandutch-40-2010-3\/\",\"name\":\"VANDUTCH 40 - 2010 - VanDutch\",\"isPartOf\":{\"@id\":\"https:\/\/vandutch.fr\/en\/#website\"},\"primaryImageOfPage\":{\"@id\":\"https:\/\/vandutch.fr\/en\/produit\/vandutch-40-2010-3\/#primaryimage\"},\"image\":{\"@id\":\"https:\/\/vandutch.fr\/en\/produit\/vandutch-40-2010-3\/#primaryimage\"},\"thumbnailUrl\":\"https:\/\/vandutch.fr\/wp-content\/uploads\/2025\/04\/v1-1.webp\",\"datePublished\":\"2025-04-29T09:25:14+00:00\",\"dateModified\":\"2025-04-29T09:25:54+00:00\",\"breadcrumb\":{\"@id\":\"https:\/\/vandutch.fr\/en\/produit\/vandutch-40-2010-3\/#breadcrumb\"},\"inLanguage\":\"en-US\",\"potentialAction\":[{\"@type\":\"ReadAction\",\"target\":[\"https:\/\/vandutch.fr\/en\/produit\/vandutch-40-2010-3\/\"]}]},{\"@type\":\"ImageObject\",\"inLanguage\":\"en-US\",\"@id\":\"https:\/\/vandutch.fr\/en\/produit\/vandutch-40-2010-3\/#primaryimage\",\"url\":\"https:\/\/vandutch.fr\/wp-content\/uploads\/2025\/04\/v1-1.webp\",\"contentUrl\":\"https:\/\/vandutch.fr\/wp-content\/uploads\/2025\/04\/v1-1.webp\",\"width\":1024,\"height\":683},{\"@type\":\"BreadcrumbList\",\"@id\":\"https:\/\/vandutch.fr\/en\/produit\/vandutch-40-2010-3\/#breadcrumb\",\"itemListElement\":[{\"@type\":\"ListItem\",\"position\":1,\"name\":\"Home\",\"item\":\"https:\/\/vandutch.fr\/en\/\"},{\"@type\":\"ListItem\",\"position\":2,\"name\":\"Shop\",\"item\":\"https:\/\/vandutch.fr\/en\/shop\/\"},{\"@type\":\"ListItem\",\"position\":3,\"name\":\"VANDUTCH 40 &#8211; 2010\"}]},{\"@type\":\"WebSite\",\"@id\":\"https:\/\/vandutch.fr\/en\/#website\",\"url\":\"https:\/\/vandutch.fr\/en\/\",\"name\":\"VanDutch\",\"description\":\"The avant-garde in Dutch yacht building\",\"potentialAction\":[{\"@type\":\"SearchAction\",\"target\":{\"@type\":\"EntryPoint\",\"urlTemplate\":\"https:\/\/vandutch.fr\/en\/?s={search_term_string}\"},\"query-input\":{\"@type\":\"PropertyValueSpecification\",\"valueRequired\":true,\"valueName\":\"search_term_string\"}}],\"inLanguage\":\"en-US\"}]}<\/script>\n<meta property=\"product:price:amount\" content=\"275000\" \/>\n<meta property=\"product:price:currency\" content=\"EUR\" \/>\n<meta property=\"og:availability\" content=\"instock\" \/>\n<meta property=\"product:availability\" content=\"instock\" \/>\n<meta property=\"product:condition\" content=\"new\" \/>\n<!-- \/ Yoast SEO plugin. -->","yoast_head_json":{"title":"VANDUTCH 40 - 2010 - VanDutch","robots":{"index":"index","follow":"follow","max-snippet":"max-snippet:-1","max-image-preview":"max-image-preview:large","max-video-preview":"max-video-preview:-1"},"canonical":"https:\/\/vandutch.fr\/en\/produit\/vandutch-40-2010-3\/","og_locale":"en_US","og_type":"article","og_title":"VANDUTCH 40 - 2010 - VanDutch","og_description":"VanDutch 40 : design iconique, 40 n\u0153uds de vitesse, finitions luxueuses. L\u2019\u00e9l\u00e9gance en mer, entre performance et confort absolu. Une r\u00e9f\u00e9rence du yachting moderne.","og_url":"https:\/\/vandutch.fr\/en\/produit\/vandutch-40-2010-3\/","og_site_name":"VanDutch","article_modified_time":"2025-04-29T09:25:54+00:00","og_image":[{"width":1024,"height":683,"url":"https:\/\/vandutch.fr\/wp-content\/uploads\/2025\/04\/v1-1.webp","type":"image\/webp"}],"twitter_card":"summary_large_image","twitter_misc":{"Price":"275000&nbsp;&euro;","Availability":"In stock"},"schema":{"@context":"https:\/\/schema.org","@graph":[{"@type":["WebPage","ItemPage"],"@id":"https:\/\/vandutch.fr\/en\/produit\/vandutch-40-2010-3\/","url":"https:\/\/vandutch.fr\/en\/produit\/vandutch-40-2010-3\/","name":"VANDUTCH 40 - 2010 - VanDutch","isPartOf":{"@id":"https:\/\/vandutch.fr\/en\/#website"},"primaryImageOfPage":{"@id":"https:\/\/vandutch.fr\/en\/produit\/vandutch-40-2010-3\/#primaryimage"},"image":{"@id":"https:\/\/vandutch.fr\/en\/produit\/vandutch-40-2010-3\/#primaryimage"},"thumbnailUrl":"https:\/\/vandutch.fr\/wp-content\/uploads\/2025\/04\/v1-1.webp","datePublished":"2025-04-29T09:25:14+00:00","dateModified":"2025-04-29T09:25:54+00:00","breadcrumb":{"@id":"https:\/\/vandutch.fr\/en\/produit\/vandutch-40-2010-3\/#breadcrumb"},"inLanguage":"en-US","potentialAction":[{"@type":"ReadAction","target":["https:\/\/vandutch.fr\/en\/produit\/vandutch-40-2010-3\/"]}]},{"@type":"ImageObject","inLanguage":"en-US","@id":"https:\/\/vandutch.fr\/en\/produit\/vandutch-40-2010-3\/#primaryimage","url":"https:\/\/vandutch.fr\/wp-content\/uploads\/2025\/04\/v1-1.webp","contentUrl":"https:\/\/vandutch.fr\/wp-content\/uploads\/2025\/04\/v1-1.webp","width":1024,"height":683},{"@type":"BreadcrumbList","@id":"https:\/\/vandutch.fr\/en\/produit\/vandutch-40-2010-3\/#breadcrumb","itemListElement":[{"@type":"ListItem","position":1,"name":"Home","item":"https:\/\/vandutch.fr\/en\/"},{"@type":"ListItem","position":2,"name":"Shop","item":"https:\/\/vandutch.fr\/en\/shop\/"},{"@type":"ListItem","position":3,"name":"VANDUTCH 40 &#8211; 2010"}]},{"@type":"WebSite","@id":"https:\/\/vandutch.fr\/en\/#website","url":"https:\/\/vandutch.fr\/en\/","name":"VanDutch","description":"The avant-garde in Dutch yacht building","potentialAction":[{"@type":"SearchAction","target":{"@type":"EntryPoint","urlTemplate":"https:\/\/vandutch.fr\/en\/?s={search_term_string}"},"query-input":{"@type":"PropertyValueSpecification","valueRequired":true,"valueName":"search_term_string"}}],"inLanguage":"en-US"}]},"product_price_amount":"275000","product_price_currency":"EUR","og_availability":"instock","product_availability":"instock","product_condition":"new"},"_links":{"self":[{"href":"https:\/\/vandutch.fr\/en\/wp-json\/wp\/v2\/product\/8146"}],"collection":[{"href":"https:\/\/vandutch.fr\/en\/wp-json\/wp\/v2\/product"}],"about":[{"href":"https:\/\/vandutch.fr\/en\/wp-json\/wp\/v2\/types\/product"}],"replies":[{"embeddable":true,"href":"https:\/\/vandutch.fr\/en\/wp-json\/wp\/v2\/comments?post=8146"}],"wp:featuredmedia":[{"embeddable":true,"href":"https:\/\/vandutch.fr\/en\/wp-json\/wp\/v2\/media\/8147"}],"wp:attachment":[{"href":"https:\/\/vandutch.fr\/en\/wp-json\/wp\/v2\/media?parent=8146"}],"wp:term":[{"taxonomy":"product_cat","embeddable":true,"href":"https:\/\/vandutch.fr\/en\/wp-json\/wp\/v2\/product_cat?post=8146"},{"taxonomy":"product_tag","embeddable":true,"href":"https:\/\/vandutch.fr\/en\/wp-json\/wp\/v2\/product_tag?post=8146"},{"taxonomy":"mwb_booking_cost","embeddable":true,"href":"https:\/\/vandutch.fr\/en\/wp-json\/wp\/v2\/mwb_booking_cost?post=8146"},{"taxonomy":"mwb_booking_service","embeddable":true,"href":"https:\/\/vandutch.fr\/en\/wp-json\/wp\/v2\/mwb_booking_service?post=8146"}],"curies":[{"name":"wp","href":"https:\/\/api.w.org\/{rel}","templated":true}]}}