{"id":8119,"date":"2025-04-28T17:00:08","date_gmt":"2025-04-28T15:00:08","guid":{"rendered":"https:\/\/vandutch.fr\/?post_type=product&#038;p=8119"},"modified":"2025-04-29T14:08:29","modified_gmt":"2025-04-29T12:08:29","slug":"vandutch-40-2009-3","status":"publish","type":"product","link":"https:\/\/vandutch.fr\/en\/produit\/vandutch-40-2009-3\/","title":{"rendered":"VANDUTCH 40 &#8211; 2009"},"content":{"rendered":"<p class=\"\" data-start=\"197\" data-end=\"480\">Le VanDutch 40 conserve une allure ultra-moderne depuis son lancement, avec un style minimaliste qui reste toujours aussi impressionnant aujourd&#8217;hui. Ce bateau est id\u00e9al pour partager des moments inoubliables en famille ou entre amis, gr\u00e2ce \u00e0 son espace de vie convivial et raffin\u00e9.<\/p>\n<p class=\"\" data-start=\"482\" data-end=\"942\">Son groupe motopropulseur compos\u00e9 de deux moteurs diesel Yanmar de 260 chevaux offre puissance et fiabilit\u00e9, permettant d&#8217;envisager des navigations de longue distance en toute s\u00e9r\u00e9nit\u00e9. Explorer une baie isol\u00e9e ou rejoindre un restaurant sur une \u00eele voisine devient un plaisir accessible et rapide. Ce VanDutch 40 est disponible pour une visite priv\u00e9e sur rendez-vous. N\u2019attendez plus pour d\u00e9couvrir ce mod\u00e8le d\u2019exception et vivre une exp\u00e9rience unique \u00e0 bord.<\/p>\n<p class=\"\" data-start=\"949\" data-end=\"1061\"><strong data-start=\"949\" data-end=\"963\">Contacts :<\/strong><br data-start=\"963\" data-end=\"966\">Amor Jo\u00ebl : +33 6 18 49 49 76<br data-start=\"995\" data-end=\"998\">Sargnac Louis : +33 6 20 87 00 59<br data-start=\"1031\" data-end=\"1034\">Email : contact@vandutch.fr<\/p>\n","protected":false},"excerpt":{"rendered":"<p>VanDutch 40 au design minimaliste intemporel, parfait pour naviguer en famille ou entre amis, moteurs Yanmar 260 ch, disponible sur rendez-vous.<\/p>\n","protected":false},"featured_media":8120,"comment_status":"open","ping_status":"closed","template":"","meta":{"_acf_changed":false,"ngg_post_thumbnail":0,"ocean_post_layout":"","ocean_both_sidebars_style":"","ocean_both_sidebars_content_width":0,"ocean_both_sidebars_sidebars_width":0,"ocean_sidebar":"0","ocean_second_sidebar":"0","ocean_disable_margins":"enable","ocean_add_body_class":"","ocean_shortcode_before_top_bar":"","ocean_shortcode_after_top_bar":"","ocean_shortcode_before_header":"","ocean_shortcode_after_header":"","ocean_has_shortcode":"","ocean_shortcode_after_title":"","ocean_shortcode_before_footer_widgets":"","ocean_shortcode_after_footer_widgets":"","ocean_shortcode_before_footer_bottom":"","ocean_shortcode_after_footer_bottom":"","ocean_display_top_bar":"default","ocean_display_header":"default","ocean_header_style":"","ocean_center_header_left_menu":"0","ocean_custom_header_template":"0","ocean_custom_logo":0,"ocean_custom_retina_logo":0,"ocean_custom_logo_max_width":0,"ocean_custom_logo_tablet_max_width":0,"ocean_custom_logo_mobile_max_width":0,"ocean_custom_logo_max_height":0,"ocean_custom_logo_tablet_max_height":0,"ocean_custom_logo_mobile_max_height":0,"ocean_header_custom_menu":"0","ocean_menu_typo_font_family":"0","ocean_menu_typo_font_subset":"","ocean_menu_typo_font_size":0,"ocean_menu_typo_font_size_tablet":0,"ocean_menu_typo_font_size_mobile":0,"ocean_menu_typo_font_size_unit":"px","ocean_menu_typo_font_weight":"","ocean_menu_typo_font_weight_tablet":"","ocean_menu_typo_font_weight_mobile":"","ocean_menu_typo_transform":"","ocean_menu_typo_transform_tablet":"","ocean_menu_typo_transform_mobile":"","ocean_menu_typo_line_height":0,"ocean_menu_typo_line_height_tablet":0,"ocean_menu_typo_line_height_mobile":0,"ocean_menu_typo_line_height_unit":"","ocean_menu_typo_spacing":0,"ocean_menu_typo_spacing_tablet":0,"ocean_menu_typo_spacing_mobile":0,"ocean_menu_typo_spacing_unit":"","ocean_menu_link_color":"","ocean_menu_link_color_hover":"","ocean_menu_link_color_active":"","ocean_menu_link_background":"","ocean_menu_link_hover_background":"","ocean_menu_link_active_background":"","ocean_menu_social_links_bg":"","ocean_menu_social_hover_links_bg":"","ocean_menu_social_links_color":"","ocean_menu_social_hover_links_color":"","ocean_disable_title":"default","ocean_disable_heading":"default","ocean_post_title":"","ocean_post_subheading":"","ocean_post_title_style":"","ocean_post_title_background_color":"","ocean_post_title_background":0,"ocean_post_title_bg_image_position":"","ocean_post_title_bg_image_attachment":"","ocean_post_title_bg_image_repeat":"","ocean_post_title_bg_image_size":"","ocean_post_title_height":0,"ocean_post_title_bg_overlay":0.5,"ocean_post_title_bg_overlay_color":"","ocean_disable_breadcrumbs":"default","ocean_breadcrumbs_color":"","ocean_breadcrumbs_separator_color":"","ocean_breadcrumbs_links_color":"","ocean_breadcrumbs_links_hover_color":"","ocean_display_footer_widgets":"default","ocean_display_footer_bottom":"default","ocean_custom_footer_template":"0","_joinchat":[]},"product_cat":[13],"product_tag":[],"mwb_booking_cost":[],"mwb_booking_service":[],"acf":[],"yoast_head":"<!-- This site is optimized with the Yoast SEO plugin v24.5 - https:\/\/yoast.com\/wordpress\/plugins\/seo\/ -->\n<title>VANDUTCH 40 - 2009 - VanDutch<\/title>\n<meta name=\"robots\" content=\"index, follow, max-snippet:-1, max-image-preview:large, max-video-preview:-1\" \/>\n<link rel=\"canonical\" href=\"https:\/\/vandutch.fr\/en\/produit\/vandutch-40-2009-3\/\" \/>\n<meta property=\"og:locale\" content=\"en_US\" \/>\n<meta property=\"og:type\" content=\"article\" \/>\n<meta property=\"og:title\" content=\"VANDUTCH 40 - 2009 - VanDutch\" \/>\n<meta property=\"og:description\" content=\"VanDutch 40 au design minimaliste intemporel, parfait pour naviguer en famille ou entre amis, moteurs Yanmar 260 ch, disponible sur rendez-vous.\" \/>\n<meta property=\"og:url\" content=\"https:\/\/vandutch.fr\/en\/produit\/vandutch-40-2009-3\/\" \/>\n<meta property=\"og:site_name\" content=\"VanDutch\" \/>\n<meta property=\"article:modified_time\" content=\"2025-04-29T12:08:29+00:00\" \/>\n<meta property=\"og:image\" content=\"https:\/\/vandutch.fr\/wp-content\/uploads\/2025\/04\/Capture-decran-2025-04-28-a-16.56.12.jpg\" \/>\n\t<meta property=\"og:image:width\" content=\"1808\" \/>\n\t<meta property=\"og:image:height\" content=\"1032\" \/>\n\t<meta property=\"og:image:type\" content=\"image\/jpeg\" \/>\n<meta name=\"twitter:card\" content=\"summary_large_image\" \/>\n<meta name=\"twitter:label1\" content=\"Price\" \/>\n\t<meta name=\"twitter:data1\" content=\"299000&nbsp;&euro;\" \/>\n\t<meta name=\"twitter:label2\" content=\"Availability\" \/>\n\t<meta name=\"twitter:data2\" content=\"In stock\" \/>\n<script type=\"application\/ld+json\" class=\"yoast-schema-graph\">{\"@context\":\"https:\/\/schema.org\",\"@graph\":[{\"@type\":[\"WebPage\",\"ItemPage\"],\"@id\":\"https:\/\/vandutch.fr\/en\/produit\/vandutch-40-2009-3\/\",\"url\":\"https:\/\/vandutch.fr\/en\/produit\/vandutch-40-2009-3\/\",\"name\":\"VANDUTCH 40 - 2009 - VanDutch\",\"isPartOf\":{\"@id\":\"https:\/\/vandutch.fr\/en\/#website\"},\"primaryImageOfPage\":{\"@id\":\"https:\/\/vandutch.fr\/en\/produit\/vandutch-40-2009-3\/#primaryimage\"},\"image\":{\"@id\":\"https:\/\/vandutch.fr\/en\/produit\/vandutch-40-2009-3\/#primaryimage\"},\"thumbnailUrl\":\"https:\/\/vandutch.fr\/wp-content\/uploads\/2025\/04\/Capture-decran-2025-04-28-a-16.56.12.jpg\",\"datePublished\":\"2025-04-28T15:00:08+00:00\",\"dateModified\":\"2025-04-29T12:08:29+00:00\",\"breadcrumb\":{\"@id\":\"https:\/\/vandutch.fr\/en\/produit\/vandutch-40-2009-3\/#breadcrumb\"},\"inLanguage\":\"en-US\",\"potentialAction\":[{\"@type\":\"ReadAction\",\"target\":[\"https:\/\/vandutch.fr\/en\/produit\/vandutch-40-2009-3\/\"]}]},{\"@type\":\"ImageObject\",\"inLanguage\":\"en-US\",\"@id\":\"https:\/\/vandutch.fr\/en\/produit\/vandutch-40-2009-3\/#primaryimage\",\"url\":\"https:\/\/vandutch.fr\/wp-content\/uploads\/2025\/04\/Capture-decran-2025-04-28-a-16.56.12.jpg\",\"contentUrl\":\"https:\/\/vandutch.fr\/wp-content\/uploads\/2025\/04\/Capture-decran-2025-04-28-a-16.56.12.jpg\",\"width\":1808,\"height\":1032},{\"@type\":\"BreadcrumbList\",\"@id\":\"https:\/\/vandutch.fr\/en\/produit\/vandutch-40-2009-3\/#breadcrumb\",\"itemListElement\":[{\"@type\":\"ListItem\",\"position\":1,\"name\":\"Home\",\"item\":\"https:\/\/vandutch.fr\/en\/\"},{\"@type\":\"ListItem\",\"position\":2,\"name\":\"Shop\",\"item\":\"https:\/\/vandutch.fr\/en\/shop\/\"},{\"@type\":\"ListItem\",\"position\":3,\"name\":\"VANDUTCH 40 &#8211; 2009\"}]},{\"@type\":\"WebSite\",\"@id\":\"https:\/\/vandutch.fr\/en\/#website\",\"url\":\"https:\/\/vandutch.fr\/en\/\",\"name\":\"VanDutch\",\"description\":\"The avant-garde in Dutch yacht building\",\"potentialAction\":[{\"@type\":\"SearchAction\",\"target\":{\"@type\":\"EntryPoint\",\"urlTemplate\":\"https:\/\/vandutch.fr\/en\/?s={search_term_string}\"},\"query-input\":{\"@type\":\"PropertyValueSpecification\",\"valueRequired\":true,\"valueName\":\"search_term_string\"}}],\"inLanguage\":\"en-US\"}]}<\/script>\n<meta property=\"product:price:amount\" content=\"299000\" \/>\n<meta property=\"product:price:currency\" content=\"EUR\" \/>\n<meta property=\"og:availability\" content=\"instock\" \/>\n<meta property=\"product:availability\" content=\"instock\" \/>\n<meta property=\"product:condition\" content=\"new\" \/>\n<!-- \/ Yoast SEO plugin. -->","yoast_head_json":{"title":"VANDUTCH 40 - 2009 - VanDutch","robots":{"index":"index","follow":"follow","max-snippet":"max-snippet:-1","max-image-preview":"max-image-preview:large","max-video-preview":"max-video-preview:-1"},"canonical":"https:\/\/vandutch.fr\/en\/produit\/vandutch-40-2009-3\/","og_locale":"en_US","og_type":"article","og_title":"VANDUTCH 40 - 2009 - VanDutch","og_description":"VanDutch 40 au design minimaliste intemporel, parfait pour naviguer en famille ou entre amis, moteurs Yanmar 260 ch, disponible sur rendez-vous.","og_url":"https:\/\/vandutch.fr\/en\/produit\/vandutch-40-2009-3\/","og_site_name":"VanDutch","article_modified_time":"2025-04-29T12:08:29+00:00","og_image":[{"width":1808,"height":1032,"url":"https:\/\/vandutch.fr\/wp-content\/uploads\/2025\/04\/Capture-decran-2025-04-28-a-16.56.12.jpg","type":"image\/jpeg"}],"twitter_card":"summary_large_image","twitter_misc":{"Price":"299000&nbsp;&euro;","Availability":"In stock"},"schema":{"@context":"https:\/\/schema.org","@graph":[{"@type":["WebPage","ItemPage"],"@id":"https:\/\/vandutch.fr\/en\/produit\/vandutch-40-2009-3\/","url":"https:\/\/vandutch.fr\/en\/produit\/vandutch-40-2009-3\/","name":"VANDUTCH 40 - 2009 - VanDutch","isPartOf":{"@id":"https:\/\/vandutch.fr\/en\/#website"},"primaryImageOfPage":{"@id":"https:\/\/vandutch.fr\/en\/produit\/vandutch-40-2009-3\/#primaryimage"},"image":{"@id":"https:\/\/vandutch.fr\/en\/produit\/vandutch-40-2009-3\/#primaryimage"},"thumbnailUrl":"https:\/\/vandutch.fr\/wp-content\/uploads\/2025\/04\/Capture-decran-2025-04-28-a-16.56.12.jpg","datePublished":"2025-04-28T15:00:08+00:00","dateModified":"2025-04-29T12:08:29+00:00","breadcrumb":{"@id":"https:\/\/vandutch.fr\/en\/produit\/vandutch-40-2009-3\/#breadcrumb"},"inLanguage":"en-US","potentialAction":[{"@type":"ReadAction","target":["https:\/\/vandutch.fr\/en\/produit\/vandutch-40-2009-3\/"]}]},{"@type":"ImageObject","inLanguage":"en-US","@id":"https:\/\/vandutch.fr\/en\/produit\/vandutch-40-2009-3\/#primaryimage","url":"https:\/\/vandutch.fr\/wp-content\/uploads\/2025\/04\/Capture-decran-2025-04-28-a-16.56.12.jpg","contentUrl":"https:\/\/vandutch.fr\/wp-content\/uploads\/2025\/04\/Capture-decran-2025-04-28-a-16.56.12.jpg","width":1808,"height":1032},{"@type":"BreadcrumbList","@id":"https:\/\/vandutch.fr\/en\/produit\/vandutch-40-2009-3\/#breadcrumb","itemListElement":[{"@type":"ListItem","position":1,"name":"Home","item":"https:\/\/vandutch.fr\/en\/"},{"@type":"ListItem","position":2,"name":"Shop","item":"https:\/\/vandutch.fr\/en\/shop\/"},{"@type":"ListItem","position":3,"name":"VANDUTCH 40 &#8211; 2009"}]},{"@type":"WebSite","@id":"https:\/\/vandutch.fr\/en\/#website","url":"https:\/\/vandutch.fr\/en\/","name":"VanDutch","description":"The avant-garde in Dutch yacht building","potentialAction":[{"@type":"SearchAction","target":{"@type":"EntryPoint","urlTemplate":"https:\/\/vandutch.fr\/en\/?s={search_term_string}"},"query-input":{"@type":"PropertyValueSpecification","valueRequired":true,"valueName":"search_term_string"}}],"inLanguage":"en-US"}]},"product_price_amount":"299000","product_price_currency":"EUR","og_availability":"instock","product_availability":"instock","product_condition":"new"},"_links":{"self":[{"href":"https:\/\/vandutch.fr\/en\/wp-json\/wp\/v2\/product\/8119"}],"collection":[{"href":"https:\/\/vandutch.fr\/en\/wp-json\/wp\/v2\/product"}],"about":[{"href":"https:\/\/vandutch.fr\/en\/wp-json\/wp\/v2\/types\/product"}],"replies":[{"embeddable":true,"href":"https:\/\/vandutch.fr\/en\/wp-json\/wp\/v2\/comments?post=8119"}],"wp:featuredmedia":[{"embeddable":true,"href":"https:\/\/vandutch.fr\/en\/wp-json\/wp\/v2\/media\/8120"}],"wp:attachment":[{"href":"https:\/\/vandutch.fr\/en\/wp-json\/wp\/v2\/media?parent=8119"}],"wp:term":[{"taxonomy":"product_cat","embeddable":true,"href":"https:\/\/vandutch.fr\/en\/wp-json\/wp\/v2\/product_cat?post=8119"},{"taxonomy":"product_tag","embeddable":true,"href":"https:\/\/vandutch.fr\/en\/wp-json\/wp\/v2\/product_tag?post=8119"},{"taxonomy":"mwb_booking_cost","embeddable":true,"href":"https:\/\/vandutch.fr\/en\/wp-json\/wp\/v2\/mwb_booking_cost?post=8119"},{"taxonomy":"mwb_booking_service","embeddable":true,"href":"https:\/\/vandutch.fr\/en\/wp-json\/wp\/v2\/mwb_booking_service?post=8119"}],"curies":[{"name":"wp","href":"https:\/\/api.w.org\/{rel}","templated":true}]}}