{"id":8068,"date":"2025-04-28T15:56:54","date_gmt":"2025-04-28T13:56:54","guid":{"rendered":"https:\/\/vandutch.fr\/?post_type=product&#038;p=8068"},"modified":"2025-04-28T15:56:55","modified_gmt":"2025-04-28T13:56:55","slug":"vandutch-32-2023-2","status":"publish","type":"product","link":"https:\/\/vandutch.fr\/en\/produit\/vandutch-32-2023-2\/","title":{"rendered":"VANDUTCH 32 &#8211; 2023"},"content":{"rendered":"<p class=\"\" data-start=\"255\" data-end=\"606\">Le VanDutch 32 met en avant les lignes minimalistes et iconiques qui caract\u00e9risent les coques de la marque, aujourd&#8217;hui port\u00e9e par l&#8217;excellence de Cantiere del Pardo. Ce bateau \u00e0 moteur sportif s\u00e9duit par son profil \u00e9pur\u00e9 et son pare-brise inspir\u00e9 du design automobile de sport, parfait pour profiter des couchers de soleil entre amis ou en famille.<\/p>\n<p class=\"\" data-start=\"608\" data-end=\"1171\">Pens\u00e9 comme un croiseur de jour, le VanDutch 32 est con\u00e7u pour offrir un confort exceptionnel \u00e0 bord tout en pr\u00e9servant une silhouette \u00e9l\u00e9gante et rac\u00e9e. D\u00e8s l\u2019embarquement, on d\u00e9couvre une grande plateforme arri\u00e8re int\u00e9gr\u00e9e dans la coque, dot\u00e9e d&#8217;une \u00e9chelle r\u00e9tractable pour garantir solidit\u00e9 et facilit\u00e9 d\u2019acc\u00e8s. Cet am\u00e9nagement ing\u00e9nieux augmente l\u2019espace de vie \u00e0 bord, permettant un acc\u00e8s rapide et s\u00e9curis\u00e9 \u00e0 la mer tout en cr\u00e9ant une v\u00e9ritable plage priv\u00e9e pour savourer le plaisir des pieds dans l\u2019eau, avec un agr\u00e9able effet \u00ab au bord de la piscine \u00bb.<\/p>\n<p class=\"\" data-start=\"1173\" data-end=\"1573\">Dans un esprit moderne et \u00e9cologique, le pont est habill\u00e9 de teck synth\u00e9tique, un mat\u00e9riau l\u00e9ger, simple d\u2019entretien et respectueux de l\u2019environnement. Sous le pont, une cabine climatis\u00e9e accueille deux salons modulables en couchettes simples ainsi qu\u2019une salle de bain fonctionnelle, offrant ainsi la possibilit\u00e9 de s&#8217;abriter lors d&#8217;une averse ou de se rafra\u00eechir pendant les chaudes journ\u00e9es d&#8217;\u00e9t\u00e9.<\/p>\n<p class=\"\" data-start=\"1575\" data-end=\"1733\">Le VanDutch 32 est une parfaite alchimie entre design intemporel, innovations pratiques et confort raffin\u00e9, incarnant l\u2019essence m\u00eame du yachting contemporain.<\/p>\n<p class=\"\" data-start=\"1740\" data-end=\"1852\"><strong data-start=\"1740\" data-end=\"1754\">Contacts :<\/strong><br data-start=\"1754\" data-end=\"1757\">Amor Jo\u00ebl : +33 6 18 49 49 76<br data-start=\"1786\" data-end=\"1789\">Sargnac Louis : +33 6 20 87 00 59<br data-start=\"1822\" data-end=\"1825\">Email : contact@vandutch.fr<\/p>\n","protected":false},"excerpt":{"rendered":"<p>VanDutch 32, design \u00e9pur\u00e9, grand confort de jour, cabine climatis\u00e9e, plateforme arri\u00e8re int\u00e9gr\u00e9e, \u00e9l\u00e9gance intemporelle, pr\u00eat pour vivre la mer autrement.<\/p>\n","protected":false},"featured_media":8069,"comment_status":"open","ping_status":"closed","template":"","meta":{"_acf_changed":false,"ngg_post_thumbnail":0,"ocean_post_layout":"","ocean_both_sidebars_style":"","ocean_both_sidebars_content_width":0,"ocean_both_sidebars_sidebars_width":0,"ocean_sidebar":"0","ocean_second_sidebar":"0","ocean_disable_margins":"enable","ocean_add_body_class":"","ocean_shortcode_before_top_bar":"","ocean_shortcode_after_top_bar":"","ocean_shortcode_before_header":"","ocean_shortcode_after_header":"","ocean_has_shortcode":"","ocean_shortcode_after_title":"","ocean_shortcode_before_footer_widgets":"","ocean_shortcode_after_footer_widgets":"","ocean_shortcode_before_footer_bottom":"","ocean_shortcode_after_footer_bottom":"","ocean_display_top_bar":"default","ocean_display_header":"default","ocean_header_style":"","ocean_center_header_left_menu":"0","ocean_custom_header_template":"0","ocean_custom_logo":0,"ocean_custom_retina_logo":0,"ocean_custom_logo_max_width":0,"ocean_custom_logo_tablet_max_width":0,"ocean_custom_logo_mobile_max_width":0,"ocean_custom_logo_max_height":0,"ocean_custom_logo_tablet_max_height":0,"ocean_custom_logo_mobile_max_height":0,"ocean_header_custom_menu":"0","ocean_menu_typo_font_family":"0","ocean_menu_typo_font_subset":"","ocean_menu_typo_font_size":0,"ocean_menu_typo_font_size_tablet":0,"ocean_menu_typo_font_size_mobile":0,"ocean_menu_typo_font_size_unit":"px","ocean_menu_typo_font_weight":"","ocean_menu_typo_font_weight_tablet":"","ocean_menu_typo_font_weight_mobile":"","ocean_menu_typo_transform":"","ocean_menu_typo_transform_tablet":"","ocean_menu_typo_transform_mobile":"","ocean_menu_typo_line_height":0,"ocean_menu_typo_line_height_tablet":0,"ocean_menu_typo_line_height_mobile":0,"ocean_menu_typo_line_height_unit":"","ocean_menu_typo_spacing":0,"ocean_menu_typo_spacing_tablet":0,"ocean_menu_typo_spacing_mobile":0,"ocean_menu_typo_spacing_unit":"","ocean_menu_link_color":"","ocean_menu_link_color_hover":"","ocean_menu_link_color_active":"","ocean_menu_link_background":"","ocean_menu_link_hover_background":"","ocean_menu_link_active_background":"","ocean_menu_social_links_bg":"","ocean_menu_social_hover_links_bg":"","ocean_menu_social_links_color":"","ocean_menu_social_hover_links_color":"","ocean_disable_title":"default","ocean_disable_heading":"default","ocean_post_title":"","ocean_post_subheading":"","ocean_post_title_style":"","ocean_post_title_background_color":"","ocean_post_title_background":0,"ocean_post_title_bg_image_position":"","ocean_post_title_bg_image_attachment":"","ocean_post_title_bg_image_repeat":"","ocean_post_title_bg_image_size":"","ocean_post_title_height":0,"ocean_post_title_bg_overlay":0.5,"ocean_post_title_bg_overlay_color":"","ocean_disable_breadcrumbs":"default","ocean_breadcrumbs_color":"","ocean_breadcrumbs_separator_color":"","ocean_breadcrumbs_links_color":"","ocean_breadcrumbs_links_hover_color":"","ocean_display_footer_widgets":"default","ocean_display_footer_bottom":"default","ocean_custom_footer_template":"0","_joinchat":[]},"product_cat":[13],"product_tag":[],"mwb_booking_cost":[],"mwb_booking_service":[],"acf":[],"yoast_head":"<!-- This site is optimized with the Yoast SEO plugin v24.5 - https:\/\/yoast.com\/wordpress\/plugins\/seo\/ -->\n<title>VANDUTCH 32 - 2023 - VanDutch<\/title>\n<meta name=\"robots\" content=\"index, follow, max-snippet:-1, max-image-preview:large, max-video-preview:-1\" \/>\n<link rel=\"canonical\" href=\"https:\/\/vandutch.fr\/en\/produit\/vandutch-32-2023-2\/\" \/>\n<meta property=\"og:locale\" content=\"en_US\" \/>\n<meta property=\"og:type\" content=\"article\" \/>\n<meta property=\"og:title\" content=\"VANDUTCH 32 - 2023 - VanDutch\" \/>\n<meta property=\"og:description\" content=\"VanDutch 32, design \u00e9pur\u00e9, grand confort de jour, cabine climatis\u00e9e, plateforme arri\u00e8re int\u00e9gr\u00e9e, \u00e9l\u00e9gance intemporelle, pr\u00eat pour vivre la mer autrement.\" \/>\n<meta property=\"og:url\" content=\"https:\/\/vandutch.fr\/en\/produit\/vandutch-32-2023-2\/\" \/>\n<meta property=\"og:site_name\" content=\"VanDutch\" \/>\n<meta property=\"article:modified_time\" content=\"2025-04-28T13:56:55+00:00\" \/>\n<meta property=\"og:image\" content=\"https:\/\/vandutch.fr\/wp-content\/uploads\/2025\/04\/VD5.webp\" \/>\n\t<meta property=\"og:image:width\" content=\"1028\" \/>\n\t<meta property=\"og:image:height\" content=\"685\" \/>\n\t<meta property=\"og:image:type\" content=\"image\/webp\" \/>\n<meta name=\"twitter:card\" content=\"summary_large_image\" \/>\n<meta name=\"twitter:label1\" content=\"Price\" \/>\n\t<meta name=\"twitter:data1\" content=\"395700&nbsp;&euro;\" \/>\n\t<meta name=\"twitter:label2\" content=\"Availability\" \/>\n\t<meta name=\"twitter:data2\" content=\"In stock\" \/>\n<script type=\"application\/ld+json\" class=\"yoast-schema-graph\">{\"@context\":\"https:\/\/schema.org\",\"@graph\":[{\"@type\":[\"WebPage\",\"ItemPage\"],\"@id\":\"https:\/\/vandutch.fr\/en\/produit\/vandutch-32-2023-2\/\",\"url\":\"https:\/\/vandutch.fr\/en\/produit\/vandutch-32-2023-2\/\",\"name\":\"VANDUTCH 32 - 2023 - VanDutch\",\"isPartOf\":{\"@id\":\"https:\/\/vandutch.fr\/en\/#website\"},\"primaryImageOfPage\":{\"@id\":\"https:\/\/vandutch.fr\/en\/produit\/vandutch-32-2023-2\/#primaryimage\"},\"image\":{\"@id\":\"https:\/\/vandutch.fr\/en\/produit\/vandutch-32-2023-2\/#primaryimage\"},\"thumbnailUrl\":\"https:\/\/vandutch.fr\/wp-content\/uploads\/2025\/04\/VD5.webp\",\"datePublished\":\"2025-04-28T13:56:54+00:00\",\"dateModified\":\"2025-04-28T13:56:55+00:00\",\"breadcrumb\":{\"@id\":\"https:\/\/vandutch.fr\/en\/produit\/vandutch-32-2023-2\/#breadcrumb\"},\"inLanguage\":\"en-US\",\"potentialAction\":[{\"@type\":\"ReadAction\",\"target\":[\"https:\/\/vandutch.fr\/en\/produit\/vandutch-32-2023-2\/\"]}]},{\"@type\":\"ImageObject\",\"inLanguage\":\"en-US\",\"@id\":\"https:\/\/vandutch.fr\/en\/produit\/vandutch-32-2023-2\/#primaryimage\",\"url\":\"https:\/\/vandutch.fr\/wp-content\/uploads\/2025\/04\/VD5.webp\",\"contentUrl\":\"https:\/\/vandutch.fr\/wp-content\/uploads\/2025\/04\/VD5.webp\",\"width\":1028,\"height\":685},{\"@type\":\"BreadcrumbList\",\"@id\":\"https:\/\/vandutch.fr\/en\/produit\/vandutch-32-2023-2\/#breadcrumb\",\"itemListElement\":[{\"@type\":\"ListItem\",\"position\":1,\"name\":\"Home\",\"item\":\"https:\/\/vandutch.fr\/en\/\"},{\"@type\":\"ListItem\",\"position\":2,\"name\":\"Shop\",\"item\":\"https:\/\/vandutch.fr\/en\/shop\/\"},{\"@type\":\"ListItem\",\"position\":3,\"name\":\"VANDUTCH 32 &#8211; 2023\"}]},{\"@type\":\"WebSite\",\"@id\":\"https:\/\/vandutch.fr\/en\/#website\",\"url\":\"https:\/\/vandutch.fr\/en\/\",\"name\":\"VanDutch\",\"description\":\"The avant-garde in Dutch yacht building\",\"potentialAction\":[{\"@type\":\"SearchAction\",\"target\":{\"@type\":\"EntryPoint\",\"urlTemplate\":\"https:\/\/vandutch.fr\/en\/?s={search_term_string}\"},\"query-input\":{\"@type\":\"PropertyValueSpecification\",\"valueRequired\":true,\"valueName\":\"search_term_string\"}}],\"inLanguage\":\"en-US\"}]}<\/script>\n<meta property=\"product:price:amount\" content=\"395700\" \/>\n<meta property=\"product:price:currency\" content=\"EUR\" \/>\n<meta property=\"og:availability\" content=\"instock\" \/>\n<meta property=\"product:availability\" content=\"instock\" \/>\n<meta property=\"product:condition\" content=\"new\" \/>\n<!-- \/ Yoast SEO plugin. -->","yoast_head_json":{"title":"VANDUTCH 32 - 2023 - VanDutch","robots":{"index":"index","follow":"follow","max-snippet":"max-snippet:-1","max-image-preview":"max-image-preview:large","max-video-preview":"max-video-preview:-1"},"canonical":"https:\/\/vandutch.fr\/en\/produit\/vandutch-32-2023-2\/","og_locale":"en_US","og_type":"article","og_title":"VANDUTCH 32 - 2023 - VanDutch","og_description":"VanDutch 32, design \u00e9pur\u00e9, grand confort de jour, cabine climatis\u00e9e, plateforme arri\u00e8re int\u00e9gr\u00e9e, \u00e9l\u00e9gance intemporelle, pr\u00eat pour vivre la mer autrement.","og_url":"https:\/\/vandutch.fr\/en\/produit\/vandutch-32-2023-2\/","og_site_name":"VanDutch","article_modified_time":"2025-04-28T13:56:55+00:00","og_image":[{"width":1028,"height":685,"url":"https:\/\/vandutch.fr\/wp-content\/uploads\/2025\/04\/VD5.webp","type":"image\/webp"}],"twitter_card":"summary_large_image","twitter_misc":{"Price":"395700&nbsp;&euro;","Availability":"In stock"},"schema":{"@context":"https:\/\/schema.org","@graph":[{"@type":["WebPage","ItemPage"],"@id":"https:\/\/vandutch.fr\/en\/produit\/vandutch-32-2023-2\/","url":"https:\/\/vandutch.fr\/en\/produit\/vandutch-32-2023-2\/","name":"VANDUTCH 32 - 2023 - VanDutch","isPartOf":{"@id":"https:\/\/vandutch.fr\/en\/#website"},"primaryImageOfPage":{"@id":"https:\/\/vandutch.fr\/en\/produit\/vandutch-32-2023-2\/#primaryimage"},"image":{"@id":"https:\/\/vandutch.fr\/en\/produit\/vandutch-32-2023-2\/#primaryimage"},"thumbnailUrl":"https:\/\/vandutch.fr\/wp-content\/uploads\/2025\/04\/VD5.webp","datePublished":"2025-04-28T13:56:54+00:00","dateModified":"2025-04-28T13:56:55+00:00","breadcrumb":{"@id":"https:\/\/vandutch.fr\/en\/produit\/vandutch-32-2023-2\/#breadcrumb"},"inLanguage":"en-US","potentialAction":[{"@type":"ReadAction","target":["https:\/\/vandutch.fr\/en\/produit\/vandutch-32-2023-2\/"]}]},{"@type":"ImageObject","inLanguage":"en-US","@id":"https:\/\/vandutch.fr\/en\/produit\/vandutch-32-2023-2\/#primaryimage","url":"https:\/\/vandutch.fr\/wp-content\/uploads\/2025\/04\/VD5.webp","contentUrl":"https:\/\/vandutch.fr\/wp-content\/uploads\/2025\/04\/VD5.webp","width":1028,"height":685},{"@type":"BreadcrumbList","@id":"https:\/\/vandutch.fr\/en\/produit\/vandutch-32-2023-2\/#breadcrumb","itemListElement":[{"@type":"ListItem","position":1,"name":"Home","item":"https:\/\/vandutch.fr\/en\/"},{"@type":"ListItem","position":2,"name":"Shop","item":"https:\/\/vandutch.fr\/en\/shop\/"},{"@type":"ListItem","position":3,"name":"VANDUTCH 32 &#8211; 2023"}]},{"@type":"WebSite","@id":"https:\/\/vandutch.fr\/en\/#website","url":"https:\/\/vandutch.fr\/en\/","name":"VanDutch","description":"The avant-garde in Dutch yacht building","potentialAction":[{"@type":"SearchAction","target":{"@type":"EntryPoint","urlTemplate":"https:\/\/vandutch.fr\/en\/?s={search_term_string}"},"query-input":{"@type":"PropertyValueSpecification","valueRequired":true,"valueName":"search_term_string"}}],"inLanguage":"en-US"}]},"product_price_amount":"395700","product_price_currency":"EUR","og_availability":"instock","product_availability":"instock","product_condition":"new"},"_links":{"self":[{"href":"https:\/\/vandutch.fr\/en\/wp-json\/wp\/v2\/product\/8068"}],"collection":[{"href":"https:\/\/vandutch.fr\/en\/wp-json\/wp\/v2\/product"}],"about":[{"href":"https:\/\/vandutch.fr\/en\/wp-json\/wp\/v2\/types\/product"}],"replies":[{"embeddable":true,"href":"https:\/\/vandutch.fr\/en\/wp-json\/wp\/v2\/comments?post=8068"}],"wp:featuredmedia":[{"embeddable":true,"href":"https:\/\/vandutch.fr\/en\/wp-json\/wp\/v2\/media\/8069"}],"wp:attachment":[{"href":"https:\/\/vandutch.fr\/en\/wp-json\/wp\/v2\/media?parent=8068"}],"wp:term":[{"taxonomy":"product_cat","embeddable":true,"href":"https:\/\/vandutch.fr\/en\/wp-json\/wp\/v2\/product_cat?post=8068"},{"taxonomy":"product_tag","embeddable":true,"href":"https:\/\/vandutch.fr\/en\/wp-json\/wp\/v2\/product_tag?post=8068"},{"taxonomy":"mwb_booking_cost","embeddable":true,"href":"https:\/\/vandutch.fr\/en\/wp-json\/wp\/v2\/mwb_booking_cost?post=8068"},{"taxonomy":"mwb_booking_service","embeddable":true,"href":"https:\/\/vandutch.fr\/en\/wp-json\/wp\/v2\/mwb_booking_service?post=8068"}],"curies":[{"name":"wp","href":"https:\/\/api.w.org\/{rel}","templated":true}]}}