{"id":8056,"date":"2025-04-28T15:43:19","date_gmt":"2025-04-28T13:43:19","guid":{"rendered":"https:\/\/vandutch.fr\/?post_type=product&#038;p=8056"},"modified":"2025-04-28T15:46:25","modified_gmt":"2025-04-28T13:46:25","slug":"vandutch-32-2023","status":"publish","type":"product","link":"https:\/\/vandutch.fr\/en\/produit\/vandutch-32-2023\/","title":{"rendered":"VANDUTCH 32 &#8211; 2023"},"content":{"rendered":"<p class=\"\" data-start=\"239\" data-end=\"467\">Superbe VanDutch 32 2023. Il s&#8217;agit du premier VanDutch 32 sur le march\u00e9 \u00e9quip\u00e9 en motorisation diesel, une avanc\u00e9e majeure combinant \u00e9l\u00e9gance, innovation et performance durable.<\/p>\n<p class=\"\" data-start=\"469\" data-end=\"824\">La coque b\u00e9n\u00e9ficie d\u2019une magnifique peinture bleu m\u00e9tallis\u00e9 (baby blue) associ\u00e9e \u00e0 une sellerie bleue orn\u00e9e de liser\u00e9s blancs, soulignant l\u2019allure raffin\u00e9e du bateau. Con\u00e7u pour offrir un confort maximal, il dispose d&#8217;un r\u00e9frig\u00e9rateur dans le cockpit, d&#8217;un bimini pour la protection solaire et d\u2019un \u0153il de remorquage \u00e0 l\u2019\u00e9trave pour plus de polyvalence.<\/p>\n<p class=\"\" data-start=\"826\" data-end=\"1325\">La navigation est facilit\u00e9e par un propulseur d\u2019\u00e9trave, un joystick Volvo pour des man\u0153uvres pr\u00e9cises et un \u00e9quipement \u00e9lectronique de pointe avec \u00e9cran Garmin 16 pouces et syst\u00e8me domotique. Un pilote automatique vient compl\u00e9ter ces fonctionnalit\u00e9s pour une navigation fluide et sans effort. Le syst\u00e8me audio Fusion Apollo, coupl\u00e9 \u00e0 des haut-parleurs JL Audio, promet une ambiance sonore premium. Le bateau est \u00e9galement \u00e9quip\u00e9 d\u2019un syst\u00e8me de LED sous-marine et d\u2019un taud de protection de cockpit.<\/p>\n<p class=\"\" data-start=\"1327\" data-end=\"1771\">Le confort \u00e0 bord est exceptionnel gr\u00e2ce \u00e0 un rev\u00eatement composite synth\u00e9tique dans le cockpit, la cabine, le pont sup\u00e9rieur et la plateforme de bain. L\u2019\u00e9clairage d\u2019ambiance au sol, contr\u00f4l\u00e9 par la barre, apporte une touche sophistiqu\u00e9e. La sellerie en Silvertex avec mousse \u00e0 s\u00e9chage rapide, un bain de soleil arri\u00e8re r\u00e9glable, des rangements astucieux et un grand canap\u00e9 central renforcent l&#8217;exp\u00e9rience de d\u00e9tente et de convivialit\u00e9 \u00e0 bord.<\/p>\n<p class=\"\" data-start=\"1773\" data-end=\"1973\">La cabine b\u00e9n\u00e9ficie d&#8217;un puits de lumi\u00e8re avec moustiquaire et stores, d\u2019un \u00e9vier en c\u00e9ramique, d\u2019un miroir \u00e9clair\u00e9, de rangements coulissants et d\u2019un syst\u00e8me de r\u00e9tention des eaux us\u00e9es performant.<\/p>\n<p class=\"\" data-start=\"1975\" data-end=\"2269\">C\u00f4t\u00e9 \u00e9lectronique, ce VanDutch 32 est dot\u00e9 d&#8217;un panneau de disjoncteurs analogiques, d\u2019un syst\u00e8me de gestion compl\u00e8te via \u00e9cran Garmin Empire Bus, de batteries d\u00e9di\u00e9es avec chargeurs ind\u00e9pendants, d&#8217;un onduleur, de prises 220 V\/110 V, ainsi qu&#8217;une connexion \u00e9lectrique \u00e0 quai avec c\u00e2ble fourni.<\/p>\n<p class=\"\" data-start=\"2505\" data-end=\"2617\"><strong data-start=\"2505\" data-end=\"2519\">Contacts :<\/strong><br data-start=\"2519\" data-end=\"2522\">Amor Jo\u00ebl : +33 6 18 49 49 76<br data-start=\"2551\" data-end=\"2554\">Sargnac Louis : +33 6 20 87 00 59<br data-start=\"2587\" data-end=\"2590\">Email : contact@vandutch.fr<\/p>\n","protected":false},"excerpt":{"rendered":"<p>VanDutch 32 neuf 2023, premier diesel, peinture baby blue, \u00e9quipements premium, confort exceptionnel, garantie constructeur, disponible imm\u00e9diatement.<\/p>\n","protected":false},"featured_media":8057,"comment_status":"open","ping_status":"closed","template":"","meta":{"_acf_changed":false,"ngg_post_thumbnail":0,"ocean_post_layout":"","ocean_both_sidebars_style":"","ocean_both_sidebars_content_width":0,"ocean_both_sidebars_sidebars_width":0,"ocean_sidebar":"0","ocean_second_sidebar":"0","ocean_disable_margins":"enable","ocean_add_body_class":"","ocean_shortcode_before_top_bar":"","ocean_shortcode_after_top_bar":"","ocean_shortcode_before_header":"","ocean_shortcode_after_header":"","ocean_has_shortcode":"","ocean_shortcode_after_title":"","ocean_shortcode_before_footer_widgets":"","ocean_shortcode_after_footer_widgets":"","ocean_shortcode_before_footer_bottom":"","ocean_shortcode_after_footer_bottom":"","ocean_display_top_bar":"default","ocean_display_header":"default","ocean_header_style":"","ocean_center_header_left_menu":"0","ocean_custom_header_template":"0","ocean_custom_logo":0,"ocean_custom_retina_logo":0,"ocean_custom_logo_max_width":0,"ocean_custom_logo_tablet_max_width":0,"ocean_custom_logo_mobile_max_width":0,"ocean_custom_logo_max_height":0,"ocean_custom_logo_tablet_max_height":0,"ocean_custom_logo_mobile_max_height":0,"ocean_header_custom_menu":"0","ocean_menu_typo_font_family":"0","ocean_menu_typo_font_subset":"","ocean_menu_typo_font_size":0,"ocean_menu_typo_font_size_tablet":0,"ocean_menu_typo_font_size_mobile":0,"ocean_menu_typo_font_size_unit":"px","ocean_menu_typo_font_weight":"","ocean_menu_typo_font_weight_tablet":"","ocean_menu_typo_font_weight_mobile":"","ocean_menu_typo_transform":"","ocean_menu_typo_transform_tablet":"","ocean_menu_typo_transform_mobile":"","ocean_menu_typo_line_height":0,"ocean_menu_typo_line_height_tablet":0,"ocean_menu_typo_line_height_mobile":0,"ocean_menu_typo_line_height_unit":"","ocean_menu_typo_spacing":0,"ocean_menu_typo_spacing_tablet":0,"ocean_menu_typo_spacing_mobile":0,"ocean_menu_typo_spacing_unit":"","ocean_menu_link_color":"","ocean_menu_link_color_hover":"","ocean_menu_link_color_active":"","ocean_menu_link_background":"","ocean_menu_link_hover_background":"","ocean_menu_link_active_background":"","ocean_menu_social_links_bg":"","ocean_menu_social_hover_links_bg":"","ocean_menu_social_links_color":"","ocean_menu_social_hover_links_color":"","ocean_disable_title":"default","ocean_disable_heading":"default","ocean_post_title":"","ocean_post_subheading":"","ocean_post_title_style":"","ocean_post_title_background_color":"","ocean_post_title_background":0,"ocean_post_title_bg_image_position":"","ocean_post_title_bg_image_attachment":"","ocean_post_title_bg_image_repeat":"","ocean_post_title_bg_image_size":"","ocean_post_title_height":0,"ocean_post_title_bg_overlay":0.5,"ocean_post_title_bg_overlay_color":"","ocean_disable_breadcrumbs":"default","ocean_breadcrumbs_color":"","ocean_breadcrumbs_separator_color":"","ocean_breadcrumbs_links_color":"","ocean_breadcrumbs_links_hover_color":"","ocean_display_footer_widgets":"default","ocean_display_footer_bottom":"default","ocean_custom_footer_template":"0","_joinchat":[]},"product_cat":[13],"product_tag":[],"mwb_booking_cost":[],"mwb_booking_service":[],"acf":[],"yoast_head":"<!-- This site is optimized with the Yoast SEO plugin v24.5 - https:\/\/yoast.com\/wordpress\/plugins\/seo\/ -->\n<title>VANDUTCH 32 - 2023 - VanDutch<\/title>\n<meta name=\"robots\" content=\"index, follow, max-snippet:-1, max-image-preview:large, max-video-preview:-1\" \/>\n<link rel=\"canonical\" href=\"https:\/\/vandutch.fr\/en\/produit\/vandutch-32-2023\/\" \/>\n<meta property=\"og:locale\" content=\"en_US\" \/>\n<meta property=\"og:type\" content=\"article\" \/>\n<meta property=\"og:title\" content=\"VANDUTCH 32 - 2023 - VanDutch\" \/>\n<meta property=\"og:description\" content=\"VanDutch 32 neuf 2023, premier diesel, peinture baby blue, \u00e9quipements premium, confort exceptionnel, garantie constructeur, disponible imm\u00e9diatement.\" \/>\n<meta property=\"og:url\" content=\"https:\/\/vandutch.fr\/en\/produit\/vandutch-32-2023\/\" \/>\n<meta property=\"og:site_name\" content=\"VanDutch\" \/>\n<meta property=\"article:modified_time\" content=\"2025-04-28T13:46:25+00:00\" \/>\n<meta property=\"og:image\" content=\"https:\/\/vandutch.fr\/wp-content\/uploads\/2025\/04\/Capture-decran-2025-04-28-a-15.34.23.jpg\" \/>\n\t<meta property=\"og:image:width\" content=\"2184\" \/>\n\t<meta property=\"og:image:height\" content=\"1244\" \/>\n\t<meta property=\"og:image:type\" content=\"image\/jpeg\" \/>\n<meta name=\"twitter:card\" content=\"summary_large_image\" \/>\n<meta name=\"twitter:label1\" content=\"Price\" \/>\n\t<meta name=\"twitter:data1\" content=\"415800&nbsp;&euro;\" \/>\n\t<meta name=\"twitter:label2\" content=\"Availability\" \/>\n\t<meta name=\"twitter:data2\" content=\"In stock\" \/>\n<script type=\"application\/ld+json\" class=\"yoast-schema-graph\">{\"@context\":\"https:\/\/schema.org\",\"@graph\":[{\"@type\":[\"WebPage\",\"ItemPage\"],\"@id\":\"https:\/\/vandutch.fr\/en\/produit\/vandutch-32-2023\/\",\"url\":\"https:\/\/vandutch.fr\/en\/produit\/vandutch-32-2023\/\",\"name\":\"VANDUTCH 32 - 2023 - VanDutch\",\"isPartOf\":{\"@id\":\"https:\/\/vandutch.fr\/en\/#website\"},\"primaryImageOfPage\":{\"@id\":\"https:\/\/vandutch.fr\/en\/produit\/vandutch-32-2023\/#primaryimage\"},\"image\":{\"@id\":\"https:\/\/vandutch.fr\/en\/produit\/vandutch-32-2023\/#primaryimage\"},\"thumbnailUrl\":\"https:\/\/vandutch.fr\/wp-content\/uploads\/2025\/04\/Capture-decran-2025-04-28-a-15.34.23.jpg\",\"datePublished\":\"2025-04-28T13:43:19+00:00\",\"dateModified\":\"2025-04-28T13:46:25+00:00\",\"breadcrumb\":{\"@id\":\"https:\/\/vandutch.fr\/en\/produit\/vandutch-32-2023\/#breadcrumb\"},\"inLanguage\":\"en-US\",\"potentialAction\":[{\"@type\":\"ReadAction\",\"target\":[\"https:\/\/vandutch.fr\/en\/produit\/vandutch-32-2023\/\"]}]},{\"@type\":\"ImageObject\",\"inLanguage\":\"en-US\",\"@id\":\"https:\/\/vandutch.fr\/en\/produit\/vandutch-32-2023\/#primaryimage\",\"url\":\"https:\/\/vandutch.fr\/wp-content\/uploads\/2025\/04\/Capture-decran-2025-04-28-a-15.34.23.jpg\",\"contentUrl\":\"https:\/\/vandutch.fr\/wp-content\/uploads\/2025\/04\/Capture-decran-2025-04-28-a-15.34.23.jpg\",\"width\":2184,\"height\":1244},{\"@type\":\"BreadcrumbList\",\"@id\":\"https:\/\/vandutch.fr\/en\/produit\/vandutch-32-2023\/#breadcrumb\",\"itemListElement\":[{\"@type\":\"ListItem\",\"position\":1,\"name\":\"Home\",\"item\":\"https:\/\/vandutch.fr\/en\/\"},{\"@type\":\"ListItem\",\"position\":2,\"name\":\"Shop\",\"item\":\"https:\/\/vandutch.fr\/en\/shop\/\"},{\"@type\":\"ListItem\",\"position\":3,\"name\":\"VANDUTCH 32 &#8211; 2023\"}]},{\"@type\":\"WebSite\",\"@id\":\"https:\/\/vandutch.fr\/en\/#website\",\"url\":\"https:\/\/vandutch.fr\/en\/\",\"name\":\"VanDutch\",\"description\":\"The avant-garde in Dutch yacht building\",\"potentialAction\":[{\"@type\":\"SearchAction\",\"target\":{\"@type\":\"EntryPoint\",\"urlTemplate\":\"https:\/\/vandutch.fr\/en\/?s={search_term_string}\"},\"query-input\":{\"@type\":\"PropertyValueSpecification\",\"valueRequired\":true,\"valueName\":\"search_term_string\"}}],\"inLanguage\":\"en-US\"}]}<\/script>\n<meta property=\"product:price:amount\" content=\"415800\" \/>\n<meta property=\"product:price:currency\" content=\"EUR\" \/>\n<meta property=\"og:availability\" content=\"instock\" \/>\n<meta property=\"product:availability\" content=\"instock\" \/>\n<meta property=\"product:condition\" content=\"new\" \/>\n<!-- \/ Yoast SEO plugin. -->","yoast_head_json":{"title":"VANDUTCH 32 - 2023 - VanDutch","robots":{"index":"index","follow":"follow","max-snippet":"max-snippet:-1","max-image-preview":"max-image-preview:large","max-video-preview":"max-video-preview:-1"},"canonical":"https:\/\/vandutch.fr\/en\/produit\/vandutch-32-2023\/","og_locale":"en_US","og_type":"article","og_title":"VANDUTCH 32 - 2023 - VanDutch","og_description":"VanDutch 32 neuf 2023, premier diesel, peinture baby blue, \u00e9quipements premium, confort exceptionnel, garantie constructeur, disponible imm\u00e9diatement.","og_url":"https:\/\/vandutch.fr\/en\/produit\/vandutch-32-2023\/","og_site_name":"VanDutch","article_modified_time":"2025-04-28T13:46:25+00:00","og_image":[{"width":2184,"height":1244,"url":"https:\/\/vandutch.fr\/wp-content\/uploads\/2025\/04\/Capture-decran-2025-04-28-a-15.34.23.jpg","type":"image\/jpeg"}],"twitter_card":"summary_large_image","twitter_misc":{"Price":"415800&nbsp;&euro;","Availability":"In stock"},"schema":{"@context":"https:\/\/schema.org","@graph":[{"@type":["WebPage","ItemPage"],"@id":"https:\/\/vandutch.fr\/en\/produit\/vandutch-32-2023\/","url":"https:\/\/vandutch.fr\/en\/produit\/vandutch-32-2023\/","name":"VANDUTCH 32 - 2023 - VanDutch","isPartOf":{"@id":"https:\/\/vandutch.fr\/en\/#website"},"primaryImageOfPage":{"@id":"https:\/\/vandutch.fr\/en\/produit\/vandutch-32-2023\/#primaryimage"},"image":{"@id":"https:\/\/vandutch.fr\/en\/produit\/vandutch-32-2023\/#primaryimage"},"thumbnailUrl":"https:\/\/vandutch.fr\/wp-content\/uploads\/2025\/04\/Capture-decran-2025-04-28-a-15.34.23.jpg","datePublished":"2025-04-28T13:43:19+00:00","dateModified":"2025-04-28T13:46:25+00:00","breadcrumb":{"@id":"https:\/\/vandutch.fr\/en\/produit\/vandutch-32-2023\/#breadcrumb"},"inLanguage":"en-US","potentialAction":[{"@type":"ReadAction","target":["https:\/\/vandutch.fr\/en\/produit\/vandutch-32-2023\/"]}]},{"@type":"ImageObject","inLanguage":"en-US","@id":"https:\/\/vandutch.fr\/en\/produit\/vandutch-32-2023\/#primaryimage","url":"https:\/\/vandutch.fr\/wp-content\/uploads\/2025\/04\/Capture-decran-2025-04-28-a-15.34.23.jpg","contentUrl":"https:\/\/vandutch.fr\/wp-content\/uploads\/2025\/04\/Capture-decran-2025-04-28-a-15.34.23.jpg","width":2184,"height":1244},{"@type":"BreadcrumbList","@id":"https:\/\/vandutch.fr\/en\/produit\/vandutch-32-2023\/#breadcrumb","itemListElement":[{"@type":"ListItem","position":1,"name":"Home","item":"https:\/\/vandutch.fr\/en\/"},{"@type":"ListItem","position":2,"name":"Shop","item":"https:\/\/vandutch.fr\/en\/shop\/"},{"@type":"ListItem","position":3,"name":"VANDUTCH 32 &#8211; 2023"}]},{"@type":"WebSite","@id":"https:\/\/vandutch.fr\/en\/#website","url":"https:\/\/vandutch.fr\/en\/","name":"VanDutch","description":"The avant-garde in Dutch yacht building","potentialAction":[{"@type":"SearchAction","target":{"@type":"EntryPoint","urlTemplate":"https:\/\/vandutch.fr\/en\/?s={search_term_string}"},"query-input":{"@type":"PropertyValueSpecification","valueRequired":true,"valueName":"search_term_string"}}],"inLanguage":"en-US"}]},"product_price_amount":"415800","product_price_currency":"EUR","og_availability":"instock","product_availability":"instock","product_condition":"new"},"_links":{"self":[{"href":"https:\/\/vandutch.fr\/en\/wp-json\/wp\/v2\/product\/8056"}],"collection":[{"href":"https:\/\/vandutch.fr\/en\/wp-json\/wp\/v2\/product"}],"about":[{"href":"https:\/\/vandutch.fr\/en\/wp-json\/wp\/v2\/types\/product"}],"replies":[{"embeddable":true,"href":"https:\/\/vandutch.fr\/en\/wp-json\/wp\/v2\/comments?post=8056"}],"wp:featuredmedia":[{"embeddable":true,"href":"https:\/\/vandutch.fr\/en\/wp-json\/wp\/v2\/media\/8057"}],"wp:attachment":[{"href":"https:\/\/vandutch.fr\/en\/wp-json\/wp\/v2\/media?parent=8056"}],"wp:term":[{"taxonomy":"product_cat","embeddable":true,"href":"https:\/\/vandutch.fr\/en\/wp-json\/wp\/v2\/product_cat?post=8056"},{"taxonomy":"product_tag","embeddable":true,"href":"https:\/\/vandutch.fr\/en\/wp-json\/wp\/v2\/product_tag?post=8056"},{"taxonomy":"mwb_booking_cost","embeddable":true,"href":"https:\/\/vandutch.fr\/en\/wp-json\/wp\/v2\/mwb_booking_cost?post=8056"},{"taxonomy":"mwb_booking_service","embeddable":true,"href":"https:\/\/vandutch.fr\/en\/wp-json\/wp\/v2\/mwb_booking_service?post=8056"}],"curies":[{"name":"wp","href":"https:\/\/api.w.org\/{rel}","templated":true}]}}