{"id":8012,"date":"2025-04-28T14:58:04","date_gmt":"2025-04-28T12:58:04","guid":{"rendered":"https:\/\/vandutch.fr\/?post_type=product&#038;p=8012"},"modified":"2025-04-28T14:59:08","modified_gmt":"2025-04-28T12:59:08","slug":"vandutch-32-2021","status":"publish","type":"product","link":"https:\/\/vandutch.fr\/en\/produit\/vandutch-32-2021\/","title":{"rendered":"VANDUTCH 32 &#8211; 2021"},"content":{"rendered":"<p class=\"\" data-start=\"163\" data-end=\"542\">Le VanDutch 32, mill\u00e9sime 2021, incarne \u00e0 la perfection l&#8217;ADN de la marque iconique, d\u00e9sormais port\u00e9e par le prestigieux chantier italien Cantiere del Pardo depuis 2020. Ce mod\u00e8le offre un \u00e9quilibre exceptionnel entre esth\u00e9tisme pur et \u00e9volutions techniques, dans la plus pure tradition VanDutch, tout en revisitant les codes pour r\u00e9pondre aux attentes des plaisanciers modernes.<\/p>\n<p class=\"\" data-start=\"544\" data-end=\"931\">Son design ext\u00e9rieur conserve les lignes minimalistes et \u00e9pur\u00e9es qui ont fait la renomm\u00e9e de la marque, mais avec des proportions repens\u00e9es et une fonctionnalit\u00e9 optimis\u00e9e. La coque redessin\u00e9e pr\u00e9sente une poupe ergonomique am\u00e9lior\u00e9e, tandis que les volumes ext\u00e9rieurs ont \u00e9t\u00e9 \u00e9tendus afin de maximiser les espaces de d\u00e9tente et de bronzage, garantissant ainsi un confort in\u00e9gal\u00e9 \u00e0 bord.<\/p>\n<p class=\"\" data-start=\"933\" data-end=\"1306\">\u00c0 l&#8217;int\u00e9rieur du cockpit, le VanDutch 32 innove avec une toute nouvelle station de barre au design contemporain. \u00c9quip\u00e9e d\u2019\u00e9lectroniques haut de gamme et d&#8217;instruments num\u00e9riques sophistiqu\u00e9s, elle offre au pilote un contr\u00f4le total et intuitif du yacht. Chaque \u00e9l\u00e9ment a \u00e9t\u00e9 pens\u00e9 pour renforcer l&#8217;exp\u00e9rience de navigation, combinant haute performance, s\u00e9curit\u00e9 et confort.<\/p>\n<p class=\"\" data-start=\"1308\" data-end=\"1455\">Le VanDutch 32 n&#8217;est pas simplement un yacht ; il est l&#8217;expression d&#8217;un style de vie tourn\u00e9 vers l&#8217;innovation, le raffinement et la libert\u00e9 en mer.<\/p>\n<p class=\"\" data-start=\"1462\" data-end=\"1574\"><strong data-start=\"1462\" data-end=\"1476\">Contacts :<\/strong><br data-start=\"1476\" data-end=\"1479\">Amor Jo\u00ebl : +33 6 18 49 49 76<br data-start=\"1508\" data-end=\"1511\">Sargnac Louis : +33 6 20 87 00 59<br data-start=\"1544\" data-end=\"1547\">Email : contact@vandutch.fr<\/p>\n","protected":false},"excerpt":{"rendered":"<p>Design iconique, confort optimis\u00e9, cockpit high-tech : le VanDutch 32 incarne performance, innovation et \u00e9l\u00e9gance en mer.<\/p>\n","protected":false},"featured_media":8015,"comment_status":"open","ping_status":"closed","template":"","meta":{"_acf_changed":false,"ngg_post_thumbnail":0,"ocean_post_layout":"","ocean_both_sidebars_style":"","ocean_both_sidebars_content_width":0,"ocean_both_sidebars_sidebars_width":0,"ocean_sidebar":"0","ocean_second_sidebar":"0","ocean_disable_margins":"enable","ocean_add_body_class":"","ocean_shortcode_before_top_bar":"","ocean_shortcode_after_top_bar":"","ocean_shortcode_before_header":"","ocean_shortcode_after_header":"","ocean_has_shortcode":"","ocean_shortcode_after_title":"","ocean_shortcode_before_footer_widgets":"","ocean_shortcode_after_footer_widgets":"","ocean_shortcode_before_footer_bottom":"","ocean_shortcode_after_footer_bottom":"","ocean_display_top_bar":"default","ocean_display_header":"default","ocean_header_style":"","ocean_center_header_left_menu":"0","ocean_custom_header_template":"0","ocean_custom_logo":0,"ocean_custom_retina_logo":0,"ocean_custom_logo_max_width":0,"ocean_custom_logo_tablet_max_width":0,"ocean_custom_logo_mobile_max_width":0,"ocean_custom_logo_max_height":0,"ocean_custom_logo_tablet_max_height":0,"ocean_custom_logo_mobile_max_height":0,"ocean_header_custom_menu":"0","ocean_menu_typo_font_family":"0","ocean_menu_typo_font_subset":"","ocean_menu_typo_font_size":0,"ocean_menu_typo_font_size_tablet":0,"ocean_menu_typo_font_size_mobile":0,"ocean_menu_typo_font_size_unit":"px","ocean_menu_typo_font_weight":"","ocean_menu_typo_font_weight_tablet":"","ocean_menu_typo_font_weight_mobile":"","ocean_menu_typo_transform":"","ocean_menu_typo_transform_tablet":"","ocean_menu_typo_transform_mobile":"","ocean_menu_typo_line_height":0,"ocean_menu_typo_line_height_tablet":0,"ocean_menu_typo_line_height_mobile":0,"ocean_menu_typo_line_height_unit":"","ocean_menu_typo_spacing":0,"ocean_menu_typo_spacing_tablet":0,"ocean_menu_typo_spacing_mobile":0,"ocean_menu_typo_spacing_unit":"","ocean_menu_link_color":"","ocean_menu_link_color_hover":"","ocean_menu_link_color_active":"","ocean_menu_link_background":"","ocean_menu_link_hover_background":"","ocean_menu_link_active_background":"","ocean_menu_social_links_bg":"","ocean_menu_social_hover_links_bg":"","ocean_menu_social_links_color":"","ocean_menu_social_hover_links_color":"","ocean_disable_title":"default","ocean_disable_heading":"default","ocean_post_title":"","ocean_post_subheading":"","ocean_post_title_style":"","ocean_post_title_background_color":"","ocean_post_title_background":0,"ocean_post_title_bg_image_position":"","ocean_post_title_bg_image_attachment":"","ocean_post_title_bg_image_repeat":"","ocean_post_title_bg_image_size":"","ocean_post_title_height":0,"ocean_post_title_bg_overlay":0.5,"ocean_post_title_bg_overlay_color":"","ocean_disable_breadcrumbs":"default","ocean_breadcrumbs_color":"","ocean_breadcrumbs_separator_color":"","ocean_breadcrumbs_links_color":"","ocean_breadcrumbs_links_hover_color":"","ocean_display_footer_widgets":"default","ocean_display_footer_bottom":"default","ocean_custom_footer_template":"0","_joinchat":[]},"product_cat":[13],"product_tag":[],"mwb_booking_cost":[],"mwb_booking_service":[],"acf":[],"yoast_head":"<!-- This site is optimized with the Yoast SEO plugin v24.5 - https:\/\/yoast.com\/wordpress\/plugins\/seo\/ -->\n<title>VANDUTCH 32 - 2021 - VanDutch<\/title>\n<meta name=\"robots\" content=\"index, follow, max-snippet:-1, max-image-preview:large, max-video-preview:-1\" \/>\n<link rel=\"canonical\" href=\"https:\/\/vandutch.fr\/en\/produit\/vandutch-32-2021\/\" \/>\n<meta property=\"og:locale\" content=\"en_US\" \/>\n<meta property=\"og:type\" content=\"article\" \/>\n<meta property=\"og:title\" content=\"VANDUTCH 32 - 2021 - VanDutch\" \/>\n<meta property=\"og:description\" content=\"Design iconique, confort optimis\u00e9, cockpit high-tech : le VanDutch 32 incarne performance, innovation et \u00e9l\u00e9gance en mer.\" \/>\n<meta property=\"og:url\" content=\"https:\/\/vandutch.fr\/en\/produit\/vandutch-32-2021\/\" \/>\n<meta property=\"og:site_name\" content=\"VanDutch\" \/>\n<meta property=\"article:modified_time\" content=\"2025-04-28T12:59:08+00:00\" \/>\n<meta property=\"og:image\" content=\"https:\/\/vandutch.fr\/wp-content\/uploads\/2025\/04\/1.webp\" \/>\n\t<meta property=\"og:image:width\" content=\"1028\" \/>\n\t<meta property=\"og:image:height\" content=\"685\" \/>\n\t<meta property=\"og:image:type\" content=\"image\/webp\" \/>\n<meta name=\"twitter:card\" content=\"summary_large_image\" \/>\n<meta name=\"twitter:label1\" content=\"Price\" \/>\n\t<meta name=\"twitter:data1\" content=\"336800&nbsp;&euro;\" \/>\n\t<meta name=\"twitter:label2\" content=\"Availability\" \/>\n\t<meta name=\"twitter:data2\" content=\"In stock\" \/>\n<script type=\"application\/ld+json\" class=\"yoast-schema-graph\">{\"@context\":\"https:\/\/schema.org\",\"@graph\":[{\"@type\":[\"WebPage\",\"ItemPage\"],\"@id\":\"https:\/\/vandutch.fr\/en\/produit\/vandutch-32-2021\/\",\"url\":\"https:\/\/vandutch.fr\/en\/produit\/vandutch-32-2021\/\",\"name\":\"VANDUTCH 32 - 2021 - VanDutch\",\"isPartOf\":{\"@id\":\"https:\/\/vandutch.fr\/en\/#website\"},\"primaryImageOfPage\":{\"@id\":\"https:\/\/vandutch.fr\/en\/produit\/vandutch-32-2021\/#primaryimage\"},\"image\":{\"@id\":\"https:\/\/vandutch.fr\/en\/produit\/vandutch-32-2021\/#primaryimage\"},\"thumbnailUrl\":\"https:\/\/vandutch.fr\/wp-content\/uploads\/2025\/04\/1.webp\",\"datePublished\":\"2025-04-28T12:58:04+00:00\",\"dateModified\":\"2025-04-28T12:59:08+00:00\",\"breadcrumb\":{\"@id\":\"https:\/\/vandutch.fr\/en\/produit\/vandutch-32-2021\/#breadcrumb\"},\"inLanguage\":\"en-US\",\"potentialAction\":[{\"@type\":\"ReadAction\",\"target\":[\"https:\/\/vandutch.fr\/en\/produit\/vandutch-32-2021\/\"]}]},{\"@type\":\"ImageObject\",\"inLanguage\":\"en-US\",\"@id\":\"https:\/\/vandutch.fr\/en\/produit\/vandutch-32-2021\/#primaryimage\",\"url\":\"https:\/\/vandutch.fr\/wp-content\/uploads\/2025\/04\/1.webp\",\"contentUrl\":\"https:\/\/vandutch.fr\/wp-content\/uploads\/2025\/04\/1.webp\",\"width\":1028,\"height\":685},{\"@type\":\"BreadcrumbList\",\"@id\":\"https:\/\/vandutch.fr\/en\/produit\/vandutch-32-2021\/#breadcrumb\",\"itemListElement\":[{\"@type\":\"ListItem\",\"position\":1,\"name\":\"Home\",\"item\":\"https:\/\/vandutch.fr\/en\/\"},{\"@type\":\"ListItem\",\"position\":2,\"name\":\"Shop\",\"item\":\"https:\/\/vandutch.fr\/en\/shop\/\"},{\"@type\":\"ListItem\",\"position\":3,\"name\":\"VANDUTCH 32 &#8211; 2021\"}]},{\"@type\":\"WebSite\",\"@id\":\"https:\/\/vandutch.fr\/en\/#website\",\"url\":\"https:\/\/vandutch.fr\/en\/\",\"name\":\"VanDutch\",\"description\":\"The avant-garde in Dutch yacht building\",\"potentialAction\":[{\"@type\":\"SearchAction\",\"target\":{\"@type\":\"EntryPoint\",\"urlTemplate\":\"https:\/\/vandutch.fr\/en\/?s={search_term_string}\"},\"query-input\":{\"@type\":\"PropertyValueSpecification\",\"valueRequired\":true,\"valueName\":\"search_term_string\"}}],\"inLanguage\":\"en-US\"}]}<\/script>\n<meta property=\"product:price:amount\" content=\"336800\" \/>\n<meta property=\"product:price:currency\" content=\"EUR\" \/>\n<meta property=\"og:availability\" content=\"instock\" \/>\n<meta property=\"product:availability\" content=\"instock\" \/>\n<meta property=\"product:condition\" content=\"new\" \/>\n<!-- \/ Yoast SEO plugin. -->","yoast_head_json":{"title":"VANDUTCH 32 - 2021 - VanDutch","robots":{"index":"index","follow":"follow","max-snippet":"max-snippet:-1","max-image-preview":"max-image-preview:large","max-video-preview":"max-video-preview:-1"},"canonical":"https:\/\/vandutch.fr\/en\/produit\/vandutch-32-2021\/","og_locale":"en_US","og_type":"article","og_title":"VANDUTCH 32 - 2021 - VanDutch","og_description":"Design iconique, confort optimis\u00e9, cockpit high-tech : le VanDutch 32 incarne performance, innovation et \u00e9l\u00e9gance en mer.","og_url":"https:\/\/vandutch.fr\/en\/produit\/vandutch-32-2021\/","og_site_name":"VanDutch","article_modified_time":"2025-04-28T12:59:08+00:00","og_image":[{"width":1028,"height":685,"url":"https:\/\/vandutch.fr\/wp-content\/uploads\/2025\/04\/1.webp","type":"image\/webp"}],"twitter_card":"summary_large_image","twitter_misc":{"Price":"336800&nbsp;&euro;","Availability":"In stock"},"schema":{"@context":"https:\/\/schema.org","@graph":[{"@type":["WebPage","ItemPage"],"@id":"https:\/\/vandutch.fr\/en\/produit\/vandutch-32-2021\/","url":"https:\/\/vandutch.fr\/en\/produit\/vandutch-32-2021\/","name":"VANDUTCH 32 - 2021 - VanDutch","isPartOf":{"@id":"https:\/\/vandutch.fr\/en\/#website"},"primaryImageOfPage":{"@id":"https:\/\/vandutch.fr\/en\/produit\/vandutch-32-2021\/#primaryimage"},"image":{"@id":"https:\/\/vandutch.fr\/en\/produit\/vandutch-32-2021\/#primaryimage"},"thumbnailUrl":"https:\/\/vandutch.fr\/wp-content\/uploads\/2025\/04\/1.webp","datePublished":"2025-04-28T12:58:04+00:00","dateModified":"2025-04-28T12:59:08+00:00","breadcrumb":{"@id":"https:\/\/vandutch.fr\/en\/produit\/vandutch-32-2021\/#breadcrumb"},"inLanguage":"en-US","potentialAction":[{"@type":"ReadAction","target":["https:\/\/vandutch.fr\/en\/produit\/vandutch-32-2021\/"]}]},{"@type":"ImageObject","inLanguage":"en-US","@id":"https:\/\/vandutch.fr\/en\/produit\/vandutch-32-2021\/#primaryimage","url":"https:\/\/vandutch.fr\/wp-content\/uploads\/2025\/04\/1.webp","contentUrl":"https:\/\/vandutch.fr\/wp-content\/uploads\/2025\/04\/1.webp","width":1028,"height":685},{"@type":"BreadcrumbList","@id":"https:\/\/vandutch.fr\/en\/produit\/vandutch-32-2021\/#breadcrumb","itemListElement":[{"@type":"ListItem","position":1,"name":"Home","item":"https:\/\/vandutch.fr\/en\/"},{"@type":"ListItem","position":2,"name":"Shop","item":"https:\/\/vandutch.fr\/en\/shop\/"},{"@type":"ListItem","position":3,"name":"VANDUTCH 32 &#8211; 2021"}]},{"@type":"WebSite","@id":"https:\/\/vandutch.fr\/en\/#website","url":"https:\/\/vandutch.fr\/en\/","name":"VanDutch","description":"The avant-garde in Dutch yacht building","potentialAction":[{"@type":"SearchAction","target":{"@type":"EntryPoint","urlTemplate":"https:\/\/vandutch.fr\/en\/?s={search_term_string}"},"query-input":{"@type":"PropertyValueSpecification","valueRequired":true,"valueName":"search_term_string"}}],"inLanguage":"en-US"}]},"product_price_amount":"336800","product_price_currency":"EUR","og_availability":"instock","product_availability":"instock","product_condition":"new"},"_links":{"self":[{"href":"https:\/\/vandutch.fr\/en\/wp-json\/wp\/v2\/product\/8012"}],"collection":[{"href":"https:\/\/vandutch.fr\/en\/wp-json\/wp\/v2\/product"}],"about":[{"href":"https:\/\/vandutch.fr\/en\/wp-json\/wp\/v2\/types\/product"}],"replies":[{"embeddable":true,"href":"https:\/\/vandutch.fr\/en\/wp-json\/wp\/v2\/comments?post=8012"}],"wp:featuredmedia":[{"embeddable":true,"href":"https:\/\/vandutch.fr\/en\/wp-json\/wp\/v2\/media\/8015"}],"wp:attachment":[{"href":"https:\/\/vandutch.fr\/en\/wp-json\/wp\/v2\/media?parent=8012"}],"wp:term":[{"taxonomy":"product_cat","embeddable":true,"href":"https:\/\/vandutch.fr\/en\/wp-json\/wp\/v2\/product_cat?post=8012"},{"taxonomy":"product_tag","embeddable":true,"href":"https:\/\/vandutch.fr\/en\/wp-json\/wp\/v2\/product_tag?post=8012"},{"taxonomy":"mwb_booking_cost","embeddable":true,"href":"https:\/\/vandutch.fr\/en\/wp-json\/wp\/v2\/mwb_booking_cost?post=8012"},{"taxonomy":"mwb_booking_service","embeddable":true,"href":"https:\/\/vandutch.fr\/en\/wp-json\/wp\/v2\/mwb_booking_service?post=8012"}],"curies":[{"name":"wp","href":"https:\/\/api.w.org\/{rel}","templated":true}]}}