{"id":7910,"date":"2025-03-12T16:14:56","date_gmt":"2025-03-12T15:14:56","guid":{"rendered":"https:\/\/vandutch.fr\/?post_type=product&#038;p=7910"},"modified":"2025-04-28T09:56:56","modified_gmt":"2025-04-28T07:56:56","slug":"vandutch-40-2010","status":"publish","type":"product","link":"https:\/\/vandutch.fr\/en\/produit\/vandutch-40-2010\/","title":{"rendered":"VANDUTCH 40 &#8211; 2010"},"content":{"rendered":"<p>Le VanDutch 40 est le yacht id\u00e9al pour vivre une exp\u00e9rience unique en mer. Ce day cruiser exceptionnel est con\u00e7u pour offrir \u00e0 ses passagers un confort et des performances in\u00e9gal\u00e9s, parfait pour les sports nautiques ou une journ\u00e9e de d\u00e9tente entre amis ou en famille, pouvant accueillir jusqu&#8217;\u00e0 10 personnes. Il constitue \u00e9galement un excellent choix comme bateau de poursuite ou hors-bord de luxe, alliant polyvalence et \u00e9l\u00e9gance.<\/p>\n<p>Son cockpit spacieux cr\u00e9e une atmosph\u00e8re de convivialit\u00e9, avec une banquette en L qui s&#8217;ouvre sur une cuisine moderne \u00e0 l&#8217;avant. A l&#8217;arri\u00e8re, la banquette se prolonge pour devenir un bain de soleil, permettant de se d\u00e9tendre tout en profitant des rayons du soleil.<\/p>\n<p>Le VanDutch 40 ne se limite pas \u00e0 ses prestations ext\u00e9rieures. Il offre \u00e9galement une exp\u00e9rience de navigation confortable gr\u00e2ce \u00e0 ses \u00e9quipements haut de gamme, tels que son toit semi-automatique, ses int\u00e9rieurs raffin\u00e9s, et sa cabine en V avec couchette queen size et kitchenette, permettant de transformer ce bateau de jour en un croiseur sophistiqu\u00e9.<\/p>\n<p>Contactez-nous d\u00e8s maintenant pour organiser une visite priv\u00e9e du VanDutch 40.<\/p>\n<p><strong>Contacts :<\/strong><\/p>\n<p>Amor Jo\u00ebl : +33 6 18 49 49 76<br \/>\nSargnac Louis : +33 6 20 87 00 59<br \/>\nEmail : contact@vandutch.fr<\/p>\n","protected":false},"excerpt":{"rendered":"<p>Le VanDutch 40 allie un design moderne, un confort haut de gamme et une exclusivit\u00e9 rare, offrant ainsi une exp\u00e9rience de navigation unique et inoubliable sur toutes les mers.<\/p>\n","protected":false},"featured_media":7911,"comment_status":"open","ping_status":"closed","template":"","meta":{"_acf_changed":false,"ngg_post_thumbnail":0,"ocean_post_layout":"","ocean_both_sidebars_style":"","ocean_both_sidebars_content_width":0,"ocean_both_sidebars_sidebars_width":0,"ocean_sidebar":"0","ocean_second_sidebar":"0","ocean_disable_margins":"enable","ocean_add_body_class":"","ocean_shortcode_before_top_bar":"","ocean_shortcode_after_top_bar":"","ocean_shortcode_before_header":"","ocean_shortcode_after_header":"","ocean_has_shortcode":"","ocean_shortcode_after_title":"","ocean_shortcode_before_footer_widgets":"","ocean_shortcode_after_footer_widgets":"","ocean_shortcode_before_footer_bottom":"","ocean_shortcode_after_footer_bottom":"","ocean_display_top_bar":"default","ocean_display_header":"default","ocean_header_style":"","ocean_center_header_left_menu":"0","ocean_custom_header_template":"0","ocean_custom_logo":0,"ocean_custom_retina_logo":0,"ocean_custom_logo_max_width":0,"ocean_custom_logo_tablet_max_width":0,"ocean_custom_logo_mobile_max_width":0,"ocean_custom_logo_max_height":0,"ocean_custom_logo_tablet_max_height":0,"ocean_custom_logo_mobile_max_height":0,"ocean_header_custom_menu":"0","ocean_menu_typo_font_family":"0","ocean_menu_typo_font_subset":"","ocean_menu_typo_font_size":0,"ocean_menu_typo_font_size_tablet":0,"ocean_menu_typo_font_size_mobile":0,"ocean_menu_typo_font_size_unit":"px","ocean_menu_typo_font_weight":"","ocean_menu_typo_font_weight_tablet":"","ocean_menu_typo_font_weight_mobile":"","ocean_menu_typo_transform":"","ocean_menu_typo_transform_tablet":"","ocean_menu_typo_transform_mobile":"","ocean_menu_typo_line_height":0,"ocean_menu_typo_line_height_tablet":0,"ocean_menu_typo_line_height_mobile":0,"ocean_menu_typo_line_height_unit":"","ocean_menu_typo_spacing":0,"ocean_menu_typo_spacing_tablet":0,"ocean_menu_typo_spacing_mobile":0,"ocean_menu_typo_spacing_unit":"","ocean_menu_link_color":"","ocean_menu_link_color_hover":"","ocean_menu_link_color_active":"","ocean_menu_link_background":"","ocean_menu_link_hover_background":"","ocean_menu_link_active_background":"","ocean_menu_social_links_bg":"","ocean_menu_social_hover_links_bg":"","ocean_menu_social_links_color":"","ocean_menu_social_hover_links_color":"","ocean_disable_title":"default","ocean_disable_heading":"default","ocean_post_title":"","ocean_post_subheading":"","ocean_post_title_style":"","ocean_post_title_background_color":"","ocean_post_title_background":0,"ocean_post_title_bg_image_position":"","ocean_post_title_bg_image_attachment":"","ocean_post_title_bg_image_repeat":"","ocean_post_title_bg_image_size":"","ocean_post_title_height":0,"ocean_post_title_bg_overlay":0.5,"ocean_post_title_bg_overlay_color":"","ocean_disable_breadcrumbs":"default","ocean_breadcrumbs_color":"","ocean_breadcrumbs_separator_color":"","ocean_breadcrumbs_links_color":"","ocean_breadcrumbs_links_hover_color":"","ocean_display_footer_widgets":"default","ocean_display_footer_bottom":"default","ocean_custom_footer_template":"0","_joinchat":[]},"product_cat":[13],"product_tag":[],"mwb_booking_cost":[],"mwb_booking_service":[],"acf":[],"yoast_head":"<!-- This site is optimized with the Yoast SEO plugin v24.5 - https:\/\/yoast.com\/wordpress\/plugins\/seo\/ -->\n<title>VANDUTCH 40 - 2010 - VanDutch<\/title>\n<meta name=\"description\" content=\"Pouvant accueillir jusqu&#039;\u00e0 10 personnes le Vandutch 40 constitue \u00e9galement un excellent choix comme bateau de poursuite ou hors-bord de luxe, alliant polyvalence et \u00e9l\u00e9gance.\" \/>\n<meta name=\"robots\" content=\"index, follow, max-snippet:-1, max-image-preview:large, max-video-preview:-1\" \/>\n<link rel=\"canonical\" href=\"https:\/\/vandutch.fr\/en\/produit\/vandutch-40-2010\/\" \/>\n<meta property=\"og:locale\" content=\"en_US\" \/>\n<meta property=\"og:type\" content=\"article\" \/>\n<meta property=\"og:title\" content=\"VANDUTCH 40 - 2010 - VanDutch\" \/>\n<meta property=\"og:description\" content=\"Pouvant accueillir jusqu&#039;\u00e0 10 personnes le Vandutch 40 constitue \u00e9galement un excellent choix comme bateau de poursuite ou hors-bord de luxe, alliant polyvalence et \u00e9l\u00e9gance.\" \/>\n<meta property=\"og:url\" content=\"https:\/\/vandutch.fr\/en\/produit\/vandutch-40-2010\/\" \/>\n<meta property=\"og:site_name\" content=\"VanDutch\" \/>\n<meta property=\"article:modified_time\" content=\"2025-04-28T07:56:56+00:00\" \/>\n<meta property=\"og:image\" content=\"https:\/\/vandutch.fr\/wp-content\/uploads\/2025\/03\/V1.jpeg\" \/>\n\t<meta property=\"og:image:width\" content=\"1024\" \/>\n\t<meta property=\"og:image:height\" content=\"768\" \/>\n\t<meta property=\"og:image:type\" content=\"image\/jpeg\" \/>\n<meta name=\"twitter:card\" content=\"summary_large_image\" \/>\n<meta name=\"twitter:label1\" content=\"Price\" \/>\n\t<meta name=\"twitter:data1\" content=\"270000&nbsp;&euro;\" \/>\n\t<meta name=\"twitter:label2\" content=\"Availability\" \/>\n\t<meta name=\"twitter:data2\" content=\"In stock\" \/>\n<script type=\"application\/ld+json\" class=\"yoast-schema-graph\">{\"@context\":\"https:\/\/schema.org\",\"@graph\":[{\"@type\":[\"WebPage\",\"ItemPage\"],\"@id\":\"https:\/\/vandutch.fr\/en\/produit\/vandutch-40-2010\/\",\"url\":\"https:\/\/vandutch.fr\/en\/produit\/vandutch-40-2010\/\",\"name\":\"VANDUTCH 40 - 2010 - VanDutch\",\"isPartOf\":{\"@id\":\"https:\/\/vandutch.fr\/en\/#website\"},\"primaryImageOfPage\":{\"@id\":\"https:\/\/vandutch.fr\/en\/produit\/vandutch-40-2010\/#primaryimage\"},\"image\":{\"@id\":\"https:\/\/vandutch.fr\/en\/produit\/vandutch-40-2010\/#primaryimage\"},\"thumbnailUrl\":\"https:\/\/vandutch.fr\/wp-content\/uploads\/2025\/03\/V1.jpeg\",\"datePublished\":\"2025-03-12T15:14:56+00:00\",\"dateModified\":\"2025-04-28T07:56:56+00:00\",\"description\":\"Pouvant accueillir jusqu'\u00e0 10 personnes le Vandutch 40 constitue \u00e9galement un excellent choix comme bateau de poursuite ou hors-bord de luxe, alliant polyvalence et \u00e9l\u00e9gance.\",\"breadcrumb\":{\"@id\":\"https:\/\/vandutch.fr\/en\/produit\/vandutch-40-2010\/#breadcrumb\"},\"inLanguage\":\"en-US\",\"potentialAction\":[{\"@type\":\"ReadAction\",\"target\":[\"https:\/\/vandutch.fr\/en\/produit\/vandutch-40-2010\/\"]}]},{\"@type\":\"ImageObject\",\"inLanguage\":\"en-US\",\"@id\":\"https:\/\/vandutch.fr\/en\/produit\/vandutch-40-2010\/#primaryimage\",\"url\":\"https:\/\/vandutch.fr\/wp-content\/uploads\/2025\/03\/V1.jpeg\",\"contentUrl\":\"https:\/\/vandutch.fr\/wp-content\/uploads\/2025\/03\/V1.jpeg\",\"width\":1024,\"height\":768},{\"@type\":\"BreadcrumbList\",\"@id\":\"https:\/\/vandutch.fr\/en\/produit\/vandutch-40-2010\/#breadcrumb\",\"itemListElement\":[{\"@type\":\"ListItem\",\"position\":1,\"name\":\"Home\",\"item\":\"https:\/\/vandutch.fr\/en\/\"},{\"@type\":\"ListItem\",\"position\":2,\"name\":\"Shop\",\"item\":\"https:\/\/vandutch.fr\/en\/shop\/\"},{\"@type\":\"ListItem\",\"position\":3,\"name\":\"VANDUTCH 40 &#8211; 2010\"}]},{\"@type\":\"WebSite\",\"@id\":\"https:\/\/vandutch.fr\/en\/#website\",\"url\":\"https:\/\/vandutch.fr\/en\/\",\"name\":\"VanDutch\",\"description\":\"The avant-garde in Dutch yacht building\",\"potentialAction\":[{\"@type\":\"SearchAction\",\"target\":{\"@type\":\"EntryPoint\",\"urlTemplate\":\"https:\/\/vandutch.fr\/en\/?s={search_term_string}\"},\"query-input\":{\"@type\":\"PropertyValueSpecification\",\"valueRequired\":true,\"valueName\":\"search_term_string\"}}],\"inLanguage\":\"en-US\"}]}<\/script>\n<meta property=\"product:price:amount\" content=\"270000\" \/>\n<meta property=\"product:price:currency\" content=\"EUR\" \/>\n<meta property=\"og:availability\" content=\"instock\" \/>\n<meta property=\"product:availability\" content=\"instock\" \/>\n<meta property=\"product:condition\" content=\"new\" \/>\n<!-- \/ Yoast SEO plugin. -->","yoast_head_json":{"title":"VANDUTCH 40 - 2010 - VanDutch","description":"Pouvant accueillir jusqu'\u00e0 10 personnes le Vandutch 40 constitue \u00e9galement un excellent choix comme bateau de poursuite ou hors-bord de luxe, alliant polyvalence et \u00e9l\u00e9gance.","robots":{"index":"index","follow":"follow","max-snippet":"max-snippet:-1","max-image-preview":"max-image-preview:large","max-video-preview":"max-video-preview:-1"},"canonical":"https:\/\/vandutch.fr\/en\/produit\/vandutch-40-2010\/","og_locale":"en_US","og_type":"article","og_title":"VANDUTCH 40 - 2010 - VanDutch","og_description":"Pouvant accueillir jusqu'\u00e0 10 personnes le Vandutch 40 constitue \u00e9galement un excellent choix comme bateau de poursuite ou hors-bord de luxe, alliant polyvalence et \u00e9l\u00e9gance.","og_url":"https:\/\/vandutch.fr\/en\/produit\/vandutch-40-2010\/","og_site_name":"VanDutch","article_modified_time":"2025-04-28T07:56:56+00:00","og_image":[{"width":1024,"height":768,"url":"https:\/\/vandutch.fr\/wp-content\/uploads\/2025\/03\/V1.jpeg","type":"image\/jpeg"}],"twitter_card":"summary_large_image","twitter_misc":{"Price":"270000&nbsp;&euro;","Availability":"In stock"},"schema":{"@context":"https:\/\/schema.org","@graph":[{"@type":["WebPage","ItemPage"],"@id":"https:\/\/vandutch.fr\/en\/produit\/vandutch-40-2010\/","url":"https:\/\/vandutch.fr\/en\/produit\/vandutch-40-2010\/","name":"VANDUTCH 40 - 2010 - VanDutch","isPartOf":{"@id":"https:\/\/vandutch.fr\/en\/#website"},"primaryImageOfPage":{"@id":"https:\/\/vandutch.fr\/en\/produit\/vandutch-40-2010\/#primaryimage"},"image":{"@id":"https:\/\/vandutch.fr\/en\/produit\/vandutch-40-2010\/#primaryimage"},"thumbnailUrl":"https:\/\/vandutch.fr\/wp-content\/uploads\/2025\/03\/V1.jpeg","datePublished":"2025-03-12T15:14:56+00:00","dateModified":"2025-04-28T07:56:56+00:00","description":"Pouvant accueillir jusqu'\u00e0 10 personnes le Vandutch 40 constitue \u00e9galement un excellent choix comme bateau de poursuite ou hors-bord de luxe, alliant polyvalence et \u00e9l\u00e9gance.","breadcrumb":{"@id":"https:\/\/vandutch.fr\/en\/produit\/vandutch-40-2010\/#breadcrumb"},"inLanguage":"en-US","potentialAction":[{"@type":"ReadAction","target":["https:\/\/vandutch.fr\/en\/produit\/vandutch-40-2010\/"]}]},{"@type":"ImageObject","inLanguage":"en-US","@id":"https:\/\/vandutch.fr\/en\/produit\/vandutch-40-2010\/#primaryimage","url":"https:\/\/vandutch.fr\/wp-content\/uploads\/2025\/03\/V1.jpeg","contentUrl":"https:\/\/vandutch.fr\/wp-content\/uploads\/2025\/03\/V1.jpeg","width":1024,"height":768},{"@type":"BreadcrumbList","@id":"https:\/\/vandutch.fr\/en\/produit\/vandutch-40-2010\/#breadcrumb","itemListElement":[{"@type":"ListItem","position":1,"name":"Home","item":"https:\/\/vandutch.fr\/en\/"},{"@type":"ListItem","position":2,"name":"Shop","item":"https:\/\/vandutch.fr\/en\/shop\/"},{"@type":"ListItem","position":3,"name":"VANDUTCH 40 &#8211; 2010"}]},{"@type":"WebSite","@id":"https:\/\/vandutch.fr\/en\/#website","url":"https:\/\/vandutch.fr\/en\/","name":"VanDutch","description":"The avant-garde in Dutch yacht building","potentialAction":[{"@type":"SearchAction","target":{"@type":"EntryPoint","urlTemplate":"https:\/\/vandutch.fr\/en\/?s={search_term_string}"},"query-input":{"@type":"PropertyValueSpecification","valueRequired":true,"valueName":"search_term_string"}}],"inLanguage":"en-US"}]},"product_price_amount":"270000","product_price_currency":"EUR","og_availability":"instock","product_availability":"instock","product_condition":"new"},"_links":{"self":[{"href":"https:\/\/vandutch.fr\/en\/wp-json\/wp\/v2\/product\/7910"}],"collection":[{"href":"https:\/\/vandutch.fr\/en\/wp-json\/wp\/v2\/product"}],"about":[{"href":"https:\/\/vandutch.fr\/en\/wp-json\/wp\/v2\/types\/product"}],"replies":[{"embeddable":true,"href":"https:\/\/vandutch.fr\/en\/wp-json\/wp\/v2\/comments?post=7910"}],"wp:featuredmedia":[{"embeddable":true,"href":"https:\/\/vandutch.fr\/en\/wp-json\/wp\/v2\/media\/7911"}],"wp:attachment":[{"href":"https:\/\/vandutch.fr\/en\/wp-json\/wp\/v2\/media?parent=7910"}],"wp:term":[{"taxonomy":"product_cat","embeddable":true,"href":"https:\/\/vandutch.fr\/en\/wp-json\/wp\/v2\/product_cat?post=7910"},{"taxonomy":"product_tag","embeddable":true,"href":"https:\/\/vandutch.fr\/en\/wp-json\/wp\/v2\/product_tag?post=7910"},{"taxonomy":"mwb_booking_cost","embeddable":true,"href":"https:\/\/vandutch.fr\/en\/wp-json\/wp\/v2\/mwb_booking_cost?post=7910"},{"taxonomy":"mwb_booking_service","embeddable":true,"href":"https:\/\/vandutch.fr\/en\/wp-json\/wp\/v2\/mwb_booking_service?post=7910"}],"curies":[{"name":"wp","href":"https:\/\/api.w.org\/{rel}","templated":true}]}}