{"id":7843,"date":"2025-03-07T15:19:03","date_gmt":"2025-03-07T14:19:03","guid":{"rendered":"https:\/\/vandutch.fr\/?post_type=product&#038;p=7843"},"modified":"2025-04-28T09:59:58","modified_gmt":"2025-04-28T07:59:58","slug":"tesoro-t40-2021","status":"publish","type":"product","link":"https:\/\/vandutch.fr\/en\/produit\/tesoro-t40-2021\/","title":{"rendered":"TESORO T40 &#8211; 2021"},"content":{"rendered":"<p>Le Tesoro T40 de 2021 allie \u00e0 la perfection luxe, performance et raffinement. Propuls\u00e9 par deux moteurs Volvo D6 de 300 chevaux et seulement 650 heures de navigation, ce yacht atteint une vitesse maximale impressionnante de 27 n\u0153uds, assurant des performances exceptionnelles sur l\u2019eau.<\/p>\n<p>Son design ext\u00e9rieur moderne dispose d\u2019espaces ouverts, id\u00e9al pour la d\u00e9tente et les r\u00e9unions amicales en plein air. \u00c0 l\u2019int\u00e9rieur, le Tesoro T40 offre une cabine centrale spacieuse et une salle de bain enti\u00e8rement \u00e9quip\u00e9e, offrant un confort maximal pendant vos croisi\u00e8res.<\/p>\n<p>Gr\u00e2ce \u00e0 son propulseur d\u2019\u00e9trave, man\u0153uvrer dans les espaces restreints devient ais\u00e9, tandis que ses finitions haut de gamme et ses \u00e9quipements de qualit\u00e9 garantissent une exp\u00e9rience de navigation in\u00e9gal\u00e9e. Que vous planifiez une croisi\u00e8re en M\u00e9diterran\u00e9e ou une escapade priv\u00e9e, le Tesoro T40 est con\u00e7u pour d\u00e9passer toutes vos attentes.<\/p>\n<p>Ce yacht remarquable est disponible imm\u00e9diatement, avec des emplacements portuaires pratiques pour tous nos yachts.<\/p>\n<p>Pour plus de d\u00e9tails ou pour planifier une visite priv\u00e9e, n\u2019h\u00e9sitez pas \u00e0 nous contacter.<\/p>\n<p><strong>Contacts&nbsp;:<\/strong><\/p>\n<p>Amor Jo\u00ebl: +33 6 18 49 49 76<br data-start=\"1157\" data-end=\"1160\">Sargnac Louis: +33 6 20 87 00 59<br data-start=\"1195\" data-end=\"1198\">Email: contact@vandutch.fr<\/p>\n","protected":false},"excerpt":{"rendered":"<p>Le Tesoro T40 de 2021 incarne parfaitement le yacht de luxe, alliant des performances exceptionnelles, un design raffin\u00e9 et un confort ultime pour une exp\u00e9rience inoubliable.<\/p>\n","protected":false},"featured_media":7844,"comment_status":"open","ping_status":"closed","template":"","meta":{"_acf_changed":false,"ngg_post_thumbnail":0,"ocean_post_layout":"","ocean_both_sidebars_style":"","ocean_both_sidebars_content_width":0,"ocean_both_sidebars_sidebars_width":0,"ocean_sidebar":"0","ocean_second_sidebar":"0","ocean_disable_margins":"enable","ocean_add_body_class":"","ocean_shortcode_before_top_bar":"","ocean_shortcode_after_top_bar":"","ocean_shortcode_before_header":"","ocean_shortcode_after_header":"","ocean_has_shortcode":"","ocean_shortcode_after_title":"","ocean_shortcode_before_footer_widgets":"","ocean_shortcode_after_footer_widgets":"","ocean_shortcode_before_footer_bottom":"","ocean_shortcode_after_footer_bottom":"","ocean_display_top_bar":"default","ocean_display_header":"default","ocean_header_style":"","ocean_center_header_left_menu":"0","ocean_custom_header_template":"0","ocean_custom_logo":0,"ocean_custom_retina_logo":0,"ocean_custom_logo_max_width":0,"ocean_custom_logo_tablet_max_width":0,"ocean_custom_logo_mobile_max_width":0,"ocean_custom_logo_max_height":0,"ocean_custom_logo_tablet_max_height":0,"ocean_custom_logo_mobile_max_height":0,"ocean_header_custom_menu":"0","ocean_menu_typo_font_family":"0","ocean_menu_typo_font_subset":"","ocean_menu_typo_font_size":0,"ocean_menu_typo_font_size_tablet":0,"ocean_menu_typo_font_size_mobile":0,"ocean_menu_typo_font_size_unit":"px","ocean_menu_typo_font_weight":"","ocean_menu_typo_font_weight_tablet":"","ocean_menu_typo_font_weight_mobile":"","ocean_menu_typo_transform":"","ocean_menu_typo_transform_tablet":"","ocean_menu_typo_transform_mobile":"","ocean_menu_typo_line_height":0,"ocean_menu_typo_line_height_tablet":0,"ocean_menu_typo_line_height_mobile":0,"ocean_menu_typo_line_height_unit":"","ocean_menu_typo_spacing":0,"ocean_menu_typo_spacing_tablet":0,"ocean_menu_typo_spacing_mobile":0,"ocean_menu_typo_spacing_unit":"","ocean_menu_link_color":"","ocean_menu_link_color_hover":"","ocean_menu_link_color_active":"","ocean_menu_link_background":"","ocean_menu_link_hover_background":"","ocean_menu_link_active_background":"","ocean_menu_social_links_bg":"","ocean_menu_social_hover_links_bg":"","ocean_menu_social_links_color":"","ocean_menu_social_hover_links_color":"","ocean_disable_title":"default","ocean_disable_heading":"default","ocean_post_title":"","ocean_post_subheading":"","ocean_post_title_style":"","ocean_post_title_background_color":"","ocean_post_title_background":0,"ocean_post_title_bg_image_position":"","ocean_post_title_bg_image_attachment":"","ocean_post_title_bg_image_repeat":"","ocean_post_title_bg_image_size":"","ocean_post_title_height":0,"ocean_post_title_bg_overlay":0.5,"ocean_post_title_bg_overlay_color":"","ocean_disable_breadcrumbs":"default","ocean_breadcrumbs_color":"","ocean_breadcrumbs_separator_color":"","ocean_breadcrumbs_links_color":"","ocean_breadcrumbs_links_hover_color":"","ocean_display_footer_widgets":"default","ocean_display_footer_bottom":"default","ocean_custom_footer_template":"0","_joinchat":[]},"product_cat":[13],"product_tag":[],"mwb_booking_cost":[],"mwb_booking_service":[],"acf":[],"yoast_head":"<!-- This site is optimized with the Yoast SEO plugin v24.5 - https:\/\/yoast.com\/wordpress\/plugins\/seo\/ -->\n<title>TESORO T40 - 2021 - VanDutch<\/title>\n<meta name=\"description\" content=\"Le Tesoro T40 (2021) incarne le luxe, la performance et le raffinement. Avec ses lignes \u00e9l\u00e9gantes et ses \u00e9quipements haut de gamme, il offre un espace g\u00e9n\u00e9reux, id\u00e9al pour des croisi\u00e8res inoubliables.\" \/>\n<meta name=\"robots\" content=\"index, follow, max-snippet:-1, max-image-preview:large, max-video-preview:-1\" \/>\n<link rel=\"canonical\" href=\"https:\/\/vandutch.fr\/en\/produit\/tesoro-t40-2021\/\" \/>\n<meta property=\"og:locale\" content=\"en_US\" \/>\n<meta property=\"og:type\" content=\"article\" \/>\n<meta property=\"og:title\" content=\"TESORO T40 - 2021 - VanDutch\" \/>\n<meta property=\"og:description\" content=\"Le Tesoro T40 (2021) incarne le luxe, la performance et le raffinement. Avec ses lignes \u00e9l\u00e9gantes et ses \u00e9quipements haut de gamme, il offre un espace g\u00e9n\u00e9reux, id\u00e9al pour des croisi\u00e8res inoubliables.\" \/>\n<meta property=\"og:url\" content=\"https:\/\/vandutch.fr\/en\/produit\/tesoro-t40-2021\/\" \/>\n<meta property=\"og:site_name\" content=\"VanDutch\" \/>\n<meta property=\"article:modified_time\" content=\"2025-04-28T07:59:58+00:00\" \/>\n<meta property=\"og:image\" content=\"https:\/\/vandutch.fr\/wp-content\/uploads\/2025\/03\/Capture-decran-2025-03-07-a-09.36.10.jpg\" \/>\n\t<meta property=\"og:image:width\" content=\"1776\" \/>\n\t<meta property=\"og:image:height\" content=\"764\" \/>\n\t<meta property=\"og:image:type\" content=\"image\/jpeg\" \/>\n<meta name=\"twitter:card\" content=\"summary_large_image\" \/>\n<meta name=\"twitter:label1\" content=\"Price\" \/>\n\t<meta name=\"twitter:data1\" content=\"340000&nbsp;&euro;\" \/>\n\t<meta name=\"twitter:label2\" content=\"Availability\" \/>\n\t<meta name=\"twitter:data2\" content=\"In stock\" \/>\n<script type=\"application\/ld+json\" class=\"yoast-schema-graph\">{\"@context\":\"https:\/\/schema.org\",\"@graph\":[{\"@type\":[\"WebPage\",\"ItemPage\"],\"@id\":\"https:\/\/vandutch.fr\/en\/produit\/tesoro-t40-2021\/\",\"url\":\"https:\/\/vandutch.fr\/en\/produit\/tesoro-t40-2021\/\",\"name\":\"TESORO T40 - 2021 - VanDutch\",\"isPartOf\":{\"@id\":\"https:\/\/vandutch.fr\/en\/#website\"},\"primaryImageOfPage\":{\"@id\":\"https:\/\/vandutch.fr\/en\/produit\/tesoro-t40-2021\/#primaryimage\"},\"image\":{\"@id\":\"https:\/\/vandutch.fr\/en\/produit\/tesoro-t40-2021\/#primaryimage\"},\"thumbnailUrl\":\"https:\/\/vandutch.fr\/wp-content\/uploads\/2025\/03\/Capture-decran-2025-03-07-a-09.36.10.jpg\",\"datePublished\":\"2025-03-07T14:19:03+00:00\",\"dateModified\":\"2025-04-28T07:59:58+00:00\",\"description\":\"Le Tesoro T40 (2021) incarne le luxe, la performance et le raffinement. Avec ses lignes \u00e9l\u00e9gantes et ses \u00e9quipements haut de gamme, il offre un espace g\u00e9n\u00e9reux, id\u00e9al pour des croisi\u00e8res inoubliables.\",\"breadcrumb\":{\"@id\":\"https:\/\/vandutch.fr\/en\/produit\/tesoro-t40-2021\/#breadcrumb\"},\"inLanguage\":\"en-US\",\"potentialAction\":[{\"@type\":\"ReadAction\",\"target\":[\"https:\/\/vandutch.fr\/en\/produit\/tesoro-t40-2021\/\"]}]},{\"@type\":\"ImageObject\",\"inLanguage\":\"en-US\",\"@id\":\"https:\/\/vandutch.fr\/en\/produit\/tesoro-t40-2021\/#primaryimage\",\"url\":\"https:\/\/vandutch.fr\/wp-content\/uploads\/2025\/03\/Capture-decran-2025-03-07-a-09.36.10.jpg\",\"contentUrl\":\"https:\/\/vandutch.fr\/wp-content\/uploads\/2025\/03\/Capture-decran-2025-03-07-a-09.36.10.jpg\",\"width\":1776,\"height\":764},{\"@type\":\"BreadcrumbList\",\"@id\":\"https:\/\/vandutch.fr\/en\/produit\/tesoro-t40-2021\/#breadcrumb\",\"itemListElement\":[{\"@type\":\"ListItem\",\"position\":1,\"name\":\"Home\",\"item\":\"https:\/\/vandutch.fr\/en\/\"},{\"@type\":\"ListItem\",\"position\":2,\"name\":\"Shop\",\"item\":\"https:\/\/vandutch.fr\/en\/shop\/\"},{\"@type\":\"ListItem\",\"position\":3,\"name\":\"TESORO T40 &#8211; 2021\"}]},{\"@type\":\"WebSite\",\"@id\":\"https:\/\/vandutch.fr\/en\/#website\",\"url\":\"https:\/\/vandutch.fr\/en\/\",\"name\":\"VanDutch\",\"description\":\"The avant-garde in Dutch yacht building\",\"potentialAction\":[{\"@type\":\"SearchAction\",\"target\":{\"@type\":\"EntryPoint\",\"urlTemplate\":\"https:\/\/vandutch.fr\/en\/?s={search_term_string}\"},\"query-input\":{\"@type\":\"PropertyValueSpecification\",\"valueRequired\":true,\"valueName\":\"search_term_string\"}}],\"inLanguage\":\"en-US\"}]}<\/script>\n<meta property=\"product:price:amount\" content=\"340000\" \/>\n<meta property=\"product:price:currency\" content=\"EUR\" \/>\n<meta property=\"og:availability\" content=\"instock\" \/>\n<meta property=\"product:availability\" content=\"instock\" \/>\n<meta property=\"product:condition\" content=\"new\" \/>\n<!-- \/ Yoast SEO plugin. -->","yoast_head_json":{"title":"TESORO T40 - 2021 - VanDutch","description":"Le Tesoro T40 (2021) incarne le luxe, la performance et le raffinement. Avec ses lignes \u00e9l\u00e9gantes et ses \u00e9quipements haut de gamme, il offre un espace g\u00e9n\u00e9reux, id\u00e9al pour des croisi\u00e8res inoubliables.","robots":{"index":"index","follow":"follow","max-snippet":"max-snippet:-1","max-image-preview":"max-image-preview:large","max-video-preview":"max-video-preview:-1"},"canonical":"https:\/\/vandutch.fr\/en\/produit\/tesoro-t40-2021\/","og_locale":"en_US","og_type":"article","og_title":"TESORO T40 - 2021 - VanDutch","og_description":"Le Tesoro T40 (2021) incarne le luxe, la performance et le raffinement. Avec ses lignes \u00e9l\u00e9gantes et ses \u00e9quipements haut de gamme, il offre un espace g\u00e9n\u00e9reux, id\u00e9al pour des croisi\u00e8res inoubliables.","og_url":"https:\/\/vandutch.fr\/en\/produit\/tesoro-t40-2021\/","og_site_name":"VanDutch","article_modified_time":"2025-04-28T07:59:58+00:00","og_image":[{"width":1776,"height":764,"url":"https:\/\/vandutch.fr\/wp-content\/uploads\/2025\/03\/Capture-decran-2025-03-07-a-09.36.10.jpg","type":"image\/jpeg"}],"twitter_card":"summary_large_image","twitter_misc":{"Price":"340000&nbsp;&euro;","Availability":"In stock"},"schema":{"@context":"https:\/\/schema.org","@graph":[{"@type":["WebPage","ItemPage"],"@id":"https:\/\/vandutch.fr\/en\/produit\/tesoro-t40-2021\/","url":"https:\/\/vandutch.fr\/en\/produit\/tesoro-t40-2021\/","name":"TESORO T40 - 2021 - VanDutch","isPartOf":{"@id":"https:\/\/vandutch.fr\/en\/#website"},"primaryImageOfPage":{"@id":"https:\/\/vandutch.fr\/en\/produit\/tesoro-t40-2021\/#primaryimage"},"image":{"@id":"https:\/\/vandutch.fr\/en\/produit\/tesoro-t40-2021\/#primaryimage"},"thumbnailUrl":"https:\/\/vandutch.fr\/wp-content\/uploads\/2025\/03\/Capture-decran-2025-03-07-a-09.36.10.jpg","datePublished":"2025-03-07T14:19:03+00:00","dateModified":"2025-04-28T07:59:58+00:00","description":"Le Tesoro T40 (2021) incarne le luxe, la performance et le raffinement. Avec ses lignes \u00e9l\u00e9gantes et ses \u00e9quipements haut de gamme, il offre un espace g\u00e9n\u00e9reux, id\u00e9al pour des croisi\u00e8res inoubliables.","breadcrumb":{"@id":"https:\/\/vandutch.fr\/en\/produit\/tesoro-t40-2021\/#breadcrumb"},"inLanguage":"en-US","potentialAction":[{"@type":"ReadAction","target":["https:\/\/vandutch.fr\/en\/produit\/tesoro-t40-2021\/"]}]},{"@type":"ImageObject","inLanguage":"en-US","@id":"https:\/\/vandutch.fr\/en\/produit\/tesoro-t40-2021\/#primaryimage","url":"https:\/\/vandutch.fr\/wp-content\/uploads\/2025\/03\/Capture-decran-2025-03-07-a-09.36.10.jpg","contentUrl":"https:\/\/vandutch.fr\/wp-content\/uploads\/2025\/03\/Capture-decran-2025-03-07-a-09.36.10.jpg","width":1776,"height":764},{"@type":"BreadcrumbList","@id":"https:\/\/vandutch.fr\/en\/produit\/tesoro-t40-2021\/#breadcrumb","itemListElement":[{"@type":"ListItem","position":1,"name":"Home","item":"https:\/\/vandutch.fr\/en\/"},{"@type":"ListItem","position":2,"name":"Shop","item":"https:\/\/vandutch.fr\/en\/shop\/"},{"@type":"ListItem","position":3,"name":"TESORO T40 &#8211; 2021"}]},{"@type":"WebSite","@id":"https:\/\/vandutch.fr\/en\/#website","url":"https:\/\/vandutch.fr\/en\/","name":"VanDutch","description":"The avant-garde in Dutch yacht building","potentialAction":[{"@type":"SearchAction","target":{"@type":"EntryPoint","urlTemplate":"https:\/\/vandutch.fr\/en\/?s={search_term_string}"},"query-input":{"@type":"PropertyValueSpecification","valueRequired":true,"valueName":"search_term_string"}}],"inLanguage":"en-US"}]},"product_price_amount":"340000","product_price_currency":"EUR","og_availability":"instock","product_availability":"instock","product_condition":"new"},"_links":{"self":[{"href":"https:\/\/vandutch.fr\/en\/wp-json\/wp\/v2\/product\/7843"}],"collection":[{"href":"https:\/\/vandutch.fr\/en\/wp-json\/wp\/v2\/product"}],"about":[{"href":"https:\/\/vandutch.fr\/en\/wp-json\/wp\/v2\/types\/product"}],"replies":[{"embeddable":true,"href":"https:\/\/vandutch.fr\/en\/wp-json\/wp\/v2\/comments?post=7843"}],"wp:featuredmedia":[{"embeddable":true,"href":"https:\/\/vandutch.fr\/en\/wp-json\/wp\/v2\/media\/7844"}],"wp:attachment":[{"href":"https:\/\/vandutch.fr\/en\/wp-json\/wp\/v2\/media?parent=7843"}],"wp:term":[{"taxonomy":"product_cat","embeddable":true,"href":"https:\/\/vandutch.fr\/en\/wp-json\/wp\/v2\/product_cat?post=7843"},{"taxonomy":"product_tag","embeddable":true,"href":"https:\/\/vandutch.fr\/en\/wp-json\/wp\/v2\/product_tag?post=7843"},{"taxonomy":"mwb_booking_cost","embeddable":true,"href":"https:\/\/vandutch.fr\/en\/wp-json\/wp\/v2\/mwb_booking_cost?post=7843"},{"taxonomy":"mwb_booking_service","embeddable":true,"href":"https:\/\/vandutch.fr\/en\/wp-json\/wp\/v2\/mwb_booking_service?post=7843"}],"curies":[{"name":"wp","href":"https:\/\/api.w.org\/{rel}","templated":true}]}}