{"id":7824,"date":"2025-03-07T15:06:34","date_gmt":"2025-03-07T14:06:34","guid":{"rendered":"https:\/\/vandutch.fr\/?post_type=product&#038;p=7824"},"modified":"2025-08-04T10:35:31","modified_gmt":"2025-08-04T08:35:31","slug":"tesoro-t40-black-series","status":"publish","type":"product","link":"https:\/\/vandutch.fr\/en\/produit\/tesoro-t40-black-series\/","title":{"rendered":"TESORO T40 BLACK SERIES &#8211; 2023"},"content":{"rendered":"<p>La s\u00e9rie Tesoro T40 IB Black se d\u00e9marque par son style audacieux et ses coussins rouges frappants, alliant harmonieusement le design \u00e0 un confort exceptionnel. Ce mod\u00e8le 2023 offre de vastes espaces ext\u00e9rieurs et un int\u00e9rieur \u00e9tonnamment spacieux, avec un salon principal convertible, une grande cabine centrale et une salle de bain compl\u00e8te pour un confort ultime.<\/p>\n<p>Son \u00e9quipement haut de gamme comprend une plate-forme hydraulique, des r\u00e2teliers \u00e0 palettes, des lumi\u00e8res sous-marines et la climatisation. De plus, le propulseur d\u2019\u00e9trave, le bimini extensible \u00e9lectrique et l\u2019parasol d\u2019\u00e9trave avec m\u00e2ts en carbone am\u00e9liorent \u00e0 la fois la maniabilit\u00e9 et le confort. Pour plus de luxe, le yacht dispose de trois grands r\u00e9frig\u00e9rateurs, d\u2019une machine \u00e0 gla\u00e7ons et d\u2019une machine \u00e0 caf\u00e9 int\u00e9gr\u00e9e, garantissant une exp\u00e9rience \u00e0 bord in\u00e9gal\u00e9e.<\/p>\n<p>Parfait pour ceux qui recherchent le luxe, la performance et la praticit\u00e9, le Tesoro T40 IB Black Series offre sur tous les fronts.<\/p>\n<p>Ce yacht exceptionnel est disponible imm\u00e9diatement, avec des options de localisation portuaire pratiques.<\/p>\n<p>Pour plus de d\u00e9tails ou pour organiser une visite priv\u00e9e, n\u2019h\u00e9sitez pas \u00e0 nous contacter.<\/p>\n<p><strong>Contacts&nbsp;:<\/strong><\/p>\n<p>Amor Jo\u00ebl&nbsp;: +33 6 18 49 49 76<br \/>\nSargnac Louis&nbsp;: +33 6 20 87 00 59<br \/>\nEmail : contact@vandutch.fr<\/p>\n","protected":false},"excerpt":{"rendered":"<p>Le Tesoro T40 IB Black Series, avec son design audacieux et ses coussins rouges, allie esth\u00e9tique moderne et confort exceptionnel.<\/p>\n","protected":false},"featured_media":7825,"comment_status":"open","ping_status":"closed","template":"","meta":{"_acf_changed":false,"ngg_post_thumbnail":0,"ocean_post_layout":"","ocean_both_sidebars_style":"","ocean_both_sidebars_content_width":0,"ocean_both_sidebars_sidebars_width":0,"ocean_sidebar":"0","ocean_second_sidebar":"0","ocean_disable_margins":"enable","ocean_add_body_class":"","ocean_shortcode_before_top_bar":"","ocean_shortcode_after_top_bar":"","ocean_shortcode_before_header":"","ocean_shortcode_after_header":"","ocean_has_shortcode":"","ocean_shortcode_after_title":"","ocean_shortcode_before_footer_widgets":"","ocean_shortcode_after_footer_widgets":"","ocean_shortcode_before_footer_bottom":"","ocean_shortcode_after_footer_bottom":"","ocean_display_top_bar":"default","ocean_display_header":"default","ocean_header_style":"","ocean_center_header_left_menu":"0","ocean_custom_header_template":"0","ocean_custom_logo":0,"ocean_custom_retina_logo":0,"ocean_custom_logo_max_width":0,"ocean_custom_logo_tablet_max_width":0,"ocean_custom_logo_mobile_max_width":0,"ocean_custom_logo_max_height":0,"ocean_custom_logo_tablet_max_height":0,"ocean_custom_logo_mobile_max_height":0,"ocean_header_custom_menu":"0","ocean_menu_typo_font_family":"0","ocean_menu_typo_font_subset":"","ocean_menu_typo_font_size":0,"ocean_menu_typo_font_size_tablet":0,"ocean_menu_typo_font_size_mobile":0,"ocean_menu_typo_font_size_unit":"px","ocean_menu_typo_font_weight":"","ocean_menu_typo_font_weight_tablet":"","ocean_menu_typo_font_weight_mobile":"","ocean_menu_typo_transform":"","ocean_menu_typo_transform_tablet":"","ocean_menu_typo_transform_mobile":"","ocean_menu_typo_line_height":0,"ocean_menu_typo_line_height_tablet":0,"ocean_menu_typo_line_height_mobile":0,"ocean_menu_typo_line_height_unit":"","ocean_menu_typo_spacing":0,"ocean_menu_typo_spacing_tablet":0,"ocean_menu_typo_spacing_mobile":0,"ocean_menu_typo_spacing_unit":"","ocean_menu_link_color":"","ocean_menu_link_color_hover":"","ocean_menu_link_color_active":"","ocean_menu_link_background":"","ocean_menu_link_hover_background":"","ocean_menu_link_active_background":"","ocean_menu_social_links_bg":"","ocean_menu_social_hover_links_bg":"","ocean_menu_social_links_color":"","ocean_menu_social_hover_links_color":"","ocean_disable_title":"default","ocean_disable_heading":"default","ocean_post_title":"","ocean_post_subheading":"","ocean_post_title_style":"","ocean_post_title_background_color":"","ocean_post_title_background":0,"ocean_post_title_bg_image_position":"","ocean_post_title_bg_image_attachment":"","ocean_post_title_bg_image_repeat":"","ocean_post_title_bg_image_size":"","ocean_post_title_height":0,"ocean_post_title_bg_overlay":0.5,"ocean_post_title_bg_overlay_color":"","ocean_disable_breadcrumbs":"default","ocean_breadcrumbs_color":"","ocean_breadcrumbs_separator_color":"","ocean_breadcrumbs_links_color":"","ocean_breadcrumbs_links_hover_color":"","ocean_display_footer_widgets":"default","ocean_display_footer_bottom":"default","ocean_custom_footer_template":"0","_joinchat":[]},"product_cat":[13],"product_tag":[],"mwb_booking_cost":[],"mwb_booking_service":[],"acf":[],"yoast_head":"<!-- This site is optimized with the Yoast SEO plugin v24.5 - https:\/\/yoast.com\/wordpress\/plugins\/seo\/ -->\n<title>TESORO T40 BLACK SERIES - 2023 - VanDutch<\/title>\n<meta name=\"robots\" content=\"index, follow, max-snippet:-1, max-image-preview:large, max-video-preview:-1\" \/>\n<link rel=\"canonical\" href=\"https:\/\/vandutch.fr\/en\/produit\/tesoro-t40-black-series\/\" \/>\n<meta property=\"og:locale\" content=\"en_US\" \/>\n<meta property=\"og:type\" content=\"article\" \/>\n<meta property=\"og:title\" content=\"TESORO T40 BLACK SERIES - 2023 - VanDutch\" \/>\n<meta property=\"og:description\" content=\"Le Tesoro T40 IB Black Series, avec son design audacieux et ses coussins rouges, allie esth\u00e9tique moderne et confort exceptionnel.\" \/>\n<meta property=\"og:url\" content=\"https:\/\/vandutch.fr\/en\/produit\/tesoro-t40-black-series\/\" \/>\n<meta property=\"og:site_name\" content=\"VanDutch\" \/>\n<meta property=\"article:modified_time\" content=\"2025-08-04T08:35:31+00:00\" \/>\n<meta property=\"og:image\" content=\"https:\/\/vandutch.fr\/wp-content\/uploads\/2025\/03\/Capture-decran-2025-03-07-a-09.34.13.jpg\" \/>\n\t<meta property=\"og:image:width\" content=\"1766\" \/>\n\t<meta property=\"og:image:height\" content=\"762\" \/>\n\t<meta property=\"og:image:type\" content=\"image\/jpeg\" \/>\n<meta name=\"twitter:card\" content=\"summary_large_image\" \/>\n<meta name=\"twitter:label1\" content=\"Price\" \/>\n\t<meta name=\"twitter:data1\" content=\"440000&nbsp;&euro;\" \/>\n\t<meta name=\"twitter:label2\" content=\"Availability\" \/>\n\t<meta name=\"twitter:data2\" content=\"In stock\" \/>\n<script type=\"application\/ld+json\" class=\"yoast-schema-graph\">{\"@context\":\"https:\/\/schema.org\",\"@graph\":[{\"@type\":[\"WebPage\",\"ItemPage\"],\"@id\":\"https:\/\/vandutch.fr\/en\/produit\/tesoro-t40-black-series\/\",\"url\":\"https:\/\/vandutch.fr\/en\/produit\/tesoro-t40-black-series\/\",\"name\":\"TESORO T40 BLACK SERIES - 2023 - VanDutch\",\"isPartOf\":{\"@id\":\"https:\/\/vandutch.fr\/en\/#website\"},\"primaryImageOfPage\":{\"@id\":\"https:\/\/vandutch.fr\/en\/produit\/tesoro-t40-black-series\/#primaryimage\"},\"image\":{\"@id\":\"https:\/\/vandutch.fr\/en\/produit\/tesoro-t40-black-series\/#primaryimage\"},\"thumbnailUrl\":\"https:\/\/vandutch.fr\/wp-content\/uploads\/2025\/03\/Capture-decran-2025-03-07-a-09.34.13.jpg\",\"datePublished\":\"2025-03-07T14:06:34+00:00\",\"dateModified\":\"2025-08-04T08:35:31+00:00\",\"breadcrumb\":{\"@id\":\"https:\/\/vandutch.fr\/en\/produit\/tesoro-t40-black-series\/#breadcrumb\"},\"inLanguage\":\"en-US\",\"potentialAction\":[{\"@type\":\"ReadAction\",\"target\":[\"https:\/\/vandutch.fr\/en\/produit\/tesoro-t40-black-series\/\"]}]},{\"@type\":\"ImageObject\",\"inLanguage\":\"en-US\",\"@id\":\"https:\/\/vandutch.fr\/en\/produit\/tesoro-t40-black-series\/#primaryimage\",\"url\":\"https:\/\/vandutch.fr\/wp-content\/uploads\/2025\/03\/Capture-decran-2025-03-07-a-09.34.13.jpg\",\"contentUrl\":\"https:\/\/vandutch.fr\/wp-content\/uploads\/2025\/03\/Capture-decran-2025-03-07-a-09.34.13.jpg\",\"width\":1766,\"height\":762},{\"@type\":\"BreadcrumbList\",\"@id\":\"https:\/\/vandutch.fr\/en\/produit\/tesoro-t40-black-series\/#breadcrumb\",\"itemListElement\":[{\"@type\":\"ListItem\",\"position\":1,\"name\":\"Home\",\"item\":\"https:\/\/vandutch.fr\/en\/\"},{\"@type\":\"ListItem\",\"position\":2,\"name\":\"Shop\",\"item\":\"https:\/\/vandutch.fr\/en\/shop\/\"},{\"@type\":\"ListItem\",\"position\":3,\"name\":\"TESORO T40 BLACK SERIES &#8211; 2023\"}]},{\"@type\":\"WebSite\",\"@id\":\"https:\/\/vandutch.fr\/en\/#website\",\"url\":\"https:\/\/vandutch.fr\/en\/\",\"name\":\"VanDutch\",\"description\":\"The avant-garde in Dutch yacht building\",\"potentialAction\":[{\"@type\":\"SearchAction\",\"target\":{\"@type\":\"EntryPoint\",\"urlTemplate\":\"https:\/\/vandutch.fr\/en\/?s={search_term_string}\"},\"query-input\":{\"@type\":\"PropertyValueSpecification\",\"valueRequired\":true,\"valueName\":\"search_term_string\"}}],\"inLanguage\":\"en-US\"}]}<\/script>\n<meta property=\"product:price:amount\" content=\"440000\" \/>\n<meta property=\"product:price:currency\" content=\"EUR\" \/>\n<meta property=\"og:availability\" content=\"instock\" \/>\n<meta property=\"product:availability\" content=\"instock\" \/>\n<meta property=\"product:condition\" content=\"new\" \/>\n<!-- \/ Yoast SEO plugin. -->","yoast_head_json":{"title":"TESORO T40 BLACK SERIES - 2023 - VanDutch","robots":{"index":"index","follow":"follow","max-snippet":"max-snippet:-1","max-image-preview":"max-image-preview:large","max-video-preview":"max-video-preview:-1"},"canonical":"https:\/\/vandutch.fr\/en\/produit\/tesoro-t40-black-series\/","og_locale":"en_US","og_type":"article","og_title":"TESORO T40 BLACK SERIES - 2023 - VanDutch","og_description":"Le Tesoro T40 IB Black Series, avec son design audacieux et ses coussins rouges, allie esth\u00e9tique moderne et confort exceptionnel.","og_url":"https:\/\/vandutch.fr\/en\/produit\/tesoro-t40-black-series\/","og_site_name":"VanDutch","article_modified_time":"2025-08-04T08:35:31+00:00","og_image":[{"width":1766,"height":762,"url":"https:\/\/vandutch.fr\/wp-content\/uploads\/2025\/03\/Capture-decran-2025-03-07-a-09.34.13.jpg","type":"image\/jpeg"}],"twitter_card":"summary_large_image","twitter_misc":{"Price":"440000&nbsp;&euro;","Availability":"In stock"},"schema":{"@context":"https:\/\/schema.org","@graph":[{"@type":["WebPage","ItemPage"],"@id":"https:\/\/vandutch.fr\/en\/produit\/tesoro-t40-black-series\/","url":"https:\/\/vandutch.fr\/en\/produit\/tesoro-t40-black-series\/","name":"TESORO T40 BLACK SERIES - 2023 - VanDutch","isPartOf":{"@id":"https:\/\/vandutch.fr\/en\/#website"},"primaryImageOfPage":{"@id":"https:\/\/vandutch.fr\/en\/produit\/tesoro-t40-black-series\/#primaryimage"},"image":{"@id":"https:\/\/vandutch.fr\/en\/produit\/tesoro-t40-black-series\/#primaryimage"},"thumbnailUrl":"https:\/\/vandutch.fr\/wp-content\/uploads\/2025\/03\/Capture-decran-2025-03-07-a-09.34.13.jpg","datePublished":"2025-03-07T14:06:34+00:00","dateModified":"2025-08-04T08:35:31+00:00","breadcrumb":{"@id":"https:\/\/vandutch.fr\/en\/produit\/tesoro-t40-black-series\/#breadcrumb"},"inLanguage":"en-US","potentialAction":[{"@type":"ReadAction","target":["https:\/\/vandutch.fr\/en\/produit\/tesoro-t40-black-series\/"]}]},{"@type":"ImageObject","inLanguage":"en-US","@id":"https:\/\/vandutch.fr\/en\/produit\/tesoro-t40-black-series\/#primaryimage","url":"https:\/\/vandutch.fr\/wp-content\/uploads\/2025\/03\/Capture-decran-2025-03-07-a-09.34.13.jpg","contentUrl":"https:\/\/vandutch.fr\/wp-content\/uploads\/2025\/03\/Capture-decran-2025-03-07-a-09.34.13.jpg","width":1766,"height":762},{"@type":"BreadcrumbList","@id":"https:\/\/vandutch.fr\/en\/produit\/tesoro-t40-black-series\/#breadcrumb","itemListElement":[{"@type":"ListItem","position":1,"name":"Home","item":"https:\/\/vandutch.fr\/en\/"},{"@type":"ListItem","position":2,"name":"Shop","item":"https:\/\/vandutch.fr\/en\/shop\/"},{"@type":"ListItem","position":3,"name":"TESORO T40 BLACK SERIES &#8211; 2023"}]},{"@type":"WebSite","@id":"https:\/\/vandutch.fr\/en\/#website","url":"https:\/\/vandutch.fr\/en\/","name":"VanDutch","description":"The avant-garde in Dutch yacht building","potentialAction":[{"@type":"SearchAction","target":{"@type":"EntryPoint","urlTemplate":"https:\/\/vandutch.fr\/en\/?s={search_term_string}"},"query-input":{"@type":"PropertyValueSpecification","valueRequired":true,"valueName":"search_term_string"}}],"inLanguage":"en-US"}]},"product_price_amount":"440000","product_price_currency":"EUR","og_availability":"instock","product_availability":"instock","product_condition":"new"},"_links":{"self":[{"href":"https:\/\/vandutch.fr\/en\/wp-json\/wp\/v2\/product\/7824"}],"collection":[{"href":"https:\/\/vandutch.fr\/en\/wp-json\/wp\/v2\/product"}],"about":[{"href":"https:\/\/vandutch.fr\/en\/wp-json\/wp\/v2\/types\/product"}],"replies":[{"embeddable":true,"href":"https:\/\/vandutch.fr\/en\/wp-json\/wp\/v2\/comments?post=7824"}],"wp:featuredmedia":[{"embeddable":true,"href":"https:\/\/vandutch.fr\/en\/wp-json\/wp\/v2\/media\/7825"}],"wp:attachment":[{"href":"https:\/\/vandutch.fr\/en\/wp-json\/wp\/v2\/media?parent=7824"}],"wp:term":[{"taxonomy":"product_cat","embeddable":true,"href":"https:\/\/vandutch.fr\/en\/wp-json\/wp\/v2\/product_cat?post=7824"},{"taxonomy":"product_tag","embeddable":true,"href":"https:\/\/vandutch.fr\/en\/wp-json\/wp\/v2\/product_tag?post=7824"},{"taxonomy":"mwb_booking_cost","embeddable":true,"href":"https:\/\/vandutch.fr\/en\/wp-json\/wp\/v2\/mwb_booking_cost?post=7824"},{"taxonomy":"mwb_booking_service","embeddable":true,"href":"https:\/\/vandutch.fr\/en\/wp-json\/wp\/v2\/mwb_booking_service?post=7824"}],"curies":[{"name":"wp","href":"https:\/\/api.w.org\/{rel}","templated":true}]}}