{"id":7736,"date":"2024-07-16T18:35:45","date_gmt":"2024-07-16T16:35:45","guid":{"rendered":"https:\/\/vandutch.fr\/?post_type=product&#038;p=7736"},"modified":"2025-07-11T11:21:46","modified_gmt":"2025-07-11T09:21:46","slug":"vandutch-40-5","status":"publish","type":"product","link":"https:\/\/vandutch.fr\/en\/produit\/vandutch-40-5\/","title":{"rendered":"VANDUTCH 40"},"content":{"rendered":"<p>Le VanDutch 40 pr\u00e9sente un design classique et des performances exceptionnelles. Ce day cruiser haut de gamme est parfait pour les moments de d\u00e9tente en mer, les sports nautiques ou tout simplement pour profiter d&#8217;une journ\u00e9e ensoleill\u00e9e \u00e0 bord. Facile \u00e0 piloter et \u00e0 utiliser, il peut accueillir jusqu&#8217;\u00e0 10 personnes, ce qui en fait le choix id\u00e9al pour les sorties entre amis ou en famille. Ce mod\u00e8le est \u00e9galement appr\u00e9ci\u00e9 comme bateau de poursuite ou annexe de prestige.<\/p>\n<p>Son cockpit spacieux et accueillant offre un espace de vie con\u00e7u pour la convivialit\u00e9 : une banquette en L s&#8217;ouvre sur une \u00e9l\u00e9gante cuisine d&#8217;\u00e9t\u00e9 \u00e0 l&#8217;avant, tandis que la banquette arri\u00e8re se d\u00e9plie en bain de soleil pour se d\u00e9tendre et profiter du cadre marin.<\/p>\n<p>Le VanDutch 40 allie style et confort avec un roof semi-automatique, des finitions int\u00e9rieures luxueuses et une cabine en V \u00e9quip\u00e9e d&#8217;une couchette queen-size et d&#8217;un espace kitchenette. Ce day boat se transforme facilement en un cruiser sophistiqu\u00e9 pour des escapades prolong\u00e9es, alliant \u00e9l\u00e9gance et praticit\u00e9.<\/p>\n<p>Contactez-nous d\u00e8s maintenant pour organiser une visite priv\u00e9e et d\u00e9couvrir le VanDutch 40.<\/p>\n<p><strong>Contacts :<\/strong><\/p>\n<p>Amor Jo\u00ebl : +33 6 18 49 49 76<br \/>\nSargnac Louis : +33 6 20 87 00 59<br \/>\nEmail : contact@vandutch.fr<\/p>\n","protected":false},"excerpt":{"rendered":"<p>Offrez-vous une exp\u00e9rience unique \u00e0 bord de notre VanDutch 40, disponible \u00e0 la location sur la French Riviera, pour des moments de luxe et de performance inoubliables.<\/p>\n","protected":false},"featured_media":7747,"comment_status":"open","ping_status":"closed","template":"","meta":{"_acf_changed":false,"ngg_post_thumbnail":0,"ocean_post_layout":"","ocean_both_sidebars_style":"","ocean_both_sidebars_content_width":0,"ocean_both_sidebars_sidebars_width":0,"ocean_sidebar":"0","ocean_second_sidebar":"0","ocean_disable_margins":"enable","ocean_add_body_class":"","ocean_shortcode_before_top_bar":"","ocean_shortcode_after_top_bar":"","ocean_shortcode_before_header":"","ocean_shortcode_after_header":"","ocean_has_shortcode":"","ocean_shortcode_after_title":"","ocean_shortcode_before_footer_widgets":"","ocean_shortcode_after_footer_widgets":"","ocean_shortcode_before_footer_bottom":"","ocean_shortcode_after_footer_bottom":"","ocean_display_top_bar":"default","ocean_display_header":"default","ocean_header_style":"","ocean_center_header_left_menu":"0","ocean_custom_header_template":"0","ocean_custom_logo":0,"ocean_custom_retina_logo":0,"ocean_custom_logo_max_width":0,"ocean_custom_logo_tablet_max_width":0,"ocean_custom_logo_mobile_max_width":0,"ocean_custom_logo_max_height":0,"ocean_custom_logo_tablet_max_height":0,"ocean_custom_logo_mobile_max_height":0,"ocean_header_custom_menu":"0","ocean_menu_typo_font_family":"0","ocean_menu_typo_font_subset":"","ocean_menu_typo_font_size":0,"ocean_menu_typo_font_size_tablet":0,"ocean_menu_typo_font_size_mobile":0,"ocean_menu_typo_font_size_unit":"px","ocean_menu_typo_font_weight":"","ocean_menu_typo_font_weight_tablet":"","ocean_menu_typo_font_weight_mobile":"","ocean_menu_typo_transform":"","ocean_menu_typo_transform_tablet":"","ocean_menu_typo_transform_mobile":"","ocean_menu_typo_line_height":0,"ocean_menu_typo_line_height_tablet":0,"ocean_menu_typo_line_height_mobile":0,"ocean_menu_typo_line_height_unit":"","ocean_menu_typo_spacing":0,"ocean_menu_typo_spacing_tablet":0,"ocean_menu_typo_spacing_mobile":0,"ocean_menu_typo_spacing_unit":"","ocean_menu_link_color":"","ocean_menu_link_color_hover":"","ocean_menu_link_color_active":"","ocean_menu_link_background":"","ocean_menu_link_hover_background":"","ocean_menu_link_active_background":"","ocean_menu_social_links_bg":"","ocean_menu_social_hover_links_bg":"","ocean_menu_social_links_color":"","ocean_menu_social_hover_links_color":"","ocean_disable_title":"default","ocean_disable_heading":"default","ocean_post_title":"","ocean_post_subheading":"","ocean_post_title_style":"","ocean_post_title_background_color":"","ocean_post_title_background":0,"ocean_post_title_bg_image_position":"","ocean_post_title_bg_image_attachment":"","ocean_post_title_bg_image_repeat":"","ocean_post_title_bg_image_size":"","ocean_post_title_height":0,"ocean_post_title_bg_overlay":0.5,"ocean_post_title_bg_overlay_color":"","ocean_disable_breadcrumbs":"default","ocean_breadcrumbs_color":"","ocean_breadcrumbs_separator_color":"","ocean_breadcrumbs_links_color":"","ocean_breadcrumbs_links_hover_color":"","ocean_display_footer_widgets":"default","ocean_display_footer_bottom":"default","ocean_custom_footer_template":"0","_joinchat":[]},"product_cat":[29],"product_tag":[],"mwb_booking_cost":[],"mwb_booking_service":[],"acf":[],"yoast_head":"<!-- This site is optimized with the Yoast SEO plugin v24.5 - https:\/\/yoast.com\/wordpress\/plugins\/seo\/ -->\n<title>VANDUTCH 40 - VanDutch<\/title>\n<meta name=\"description\" content=\"Facile \u00e0 piloter et \u00e0 utiliser, il peut accueillir jusqu&#039;\u00e0 10 personnes, ce qui en fait le choix id\u00e9al pour les sorties entre amis ou en famille. Ce mod\u00e8le est \u00e9galement appr\u00e9ci\u00e9 comme bateau de poursuite ou annexe de prestige.\" \/>\n<meta name=\"robots\" content=\"index, follow, max-snippet:-1, max-image-preview:large, max-video-preview:-1\" \/>\n<link rel=\"canonical\" href=\"https:\/\/vandutch.fr\/en\/produit\/vandutch-40-5\/\" \/>\n<meta property=\"og:locale\" content=\"en_US\" \/>\n<meta property=\"og:type\" content=\"article\" \/>\n<meta property=\"og:title\" content=\"VANDUTCH 40 - VanDutch\" \/>\n<meta property=\"og:description\" content=\"Facile \u00e0 piloter et \u00e0 utiliser, il peut accueillir jusqu&#039;\u00e0 10 personnes, ce qui en fait le choix id\u00e9al pour les sorties entre amis ou en famille. Ce mod\u00e8le est \u00e9galement appr\u00e9ci\u00e9 comme bateau de poursuite ou annexe de prestige.\" \/>\n<meta property=\"og:url\" content=\"https:\/\/vandutch.fr\/en\/produit\/vandutch-40-5\/\" \/>\n<meta property=\"og:site_name\" content=\"VanDutch\" \/>\n<meta property=\"article:modified_time\" content=\"2025-07-11T09:21:46+00:00\" \/>\n<meta property=\"og:image\" content=\"https:\/\/vandutch.fr\/wp-content\/uploads\/2024\/07\/d4b1b20a-9681-4d40-bf04-c04c2bc560a7.jpg\" \/>\n\t<meta property=\"og:image:width\" content=\"1600\" \/>\n\t<meta property=\"og:image:height\" content=\"1326\" \/>\n\t<meta property=\"og:image:type\" content=\"image\/jpeg\" \/>\n<meta name=\"twitter:card\" content=\"summary_large_image\" \/>\n<meta name=\"twitter:label1\" content=\"Price\" \/>\n\t<meta name=\"twitter:data1\" content=\"\" \/>\n\t<meta name=\"twitter:label2\" content=\"Availability\" \/>\n\t<meta name=\"twitter:data2\" content=\"In stock\" \/>\n<script type=\"application\/ld+json\" class=\"yoast-schema-graph\">{\"@context\":\"https:\/\/schema.org\",\"@graph\":[{\"@type\":[\"WebPage\",\"ItemPage\"],\"@id\":\"https:\/\/vandutch.fr\/en\/produit\/vandutch-40-5\/\",\"url\":\"https:\/\/vandutch.fr\/en\/produit\/vandutch-40-5\/\",\"name\":\"VANDUTCH 40 - VanDutch\",\"isPartOf\":{\"@id\":\"https:\/\/vandutch.fr\/en\/#website\"},\"primaryImageOfPage\":{\"@id\":\"https:\/\/vandutch.fr\/en\/produit\/vandutch-40-5\/#primaryimage\"},\"image\":{\"@id\":\"https:\/\/vandutch.fr\/en\/produit\/vandutch-40-5\/#primaryimage\"},\"thumbnailUrl\":\"https:\/\/vandutch.fr\/wp-content\/uploads\/2024\/07\/d4b1b20a-9681-4d40-bf04-c04c2bc560a7.jpg\",\"datePublished\":\"2024-07-16T16:35:45+00:00\",\"dateModified\":\"2025-07-11T09:21:46+00:00\",\"description\":\"Facile \u00e0 piloter et \u00e0 utiliser, il peut accueillir jusqu'\u00e0 10 personnes, ce qui en fait le choix id\u00e9al pour les sorties entre amis ou en famille. Ce mod\u00e8le est \u00e9galement appr\u00e9ci\u00e9 comme bateau de poursuite ou annexe de prestige.\",\"breadcrumb\":{\"@id\":\"https:\/\/vandutch.fr\/en\/produit\/vandutch-40-5\/#breadcrumb\"},\"inLanguage\":\"en-US\",\"potentialAction\":[{\"@type\":\"ReadAction\",\"target\":[\"https:\/\/vandutch.fr\/en\/produit\/vandutch-40-5\/\"]}]},{\"@type\":\"ImageObject\",\"inLanguage\":\"en-US\",\"@id\":\"https:\/\/vandutch.fr\/en\/produit\/vandutch-40-5\/#primaryimage\",\"url\":\"https:\/\/vandutch.fr\/wp-content\/uploads\/2024\/07\/d4b1b20a-9681-4d40-bf04-c04c2bc560a7.jpg\",\"contentUrl\":\"https:\/\/vandutch.fr\/wp-content\/uploads\/2024\/07\/d4b1b20a-9681-4d40-bf04-c04c2bc560a7.jpg\",\"width\":1600,\"height\":1326},{\"@type\":\"BreadcrumbList\",\"@id\":\"https:\/\/vandutch.fr\/en\/produit\/vandutch-40-5\/#breadcrumb\",\"itemListElement\":[{\"@type\":\"ListItem\",\"position\":1,\"name\":\"Home\",\"item\":\"https:\/\/vandutch.fr\/en\/\"},{\"@type\":\"ListItem\",\"position\":2,\"name\":\"Shop\",\"item\":\"https:\/\/vandutch.fr\/en\/shop\/\"},{\"@type\":\"ListItem\",\"position\":3,\"name\":\"VANDUTCH 40\"}]},{\"@type\":\"WebSite\",\"@id\":\"https:\/\/vandutch.fr\/en\/#website\",\"url\":\"https:\/\/vandutch.fr\/en\/\",\"name\":\"VanDutch\",\"description\":\"The avant-garde in Dutch yacht building\",\"potentialAction\":[{\"@type\":\"SearchAction\",\"target\":{\"@type\":\"EntryPoint\",\"urlTemplate\":\"https:\/\/vandutch.fr\/en\/?s={search_term_string}\"},\"query-input\":{\"@type\":\"PropertyValueSpecification\",\"valueRequired\":true,\"valueName\":\"search_term_string\"}}],\"inLanguage\":\"en-US\"}]}<\/script>\n<meta property=\"product:price:amount\" content=\"0\" \/>\n<meta property=\"product:price:currency\" content=\"EUR\" \/>\n<meta property=\"og:availability\" content=\"instock\" \/>\n<meta property=\"product:availability\" content=\"instock\" \/>\n<meta property=\"product:condition\" content=\"new\" \/>\n<!-- \/ Yoast SEO plugin. -->","yoast_head_json":{"title":"VANDUTCH 40 - VanDutch","description":"Facile \u00e0 piloter et \u00e0 utiliser, il peut accueillir jusqu'\u00e0 10 personnes, ce qui en fait le choix id\u00e9al pour les sorties entre amis ou en famille. Ce mod\u00e8le est \u00e9galement appr\u00e9ci\u00e9 comme bateau de poursuite ou annexe de prestige.","robots":{"index":"index","follow":"follow","max-snippet":"max-snippet:-1","max-image-preview":"max-image-preview:large","max-video-preview":"max-video-preview:-1"},"canonical":"https:\/\/vandutch.fr\/en\/produit\/vandutch-40-5\/","og_locale":"en_US","og_type":"article","og_title":"VANDUTCH 40 - VanDutch","og_description":"Facile \u00e0 piloter et \u00e0 utiliser, il peut accueillir jusqu'\u00e0 10 personnes, ce qui en fait le choix id\u00e9al pour les sorties entre amis ou en famille. Ce mod\u00e8le est \u00e9galement appr\u00e9ci\u00e9 comme bateau de poursuite ou annexe de prestige.","og_url":"https:\/\/vandutch.fr\/en\/produit\/vandutch-40-5\/","og_site_name":"VanDutch","article_modified_time":"2025-07-11T09:21:46+00:00","og_image":[{"width":1600,"height":1326,"url":"https:\/\/vandutch.fr\/wp-content\/uploads\/2024\/07\/d4b1b20a-9681-4d40-bf04-c04c2bc560a7.jpg","type":"image\/jpeg"}],"twitter_card":"summary_large_image","twitter_misc":{"Price":"","Availability":"In stock"},"schema":{"@context":"https:\/\/schema.org","@graph":[{"@type":["WebPage","ItemPage"],"@id":"https:\/\/vandutch.fr\/en\/produit\/vandutch-40-5\/","url":"https:\/\/vandutch.fr\/en\/produit\/vandutch-40-5\/","name":"VANDUTCH 40 - VanDutch","isPartOf":{"@id":"https:\/\/vandutch.fr\/en\/#website"},"primaryImageOfPage":{"@id":"https:\/\/vandutch.fr\/en\/produit\/vandutch-40-5\/#primaryimage"},"image":{"@id":"https:\/\/vandutch.fr\/en\/produit\/vandutch-40-5\/#primaryimage"},"thumbnailUrl":"https:\/\/vandutch.fr\/wp-content\/uploads\/2024\/07\/d4b1b20a-9681-4d40-bf04-c04c2bc560a7.jpg","datePublished":"2024-07-16T16:35:45+00:00","dateModified":"2025-07-11T09:21:46+00:00","description":"Facile \u00e0 piloter et \u00e0 utiliser, il peut accueillir jusqu'\u00e0 10 personnes, ce qui en fait le choix id\u00e9al pour les sorties entre amis ou en famille. Ce mod\u00e8le est \u00e9galement appr\u00e9ci\u00e9 comme bateau de poursuite ou annexe de prestige.","breadcrumb":{"@id":"https:\/\/vandutch.fr\/en\/produit\/vandutch-40-5\/#breadcrumb"},"inLanguage":"en-US","potentialAction":[{"@type":"ReadAction","target":["https:\/\/vandutch.fr\/en\/produit\/vandutch-40-5\/"]}]},{"@type":"ImageObject","inLanguage":"en-US","@id":"https:\/\/vandutch.fr\/en\/produit\/vandutch-40-5\/#primaryimage","url":"https:\/\/vandutch.fr\/wp-content\/uploads\/2024\/07\/d4b1b20a-9681-4d40-bf04-c04c2bc560a7.jpg","contentUrl":"https:\/\/vandutch.fr\/wp-content\/uploads\/2024\/07\/d4b1b20a-9681-4d40-bf04-c04c2bc560a7.jpg","width":1600,"height":1326},{"@type":"BreadcrumbList","@id":"https:\/\/vandutch.fr\/en\/produit\/vandutch-40-5\/#breadcrumb","itemListElement":[{"@type":"ListItem","position":1,"name":"Home","item":"https:\/\/vandutch.fr\/en\/"},{"@type":"ListItem","position":2,"name":"Shop","item":"https:\/\/vandutch.fr\/en\/shop\/"},{"@type":"ListItem","position":3,"name":"VANDUTCH 40"}]},{"@type":"WebSite","@id":"https:\/\/vandutch.fr\/en\/#website","url":"https:\/\/vandutch.fr\/en\/","name":"VanDutch","description":"The avant-garde in Dutch yacht building","potentialAction":[{"@type":"SearchAction","target":{"@type":"EntryPoint","urlTemplate":"https:\/\/vandutch.fr\/en\/?s={search_term_string}"},"query-input":{"@type":"PropertyValueSpecification","valueRequired":true,"valueName":"search_term_string"}}],"inLanguage":"en-US"}]},"product_price_currency":"EUR","og_availability":"instock","product_availability":"instock","product_condition":"new"},"_links":{"self":[{"href":"https:\/\/vandutch.fr\/en\/wp-json\/wp\/v2\/product\/7736"}],"collection":[{"href":"https:\/\/vandutch.fr\/en\/wp-json\/wp\/v2\/product"}],"about":[{"href":"https:\/\/vandutch.fr\/en\/wp-json\/wp\/v2\/types\/product"}],"replies":[{"embeddable":true,"href":"https:\/\/vandutch.fr\/en\/wp-json\/wp\/v2\/comments?post=7736"}],"wp:featuredmedia":[{"embeddable":true,"href":"https:\/\/vandutch.fr\/en\/wp-json\/wp\/v2\/media\/7747"}],"wp:attachment":[{"href":"https:\/\/vandutch.fr\/en\/wp-json\/wp\/v2\/media?parent=7736"}],"wp:term":[{"taxonomy":"product_cat","embeddable":true,"href":"https:\/\/vandutch.fr\/en\/wp-json\/wp\/v2\/product_cat?post=7736"},{"taxonomy":"product_tag","embeddable":true,"href":"https:\/\/vandutch.fr\/en\/wp-json\/wp\/v2\/product_tag?post=7736"},{"taxonomy":"mwb_booking_cost","embeddable":true,"href":"https:\/\/vandutch.fr\/en\/wp-json\/wp\/v2\/mwb_booking_cost?post=7736"},{"taxonomy":"mwb_booking_service","embeddable":true,"href":"https:\/\/vandutch.fr\/en\/wp-json\/wp\/v2\/mwb_booking_service?post=7736"}],"curies":[{"name":"wp","href":"https:\/\/api.w.org\/{rel}","templated":true}]}}