{"id":7666,"date":"2024-06-10T17:51:27","date_gmt":"2024-06-10T15:51:27","guid":{"rendered":"https:\/\/vandutch.fr\/?post_type=product&#038;p=7666"},"modified":"2025-04-28T10:13:17","modified_gmt":"2025-04-28T08:13:17","slug":"vandutch-32135","status":"publish","type":"product","link":"https:\/\/vandutch.fr\/en\/produit\/vandutch-32135\/","title":{"rendered":"VANDUTCH 32 &#8211; 2023"},"content":{"rendered":"<p data-start=\"61\" data-end=\"533\">Le VanDutch 32 incarne parfaitement l\u2019alliance du design intemporel et de la performance de pointe. Ce day cruiser haut de gamme est id\u00e9al pour se d\u00e9tendre en mer, pratiquer des sports nautiques ou simplement profiter d\u2019une journ\u00e9e ensoleill\u00e9e \u00e0 bord. Facile \u00e0 man\u0153uvrer, il peut accueillir jusqu\u2019\u00e0 8 personnes, faisant de lui le choix parfait pour des sorties en famille, entre amis ou en tant que tender de prestige pour un yacht plus grand.<\/p>\n<p data-start=\"535\" data-end=\"854\">Son cockpit spacieux et ergonomique est con\u00e7u pour la convivialit\u00e9, avec une \u00e9l\u00e9gante banquette en L qui s\u2019ouvre sur un wet bar raffin\u00e9, parfait pour partager des moments inoubliables. \u00c0 l\u2019arri\u00e8re, la banquette se d\u00e9ploie en bain de soleil, offrant un espace de d\u00e9tente id\u00e9al pour profiter du cadre marin.<\/p>\n<p data-start=\"856\" data-end=\"1268\">\u00c0 l\u2019int\u00e9rieur, le VanDutch 32&nbsp;propose une cabine sophistiqu\u00e9e aux finitions luxueuses. Le salon en V se transforme ais\u00e9ment en couchage confortable, permettant des escapades prolong\u00e9es en toute s\u00e9r\u00e9nit\u00e9. Gr\u00e2ce \u00e0 son toit semi-automatique r\u00e9tractable, ses commandes intuitives et ses \u00e9quipements de navigation haut de gamme, ce yacht offre une exp\u00e9rience fluide et raffin\u00e9e sur l\u2019eau.<\/p>\n<p data-start=\"2137\" data-end=\"2530\">Le VanDutch 32&nbsp;est le summum du style et de la fonctionnalit\u00e9, con\u00e7u pour ceux qui recherchent une exp\u00e9rience de navigation sophistiqu\u00e9e, performante et intuitive. Que vous naviguiez le long de la French Riviera, exploriez des criques secr\u00e8tes ou arriviez avec \u00e9l\u00e9gance dans les clubs de plage les plus exclusifs, ce yacht vous garantit une exp\u00e9rience inoubliable.<\/p>\n<p data-start=\"2137\" data-end=\"2530\"><strong>Contacts :<\/strong><\/p>\n<p data-start=\"2665\" data-end=\"2785\" data-is-last-node=\"\" data-is-only-node=\"\">Amor Jo\u00ebl: +33 6 18 49 49 76<br \/>\nSargnac Louis: +33 6 20 87 00 59<br \/>\nEmail: contact@vandutch.fr<\/p>\n","protected":false},"excerpt":{"rendered":"<p>Le VanDutch 32 incarne l\u2019alliance parfaite du design intemporel et de la performance de pointe, offrant un day cruiser haut de gamme pour se d\u00e9tendre ou pratiquer des sports nautiques.<\/p>\n","protected":false},"featured_media":7679,"comment_status":"open","ping_status":"closed","template":"","meta":{"_acf_changed":false,"ngg_post_thumbnail":0,"ocean_post_layout":"","ocean_both_sidebars_style":"","ocean_both_sidebars_content_width":0,"ocean_both_sidebars_sidebars_width":0,"ocean_sidebar":"0","ocean_second_sidebar":"0","ocean_disable_margins":"enable","ocean_add_body_class":"","ocean_shortcode_before_top_bar":"","ocean_shortcode_after_top_bar":"","ocean_shortcode_before_header":"","ocean_shortcode_after_header":"","ocean_has_shortcode":"","ocean_shortcode_after_title":"","ocean_shortcode_before_footer_widgets":"","ocean_shortcode_after_footer_widgets":"","ocean_shortcode_before_footer_bottom":"","ocean_shortcode_after_footer_bottom":"","ocean_display_top_bar":"default","ocean_display_header":"default","ocean_header_style":"","ocean_center_header_left_menu":"0","ocean_custom_header_template":"0","ocean_custom_logo":0,"ocean_custom_retina_logo":0,"ocean_custom_logo_max_width":0,"ocean_custom_logo_tablet_max_width":0,"ocean_custom_logo_mobile_max_width":0,"ocean_custom_logo_max_height":0,"ocean_custom_logo_tablet_max_height":0,"ocean_custom_logo_mobile_max_height":0,"ocean_header_custom_menu":"0","ocean_menu_typo_font_family":"0","ocean_menu_typo_font_subset":"","ocean_menu_typo_font_size":0,"ocean_menu_typo_font_size_tablet":0,"ocean_menu_typo_font_size_mobile":0,"ocean_menu_typo_font_size_unit":"px","ocean_menu_typo_font_weight":"","ocean_menu_typo_font_weight_tablet":"","ocean_menu_typo_font_weight_mobile":"","ocean_menu_typo_transform":"","ocean_menu_typo_transform_tablet":"","ocean_menu_typo_transform_mobile":"","ocean_menu_typo_line_height":0,"ocean_menu_typo_line_height_tablet":0,"ocean_menu_typo_line_height_mobile":0,"ocean_menu_typo_line_height_unit":"","ocean_menu_typo_spacing":0,"ocean_menu_typo_spacing_tablet":0,"ocean_menu_typo_spacing_mobile":0,"ocean_menu_typo_spacing_unit":"","ocean_menu_link_color":"","ocean_menu_link_color_hover":"","ocean_menu_link_color_active":"","ocean_menu_link_background":"","ocean_menu_link_hover_background":"","ocean_menu_link_active_background":"","ocean_menu_social_links_bg":"","ocean_menu_social_hover_links_bg":"","ocean_menu_social_links_color":"","ocean_menu_social_hover_links_color":"","ocean_disable_title":"default","ocean_disable_heading":"default","ocean_post_title":"","ocean_post_subheading":"","ocean_post_title_style":"","ocean_post_title_background_color":"","ocean_post_title_background":0,"ocean_post_title_bg_image_position":"","ocean_post_title_bg_image_attachment":"","ocean_post_title_bg_image_repeat":"","ocean_post_title_bg_image_size":"","ocean_post_title_height":0,"ocean_post_title_bg_overlay":0.5,"ocean_post_title_bg_overlay_color":"","ocean_disable_breadcrumbs":"default","ocean_breadcrumbs_color":"","ocean_breadcrumbs_separator_color":"","ocean_breadcrumbs_links_color":"","ocean_breadcrumbs_links_hover_color":"","ocean_display_footer_widgets":"default","ocean_display_footer_bottom":"default","ocean_custom_footer_template":"0","_joinchat":[]},"product_cat":[13],"product_tag":[],"mwb_booking_cost":[],"mwb_booking_service":[],"acf":[],"yoast_head":"<!-- This site is optimized with the Yoast SEO plugin v24.5 - https:\/\/yoast.com\/wordpress\/plugins\/seo\/ -->\n<title>VANDUTCH 32 - 2023 - VanDutch<\/title>\n<meta name=\"robots\" content=\"index, follow, max-snippet:-1, max-image-preview:large, max-video-preview:-1\" \/>\n<link rel=\"canonical\" href=\"https:\/\/vandutch.fr\/en\/produit\/vandutch-32135\/\" \/>\n<meta property=\"og:locale\" content=\"en_US\" \/>\n<meta property=\"og:type\" content=\"article\" \/>\n<meta property=\"og:title\" content=\"VANDUTCH 32 - 2023 - VanDutch\" \/>\n<meta property=\"og:description\" content=\"Le VanDutch 32 incarne l\u2019alliance parfaite du design intemporel et de la performance de pointe, offrant un day cruiser haut de gamme pour se d\u00e9tendre ou pratiquer des sports nautiques.\" \/>\n<meta property=\"og:url\" content=\"https:\/\/vandutch.fr\/en\/produit\/vandutch-32135\/\" \/>\n<meta property=\"og:site_name\" content=\"VanDutch\" \/>\n<meta property=\"article:modified_time\" content=\"2025-04-28T08:13:17+00:00\" \/>\n<meta property=\"og:image\" content=\"https:\/\/vandutch.fr\/wp-content\/uploads\/2024\/06\/Vandutch-32.jpg\" \/>\n\t<meta property=\"og:image:width\" content=\"1393\" \/>\n\t<meta property=\"og:image:height\" content=\"692\" \/>\n\t<meta property=\"og:image:type\" content=\"image\/jpeg\" \/>\n<meta name=\"twitter:card\" content=\"summary_large_image\" \/>\n<meta name=\"twitter:label1\" content=\"Price\" \/>\n\t<meta name=\"twitter:data1\" content=\"420000&nbsp;&euro;\" \/>\n\t<meta name=\"twitter:label2\" content=\"Availability\" \/>\n\t<meta name=\"twitter:data2\" content=\"In stock\" \/>\n<script type=\"application\/ld+json\" class=\"yoast-schema-graph\">{\"@context\":\"https:\/\/schema.org\",\"@graph\":[{\"@type\":[\"WebPage\",\"ItemPage\"],\"@id\":\"https:\/\/vandutch.fr\/en\/produit\/vandutch-32135\/\",\"url\":\"https:\/\/vandutch.fr\/en\/produit\/vandutch-32135\/\",\"name\":\"VANDUTCH 32 - 2023 - VanDutch\",\"isPartOf\":{\"@id\":\"https:\/\/vandutch.fr\/en\/#website\"},\"primaryImageOfPage\":{\"@id\":\"https:\/\/vandutch.fr\/en\/produit\/vandutch-32135\/#primaryimage\"},\"image\":{\"@id\":\"https:\/\/vandutch.fr\/en\/produit\/vandutch-32135\/#primaryimage\"},\"thumbnailUrl\":\"https:\/\/vandutch.fr\/wp-content\/uploads\/2024\/06\/Vandutch-32.jpg\",\"datePublished\":\"2024-06-10T15:51:27+00:00\",\"dateModified\":\"2025-04-28T08:13:17+00:00\",\"breadcrumb\":{\"@id\":\"https:\/\/vandutch.fr\/en\/produit\/vandutch-32135\/#breadcrumb\"},\"inLanguage\":\"en-US\",\"potentialAction\":[{\"@type\":\"ReadAction\",\"target\":[\"https:\/\/vandutch.fr\/en\/produit\/vandutch-32135\/\"]}]},{\"@type\":\"ImageObject\",\"inLanguage\":\"en-US\",\"@id\":\"https:\/\/vandutch.fr\/en\/produit\/vandutch-32135\/#primaryimage\",\"url\":\"https:\/\/vandutch.fr\/wp-content\/uploads\/2024\/06\/Vandutch-32.jpg\",\"contentUrl\":\"https:\/\/vandutch.fr\/wp-content\/uploads\/2024\/06\/Vandutch-32.jpg\",\"width\":1393,\"height\":692},{\"@type\":\"BreadcrumbList\",\"@id\":\"https:\/\/vandutch.fr\/en\/produit\/vandutch-32135\/#breadcrumb\",\"itemListElement\":[{\"@type\":\"ListItem\",\"position\":1,\"name\":\"Home\",\"item\":\"https:\/\/vandutch.fr\/en\/\"},{\"@type\":\"ListItem\",\"position\":2,\"name\":\"Shop\",\"item\":\"https:\/\/vandutch.fr\/en\/shop\/\"},{\"@type\":\"ListItem\",\"position\":3,\"name\":\"VANDUTCH 32 &#8211; 2023\"}]},{\"@type\":\"WebSite\",\"@id\":\"https:\/\/vandutch.fr\/en\/#website\",\"url\":\"https:\/\/vandutch.fr\/en\/\",\"name\":\"VanDutch\",\"description\":\"The avant-garde in Dutch yacht building\",\"potentialAction\":[{\"@type\":\"SearchAction\",\"target\":{\"@type\":\"EntryPoint\",\"urlTemplate\":\"https:\/\/vandutch.fr\/en\/?s={search_term_string}\"},\"query-input\":{\"@type\":\"PropertyValueSpecification\",\"valueRequired\":true,\"valueName\":\"search_term_string\"}}],\"inLanguage\":\"en-US\"}]}<\/script>\n<meta property=\"product:price:amount\" content=\"420000\" \/>\n<meta property=\"product:price:currency\" content=\"EUR\" \/>\n<meta property=\"og:availability\" content=\"instock\" \/>\n<meta property=\"product:availability\" content=\"instock\" \/>\n<meta property=\"product:condition\" content=\"new\" \/>\n<!-- \/ Yoast SEO plugin. -->","yoast_head_json":{"title":"VANDUTCH 32 - 2023 - VanDutch","robots":{"index":"index","follow":"follow","max-snippet":"max-snippet:-1","max-image-preview":"max-image-preview:large","max-video-preview":"max-video-preview:-1"},"canonical":"https:\/\/vandutch.fr\/en\/produit\/vandutch-32135\/","og_locale":"en_US","og_type":"article","og_title":"VANDUTCH 32 - 2023 - VanDutch","og_description":"Le VanDutch 32 incarne l\u2019alliance parfaite du design intemporel et de la performance de pointe, offrant un day cruiser haut de gamme pour se d\u00e9tendre ou pratiquer des sports nautiques.","og_url":"https:\/\/vandutch.fr\/en\/produit\/vandutch-32135\/","og_site_name":"VanDutch","article_modified_time":"2025-04-28T08:13:17+00:00","og_image":[{"width":1393,"height":692,"url":"https:\/\/vandutch.fr\/wp-content\/uploads\/2024\/06\/Vandutch-32.jpg","type":"image\/jpeg"}],"twitter_card":"summary_large_image","twitter_misc":{"Price":"420000&nbsp;&euro;","Availability":"In stock"},"schema":{"@context":"https:\/\/schema.org","@graph":[{"@type":["WebPage","ItemPage"],"@id":"https:\/\/vandutch.fr\/en\/produit\/vandutch-32135\/","url":"https:\/\/vandutch.fr\/en\/produit\/vandutch-32135\/","name":"VANDUTCH 32 - 2023 - VanDutch","isPartOf":{"@id":"https:\/\/vandutch.fr\/en\/#website"},"primaryImageOfPage":{"@id":"https:\/\/vandutch.fr\/en\/produit\/vandutch-32135\/#primaryimage"},"image":{"@id":"https:\/\/vandutch.fr\/en\/produit\/vandutch-32135\/#primaryimage"},"thumbnailUrl":"https:\/\/vandutch.fr\/wp-content\/uploads\/2024\/06\/Vandutch-32.jpg","datePublished":"2024-06-10T15:51:27+00:00","dateModified":"2025-04-28T08:13:17+00:00","breadcrumb":{"@id":"https:\/\/vandutch.fr\/en\/produit\/vandutch-32135\/#breadcrumb"},"inLanguage":"en-US","potentialAction":[{"@type":"ReadAction","target":["https:\/\/vandutch.fr\/en\/produit\/vandutch-32135\/"]}]},{"@type":"ImageObject","inLanguage":"en-US","@id":"https:\/\/vandutch.fr\/en\/produit\/vandutch-32135\/#primaryimage","url":"https:\/\/vandutch.fr\/wp-content\/uploads\/2024\/06\/Vandutch-32.jpg","contentUrl":"https:\/\/vandutch.fr\/wp-content\/uploads\/2024\/06\/Vandutch-32.jpg","width":1393,"height":692},{"@type":"BreadcrumbList","@id":"https:\/\/vandutch.fr\/en\/produit\/vandutch-32135\/#breadcrumb","itemListElement":[{"@type":"ListItem","position":1,"name":"Home","item":"https:\/\/vandutch.fr\/en\/"},{"@type":"ListItem","position":2,"name":"Shop","item":"https:\/\/vandutch.fr\/en\/shop\/"},{"@type":"ListItem","position":3,"name":"VANDUTCH 32 &#8211; 2023"}]},{"@type":"WebSite","@id":"https:\/\/vandutch.fr\/en\/#website","url":"https:\/\/vandutch.fr\/en\/","name":"VanDutch","description":"The avant-garde in Dutch yacht building","potentialAction":[{"@type":"SearchAction","target":{"@type":"EntryPoint","urlTemplate":"https:\/\/vandutch.fr\/en\/?s={search_term_string}"},"query-input":{"@type":"PropertyValueSpecification","valueRequired":true,"valueName":"search_term_string"}}],"inLanguage":"en-US"}]},"product_price_amount":"420000","product_price_currency":"EUR","og_availability":"instock","product_availability":"instock","product_condition":"new"},"_links":{"self":[{"href":"https:\/\/vandutch.fr\/en\/wp-json\/wp\/v2\/product\/7666"}],"collection":[{"href":"https:\/\/vandutch.fr\/en\/wp-json\/wp\/v2\/product"}],"about":[{"href":"https:\/\/vandutch.fr\/en\/wp-json\/wp\/v2\/types\/product"}],"replies":[{"embeddable":true,"href":"https:\/\/vandutch.fr\/en\/wp-json\/wp\/v2\/comments?post=7666"}],"wp:featuredmedia":[{"embeddable":true,"href":"https:\/\/vandutch.fr\/en\/wp-json\/wp\/v2\/media\/7679"}],"wp:attachment":[{"href":"https:\/\/vandutch.fr\/en\/wp-json\/wp\/v2\/media?parent=7666"}],"wp:term":[{"taxonomy":"product_cat","embeddable":true,"href":"https:\/\/vandutch.fr\/en\/wp-json\/wp\/v2\/product_cat?post=7666"},{"taxonomy":"product_tag","embeddable":true,"href":"https:\/\/vandutch.fr\/en\/wp-json\/wp\/v2\/product_tag?post=7666"},{"taxonomy":"mwb_booking_cost","embeddable":true,"href":"https:\/\/vandutch.fr\/en\/wp-json\/wp\/v2\/mwb_booking_cost?post=7666"},{"taxonomy":"mwb_booking_service","embeddable":true,"href":"https:\/\/vandutch.fr\/en\/wp-json\/wp\/v2\/mwb_booking_service?post=7666"}],"curies":[{"name":"wp","href":"https:\/\/api.w.org\/{rel}","templated":true}]}}