{"id":6552,"date":"2023-11-06T14:32:00","date_gmt":"2023-11-06T13:32:00","guid":{"rendered":"https:\/\/vandutch.fr\/?post_type=product&#038;p=6552"},"modified":"2025-04-28T10:15:09","modified_gmt":"2025-04-28T08:15:09","slug":"vandutch-30-2","status":"publish","type":"product","link":"https:\/\/vandutch.fr\/en\/produit\/vandutch-30-2\/","title":{"rendered":"VANDUTCH 30 &#8211; 2013"},"content":{"rendered":"<p class=\"\" data-start=\"70\" data-end=\"374\">D\u00e9couvrez le VanDutch 30, un yacht embl\u00e9matique qui allie design raffin\u00e9 et performances exceptionnelles. Avec seulement 10 heures de navigation sur ses nouveaux moteurs Yanmar 4LV250 (2 x 250 CV), ce mod\u00e8le est dans un \u00e9tat impeccable et pr\u00eat \u00e0 offrir une exp\u00e9rience unique en mer.<\/p>\n<p class=\"\" data-start=\"376\" data-end=\"651\">Gr\u00e2ce \u00e0 son format compact et maniable, le VanDutch 30 est parfait pour des sorties en mer luxueuses. Que ce soit pour une journ\u00e9e ensoleill\u00e9e, des sports nautiques ou comme annexe haut de gamme d\u2019un yacht plus imposant, il saura r\u00e9pondre \u00e0 toutes vos attentes.<\/p>\n<p class=\"\" data-start=\"653\" data-end=\"764\">Disponible imm\u00e9diatement. Contactez-nous pour plus d\u2019informations ou pour organiser une visite priv\u00e9e.<\/p>\n<p class=\"\" data-start=\"766\" data-end=\"905\"><strong data-start=\"766\" data-end=\"780\">Contacts :<\/strong><\/p>\n<p class=\"\" data-start=\"766\" data-end=\"905\"><strong data-start=\"786\" data-end=\"799\">Amor Jo\u00ebl<\/strong> : +33 6 18 49 49 76<br data-start=\"819\" data-end=\"822\"><strong data-start=\"825\" data-end=\"842\">Sargnac Louis<\/strong> : +33 6 20 87 00 59<br data-start=\"862\" data-end=\"865\"><strong data-start=\"868\" data-end=\"877\">Email<\/strong> : contact@vandutch.fr<\/p>\n","protected":false},"excerpt":{"rendered":"<p>Le VanDutch 30, alliant style \u00e9pur\u00e9, confort raffin\u00e9 et performances exceptionnelles, promet des escapades \u00e9l\u00e9gantes et m\u00e9morables pour les passionn\u00e9s de navigation.<\/p>\n","protected":false},"featured_media":6557,"comment_status":"open","ping_status":"closed","template":"","meta":{"_acf_changed":false,"ngg_post_thumbnail":0,"ocean_post_layout":"","ocean_both_sidebars_style":"","ocean_both_sidebars_content_width":0,"ocean_both_sidebars_sidebars_width":0,"ocean_sidebar":"0","ocean_second_sidebar":"0","ocean_disable_margins":"enable","ocean_add_body_class":"","ocean_shortcode_before_top_bar":"","ocean_shortcode_after_top_bar":"","ocean_shortcode_before_header":"","ocean_shortcode_after_header":"","ocean_has_shortcode":"","ocean_shortcode_after_title":"","ocean_shortcode_before_footer_widgets":"","ocean_shortcode_after_footer_widgets":"","ocean_shortcode_before_footer_bottom":"","ocean_shortcode_after_footer_bottom":"","ocean_display_top_bar":"default","ocean_display_header":"default","ocean_header_style":"","ocean_center_header_left_menu":"0","ocean_custom_header_template":"0","ocean_custom_logo":0,"ocean_custom_retina_logo":0,"ocean_custom_logo_max_width":0,"ocean_custom_logo_tablet_max_width":0,"ocean_custom_logo_mobile_max_width":0,"ocean_custom_logo_max_height":0,"ocean_custom_logo_tablet_max_height":0,"ocean_custom_logo_mobile_max_height":0,"ocean_header_custom_menu":"0","ocean_menu_typo_font_family":"0","ocean_menu_typo_font_subset":"","ocean_menu_typo_font_size":0,"ocean_menu_typo_font_size_tablet":0,"ocean_menu_typo_font_size_mobile":0,"ocean_menu_typo_font_size_unit":"px","ocean_menu_typo_font_weight":"","ocean_menu_typo_font_weight_tablet":"","ocean_menu_typo_font_weight_mobile":"","ocean_menu_typo_transform":"","ocean_menu_typo_transform_tablet":"","ocean_menu_typo_transform_mobile":"","ocean_menu_typo_line_height":0,"ocean_menu_typo_line_height_tablet":0,"ocean_menu_typo_line_height_mobile":0,"ocean_menu_typo_line_height_unit":"","ocean_menu_typo_spacing":0,"ocean_menu_typo_spacing_tablet":0,"ocean_menu_typo_spacing_mobile":0,"ocean_menu_typo_spacing_unit":"","ocean_menu_link_color":"","ocean_menu_link_color_hover":"","ocean_menu_link_color_active":"","ocean_menu_link_background":"","ocean_menu_link_hover_background":"","ocean_menu_link_active_background":"","ocean_menu_social_links_bg":"","ocean_menu_social_hover_links_bg":"","ocean_menu_social_links_color":"","ocean_menu_social_hover_links_color":"","ocean_disable_title":"default","ocean_disable_heading":"default","ocean_post_title":"","ocean_post_subheading":"","ocean_post_title_style":"","ocean_post_title_background_color":"","ocean_post_title_background":0,"ocean_post_title_bg_image_position":"","ocean_post_title_bg_image_attachment":"","ocean_post_title_bg_image_repeat":"","ocean_post_title_bg_image_size":"","ocean_post_title_height":0,"ocean_post_title_bg_overlay":0.5,"ocean_post_title_bg_overlay_color":"","ocean_disable_breadcrumbs":"default","ocean_breadcrumbs_color":"","ocean_breadcrumbs_separator_color":"","ocean_breadcrumbs_links_color":"","ocean_breadcrumbs_links_hover_color":"","ocean_display_footer_widgets":"default","ocean_display_footer_bottom":"default","ocean_custom_footer_template":"0","_joinchat":[]},"product_cat":[13],"product_tag":[],"mwb_booking_cost":[],"mwb_booking_service":[],"acf":[],"yoast_head":"<!-- This site is optimized with the Yoast SEO plugin v24.5 - https:\/\/yoast.com\/wordpress\/plugins\/seo\/ -->\n<title>VANDUTCH 30 - 2013 - VanDutch<\/title>\n<meta name=\"description\" content=\"D\u00e9couvrez le VanDutch 30, un yacht iconique alliant design raffin\u00e9 et performances remarquables.\" \/>\n<meta name=\"robots\" content=\"index, follow, max-snippet:-1, max-image-preview:large, max-video-preview:-1\" \/>\n<link rel=\"canonical\" href=\"https:\/\/vandutch.fr\/en\/produit\/vandutch-30-2\/\" \/>\n<meta property=\"og:locale\" content=\"en_US\" \/>\n<meta property=\"og:type\" content=\"article\" \/>\n<meta property=\"og:title\" content=\"VANDUTCH 30 - 2013 - VanDutch\" \/>\n<meta property=\"og:description\" content=\"D\u00e9couvrez le VanDutch 30, un yacht iconique alliant design raffin\u00e9 et performances remarquables.\" \/>\n<meta property=\"og:url\" content=\"https:\/\/vandutch.fr\/en\/produit\/vandutch-30-2\/\" \/>\n<meta property=\"og:site_name\" content=\"VanDutch\" \/>\n<meta property=\"article:modified_time\" content=\"2025-04-28T08:15:09+00:00\" \/>\n<meta property=\"og:image\" content=\"https:\/\/vandutch.fr\/wp-content\/uploads\/2023\/11\/Capture-decran-2023-11-06-142922.jpg\" \/>\n\t<meta property=\"og:image:width\" content=\"677\" \/>\n\t<meta property=\"og:image:height\" content=\"339\" \/>\n\t<meta property=\"og:image:type\" content=\"image\/jpeg\" \/>\n<meta name=\"twitter:card\" content=\"summary_large_image\" \/>\n<meta name=\"twitter:label1\" content=\"Price\" \/>\n\t<meta name=\"twitter:data1\" content=\"279000&nbsp;&euro;\" \/>\n\t<meta name=\"twitter:label2\" content=\"Availability\" \/>\n\t<meta name=\"twitter:data2\" content=\"In stock\" \/>\n<script type=\"application\/ld+json\" class=\"yoast-schema-graph\">{\"@context\":\"https:\/\/schema.org\",\"@graph\":[{\"@type\":[\"WebPage\",\"ItemPage\"],\"@id\":\"https:\/\/vandutch.fr\/en\/produit\/vandutch-30-2\/\",\"url\":\"https:\/\/vandutch.fr\/en\/produit\/vandutch-30-2\/\",\"name\":\"VANDUTCH 30 - 2013 - VanDutch\",\"isPartOf\":{\"@id\":\"https:\/\/vandutch.fr\/en\/#website\"},\"primaryImageOfPage\":{\"@id\":\"https:\/\/vandutch.fr\/en\/produit\/vandutch-30-2\/#primaryimage\"},\"image\":{\"@id\":\"https:\/\/vandutch.fr\/en\/produit\/vandutch-30-2\/#primaryimage\"},\"thumbnailUrl\":\"https:\/\/vandutch.fr\/wp-content\/uploads\/2023\/11\/Capture-decran-2023-11-06-142922.jpg\",\"datePublished\":\"2023-11-06T13:32:00+00:00\",\"dateModified\":\"2025-04-28T08:15:09+00:00\",\"description\":\"D\u00e9couvrez le VanDutch 30, un yacht iconique alliant design raffin\u00e9 et performances remarquables.\",\"breadcrumb\":{\"@id\":\"https:\/\/vandutch.fr\/en\/produit\/vandutch-30-2\/#breadcrumb\"},\"inLanguage\":\"en-US\",\"potentialAction\":[{\"@type\":\"ReadAction\",\"target\":[\"https:\/\/vandutch.fr\/en\/produit\/vandutch-30-2\/\"]}]},{\"@type\":\"ImageObject\",\"inLanguage\":\"en-US\",\"@id\":\"https:\/\/vandutch.fr\/en\/produit\/vandutch-30-2\/#primaryimage\",\"url\":\"https:\/\/vandutch.fr\/wp-content\/uploads\/2023\/11\/Capture-decran-2023-11-06-142922.jpg\",\"contentUrl\":\"https:\/\/vandutch.fr\/wp-content\/uploads\/2023\/11\/Capture-decran-2023-11-06-142922.jpg\",\"width\":677,\"height\":339},{\"@type\":\"BreadcrumbList\",\"@id\":\"https:\/\/vandutch.fr\/en\/produit\/vandutch-30-2\/#breadcrumb\",\"itemListElement\":[{\"@type\":\"ListItem\",\"position\":1,\"name\":\"Home\",\"item\":\"https:\/\/vandutch.fr\/en\/\"},{\"@type\":\"ListItem\",\"position\":2,\"name\":\"Shop\",\"item\":\"https:\/\/vandutch.fr\/en\/shop\/\"},{\"@type\":\"ListItem\",\"position\":3,\"name\":\"VANDUTCH 30 &#8211; 2013\"}]},{\"@type\":\"WebSite\",\"@id\":\"https:\/\/vandutch.fr\/en\/#website\",\"url\":\"https:\/\/vandutch.fr\/en\/\",\"name\":\"VanDutch\",\"description\":\"The avant-garde in Dutch yacht building\",\"potentialAction\":[{\"@type\":\"SearchAction\",\"target\":{\"@type\":\"EntryPoint\",\"urlTemplate\":\"https:\/\/vandutch.fr\/en\/?s={search_term_string}\"},\"query-input\":{\"@type\":\"PropertyValueSpecification\",\"valueRequired\":true,\"valueName\":\"search_term_string\"}}],\"inLanguage\":\"en-US\"}]}<\/script>\n<meta property=\"product:price:amount\" content=\"279000\" \/>\n<meta property=\"product:price:currency\" content=\"EUR\" \/>\n<meta property=\"og:availability\" content=\"instock\" \/>\n<meta property=\"product:availability\" content=\"instock\" \/>\n<meta property=\"product:condition\" content=\"new\" \/>\n<!-- \/ Yoast SEO plugin. -->","yoast_head_json":{"title":"VANDUTCH 30 - 2013 - VanDutch","description":"D\u00e9couvrez le VanDutch 30, un yacht iconique alliant design raffin\u00e9 et performances remarquables.","robots":{"index":"index","follow":"follow","max-snippet":"max-snippet:-1","max-image-preview":"max-image-preview:large","max-video-preview":"max-video-preview:-1"},"canonical":"https:\/\/vandutch.fr\/en\/produit\/vandutch-30-2\/","og_locale":"en_US","og_type":"article","og_title":"VANDUTCH 30 - 2013 - VanDutch","og_description":"D\u00e9couvrez le VanDutch 30, un yacht iconique alliant design raffin\u00e9 et performances remarquables.","og_url":"https:\/\/vandutch.fr\/en\/produit\/vandutch-30-2\/","og_site_name":"VanDutch","article_modified_time":"2025-04-28T08:15:09+00:00","og_image":[{"width":677,"height":339,"url":"https:\/\/vandutch.fr\/wp-content\/uploads\/2023\/11\/Capture-decran-2023-11-06-142922.jpg","type":"image\/jpeg"}],"twitter_card":"summary_large_image","twitter_misc":{"Price":"279000&nbsp;&euro;","Availability":"In stock"},"schema":{"@context":"https:\/\/schema.org","@graph":[{"@type":["WebPage","ItemPage"],"@id":"https:\/\/vandutch.fr\/en\/produit\/vandutch-30-2\/","url":"https:\/\/vandutch.fr\/en\/produit\/vandutch-30-2\/","name":"VANDUTCH 30 - 2013 - VanDutch","isPartOf":{"@id":"https:\/\/vandutch.fr\/en\/#website"},"primaryImageOfPage":{"@id":"https:\/\/vandutch.fr\/en\/produit\/vandutch-30-2\/#primaryimage"},"image":{"@id":"https:\/\/vandutch.fr\/en\/produit\/vandutch-30-2\/#primaryimage"},"thumbnailUrl":"https:\/\/vandutch.fr\/wp-content\/uploads\/2023\/11\/Capture-decran-2023-11-06-142922.jpg","datePublished":"2023-11-06T13:32:00+00:00","dateModified":"2025-04-28T08:15:09+00:00","description":"D\u00e9couvrez le VanDutch 30, un yacht iconique alliant design raffin\u00e9 et performances remarquables.","breadcrumb":{"@id":"https:\/\/vandutch.fr\/en\/produit\/vandutch-30-2\/#breadcrumb"},"inLanguage":"en-US","potentialAction":[{"@type":"ReadAction","target":["https:\/\/vandutch.fr\/en\/produit\/vandutch-30-2\/"]}]},{"@type":"ImageObject","inLanguage":"en-US","@id":"https:\/\/vandutch.fr\/en\/produit\/vandutch-30-2\/#primaryimage","url":"https:\/\/vandutch.fr\/wp-content\/uploads\/2023\/11\/Capture-decran-2023-11-06-142922.jpg","contentUrl":"https:\/\/vandutch.fr\/wp-content\/uploads\/2023\/11\/Capture-decran-2023-11-06-142922.jpg","width":677,"height":339},{"@type":"BreadcrumbList","@id":"https:\/\/vandutch.fr\/en\/produit\/vandutch-30-2\/#breadcrumb","itemListElement":[{"@type":"ListItem","position":1,"name":"Home","item":"https:\/\/vandutch.fr\/en\/"},{"@type":"ListItem","position":2,"name":"Shop","item":"https:\/\/vandutch.fr\/en\/shop\/"},{"@type":"ListItem","position":3,"name":"VANDUTCH 30 &#8211; 2013"}]},{"@type":"WebSite","@id":"https:\/\/vandutch.fr\/en\/#website","url":"https:\/\/vandutch.fr\/en\/","name":"VanDutch","description":"The avant-garde in Dutch yacht building","potentialAction":[{"@type":"SearchAction","target":{"@type":"EntryPoint","urlTemplate":"https:\/\/vandutch.fr\/en\/?s={search_term_string}"},"query-input":{"@type":"PropertyValueSpecification","valueRequired":true,"valueName":"search_term_string"}}],"inLanguage":"en-US"}]},"product_price_amount":"279000","product_price_currency":"EUR","og_availability":"instock","product_availability":"instock","product_condition":"new"},"_links":{"self":[{"href":"https:\/\/vandutch.fr\/en\/wp-json\/wp\/v2\/product\/6552"}],"collection":[{"href":"https:\/\/vandutch.fr\/en\/wp-json\/wp\/v2\/product"}],"about":[{"href":"https:\/\/vandutch.fr\/en\/wp-json\/wp\/v2\/types\/product"}],"replies":[{"embeddable":true,"href":"https:\/\/vandutch.fr\/en\/wp-json\/wp\/v2\/comments?post=6552"}],"wp:featuredmedia":[{"embeddable":true,"href":"https:\/\/vandutch.fr\/en\/wp-json\/wp\/v2\/media\/6557"}],"wp:attachment":[{"href":"https:\/\/vandutch.fr\/en\/wp-json\/wp\/v2\/media?parent=6552"}],"wp:term":[{"taxonomy":"product_cat","embeddable":true,"href":"https:\/\/vandutch.fr\/en\/wp-json\/wp\/v2\/product_cat?post=6552"},{"taxonomy":"product_tag","embeddable":true,"href":"https:\/\/vandutch.fr\/en\/wp-json\/wp\/v2\/product_tag?post=6552"},{"taxonomy":"mwb_booking_cost","embeddable":true,"href":"https:\/\/vandutch.fr\/en\/wp-json\/wp\/v2\/mwb_booking_cost?post=6552"},{"taxonomy":"mwb_booking_service","embeddable":true,"href":"https:\/\/vandutch.fr\/en\/wp-json\/wp\/v2\/mwb_booking_service?post=6552"}],"curies":[{"name":"wp","href":"https:\/\/api.w.org\/{rel}","templated":true}]}}