{"id":6464,"date":"2023-08-04T14:11:30","date_gmt":"2023-08-04T12:11:30","guid":{"rendered":"https:\/\/vandutch.fr\/?post_type=product&#038;p=6464"},"modified":"2025-04-28T10:17:26","modified_gmt":"2025-04-28T08:17:26","slug":"2013-vandutch-40-12m","status":"publish","type":"product","link":"https:\/\/vandutch.fr\/en\/produit\/2013-vandutch-40-12m\/","title":{"rendered":"VANDUTCH 40 &#8211; 2011"},"content":{"rendered":"<p>Le VanDutch 40 de 2013 incarne le mariage parfait entre design intemporel, confort haut de gamme et performances exceptionnelles. Ce day cruiser de 12,09 m\u00e8tres&nbsp;est pr\u00eat \u00e0 naviguer, offrant une exp\u00e9rience fluide et \u00e9l\u00e9gante en mer.<\/p>\n<p data-start=\"318\" data-end=\"651\">Ce mod\u00e8le a r\u00e9cemment b\u00e9n\u00e9fici\u00e9 d\u2019un refit avec nouveaux haut-parleurs, nouvelle sellerie, antifouling r\u00e9cent et l\u2019ajout de trim tabs pour une stabilit\u00e9 optimis\u00e9e. Son \u00e9cran Raymarine, son sondeur, son pilote automatique et son profondeur-fender garantissent une navigation pr\u00e9cise et intuitive.<\/p>\n<p data-start=\"653\" data-end=\"842\">Avec une vitesse de croisi\u00e8re confortable de 30 n\u0153uds, il est parfait pour des journ\u00e9es de d\u00e9tente, des sorties sportives ou comme annexe de luxe pour un yacht plus grand.<\/p>\n<p data-start=\"1708\" data-end=\"1963\">Le VanDutch 40 est id\u00e9al pour des croisi\u00e8res haut de gamme, offrant \u00e0 la fois style, performances et maniabilit\u00e9. Parfait pour naviguer sur la French Riviera ou explorer des criques secr\u00e8tes, il garantit une exp\u00e9rience unique en mer.<\/p>\n<p data-start=\"1965\" data-end=\"2064\">Contactez-nous d\u00e8s maintenant pour organiser une visite priv\u00e9e et d\u00e9couvrir le VanDutch 40.<\/p>\n<p><strong>Contacts :<\/strong><\/p>\n<p>Amor Jo\u00ebl : +33 6 18 49 49 76<br \/>\nSargnac Louis : +33 6 20 87 00 59<br \/>\nEmail : contact@vandutch.fr<\/p>\n","protected":false},"excerpt":{"rendered":"<p class=\"\" data-start=\"115\" data-end=\"281\">Le VanDutch 40 combine parfaitement style, performances et maniabilit\u00e9, offrant une exp\u00e9rience de navigation haut de gamme pour des moments d\u2019exception sur l&#8217;eau.<\/p>\n","protected":false},"featured_media":6493,"comment_status":"open","ping_status":"closed","template":"","meta":{"_acf_changed":false,"ngg_post_thumbnail":0,"ocean_post_layout":"","ocean_both_sidebars_style":"","ocean_both_sidebars_content_width":0,"ocean_both_sidebars_sidebars_width":0,"ocean_sidebar":"0","ocean_second_sidebar":"0","ocean_disable_margins":"enable","ocean_add_body_class":"","ocean_shortcode_before_top_bar":"","ocean_shortcode_after_top_bar":"","ocean_shortcode_before_header":"","ocean_shortcode_after_header":"","ocean_has_shortcode":"","ocean_shortcode_after_title":"","ocean_shortcode_before_footer_widgets":"","ocean_shortcode_after_footer_widgets":"","ocean_shortcode_before_footer_bottom":"","ocean_shortcode_after_footer_bottom":"","ocean_display_top_bar":"default","ocean_display_header":"default","ocean_header_style":"","ocean_center_header_left_menu":"0","ocean_custom_header_template":"0","ocean_custom_logo":0,"ocean_custom_retina_logo":0,"ocean_custom_logo_max_width":0,"ocean_custom_logo_tablet_max_width":0,"ocean_custom_logo_mobile_max_width":0,"ocean_custom_logo_max_height":0,"ocean_custom_logo_tablet_max_height":0,"ocean_custom_logo_mobile_max_height":0,"ocean_header_custom_menu":"0","ocean_menu_typo_font_family":"0","ocean_menu_typo_font_subset":"","ocean_menu_typo_font_size":0,"ocean_menu_typo_font_size_tablet":0,"ocean_menu_typo_font_size_mobile":0,"ocean_menu_typo_font_size_unit":"px","ocean_menu_typo_font_weight":"","ocean_menu_typo_font_weight_tablet":"","ocean_menu_typo_font_weight_mobile":"","ocean_menu_typo_transform":"","ocean_menu_typo_transform_tablet":"","ocean_menu_typo_transform_mobile":"","ocean_menu_typo_line_height":0,"ocean_menu_typo_line_height_tablet":0,"ocean_menu_typo_line_height_mobile":0,"ocean_menu_typo_line_height_unit":"","ocean_menu_typo_spacing":0,"ocean_menu_typo_spacing_tablet":0,"ocean_menu_typo_spacing_mobile":0,"ocean_menu_typo_spacing_unit":"","ocean_menu_link_color":"","ocean_menu_link_color_hover":"","ocean_menu_link_color_active":"","ocean_menu_link_background":"","ocean_menu_link_hover_background":"","ocean_menu_link_active_background":"","ocean_menu_social_links_bg":"","ocean_menu_social_hover_links_bg":"","ocean_menu_social_links_color":"","ocean_menu_social_hover_links_color":"","ocean_disable_title":"default","ocean_disable_heading":"default","ocean_post_title":"","ocean_post_subheading":"","ocean_post_title_style":"","ocean_post_title_background_color":"","ocean_post_title_background":0,"ocean_post_title_bg_image_position":"","ocean_post_title_bg_image_attachment":"","ocean_post_title_bg_image_repeat":"","ocean_post_title_bg_image_size":"","ocean_post_title_height":0,"ocean_post_title_bg_overlay":0.5,"ocean_post_title_bg_overlay_color":"","ocean_disable_breadcrumbs":"default","ocean_breadcrumbs_color":"","ocean_breadcrumbs_separator_color":"","ocean_breadcrumbs_links_color":"","ocean_breadcrumbs_links_hover_color":"","ocean_display_footer_widgets":"default","ocean_display_footer_bottom":"default","ocean_custom_footer_template":"0","_joinchat":[]},"product_cat":[13],"product_tag":[],"mwb_booking_cost":[],"mwb_booking_service":[],"acf":[],"yoast_head":"<!-- This site is optimized with the Yoast SEO plugin v24.5 - https:\/\/yoast.com\/wordpress\/plugins\/seo\/ -->\n<title>VANDUTCH 40 - 2011 - VanDutch<\/title>\n<meta name=\"description\" content=\"Le VanDutch 40 de 2013 incarne le mariage parfait entre design intemporel, confort haut de gamme et performances exceptionnelles.\" \/>\n<meta name=\"robots\" content=\"index, follow, max-snippet:-1, max-image-preview:large, max-video-preview:-1\" \/>\n<link rel=\"canonical\" href=\"https:\/\/vandutch.fr\/en\/produit\/2013-vandutch-40-12m\/\" \/>\n<meta property=\"og:locale\" content=\"en_US\" \/>\n<meta property=\"og:type\" content=\"article\" \/>\n<meta property=\"og:title\" content=\"VANDUTCH 40 - 2011 - VanDutch\" \/>\n<meta property=\"og:description\" content=\"Le VanDutch 40 de 2013 incarne le mariage parfait entre design intemporel, confort haut de gamme et performances exceptionnelles.\" \/>\n<meta property=\"og:url\" content=\"https:\/\/vandutch.fr\/en\/produit\/2013-vandutch-40-12m\/\" \/>\n<meta property=\"og:site_name\" content=\"VanDutch\" \/>\n<meta property=\"article:modified_time\" content=\"2025-04-28T08:17:26+00:00\" \/>\n<meta property=\"og:image\" content=\"https:\/\/vandutch.fr\/wp-content\/uploads\/2023\/08\/8611857_20221130065645183_1_XLARGE.jpg\" \/>\n\t<meta property=\"og:image:width\" content=\"1028\" \/>\n\t<meta property=\"og:image:height\" content=\"581\" \/>\n\t<meta property=\"og:image:type\" content=\"image\/jpeg\" \/>\n<meta name=\"twitter:card\" content=\"summary_large_image\" \/>\n<meta name=\"twitter:label1\" content=\"Price\" \/>\n\t<meta name=\"twitter:data1\" content=\"360000&nbsp;&euro;\" \/>\n\t<meta name=\"twitter:label2\" content=\"Availability\" \/>\n\t<meta name=\"twitter:data2\" content=\"In stock\" \/>\n<script type=\"application\/ld+json\" class=\"yoast-schema-graph\">{\"@context\":\"https:\/\/schema.org\",\"@graph\":[{\"@type\":[\"WebPage\",\"ItemPage\"],\"@id\":\"https:\/\/vandutch.fr\/en\/produit\/2013-vandutch-40-12m\/\",\"url\":\"https:\/\/vandutch.fr\/en\/produit\/2013-vandutch-40-12m\/\",\"name\":\"VANDUTCH 40 - 2011 - VanDutch\",\"isPartOf\":{\"@id\":\"https:\/\/vandutch.fr\/en\/#website\"},\"primaryImageOfPage\":{\"@id\":\"https:\/\/vandutch.fr\/en\/produit\/2013-vandutch-40-12m\/#primaryimage\"},\"image\":{\"@id\":\"https:\/\/vandutch.fr\/en\/produit\/2013-vandutch-40-12m\/#primaryimage\"},\"thumbnailUrl\":\"https:\/\/vandutch.fr\/wp-content\/uploads\/2023\/08\/8611857_20221130065645183_1_XLARGE.jpg\",\"datePublished\":\"2023-08-04T12:11:30+00:00\",\"dateModified\":\"2025-04-28T08:17:26+00:00\",\"description\":\"Le VanDutch 40 de 2013 incarne le mariage parfait entre design intemporel, confort haut de gamme et performances exceptionnelles.\",\"breadcrumb\":{\"@id\":\"https:\/\/vandutch.fr\/en\/produit\/2013-vandutch-40-12m\/#breadcrumb\"},\"inLanguage\":\"en-US\",\"potentialAction\":[{\"@type\":\"ReadAction\",\"target\":[\"https:\/\/vandutch.fr\/en\/produit\/2013-vandutch-40-12m\/\"]}]},{\"@type\":\"ImageObject\",\"inLanguage\":\"en-US\",\"@id\":\"https:\/\/vandutch.fr\/en\/produit\/2013-vandutch-40-12m\/#primaryimage\",\"url\":\"https:\/\/vandutch.fr\/wp-content\/uploads\/2023\/08\/8611857_20221130065645183_1_XLARGE.jpg\",\"contentUrl\":\"https:\/\/vandutch.fr\/wp-content\/uploads\/2023\/08\/8611857_20221130065645183_1_XLARGE.jpg\",\"width\":1028,\"height\":581},{\"@type\":\"BreadcrumbList\",\"@id\":\"https:\/\/vandutch.fr\/en\/produit\/2013-vandutch-40-12m\/#breadcrumb\",\"itemListElement\":[{\"@type\":\"ListItem\",\"position\":1,\"name\":\"Home\",\"item\":\"https:\/\/vandutch.fr\/en\/\"},{\"@type\":\"ListItem\",\"position\":2,\"name\":\"Shop\",\"item\":\"https:\/\/vandutch.fr\/en\/shop\/\"},{\"@type\":\"ListItem\",\"position\":3,\"name\":\"VANDUTCH 40 &#8211; 2011\"}]},{\"@type\":\"WebSite\",\"@id\":\"https:\/\/vandutch.fr\/en\/#website\",\"url\":\"https:\/\/vandutch.fr\/en\/\",\"name\":\"VanDutch\",\"description\":\"The avant-garde in Dutch yacht building\",\"potentialAction\":[{\"@type\":\"SearchAction\",\"target\":{\"@type\":\"EntryPoint\",\"urlTemplate\":\"https:\/\/vandutch.fr\/en\/?s={search_term_string}\"},\"query-input\":{\"@type\":\"PropertyValueSpecification\",\"valueRequired\":true,\"valueName\":\"search_term_string\"}}],\"inLanguage\":\"en-US\"}]}<\/script>\n<meta property=\"product:price:amount\" content=\"360000\" \/>\n<meta property=\"product:price:currency\" content=\"EUR\" \/>\n<meta property=\"og:availability\" content=\"instock\" \/>\n<meta property=\"product:availability\" content=\"instock\" \/>\n<meta property=\"product:condition\" content=\"new\" \/>\n<!-- \/ Yoast SEO plugin. -->","yoast_head_json":{"title":"VANDUTCH 40 - 2011 - VanDutch","description":"Le VanDutch 40 de 2013 incarne le mariage parfait entre design intemporel, confort haut de gamme et performances exceptionnelles.","robots":{"index":"index","follow":"follow","max-snippet":"max-snippet:-1","max-image-preview":"max-image-preview:large","max-video-preview":"max-video-preview:-1"},"canonical":"https:\/\/vandutch.fr\/en\/produit\/2013-vandutch-40-12m\/","og_locale":"en_US","og_type":"article","og_title":"VANDUTCH 40 - 2011 - VanDutch","og_description":"Le VanDutch 40 de 2013 incarne le mariage parfait entre design intemporel, confort haut de gamme et performances exceptionnelles.","og_url":"https:\/\/vandutch.fr\/en\/produit\/2013-vandutch-40-12m\/","og_site_name":"VanDutch","article_modified_time":"2025-04-28T08:17:26+00:00","og_image":[{"width":1028,"height":581,"url":"https:\/\/vandutch.fr\/wp-content\/uploads\/2023\/08\/8611857_20221130065645183_1_XLARGE.jpg","type":"image\/jpeg"}],"twitter_card":"summary_large_image","twitter_misc":{"Price":"360000&nbsp;&euro;","Availability":"In stock"},"schema":{"@context":"https:\/\/schema.org","@graph":[{"@type":["WebPage","ItemPage"],"@id":"https:\/\/vandutch.fr\/en\/produit\/2013-vandutch-40-12m\/","url":"https:\/\/vandutch.fr\/en\/produit\/2013-vandutch-40-12m\/","name":"VANDUTCH 40 - 2011 - VanDutch","isPartOf":{"@id":"https:\/\/vandutch.fr\/en\/#website"},"primaryImageOfPage":{"@id":"https:\/\/vandutch.fr\/en\/produit\/2013-vandutch-40-12m\/#primaryimage"},"image":{"@id":"https:\/\/vandutch.fr\/en\/produit\/2013-vandutch-40-12m\/#primaryimage"},"thumbnailUrl":"https:\/\/vandutch.fr\/wp-content\/uploads\/2023\/08\/8611857_20221130065645183_1_XLARGE.jpg","datePublished":"2023-08-04T12:11:30+00:00","dateModified":"2025-04-28T08:17:26+00:00","description":"Le VanDutch 40 de 2013 incarne le mariage parfait entre design intemporel, confort haut de gamme et performances exceptionnelles.","breadcrumb":{"@id":"https:\/\/vandutch.fr\/en\/produit\/2013-vandutch-40-12m\/#breadcrumb"},"inLanguage":"en-US","potentialAction":[{"@type":"ReadAction","target":["https:\/\/vandutch.fr\/en\/produit\/2013-vandutch-40-12m\/"]}]},{"@type":"ImageObject","inLanguage":"en-US","@id":"https:\/\/vandutch.fr\/en\/produit\/2013-vandutch-40-12m\/#primaryimage","url":"https:\/\/vandutch.fr\/wp-content\/uploads\/2023\/08\/8611857_20221130065645183_1_XLARGE.jpg","contentUrl":"https:\/\/vandutch.fr\/wp-content\/uploads\/2023\/08\/8611857_20221130065645183_1_XLARGE.jpg","width":1028,"height":581},{"@type":"BreadcrumbList","@id":"https:\/\/vandutch.fr\/en\/produit\/2013-vandutch-40-12m\/#breadcrumb","itemListElement":[{"@type":"ListItem","position":1,"name":"Home","item":"https:\/\/vandutch.fr\/en\/"},{"@type":"ListItem","position":2,"name":"Shop","item":"https:\/\/vandutch.fr\/en\/shop\/"},{"@type":"ListItem","position":3,"name":"VANDUTCH 40 &#8211; 2011"}]},{"@type":"WebSite","@id":"https:\/\/vandutch.fr\/en\/#website","url":"https:\/\/vandutch.fr\/en\/","name":"VanDutch","description":"The avant-garde in Dutch yacht building","potentialAction":[{"@type":"SearchAction","target":{"@type":"EntryPoint","urlTemplate":"https:\/\/vandutch.fr\/en\/?s={search_term_string}"},"query-input":{"@type":"PropertyValueSpecification","valueRequired":true,"valueName":"search_term_string"}}],"inLanguage":"en-US"}]},"product_price_amount":"360000","product_price_currency":"EUR","og_availability":"instock","product_availability":"instock","product_condition":"new"},"_links":{"self":[{"href":"https:\/\/vandutch.fr\/en\/wp-json\/wp\/v2\/product\/6464"}],"collection":[{"href":"https:\/\/vandutch.fr\/en\/wp-json\/wp\/v2\/product"}],"about":[{"href":"https:\/\/vandutch.fr\/en\/wp-json\/wp\/v2\/types\/product"}],"replies":[{"embeddable":true,"href":"https:\/\/vandutch.fr\/en\/wp-json\/wp\/v2\/comments?post=6464"}],"wp:featuredmedia":[{"embeddable":true,"href":"https:\/\/vandutch.fr\/en\/wp-json\/wp\/v2\/media\/6493"}],"wp:attachment":[{"href":"https:\/\/vandutch.fr\/en\/wp-json\/wp\/v2\/media?parent=6464"}],"wp:term":[{"taxonomy":"product_cat","embeddable":true,"href":"https:\/\/vandutch.fr\/en\/wp-json\/wp\/v2\/product_cat?post=6464"},{"taxonomy":"product_tag","embeddable":true,"href":"https:\/\/vandutch.fr\/en\/wp-json\/wp\/v2\/product_tag?post=6464"},{"taxonomy":"mwb_booking_cost","embeddable":true,"href":"https:\/\/vandutch.fr\/en\/wp-json\/wp\/v2\/mwb_booking_cost?post=6464"},{"taxonomy":"mwb_booking_service","embeddable":true,"href":"https:\/\/vandutch.fr\/en\/wp-json\/wp\/v2\/mwb_booking_service?post=6464"}],"curies":[{"name":"wp","href":"https:\/\/api.w.org\/{rel}","templated":true}]}}