{"id":6459,"date":"2023-08-04T13:28:45","date_gmt":"2023-08-04T11:28:45","guid":{"rendered":"https:\/\/vandutch.fr\/?post_type=product&#038;p=6459"},"modified":"2025-04-28T10:20:51","modified_gmt":"2025-04-28T08:20:51","slug":"2013-vandutch-55-17m","status":"publish","type":"product","link":"https:\/\/vandutch.fr\/en\/produit\/2013-vandutch-55-17m\/","title":{"rendered":"VANDUTCH 55 &#8211; 2013"},"content":{"rendered":"<p data-start=\"75\" data-end=\"384\">Le VanDutch 55 est un yacht d\u2019exception, alliant design intemporel, performances remarquables et confort haut de gamme. Con\u00e7u pour offrir une exp\u00e9rience de navigation fluide et luxueuse, il est id\u00e9al aussi bien pour des croisi\u00e8res priv\u00e9es que pour des escapades entre amis ou en famille.<\/p>\n<p data-start=\"386\" data-end=\"698\">Son cockpit spacieux avec si\u00e8ges modulables m\u00e8ne \u00e0 une cuisine d\u2019\u00e9t\u00e9 enti\u00e8rement \u00e9quip\u00e9e, parfaite pour partager des moments conviviaux en mer. Son vaste bain de soleil arri\u00e8re vous permet de profiter pleinement du soleil m\u00e9diterran\u00e9en tout en admirant une vue imprenable sur l\u2019horizon.<\/p>\n<p data-start=\"700\" data-end=\"998\">L\u2019int\u00e9rieur raffin\u00e9 du VanDutch 55 comprend deux cabines luxueuses, pouvant accueillir jusqu\u2019\u00e0 6 personnes pour une nuit \u00e0 bord. Son espace de vie \u00e9l\u00e9gant, avec une cuisine moderne et une salle de bain haut de gamme, garantit un confort absolu lors de vos navigations.<\/p>\n<p data-start=\"1000\" data-end=\"1225\">Gr\u00e2ce \u00e0 son \u00e9quipement de pointe et sa maniabilit\u00e9 exceptionnelle, le VanDutch 55 vous offre une navigation fluide et r\u00e9active, que vous longiez la C\u00f4te d\u2019Azur ou que vous exploriez des criques secr\u00e8tes.<\/p>\n<p data-start=\"1576\" data-end=\"1743\">Ne manquez pas cette opportunit\u00e9 unique d\u2019acqu\u00e9rir un VanDutch 55. Contactez-nous d\u00e8s maintenant pour plus d\u2019informations ou pour organiser une visite priv\u00e9e.<\/p>\n<p data-start=\"1576\" data-end=\"1743\"><strong>Contacts :<\/strong><\/p>\n<p data-start=\"1766\" data-end=\"1886\" data-is-only-node=\"\" data-is-last-node=\"\">Amor Jo\u00ebl : +33 6 18 49 49 76<br data-start=\"1802\" data-end=\"1805\">Sargnac Louis : +33 6 20 87 00 59<br data-start=\"1845\" data-end=\"1848\">Email : contact@vandutch.fr<\/p>\n","protected":false},"excerpt":{"rendered":"<p>Con\u00e7u pour offrir une navigation fluide et luxueuse, il est parfait pour des moments priv\u00e9s ou des escapades en famille et entre amis, alliant confort et performance.<\/p>\n","protected":false},"featured_media":6465,"comment_status":"open","ping_status":"closed","template":"","meta":{"_acf_changed":false,"ngg_post_thumbnail":0,"ocean_post_layout":"","ocean_both_sidebars_style":"","ocean_both_sidebars_content_width":0,"ocean_both_sidebars_sidebars_width":0,"ocean_sidebar":"0","ocean_second_sidebar":"0","ocean_disable_margins":"enable","ocean_add_body_class":"","ocean_shortcode_before_top_bar":"","ocean_shortcode_after_top_bar":"","ocean_shortcode_before_header":"","ocean_shortcode_after_header":"","ocean_has_shortcode":"","ocean_shortcode_after_title":"","ocean_shortcode_before_footer_widgets":"","ocean_shortcode_after_footer_widgets":"","ocean_shortcode_before_footer_bottom":"","ocean_shortcode_after_footer_bottom":"","ocean_display_top_bar":"default","ocean_display_header":"default","ocean_header_style":"","ocean_center_header_left_menu":"0","ocean_custom_header_template":"0","ocean_custom_logo":0,"ocean_custom_retina_logo":0,"ocean_custom_logo_max_width":0,"ocean_custom_logo_tablet_max_width":0,"ocean_custom_logo_mobile_max_width":0,"ocean_custom_logo_max_height":0,"ocean_custom_logo_tablet_max_height":0,"ocean_custom_logo_mobile_max_height":0,"ocean_header_custom_menu":"0","ocean_menu_typo_font_family":"0","ocean_menu_typo_font_subset":"","ocean_menu_typo_font_size":0,"ocean_menu_typo_font_size_tablet":0,"ocean_menu_typo_font_size_mobile":0,"ocean_menu_typo_font_size_unit":"px","ocean_menu_typo_font_weight":"","ocean_menu_typo_font_weight_tablet":"","ocean_menu_typo_font_weight_mobile":"","ocean_menu_typo_transform":"","ocean_menu_typo_transform_tablet":"","ocean_menu_typo_transform_mobile":"","ocean_menu_typo_line_height":0,"ocean_menu_typo_line_height_tablet":0,"ocean_menu_typo_line_height_mobile":0,"ocean_menu_typo_line_height_unit":"","ocean_menu_typo_spacing":0,"ocean_menu_typo_spacing_tablet":0,"ocean_menu_typo_spacing_mobile":0,"ocean_menu_typo_spacing_unit":"","ocean_menu_link_color":"","ocean_menu_link_color_hover":"","ocean_menu_link_color_active":"","ocean_menu_link_background":"","ocean_menu_link_hover_background":"","ocean_menu_link_active_background":"","ocean_menu_social_links_bg":"","ocean_menu_social_hover_links_bg":"","ocean_menu_social_links_color":"","ocean_menu_social_hover_links_color":"","ocean_disable_title":"default","ocean_disable_heading":"default","ocean_post_title":"","ocean_post_subheading":"","ocean_post_title_style":"","ocean_post_title_background_color":"","ocean_post_title_background":0,"ocean_post_title_bg_image_position":"","ocean_post_title_bg_image_attachment":"","ocean_post_title_bg_image_repeat":"","ocean_post_title_bg_image_size":"","ocean_post_title_height":0,"ocean_post_title_bg_overlay":0.5,"ocean_post_title_bg_overlay_color":"","ocean_disable_breadcrumbs":"default","ocean_breadcrumbs_color":"","ocean_breadcrumbs_separator_color":"","ocean_breadcrumbs_links_color":"","ocean_breadcrumbs_links_hover_color":"","ocean_display_footer_widgets":"default","ocean_display_footer_bottom":"default","ocean_custom_footer_template":"0","_joinchat":[]},"product_cat":[13],"product_tag":[],"mwb_booking_cost":[],"mwb_booking_service":[],"acf":[],"yoast_head":"<!-- This site is optimized with the Yoast SEO plugin v24.5 - https:\/\/yoast.com\/wordpress\/plugins\/seo\/ -->\n<title>VANDUTCH 55 - 2013 - VanDutch<\/title>\n<meta name=\"description\" content=\"Le VanDutch 55 est un yacht d\u2019exception, alliant design intemporel, performances remarquables et confort haut de gamme.\" \/>\n<meta name=\"robots\" content=\"index, follow, max-snippet:-1, max-image-preview:large, max-video-preview:-1\" \/>\n<link rel=\"canonical\" href=\"https:\/\/vandutch.fr\/en\/produit\/2013-vandutch-55-17m\/\" \/>\n<meta property=\"og:locale\" content=\"en_US\" \/>\n<meta property=\"og:type\" content=\"article\" \/>\n<meta property=\"og:title\" content=\"VANDUTCH 55 - 2013 - VanDutch\" \/>\n<meta property=\"og:description\" content=\"Le VanDutch 55 est un yacht d\u2019exception, alliant design intemporel, performances remarquables et confort haut de gamme.\" \/>\n<meta property=\"og:url\" content=\"https:\/\/vandutch.fr\/en\/produit\/2013-vandutch-55-17m\/\" \/>\n<meta property=\"og:site_name\" content=\"VanDutch\" \/>\n<meta property=\"article:modified_time\" content=\"2025-04-28T08:20:51+00:00\" \/>\n<meta property=\"og:image\" content=\"https:\/\/vandutch.fr\/wp-content\/uploads\/2023\/08\/8887767_20230602041731128_1_XLARGE-1.jpg\" \/>\n\t<meta property=\"og:image:width\" content=\"1028\" \/>\n\t<meta property=\"og:image:height\" content=\"663\" \/>\n\t<meta property=\"og:image:type\" content=\"image\/jpeg\" \/>\n<meta name=\"twitter:card\" content=\"summary_large_image\" \/>\n<meta name=\"twitter:label1\" content=\"Price\" \/>\n\t<meta name=\"twitter:data1\" content=\"930000&nbsp;&euro;\" \/>\n\t<meta name=\"twitter:label2\" content=\"Availability\" \/>\n\t<meta name=\"twitter:data2\" content=\"In stock\" \/>\n<script type=\"application\/ld+json\" class=\"yoast-schema-graph\">{\"@context\":\"https:\/\/schema.org\",\"@graph\":[{\"@type\":[\"WebPage\",\"ItemPage\"],\"@id\":\"https:\/\/vandutch.fr\/en\/produit\/2013-vandutch-55-17m\/\",\"url\":\"https:\/\/vandutch.fr\/en\/produit\/2013-vandutch-55-17m\/\",\"name\":\"VANDUTCH 55 - 2013 - VanDutch\",\"isPartOf\":{\"@id\":\"https:\/\/vandutch.fr\/en\/#website\"},\"primaryImageOfPage\":{\"@id\":\"https:\/\/vandutch.fr\/en\/produit\/2013-vandutch-55-17m\/#primaryimage\"},\"image\":{\"@id\":\"https:\/\/vandutch.fr\/en\/produit\/2013-vandutch-55-17m\/#primaryimage\"},\"thumbnailUrl\":\"https:\/\/vandutch.fr\/wp-content\/uploads\/2023\/08\/8887767_20230602041731128_1_XLARGE-1.jpg\",\"datePublished\":\"2023-08-04T11:28:45+00:00\",\"dateModified\":\"2025-04-28T08:20:51+00:00\",\"description\":\"Le VanDutch 55 est un yacht d\u2019exception, alliant design intemporel, performances remarquables et confort haut de gamme.\",\"breadcrumb\":{\"@id\":\"https:\/\/vandutch.fr\/en\/produit\/2013-vandutch-55-17m\/#breadcrumb\"},\"inLanguage\":\"en-US\",\"potentialAction\":[{\"@type\":\"ReadAction\",\"target\":[\"https:\/\/vandutch.fr\/en\/produit\/2013-vandutch-55-17m\/\"]}]},{\"@type\":\"ImageObject\",\"inLanguage\":\"en-US\",\"@id\":\"https:\/\/vandutch.fr\/en\/produit\/2013-vandutch-55-17m\/#primaryimage\",\"url\":\"https:\/\/vandutch.fr\/wp-content\/uploads\/2023\/08\/8887767_20230602041731128_1_XLARGE-1.jpg\",\"contentUrl\":\"https:\/\/vandutch.fr\/wp-content\/uploads\/2023\/08\/8887767_20230602041731128_1_XLARGE-1.jpg\",\"width\":1028,\"height\":663},{\"@type\":\"BreadcrumbList\",\"@id\":\"https:\/\/vandutch.fr\/en\/produit\/2013-vandutch-55-17m\/#breadcrumb\",\"itemListElement\":[{\"@type\":\"ListItem\",\"position\":1,\"name\":\"Home\",\"item\":\"https:\/\/vandutch.fr\/en\/\"},{\"@type\":\"ListItem\",\"position\":2,\"name\":\"Shop\",\"item\":\"https:\/\/vandutch.fr\/en\/shop\/\"},{\"@type\":\"ListItem\",\"position\":3,\"name\":\"VANDUTCH 55 &#8211; 2013\"}]},{\"@type\":\"WebSite\",\"@id\":\"https:\/\/vandutch.fr\/en\/#website\",\"url\":\"https:\/\/vandutch.fr\/en\/\",\"name\":\"VanDutch\",\"description\":\"The avant-garde in Dutch yacht building\",\"potentialAction\":[{\"@type\":\"SearchAction\",\"target\":{\"@type\":\"EntryPoint\",\"urlTemplate\":\"https:\/\/vandutch.fr\/en\/?s={search_term_string}\"},\"query-input\":{\"@type\":\"PropertyValueSpecification\",\"valueRequired\":true,\"valueName\":\"search_term_string\"}}],\"inLanguage\":\"en-US\"}]}<\/script>\n<meta property=\"product:price:amount\" content=\"930000\" \/>\n<meta property=\"product:price:currency\" content=\"EUR\" \/>\n<meta property=\"og:availability\" content=\"instock\" \/>\n<meta property=\"product:availability\" content=\"instock\" \/>\n<meta property=\"product:condition\" content=\"new\" \/>\n<!-- \/ Yoast SEO plugin. -->","yoast_head_json":{"title":"VANDUTCH 55 - 2013 - VanDutch","description":"Le VanDutch 55 est un yacht d\u2019exception, alliant design intemporel, performances remarquables et confort haut de gamme.","robots":{"index":"index","follow":"follow","max-snippet":"max-snippet:-1","max-image-preview":"max-image-preview:large","max-video-preview":"max-video-preview:-1"},"canonical":"https:\/\/vandutch.fr\/en\/produit\/2013-vandutch-55-17m\/","og_locale":"en_US","og_type":"article","og_title":"VANDUTCH 55 - 2013 - VanDutch","og_description":"Le VanDutch 55 est un yacht d\u2019exception, alliant design intemporel, performances remarquables et confort haut de gamme.","og_url":"https:\/\/vandutch.fr\/en\/produit\/2013-vandutch-55-17m\/","og_site_name":"VanDutch","article_modified_time":"2025-04-28T08:20:51+00:00","og_image":[{"width":1028,"height":663,"url":"https:\/\/vandutch.fr\/wp-content\/uploads\/2023\/08\/8887767_20230602041731128_1_XLARGE-1.jpg","type":"image\/jpeg"}],"twitter_card":"summary_large_image","twitter_misc":{"Price":"930000&nbsp;&euro;","Availability":"In stock"},"schema":{"@context":"https:\/\/schema.org","@graph":[{"@type":["WebPage","ItemPage"],"@id":"https:\/\/vandutch.fr\/en\/produit\/2013-vandutch-55-17m\/","url":"https:\/\/vandutch.fr\/en\/produit\/2013-vandutch-55-17m\/","name":"VANDUTCH 55 - 2013 - VanDutch","isPartOf":{"@id":"https:\/\/vandutch.fr\/en\/#website"},"primaryImageOfPage":{"@id":"https:\/\/vandutch.fr\/en\/produit\/2013-vandutch-55-17m\/#primaryimage"},"image":{"@id":"https:\/\/vandutch.fr\/en\/produit\/2013-vandutch-55-17m\/#primaryimage"},"thumbnailUrl":"https:\/\/vandutch.fr\/wp-content\/uploads\/2023\/08\/8887767_20230602041731128_1_XLARGE-1.jpg","datePublished":"2023-08-04T11:28:45+00:00","dateModified":"2025-04-28T08:20:51+00:00","description":"Le VanDutch 55 est un yacht d\u2019exception, alliant design intemporel, performances remarquables et confort haut de gamme.","breadcrumb":{"@id":"https:\/\/vandutch.fr\/en\/produit\/2013-vandutch-55-17m\/#breadcrumb"},"inLanguage":"en-US","potentialAction":[{"@type":"ReadAction","target":["https:\/\/vandutch.fr\/en\/produit\/2013-vandutch-55-17m\/"]}]},{"@type":"ImageObject","inLanguage":"en-US","@id":"https:\/\/vandutch.fr\/en\/produit\/2013-vandutch-55-17m\/#primaryimage","url":"https:\/\/vandutch.fr\/wp-content\/uploads\/2023\/08\/8887767_20230602041731128_1_XLARGE-1.jpg","contentUrl":"https:\/\/vandutch.fr\/wp-content\/uploads\/2023\/08\/8887767_20230602041731128_1_XLARGE-1.jpg","width":1028,"height":663},{"@type":"BreadcrumbList","@id":"https:\/\/vandutch.fr\/en\/produit\/2013-vandutch-55-17m\/#breadcrumb","itemListElement":[{"@type":"ListItem","position":1,"name":"Home","item":"https:\/\/vandutch.fr\/en\/"},{"@type":"ListItem","position":2,"name":"Shop","item":"https:\/\/vandutch.fr\/en\/shop\/"},{"@type":"ListItem","position":3,"name":"VANDUTCH 55 &#8211; 2013"}]},{"@type":"WebSite","@id":"https:\/\/vandutch.fr\/en\/#website","url":"https:\/\/vandutch.fr\/en\/","name":"VanDutch","description":"The avant-garde in Dutch yacht building","potentialAction":[{"@type":"SearchAction","target":{"@type":"EntryPoint","urlTemplate":"https:\/\/vandutch.fr\/en\/?s={search_term_string}"},"query-input":{"@type":"PropertyValueSpecification","valueRequired":true,"valueName":"search_term_string"}}],"inLanguage":"en-US"}]},"product_price_amount":"930000","product_price_currency":"EUR","og_availability":"instock","product_availability":"instock","product_condition":"new"},"_links":{"self":[{"href":"https:\/\/vandutch.fr\/en\/wp-json\/wp\/v2\/product\/6459"}],"collection":[{"href":"https:\/\/vandutch.fr\/en\/wp-json\/wp\/v2\/product"}],"about":[{"href":"https:\/\/vandutch.fr\/en\/wp-json\/wp\/v2\/types\/product"}],"replies":[{"embeddable":true,"href":"https:\/\/vandutch.fr\/en\/wp-json\/wp\/v2\/comments?post=6459"}],"wp:featuredmedia":[{"embeddable":true,"href":"https:\/\/vandutch.fr\/en\/wp-json\/wp\/v2\/media\/6465"}],"wp:attachment":[{"href":"https:\/\/vandutch.fr\/en\/wp-json\/wp\/v2\/media?parent=6459"}],"wp:term":[{"taxonomy":"product_cat","embeddable":true,"href":"https:\/\/vandutch.fr\/en\/wp-json\/wp\/v2\/product_cat?post=6459"},{"taxonomy":"product_tag","embeddable":true,"href":"https:\/\/vandutch.fr\/en\/wp-json\/wp\/v2\/product_tag?post=6459"},{"taxonomy":"mwb_booking_cost","embeddable":true,"href":"https:\/\/vandutch.fr\/en\/wp-json\/wp\/v2\/mwb_booking_cost?post=6459"},{"taxonomy":"mwb_booking_service","embeddable":true,"href":"https:\/\/vandutch.fr\/en\/wp-json\/wp\/v2\/mwb_booking_service?post=6459"}],"curies":[{"name":"wp","href":"https:\/\/api.w.org\/{rel}","templated":true}]}}