{"id":3548,"date":"2022-08-04T10:05:03","date_gmt":"2022-08-04T08:05:03","guid":{"rendered":"https:\/\/vandutch.fr\/product\/vandutch-48s-2-2\/"},"modified":"2025-04-28T10:34:44","modified_gmt":"2025-04-28T08:34:44","slug":"vandutch-48-2","status":"publish","type":"product","link":"https:\/\/vandutch.fr\/en\/produit\/vandutch-48-2\/","title":{"rendered":"VANDUTCH 40 &#8211; 2014"},"content":{"rendered":"<p class=\"\" data-start=\"169\" data-end=\"399\">Le VanDutch 40 est l&#8217;incarnation parfaite du design moderne et de la performance haut de gamme. Con\u00e7u pour offrir une exp\u00e9rience de navigation unique, il est id\u00e9al pour des moments priv\u00e9s ou des escapades entre amis ou en famille.<\/p>\n<p class=\"\" data-start=\"401\" data-end=\"663\">Son cockpit spacieux, avec des si\u00e8ges confortables et modulables, m\u00e8ne \u00e0 une plateforme arri\u00e8re parfaite pour profiter du soleil m\u00e9diterran\u00e9en. Vous pourrez \u00e9galement appr\u00e9cier le style \u00e9pur\u00e9 de son pont en teck, un lieu de d\u00e9tente id\u00e9al pour une journ\u00e9e en mer.<\/p>\n<p class=\"\" data-start=\"665\" data-end=\"962\">L&#8217;int\u00e9rieur du VanDutch 40 ne fait aucun compromis sur le confort, avec une cabine \u00e9l\u00e9gante et moderne qui peut accueillir deux personnes pour des nuits \u00e0 bord. Une petite cuisine bien \u00e9quip\u00e9e et une salle de bain haut de gamme garantissent tout le n\u00e9cessaire pour des moments agr\u00e9ables sur l&#8217;eau.<\/p>\n<p class=\"\" data-start=\"964\" data-end=\"1206\">Gr\u00e2ce \u00e0 sa motorisation puissante et sa maniabilit\u00e9 exceptionnelle, le VanDutch 40 assure une navigation fluide et r\u00e9active. Que ce soit pour un pique-nique en mer ou une journ\u00e9e de sport nautique, ce dayboat offre une exp\u00e9rience sans pareil.<\/p>\n<p class=\"\" data-start=\"1208\" data-end=\"1364\">Ne manquez pas l\u2019opportunit\u00e9 de vivre l\u2019exp\u00e9rience VanDutch 40. Contactez-nous d\u00e8s aujourd\u2019hui pour plus d\u2019informations ou pour organiser une visite priv\u00e9e.<\/p>\n<p class=\"\" data-start=\"1366\" data-end=\"1380\"><strong data-start=\"1366\" data-end=\"1380\">Contacts :<\/strong><\/p>\n<p class=\"\" data-start=\"1382\" data-end=\"1477\">Amor Jo\u00ebl : +33 6 18 49 49 76<br data-start=\"1411\" data-end=\"1414\">Sargnac Louis : +33 6 20 87 00 59<br data-start=\"1447\" data-end=\"1450\">Email : contact@vandutch.fr<\/p>\n","protected":false},"excerpt":{"rendered":"<p>Ce magnifique VanDutch 40 est disponible \u00e0 la vente imm\u00e9diate. Offrez-vous une exp\u00e9rience de luxe en mer. Contactez-nous d\u00e8s maintenant pour plus d\u2019informations.<\/p>\n","protected":false},"featured_media":3575,"comment_status":"open","ping_status":"closed","template":"","meta":{"_acf_changed":false,"ngg_post_thumbnail":0,"ocean_post_layout":"","ocean_both_sidebars_style":"","ocean_both_sidebars_content_width":0,"ocean_both_sidebars_sidebars_width":0,"ocean_sidebar":"0","ocean_second_sidebar":"0","ocean_disable_margins":"enable","ocean_add_body_class":"","ocean_shortcode_before_top_bar":"","ocean_shortcode_after_top_bar":"","ocean_shortcode_before_header":"","ocean_shortcode_after_header":"","ocean_has_shortcode":"","ocean_shortcode_after_title":"","ocean_shortcode_before_footer_widgets":"","ocean_shortcode_after_footer_widgets":"","ocean_shortcode_before_footer_bottom":"","ocean_shortcode_after_footer_bottom":"","ocean_display_top_bar":"default","ocean_display_header":"default","ocean_header_style":"","ocean_center_header_left_menu":"0","ocean_custom_header_template":"0","ocean_custom_logo":0,"ocean_custom_retina_logo":0,"ocean_custom_logo_max_width":0,"ocean_custom_logo_tablet_max_width":0,"ocean_custom_logo_mobile_max_width":0,"ocean_custom_logo_max_height":0,"ocean_custom_logo_tablet_max_height":0,"ocean_custom_logo_mobile_max_height":0,"ocean_header_custom_menu":"0","ocean_menu_typo_font_family":"0","ocean_menu_typo_font_subset":"","ocean_menu_typo_font_size":0,"ocean_menu_typo_font_size_tablet":0,"ocean_menu_typo_font_size_mobile":0,"ocean_menu_typo_font_size_unit":"px","ocean_menu_typo_font_weight":"","ocean_menu_typo_font_weight_tablet":"","ocean_menu_typo_font_weight_mobile":"","ocean_menu_typo_transform":"","ocean_menu_typo_transform_tablet":"","ocean_menu_typo_transform_mobile":"","ocean_menu_typo_line_height":0,"ocean_menu_typo_line_height_tablet":0,"ocean_menu_typo_line_height_mobile":0,"ocean_menu_typo_line_height_unit":"","ocean_menu_typo_spacing":0,"ocean_menu_typo_spacing_tablet":0,"ocean_menu_typo_spacing_mobile":0,"ocean_menu_typo_spacing_unit":"","ocean_menu_link_color":"","ocean_menu_link_color_hover":"","ocean_menu_link_color_active":"","ocean_menu_link_background":"","ocean_menu_link_hover_background":"","ocean_menu_link_active_background":"","ocean_menu_social_links_bg":"","ocean_menu_social_hover_links_bg":"","ocean_menu_social_links_color":"","ocean_menu_social_hover_links_color":"","ocean_disable_title":"default","ocean_disable_heading":"default","ocean_post_title":"","ocean_post_subheading":"","ocean_post_title_style":"","ocean_post_title_background_color":"","ocean_post_title_background":0,"ocean_post_title_bg_image_position":"","ocean_post_title_bg_image_attachment":"","ocean_post_title_bg_image_repeat":"","ocean_post_title_bg_image_size":"","ocean_post_title_height":0,"ocean_post_title_bg_overlay":0.5,"ocean_post_title_bg_overlay_color":"","ocean_disable_breadcrumbs":"default","ocean_breadcrumbs_color":"","ocean_breadcrumbs_separator_color":"","ocean_breadcrumbs_links_color":"","ocean_breadcrumbs_links_hover_color":"","ocean_display_footer_widgets":"default","ocean_display_footer_bottom":"default","ocean_custom_footer_template":"0","_joinchat":[]},"product_cat":[13],"product_tag":[],"mwb_booking_cost":[],"mwb_booking_service":[],"acf":[],"yoast_head":"<!-- This site is optimized with the Yoast SEO plugin v24.5 - https:\/\/yoast.com\/wordpress\/plugins\/seo\/ -->\n<title>VANDUTCH 40 - 2014 - VanDutch<\/title>\n<meta name=\"description\" content=\"Used VanDutch 40 boat on sale at VanDutch, Golfe Juan. Versatile and comfortable, the perfect little day cruiser to enjoy with 12 of your closest friends.\" \/>\n<meta name=\"robots\" content=\"index, follow, max-snippet:-1, max-image-preview:large, max-video-preview:-1\" \/>\n<link rel=\"canonical\" href=\"https:\/\/vandutch.fr\/en\/produit\/vandutch-48-2\/\" \/>\n<meta property=\"og:locale\" content=\"en_US\" \/>\n<meta property=\"og:type\" content=\"article\" \/>\n<meta property=\"og:title\" content=\"VANDUTCH 40 - 2014 - VanDutch\" \/>\n<meta property=\"og:description\" content=\"Used VanDutch 40 boat on sale at VanDutch, Golfe Juan. Versatile and comfortable, the perfect little day cruiser to enjoy with 12 of your closest friends.\" \/>\n<meta property=\"og:url\" content=\"https:\/\/vandutch.fr\/en\/produit\/vandutch-48-2\/\" \/>\n<meta property=\"og:site_name\" content=\"VanDutch\" \/>\n<meta property=\"article:modified_time\" content=\"2025-04-28T08:34:44+00:00\" \/>\n<meta property=\"og:image\" content=\"https:\/\/vandutch.fr\/wp-content\/uploads\/2022\/08\/side-view-scaled-e1678963046710.jpg\" \/>\n\t<meta property=\"og:image:width\" content=\"1510\" \/>\n\t<meta property=\"og:image:height\" content=\"665\" \/>\n\t<meta property=\"og:image:type\" content=\"image\/jpeg\" \/>\n<meta name=\"twitter:card\" content=\"summary_large_image\" \/>\n<meta name=\"twitter:label1\" content=\"Price\" \/>\n\t<meta name=\"twitter:data1\" content=\"395000&nbsp;&euro;\" \/>\n\t<meta name=\"twitter:label2\" content=\"Availability\" \/>\n\t<meta name=\"twitter:data2\" content=\"In stock\" \/>\n<script type=\"application\/ld+json\" class=\"yoast-schema-graph\">{\"@context\":\"https:\/\/schema.org\",\"@graph\":[{\"@type\":[\"WebPage\",\"ItemPage\"],\"@id\":\"https:\/\/vandutch.fr\/en\/produit\/vandutch-48-2\/\",\"url\":\"https:\/\/vandutch.fr\/en\/produit\/vandutch-48-2\/\",\"name\":\"VANDUTCH 40 - 2014 - VanDutch\",\"isPartOf\":{\"@id\":\"https:\/\/vandutch.fr\/en\/#website\"},\"primaryImageOfPage\":{\"@id\":\"https:\/\/vandutch.fr\/en\/produit\/vandutch-48-2\/#primaryimage\"},\"image\":{\"@id\":\"https:\/\/vandutch.fr\/en\/produit\/vandutch-48-2\/#primaryimage\"},\"thumbnailUrl\":\"https:\/\/vandutch.fr\/wp-content\/uploads\/2022\/08\/side-view-scaled-e1678963046710.jpg\",\"datePublished\":\"2022-08-04T08:05:03+00:00\",\"dateModified\":\"2025-04-28T08:34:44+00:00\",\"description\":\"Used VanDutch 40 boat on sale at VanDutch, Golfe Juan. Versatile and comfortable, the perfect little day cruiser to enjoy with 12 of your closest friends.\",\"breadcrumb\":{\"@id\":\"https:\/\/vandutch.fr\/en\/produit\/vandutch-48-2\/#breadcrumb\"},\"inLanguage\":\"en-US\",\"potentialAction\":[{\"@type\":\"ReadAction\",\"target\":[\"https:\/\/vandutch.fr\/en\/produit\/vandutch-48-2\/\"]}]},{\"@type\":\"ImageObject\",\"inLanguage\":\"en-US\",\"@id\":\"https:\/\/vandutch.fr\/en\/produit\/vandutch-48-2\/#primaryimage\",\"url\":\"https:\/\/vandutch.fr\/wp-content\/uploads\/2022\/08\/side-view-scaled-e1678963046710.jpg\",\"contentUrl\":\"https:\/\/vandutch.fr\/wp-content\/uploads\/2022\/08\/side-view-scaled-e1678963046710.jpg\",\"width\":1510,\"height\":665},{\"@type\":\"BreadcrumbList\",\"@id\":\"https:\/\/vandutch.fr\/en\/produit\/vandutch-48-2\/#breadcrumb\",\"itemListElement\":[{\"@type\":\"ListItem\",\"position\":1,\"name\":\"Home\",\"item\":\"https:\/\/vandutch.fr\/en\/\"},{\"@type\":\"ListItem\",\"position\":2,\"name\":\"Shop\",\"item\":\"https:\/\/vandutch.fr\/en\/shop\/\"},{\"@type\":\"ListItem\",\"position\":3,\"name\":\"VANDUTCH 40 &#8211; 2014\"}]},{\"@type\":\"WebSite\",\"@id\":\"https:\/\/vandutch.fr\/en\/#website\",\"url\":\"https:\/\/vandutch.fr\/en\/\",\"name\":\"VanDutch\",\"description\":\"The avant-garde in Dutch yacht building\",\"potentialAction\":[{\"@type\":\"SearchAction\",\"target\":{\"@type\":\"EntryPoint\",\"urlTemplate\":\"https:\/\/vandutch.fr\/en\/?s={search_term_string}\"},\"query-input\":{\"@type\":\"PropertyValueSpecification\",\"valueRequired\":true,\"valueName\":\"search_term_string\"}}],\"inLanguage\":\"en-US\"}]}<\/script>\n<meta property=\"product:price:amount\" content=\"395000\" \/>\n<meta property=\"product:price:currency\" content=\"EUR\" \/>\n<meta property=\"og:availability\" content=\"instock\" \/>\n<meta property=\"product:availability\" content=\"instock\" \/>\n<meta property=\"product:condition\" content=\"new\" \/>\n<!-- \/ Yoast SEO plugin. -->","yoast_head_json":{"title":"VANDUTCH 40 - 2014 - VanDutch","description":"Used VanDutch 40 boat on sale at VanDutch, Golfe Juan. Versatile and comfortable, the perfect little day cruiser to enjoy with 12 of your closest friends.","robots":{"index":"index","follow":"follow","max-snippet":"max-snippet:-1","max-image-preview":"max-image-preview:large","max-video-preview":"max-video-preview:-1"},"canonical":"https:\/\/vandutch.fr\/en\/produit\/vandutch-48-2\/","og_locale":"en_US","og_type":"article","og_title":"VANDUTCH 40 - 2014 - VanDutch","og_description":"Used VanDutch 40 boat on sale at VanDutch, Golfe Juan. Versatile and comfortable, the perfect little day cruiser to enjoy with 12 of your closest friends.","og_url":"https:\/\/vandutch.fr\/en\/produit\/vandutch-48-2\/","og_site_name":"VanDutch","article_modified_time":"2025-04-28T08:34:44+00:00","og_image":[{"width":1510,"height":665,"url":"https:\/\/vandutch.fr\/wp-content\/uploads\/2022\/08\/side-view-scaled-e1678963046710.jpg","type":"image\/jpeg"}],"twitter_card":"summary_large_image","twitter_misc":{"Price":"395000&nbsp;&euro;","Availability":"In stock"},"schema":{"@context":"https:\/\/schema.org","@graph":[{"@type":["WebPage","ItemPage"],"@id":"https:\/\/vandutch.fr\/en\/produit\/vandutch-48-2\/","url":"https:\/\/vandutch.fr\/en\/produit\/vandutch-48-2\/","name":"VANDUTCH 40 - 2014 - VanDutch","isPartOf":{"@id":"https:\/\/vandutch.fr\/en\/#website"},"primaryImageOfPage":{"@id":"https:\/\/vandutch.fr\/en\/produit\/vandutch-48-2\/#primaryimage"},"image":{"@id":"https:\/\/vandutch.fr\/en\/produit\/vandutch-48-2\/#primaryimage"},"thumbnailUrl":"https:\/\/vandutch.fr\/wp-content\/uploads\/2022\/08\/side-view-scaled-e1678963046710.jpg","datePublished":"2022-08-04T08:05:03+00:00","dateModified":"2025-04-28T08:34:44+00:00","description":"Used VanDutch 40 boat on sale at VanDutch, Golfe Juan. Versatile and comfortable, the perfect little day cruiser to enjoy with 12 of your closest friends.","breadcrumb":{"@id":"https:\/\/vandutch.fr\/en\/produit\/vandutch-48-2\/#breadcrumb"},"inLanguage":"en-US","potentialAction":[{"@type":"ReadAction","target":["https:\/\/vandutch.fr\/en\/produit\/vandutch-48-2\/"]}]},{"@type":"ImageObject","inLanguage":"en-US","@id":"https:\/\/vandutch.fr\/en\/produit\/vandutch-48-2\/#primaryimage","url":"https:\/\/vandutch.fr\/wp-content\/uploads\/2022\/08\/side-view-scaled-e1678963046710.jpg","contentUrl":"https:\/\/vandutch.fr\/wp-content\/uploads\/2022\/08\/side-view-scaled-e1678963046710.jpg","width":1510,"height":665},{"@type":"BreadcrumbList","@id":"https:\/\/vandutch.fr\/en\/produit\/vandutch-48-2\/#breadcrumb","itemListElement":[{"@type":"ListItem","position":1,"name":"Home","item":"https:\/\/vandutch.fr\/en\/"},{"@type":"ListItem","position":2,"name":"Shop","item":"https:\/\/vandutch.fr\/en\/shop\/"},{"@type":"ListItem","position":3,"name":"VANDUTCH 40 &#8211; 2014"}]},{"@type":"WebSite","@id":"https:\/\/vandutch.fr\/en\/#website","url":"https:\/\/vandutch.fr\/en\/","name":"VanDutch","description":"The avant-garde in Dutch yacht building","potentialAction":[{"@type":"SearchAction","target":{"@type":"EntryPoint","urlTemplate":"https:\/\/vandutch.fr\/en\/?s={search_term_string}"},"query-input":{"@type":"PropertyValueSpecification","valueRequired":true,"valueName":"search_term_string"}}],"inLanguage":"en-US"}]},"product_price_amount":"395000","product_price_currency":"EUR","og_availability":"instock","product_availability":"instock","product_condition":"new"},"_links":{"self":[{"href":"https:\/\/vandutch.fr\/en\/wp-json\/wp\/v2\/product\/3548"}],"collection":[{"href":"https:\/\/vandutch.fr\/en\/wp-json\/wp\/v2\/product"}],"about":[{"href":"https:\/\/vandutch.fr\/en\/wp-json\/wp\/v2\/types\/product"}],"replies":[{"embeddable":true,"href":"https:\/\/vandutch.fr\/en\/wp-json\/wp\/v2\/comments?post=3548"}],"wp:featuredmedia":[{"embeddable":true,"href":"https:\/\/vandutch.fr\/en\/wp-json\/wp\/v2\/media\/3575"}],"wp:attachment":[{"href":"https:\/\/vandutch.fr\/en\/wp-json\/wp\/v2\/media?parent=3548"}],"wp:term":[{"taxonomy":"product_cat","embeddable":true,"href":"https:\/\/vandutch.fr\/en\/wp-json\/wp\/v2\/product_cat?post=3548"},{"taxonomy":"product_tag","embeddable":true,"href":"https:\/\/vandutch.fr\/en\/wp-json\/wp\/v2\/product_tag?post=3548"},{"taxonomy":"mwb_booking_cost","embeddable":true,"href":"https:\/\/vandutch.fr\/en\/wp-json\/wp\/v2\/mwb_booking_cost?post=3548"},{"taxonomy":"mwb_booking_service","embeddable":true,"href":"https:\/\/vandutch.fr\/en\/wp-json\/wp\/v2\/mwb_booking_service?post=3548"}],"curies":[{"name":"wp","href":"https:\/\/api.w.org\/{rel}","templated":true}]}}