{"id":6045,"date":"2023-07-07T10:46:02","date_gmt":"2023-07-07T08:46:02","guid":{"rendered":"https:\/\/vandutch.fr\/saint-tropez\/"},"modified":"2023-07-10T11:18:16","modified_gmt":"2023-07-10T09:18:16","slug":"saint-tropez","status":"publish","type":"page","link":"https:\/\/vandutch.fr\/en\/saint-tropez\/","title":{"rendered":"Saint-Tropez"},"content":{"rendered":"\t\t<div data-elementor-type=\"wp-page\" data-elementor-id=\"6045\" class=\"elementor elementor-6045 elementor-4454\" data-elementor-post-type=\"page\">\n\t\t\t\t\t\t<section class=\"elementor-section elementor-top-section elementor-element elementor-element-73c4ea16 elementor-section-full_width elementor-section-height-default elementor-section-height-default\" data-id=\"73c4ea16\" data-element_type=\"section\" data-settings=\"{&quot;background_background&quot;:&quot;classic&quot;}\">\n\t\t\t\t\t\t\t<div class=\"elementor-background-overlay\"><\/div>\n\t\t\t\t\t\t\t<div class=\"elementor-container elementor-column-gap-default\">\n\t\t\t\t\t<div class=\"elementor-column elementor-col-100 elementor-top-column elementor-element elementor-element-79b7f9aa\" data-id=\"79b7f9aa\" data-element_type=\"column\">\n\t\t\t<div class=\"elementor-widget-wrap elementor-element-populated\">\n\t\t\t\t\t\t<div class=\"elementor-element elementor-element-1a8505d3 elementor-widget elementor-widget-heading\" data-id=\"1a8505d3\" data-element_type=\"widget\" data-widget_type=\"heading.default\">\n\t\t\t\t<div class=\"elementor-widget-container\">\n\t\t\t<style>\/*! elementor - v3.23.0 - 23-07-2024 *\/\n.elementor-heading-title{padding:0;margin:0;line-height:1}.elementor-widget-heading .elementor-heading-title[class*=elementor-size-]>a{color:inherit;font-size:inherit;line-height:inherit}.elementor-widget-heading .elementor-heading-title.elementor-size-small{font-size:15px}.elementor-widget-heading .elementor-heading-title.elementor-size-medium{font-size:19px}.elementor-widget-heading .elementor-heading-title.elementor-size-large{font-size:29px}.elementor-widget-heading .elementor-heading-title.elementor-size-xl{font-size:39px}.elementor-widget-heading .elementor-heading-title.elementor-size-xxl{font-size:59px}<\/style><h1 class=\"elementor-heading-title elementor-size-default\">Saint-Tropez<\/h1>\t\t<\/div>\n\t\t\t\t<\/div>\n\t\t\t\t\t<\/div>\n\t\t<\/div>\n\t\t\t\t\t<\/div>\n\t\t<\/section>\n\t\t\t\t<section class=\"elementor-section elementor-top-section elementor-element elementor-element-29960492 elementor-section-content-middle elementor-section-boxed elementor-section-height-default elementor-section-height-default\" data-id=\"29960492\" data-element_type=\"section\">\n\t\t\t\t\t\t<div class=\"elementor-container elementor-column-gap-custom\">\n\t\t\t\t\t<div class=\"elementor-column elementor-col-50 elementor-top-column elementor-element elementor-element-26aa1988\" data-id=\"26aa1988\" data-element_type=\"column\">\n\t\t\t<div class=\"elementor-widget-wrap elementor-element-populated\">\n\t\t\t\t\t\t<div class=\"elementor-element elementor-element-1258e79b elementor-widget elementor-widget-image\" data-id=\"1258e79b\" data-element_type=\"widget\" data-widget_type=\"image.default\">\n\t\t\t\t<div class=\"elementor-widget-container\">\n\t\t\t<style>\/*! elementor - v3.23.0 - 23-07-2024 *\/\n.elementor-widget-image{text-align:center}.elementor-widget-image a{display:inline-block}.elementor-widget-image a img[src$=\".svg\"]{width:48px}.elementor-widget-image img{vertical-align:middle;display:inline-block}<\/style>\t\t\t\t\t\t\t\t\t\t<img fetchpriority=\"high\" decoding=\"async\" width=\"802\" height=\"496\" src=\"https:\/\/vandutch.fr\/wp-content\/uploads\/2023\/07\/1280_AViEW_43ab65c10670589ec1cb341d57269c92-1-2.jpg\" class=\"attachment-large size-large wp-image-4457\" alt=\"Saint-tropez\" srcset=\"https:\/\/vandutch.fr\/wp-content\/uploads\/2023\/07\/1280_AViEW_43ab65c10670589ec1cb341d57269c92-1-2.jpg 802w, https:\/\/vandutch.fr\/wp-content\/uploads\/2023\/07\/1280_AViEW_43ab65c10670589ec1cb341d57269c92-1-2-300x186.jpg 300w, https:\/\/vandutch.fr\/wp-content\/uploads\/2023\/07\/1280_AViEW_43ab65c10670589ec1cb341d57269c92-1-2-768x475.jpg 768w, https:\/\/vandutch.fr\/wp-content\/uploads\/2023\/07\/1280_AViEW_43ab65c10670589ec1cb341d57269c92-1-2-800x495.jpg 800w\" sizes=\"(max-width: 802px) 100vw, 802px\" \/>\t\t\t\t\t\t\t\t\t\t\t\t\t<\/div>\n\t\t\t\t<\/div>\n\t\t\t\t\t<\/div>\n\t\t<\/div>\n\t\t\t\t<div class=\"elementor-column elementor-col-50 elementor-top-column elementor-element elementor-element-c61b91a\" data-id=\"c61b91a\" data-element_type=\"column\">\n\t\t\t<div class=\"elementor-widget-wrap elementor-element-populated\">\n\t\t\t\t\t\t<div class=\"elementor-element elementor-element-41a2d20b elementor-widget elementor-widget-heading\" data-id=\"41a2d20b\" data-element_type=\"widget\" data-widget_type=\"heading.default\">\n\t\t\t\t<div class=\"elementor-widget-container\">\n\t\t\t<span class=\"elementor-heading-title elementor-size-default\">Our destinations<\/span>\t\t<\/div>\n\t\t\t\t<\/div>\n\t\t\t\t<div class=\"elementor-element elementor-element-36be554f elementor-widget elementor-widget-text-editor\" data-id=\"36be554f\" data-element_type=\"widget\" data-widget_type=\"text-editor.default\">\n\t\t\t\t<div class=\"elementor-widget-container\">\n\t\t\t<style>\/*! elementor - v3.23.0 - 23-07-2024 *\/\n.elementor-widget-text-editor.elementor-drop-cap-view-stacked .elementor-drop-cap{background-color:#69727d;color:#fff}.elementor-widget-text-editor.elementor-drop-cap-view-framed .elementor-drop-cap{color:#69727d;border:3px solid;background-color:transparent}.elementor-widget-text-editor:not(.elementor-drop-cap-view-default) .elementor-drop-cap{margin-top:8px}.elementor-widget-text-editor:not(.elementor-drop-cap-view-default) .elementor-drop-cap-letter{width:1em;height:1em}.elementor-widget-text-editor .elementor-drop-cap{float:left;text-align:center;line-height:1;font-size:50px}.elementor-widget-text-editor .elementor-drop-cap-letter{display:inline-block}<\/style>\t\t\t\t<p>This small fishing village has become famous over the years as the playground of the wealthy jetsetters, fashion models and millionaires. Rent a VanDutch boat and speed off to Saint Tropez, especially in the summer.<\/p>\n<p>Get there early to enjoy a morning stop in the sunny port of Saint Tropez to stroll through the village. Tuesday and Saturday mornings are Provencal market days. The Place des Lices in the heart of St.-Tropez is a delightful place to visit the open-air market and have a drink whilst people-watching at the Caf\u00e9 de Paris or Caf\u00e9 S\u00e9n\u00e9quier.<\/p>\n<p>Afterwards, back on board towards the Pampelonne beaches for lunch at one of the most popular private beaches of Ramatuelle, Nikki Beach, Club 55, the Voile Rouge, Bora Bora and others, where the in-crowd and the jet set are side by side<\/p>\n\t\t\t\t\t\t<\/div>\n\t\t\t\t<\/div>\n\t\t\t\t\t<\/div>\n\t\t<\/div>\n\t\t\t\t\t<\/div>\n\t\t<\/section>\n\t\t\t\t<section class=\"elementor-section elementor-top-section elementor-element elementor-element-3b16dc elementor-section-boxed elementor-section-height-default elementor-section-height-default\" data-id=\"3b16dc\" data-element_type=\"section\">\n\t\t\t\t\t\t<div class=\"elementor-container elementor-column-gap-custom\">\n\t\t\t\t\t<div class=\"elementor-column elementor-col-100 elementor-top-column elementor-element elementor-element-6e62ade0\" data-id=\"6e62ade0\" data-element_type=\"column\">\n\t\t\t<div class=\"elementor-widget-wrap elementor-element-populated\">\n\t\t\t\t\t\t<div class=\"elementor-element elementor-element-4c290f43 elementor-widget__width-initial elementor-widget elementor-widget-heading\" data-id=\"4c290f43\" data-element_type=\"widget\" data-widget_type=\"heading.default\">\n\t\t\t\t<div class=\"elementor-widget-container\">\n\t\t\t<h2 class=\"elementor-heading-title elementor-size-default\">Saint-Tropez is also the place for annual events<\/h2>\t\t<\/div>\n\t\t\t\t<\/div>\n\t\t\t\t<div class=\"elementor-element elementor-element-7c8cf2e2 elementor-widget__width-initial elementor-widget elementor-widget-text-editor\" data-id=\"7c8cf2e2\" data-element_type=\"widget\" data-widget_type=\"text-editor.default\">\n\t\t\t\t<div class=\"elementor-widget-container\">\n\t\t\t\t\t\t\t<p>such as the Voiles Latines in May 2017, the Girglia Rolex Cup in June 2017 and the Troph\u00e9e du Bailli de Suffren, the Voiles de Saint-Tropez in September 2017, Paradis Porsche and many other events throughout the year. Cruising time between Port Camille Rayon in Golfe-Juan and Saint-Tropez is 1 hour.<\/p>\n\t\t\t\t\t\t<\/div>\n\t\t\t\t<\/div>\n\t\t\t\t<div class=\"elementor-element elementor-element-10271969 elementor-align-center elementor-widget elementor-widget-button\" data-id=\"10271969\" data-element_type=\"widget\" data-widget_type=\"button.default\">\n\t\t\t\t<div class=\"elementor-widget-container\">\n\t\t\t\t\t<div class=\"elementor-button-wrapper\">\n\t\t\t<a class=\"elementor-button elementor-button-link elementor-size-sm\" href=\"#location\">\n\t\t\t\t\t\t<span class=\"elementor-button-content-wrapper\">\n\t\t\t\t\t\t\t\t\t<span class=\"elementor-button-text\">See Boats Rents<\/span>\n\t\t\t\t\t<\/span>\n\t\t\t\t\t<\/a>\n\t\t<\/div>\n\t\t\t\t<\/div>\n\t\t\t\t<\/div>\n\t\t\t\t<div class=\"elementor-element elementor-element-cbdc073 elementor-widget elementor-widget-image\" data-id=\"cbdc073\" data-element_type=\"widget\" data-widget_type=\"image.default\">\n\t\t\t\t<div class=\"elementor-widget-container\">\n\t\t\t\t\t\t\t\t\t\t\t\t\t<img decoding=\"async\" width=\"1024\" height=\"466\" src=\"https:\/\/vandutch.fr\/wp-content\/uploads\/2023\/07\/Unknown-7-1-1-3-1024x466.jpg\" class=\"attachment-large size-large wp-image-4458\" alt=\"Saint-tropez\" srcset=\"https:\/\/vandutch.fr\/wp-content\/uploads\/2023\/07\/Unknown-7-1-1-3-1024x466.jpg 1024w, https:\/\/vandutch.fr\/wp-content\/uploads\/2023\/07\/Unknown-7-1-1-3-300x137.jpg 300w, https:\/\/vandutch.fr\/wp-content\/uploads\/2023\/07\/Unknown-7-1-1-3-768x350.jpg 768w, https:\/\/vandutch.fr\/wp-content\/uploads\/2023\/07\/Unknown-7-1-1-3-1536x700.jpg 1536w, https:\/\/vandutch.fr\/wp-content\/uploads\/2023\/07\/Unknown-7-1-1-3-800x364.jpg 800w, https:\/\/vandutch.fr\/wp-content\/uploads\/2023\/07\/Unknown-7-1-1-3-860x392.jpg 860w, https:\/\/vandutch.fr\/wp-content\/uploads\/2023\/07\/Unknown-7-1-1-3.jpg 1728w\" sizes=\"(max-width: 1024px) 100vw, 1024px\" \/>\t\t\t\t\t\t\t\t\t\t\t\t\t<\/div>\n\t\t\t\t<\/div>\n\t\t\t\t\t<\/div>\n\t\t<\/div>\n\t\t\t\t\t<\/div>\n\t\t<\/section>\n\t\t\t\t<section class=\"elementor-section elementor-top-section elementor-element elementor-element-5b833f17 elementor-section-boxed elementor-section-height-default elementor-section-height-default\" data-id=\"5b833f17\" data-element_type=\"section\" id=\"location\" data-settings=\"{&quot;background_background&quot;:&quot;classic&quot;}\">\n\t\t\t\t\t\t<div class=\"elementor-container elementor-column-gap-default\">\n\t\t\t\t\t<div class=\"elementor-column elementor-col-100 elementor-top-column elementor-element elementor-element-378f4b3c\" data-id=\"378f4b3c\" data-element_type=\"column\">\n\t\t\t<div class=\"elementor-widget-wrap elementor-element-populated\">\n\t\t\t\t\t\t<div class=\"elementor-element elementor-element-55f72d26 elementor-widget elementor-widget-heading\" data-id=\"55f72d26\" data-element_type=\"widget\" data-widget_type=\"heading.default\">\n\t\t\t\t<div class=\"elementor-widget-container\">\n\t\t\t<h2 class=\"elementor-heading-title elementor-size-default\">Rent<\/h2>\t\t<\/div>\n\t\t\t\t<\/div>\n\t\t\t\t<div class=\"elementor-element elementor-element-33cd68fd elementor-widget elementor-widget-heading\" data-id=\"33cd68fd\" data-element_type=\"widget\" data-widget_type=\"heading.default\">\n\t\t\t\t<div class=\"elementor-widget-container\">\n\t\t\t<h2 class=\"elementor-heading-title elementor-size-default\">Boat rentals<\/h2>\t\t<\/div>\n\t\t\t\t<\/div>\n\t\t\t\t<div class=\"woocommerce elementor-element elementor-element-2648c7d elementor-arrows-position-outside elementor-pagination-type-bullets elementor-pagination-position-outside elementor-widget elementor-widget-loop-carousel\" data-id=\"2648c7d\" data-element_type=\"widget\" data-settings=\"{&quot;_skin&quot;:&quot;product&quot;,&quot;template_id&quot;:4660,&quot;slides_to_show&quot;:&quot;3&quot;,&quot;slides_to_show_tablet&quot;:&quot;2&quot;,&quot;slides_to_show_mobile&quot;:&quot;1&quot;,&quot;slides_to_scroll&quot;:&quot;1&quot;,&quot;edit_handle_selector&quot;:&quot;.elementor-widget-container&quot;,&quot;autoplay&quot;:&quot;yes&quot;,&quot;autoplay_speed&quot;:5000,&quot;pause_on_hover&quot;:&quot;yes&quot;,&quot;pause_on_interaction&quot;:&quot;yes&quot;,&quot;infinite&quot;:&quot;yes&quot;,&quot;speed&quot;:500,&quot;offset_sides&quot;:&quot;none&quot;,&quot;arrows&quot;:&quot;yes&quot;,&quot;pagination&quot;:&quot;bullets&quot;,&quot;image_spacing_custom&quot;:{&quot;unit&quot;:&quot;px&quot;,&quot;size&quot;:10,&quot;sizes&quot;:[]},&quot;image_spacing_custom_tablet&quot;:{&quot;unit&quot;:&quot;px&quot;,&quot;size&quot;:&quot;&quot;,&quot;sizes&quot;:[]},&quot;image_spacing_custom_mobile&quot;:{&quot;unit&quot;:&quot;px&quot;,&quot;size&quot;:&quot;&quot;,&quot;sizes&quot;:[]}}\" data-widget_type=\"loop-carousel.product\">\n\t\t\t\t<div class=\"elementor-widget-container\">\n\t\t\t<link rel=\"stylesheet\" href=\"https:\/\/vandutch.fr\/wp-content\/plugins\/elementor-pro\/assets\/css\/widget-loop-builder.min.css?ver=1723293374\">\t\t<div class=\"e-loop-nothing-found-message\">\n\t\t<\/div>\n\t\t\t\t<\/div>\n\t\t\t\t<\/div>\n\t\t\t\t\t<\/div>\n\t\t<\/div>\n\t\t\t\t\t<\/div>\n\t\t<\/section>\n\t\t\t\t<\/div>\n\t\t","protected":false},"excerpt":{"rendered":"<p>Saint-Tropez Our destinations This small fishing village has become famous over the years as the playground of the wealthy jetsetters, fashion models and millionaires. Rent a VanDutch boat and speed off to Saint Tropez, especially in the summer. Get there early to enjoy a morning stop in the sunny port of Saint Tropez to stroll [&hellip;]<\/p>\n","protected":false},"author":4,"featured_media":0,"parent":0,"menu_order":0,"comment_status":"closed","ping_status":"closed","template":"","meta":{"_acf_changed":false,"ngg_post_thumbnail":0,"ocean_post_layout":"full-screen","ocean_both_sidebars_style":"","ocean_both_sidebars_content_width":0,"ocean_both_sidebars_sidebars_width":0,"ocean_sidebar":"0","ocean_second_sidebar":"0","ocean_disable_margins":"enable","ocean_add_body_class":"","ocean_shortcode_before_top_bar":"","ocean_shortcode_after_top_bar":"","ocean_shortcode_before_header":"","ocean_shortcode_after_header":"","ocean_has_shortcode":"","ocean_shortcode_after_title":"","ocean_shortcode_before_footer_widgets":"","ocean_shortcode_after_footer_widgets":"","ocean_shortcode_before_footer_bottom":"","ocean_shortcode_after_footer_bottom":"","ocean_display_top_bar":"off","ocean_display_header":"default","ocean_header_style":"","ocean_center_header_left_menu":"0","ocean_custom_header_template":"3600","ocean_custom_logo":0,"ocean_custom_retina_logo":0,"ocean_custom_logo_max_width":0,"ocean_custom_logo_tablet_max_width":0,"ocean_custom_logo_mobile_max_width":0,"ocean_custom_logo_max_height":0,"ocean_custom_logo_tablet_max_height":0,"ocean_custom_logo_mobile_max_height":0,"ocean_header_custom_menu":"0","ocean_menu_typo_font_family":"0","ocean_menu_typo_font_subset":"","ocean_menu_typo_font_size":0,"ocean_menu_typo_font_size_tablet":0,"ocean_menu_typo_font_size_mobile":0,"ocean_menu_typo_font_size_unit":"px","ocean_menu_typo_font_weight":"","ocean_menu_typo_font_weight_tablet":"","ocean_menu_typo_font_weight_mobile":"","ocean_menu_typo_transform":"","ocean_menu_typo_transform_tablet":"","ocean_menu_typo_transform_mobile":"","ocean_menu_typo_line_height":0,"ocean_menu_typo_line_height_tablet":0,"ocean_menu_typo_line_height_mobile":0,"ocean_menu_typo_line_height_unit":"","ocean_menu_typo_spacing":0,"ocean_menu_typo_spacing_tablet":0,"ocean_menu_typo_spacing_mobile":0,"ocean_menu_typo_spacing_unit":"","ocean_menu_link_color":"","ocean_menu_link_color_hover":"","ocean_menu_link_color_active":"","ocean_menu_link_background":"","ocean_menu_link_hover_background":"","ocean_menu_link_active_background":"","ocean_menu_social_links_bg":"","ocean_menu_social_hover_links_bg":"","ocean_menu_social_links_color":"","ocean_menu_social_hover_links_color":"","ocean_disable_title":"on","ocean_disable_heading":"default","ocean_post_title":"","ocean_post_subheading":"","ocean_post_title_style":"","ocean_post_title_background_color":"","ocean_post_title_background":0,"ocean_post_title_bg_image_position":"","ocean_post_title_bg_image_attachment":"","ocean_post_title_bg_image_repeat":"","ocean_post_title_bg_image_size":"","ocean_post_title_height":0,"ocean_post_title_bg_overlay":0.5,"ocean_post_title_bg_overlay_color":"","ocean_disable_breadcrumbs":"default","ocean_breadcrumbs_color":"","ocean_breadcrumbs_separator_color":"","ocean_breadcrumbs_links_color":"","ocean_breadcrumbs_links_hover_color":"","ocean_display_footer_widgets":"default","ocean_display_footer_bottom":"off","ocean_custom_footer_template":"3601","_joinchat":[],"footnotes":""},"acf":[],"yoast_head":"<!-- This site is optimized with the Yoast SEO plugin v24.5 - https:\/\/yoast.com\/wordpress\/plugins\/seo\/ -->\n<title>Saint-Tropez - VanDutch<\/title>\n<meta name=\"robots\" content=\"index, follow, max-snippet:-1, max-image-preview:large, max-video-preview:-1\" \/>\n<link rel=\"canonical\" href=\"https:\/\/vandutch.fr\/en\/saint-tropez\/\" \/>\n<meta property=\"og:locale\" content=\"en_US\" \/>\n<meta property=\"og:type\" content=\"article\" \/>\n<meta property=\"og:title\" content=\"Saint-Tropez - VanDutch\" \/>\n<meta property=\"og:description\" content=\"Saint-Tropez Our destinations This small fishing village has become famous over the years as the playground of the wealthy jetsetters, fashion models and millionaires. Rent a VanDutch boat and speed off to Saint Tropez, especially in the summer. Get there early to enjoy a morning stop in the sunny port of Saint Tropez to stroll [&hellip;]\" \/>\n<meta property=\"og:url\" content=\"https:\/\/vandutch.fr\/en\/saint-tropez\/\" \/>\n<meta property=\"og:site_name\" content=\"VanDutch\" \/>\n<meta property=\"article:modified_time\" content=\"2023-07-10T09:18:16+00:00\" \/>\n<meta property=\"og:image\" content=\"https:\/\/i0.wp.com\/www.vandutch-marine.com\/wp-content\/uploads\/2023\/07\/1280_AViEW_43ab65c10670589ec1cb341d57269c92-1-2.jpg?fit=802%2C496&amp;ssl=1\" \/>\n<meta name=\"twitter:card\" content=\"summary_large_image\" \/>\n<meta name=\"twitter:label1\" content=\"Est. reading time\" \/>\n\t<meta name=\"twitter:data1\" content=\"1 minute\" \/>\n<script type=\"application\/ld+json\" class=\"yoast-schema-graph\">{\"@context\":\"https:\/\/schema.org\",\"@graph\":[{\"@type\":\"WebPage\",\"@id\":\"https:\/\/vandutch.fr\/en\/saint-tropez\/\",\"url\":\"https:\/\/vandutch.fr\/en\/saint-tropez\/\",\"name\":\"Saint-Tropez - VanDutch\",\"isPartOf\":{\"@id\":\"https:\/\/vandutch.fr\/en\/#website\"},\"primaryImageOfPage\":{\"@id\":\"https:\/\/vandutch.fr\/en\/saint-tropez\/#primaryimage\"},\"image\":{\"@id\":\"https:\/\/vandutch.fr\/en\/saint-tropez\/#primaryimage\"},\"thumbnailUrl\":\"https:\/\/i0.wp.com\/www.vandutch-marine.com\/wp-content\/uploads\/2023\/07\/1280_AViEW_43ab65c10670589ec1cb341d57269c92-1-2.jpg?fit=802%2C496&amp;ssl=1\",\"datePublished\":\"2023-07-07T08:46:02+00:00\",\"dateModified\":\"2023-07-10T09:18:16+00:00\",\"breadcrumb\":{\"@id\":\"https:\/\/vandutch.fr\/en\/saint-tropez\/#breadcrumb\"},\"inLanguage\":\"en-US\",\"potentialAction\":[{\"@type\":\"ReadAction\",\"target\":[\"https:\/\/vandutch.fr\/en\/saint-tropez\/\"]}]},{\"@type\":\"ImageObject\",\"inLanguage\":\"en-US\",\"@id\":\"https:\/\/vandutch.fr\/en\/saint-tropez\/#primaryimage\",\"url\":\"https:\/\/i0.wp.com\/www.vandutch-marine.com\/wp-content\/uploads\/2023\/07\/1280_AViEW_43ab65c10670589ec1cb341d57269c92-1-2.jpg?fit=802%2C496&amp;ssl=1\",\"contentUrl\":\"https:\/\/i0.wp.com\/www.vandutch-marine.com\/wp-content\/uploads\/2023\/07\/1280_AViEW_43ab65c10670589ec1cb341d57269c92-1-2.jpg?fit=802%2C496&amp;ssl=1\"},{\"@type\":\"BreadcrumbList\",\"@id\":\"https:\/\/vandutch.fr\/en\/saint-tropez\/#breadcrumb\",\"itemListElement\":[{\"@type\":\"ListItem\",\"position\":1,\"name\":\"Home\",\"item\":\"https:\/\/vandutch.fr\/en\/\"},{\"@type\":\"ListItem\",\"position\":2,\"name\":\"Saint-Tropez\"}]},{\"@type\":\"WebSite\",\"@id\":\"https:\/\/vandutch.fr\/en\/#website\",\"url\":\"https:\/\/vandutch.fr\/en\/\",\"name\":\"VanDutch\",\"description\":\"The avant-garde in Dutch yacht building\",\"potentialAction\":[{\"@type\":\"SearchAction\",\"target\":{\"@type\":\"EntryPoint\",\"urlTemplate\":\"https:\/\/vandutch.fr\/en\/?s={search_term_string}\"},\"query-input\":{\"@type\":\"PropertyValueSpecification\",\"valueRequired\":true,\"valueName\":\"search_term_string\"}}],\"inLanguage\":\"en-US\"}]}<\/script>\n<!-- \/ Yoast SEO plugin. -->","yoast_head_json":{"title":"Saint-Tropez - VanDutch","robots":{"index":"index","follow":"follow","max-snippet":"max-snippet:-1","max-image-preview":"max-image-preview:large","max-video-preview":"max-video-preview:-1"},"canonical":"https:\/\/vandutch.fr\/en\/saint-tropez\/","og_locale":"en_US","og_type":"article","og_title":"Saint-Tropez - VanDutch","og_description":"Saint-Tropez Our destinations This small fishing village has become famous over the years as the playground of the wealthy jetsetters, fashion models and millionaires. Rent a VanDutch boat and speed off to Saint Tropez, especially in the summer. Get there early to enjoy a morning stop in the sunny port of Saint Tropez to stroll [&hellip;]","og_url":"https:\/\/vandutch.fr\/en\/saint-tropez\/","og_site_name":"VanDutch","article_modified_time":"2023-07-10T09:18:16+00:00","og_image":[{"url":"https:\/\/i0.wp.com\/www.vandutch-marine.com\/wp-content\/uploads\/2023\/07\/1280_AViEW_43ab65c10670589ec1cb341d57269c92-1-2.jpg?fit=802%2C496&amp;ssl=1","type":"","width":"","height":""}],"twitter_card":"summary_large_image","twitter_misc":{"Est. reading time":"1 minute"},"schema":{"@context":"https:\/\/schema.org","@graph":[{"@type":"WebPage","@id":"https:\/\/vandutch.fr\/en\/saint-tropez\/","url":"https:\/\/vandutch.fr\/en\/saint-tropez\/","name":"Saint-Tropez - VanDutch","isPartOf":{"@id":"https:\/\/vandutch.fr\/en\/#website"},"primaryImageOfPage":{"@id":"https:\/\/vandutch.fr\/en\/saint-tropez\/#primaryimage"},"image":{"@id":"https:\/\/vandutch.fr\/en\/saint-tropez\/#primaryimage"},"thumbnailUrl":"https:\/\/i0.wp.com\/www.vandutch-marine.com\/wp-content\/uploads\/2023\/07\/1280_AViEW_43ab65c10670589ec1cb341d57269c92-1-2.jpg?fit=802%2C496&amp;ssl=1","datePublished":"2023-07-07T08:46:02+00:00","dateModified":"2023-07-10T09:18:16+00:00","breadcrumb":{"@id":"https:\/\/vandutch.fr\/en\/saint-tropez\/#breadcrumb"},"inLanguage":"en-US","potentialAction":[{"@type":"ReadAction","target":["https:\/\/vandutch.fr\/en\/saint-tropez\/"]}]},{"@type":"ImageObject","inLanguage":"en-US","@id":"https:\/\/vandutch.fr\/en\/saint-tropez\/#primaryimage","url":"https:\/\/i0.wp.com\/www.vandutch-marine.com\/wp-content\/uploads\/2023\/07\/1280_AViEW_43ab65c10670589ec1cb341d57269c92-1-2.jpg?fit=802%2C496&amp;ssl=1","contentUrl":"https:\/\/i0.wp.com\/www.vandutch-marine.com\/wp-content\/uploads\/2023\/07\/1280_AViEW_43ab65c10670589ec1cb341d57269c92-1-2.jpg?fit=802%2C496&amp;ssl=1"},{"@type":"BreadcrumbList","@id":"https:\/\/vandutch.fr\/en\/saint-tropez\/#breadcrumb","itemListElement":[{"@type":"ListItem","position":1,"name":"Home","item":"https:\/\/vandutch.fr\/en\/"},{"@type":"ListItem","position":2,"name":"Saint-Tropez"}]},{"@type":"WebSite","@id":"https:\/\/vandutch.fr\/en\/#website","url":"https:\/\/vandutch.fr\/en\/","name":"VanDutch","description":"The avant-garde in Dutch yacht building","potentialAction":[{"@type":"SearchAction","target":{"@type":"EntryPoint","urlTemplate":"https:\/\/vandutch.fr\/en\/?s={search_term_string}"},"query-input":{"@type":"PropertyValueSpecification","valueRequired":true,"valueName":"search_term_string"}}],"inLanguage":"en-US"}]}},"_links":{"self":[{"href":"https:\/\/vandutch.fr\/en\/wp-json\/wp\/v2\/pages\/6045"}],"collection":[{"href":"https:\/\/vandutch.fr\/en\/wp-json\/wp\/v2\/pages"}],"about":[{"href":"https:\/\/vandutch.fr\/en\/wp-json\/wp\/v2\/types\/page"}],"author":[{"embeddable":true,"href":"https:\/\/vandutch.fr\/en\/wp-json\/wp\/v2\/users\/4"}],"replies":[{"embeddable":true,"href":"https:\/\/vandutch.fr\/en\/wp-json\/wp\/v2\/comments?post=6045"}],"version-history":[{"count":1,"href":"https:\/\/vandutch.fr\/en\/wp-json\/wp\/v2\/pages\/6045\/revisions"}],"predecessor-version":[{"id":6046,"href":"https:\/\/vandutch.fr\/en\/wp-json\/wp\/v2\/pages\/6045\/revisions\/6046"}],"wp:attachment":[{"href":"https:\/\/vandutch.fr\/en\/wp-json\/wp\/v2\/media?parent=6045"}],"curies":[{"name":"wp","href":"https:\/\/api.w.org\/{rel}","templated":true}]}}